{"id":16913,"date":"2023-08-24T13:49:19","date_gmt":"2023-08-24T11:49:19","guid":{"rendered":"https:\/\/webnemji.azurewebsites.net\/?page_id=16913"},"modified":"2024-01-03T07:46:52","modified_gmt":"2024-01-03T06:46:52","slug":"charakteristika-oddeleni","status":"publish","type":"page","link":"https:\/\/www.nemji.cz\/en\/oddeleni\/kardiologicke-oddeleni\/charakteristika-oddeleni\/","title":{"rendered":"Department description"},"content":{"rendered":"<div id=\"cmsmasters_row_6iluctg3hk\" class=\"cmsmasters_row cmsmasters_color_scheme_default cmsmasters_row_top_default cmsmasters_row_bot_default cmsmasters_row_boxed\">\n<div class=\"cmsmasters_row_outer_parent\">\n<div class=\"cmsmasters_row_overlay\"><\/div>\n<div class=\"cmsmasters_row_outer\">\n<div class=\"cmsmasters_row_inner\">\n<div class=\"cmsmasters_row_margin\">\n<div id=\"cmsmasters_column_sybg7he2sg\" class=\"cmsmasters_column one_first\">\n<div class=\"cmsmasters_column_inner\"><div id=\"cmsmasters_heading_b3c74b95a0\" class=\"cmsmasters_heading_wrap cmsmasters_heading_align_center pageheadingtitle\">\n\t<h1 class=\"cmsmasters_heading\">Kardiologick\u00e9 odd\u011blen\u00ed<\/h1>\n<\/div>\n<\/div><\/div>\n<\/div>\n<\/div>\n<\/div>\n<\/div>\n<\/div>\n<div id=\"cmsmasters_row_ly5ze1hf8e\" class=\"cmsmasters_row cmsmasters_color_scheme_default cmsmasters_row_top_default cmsmasters_row_bot_default cmsmasters_row_boxed\">\n<div class=\"cmsmasters_row_outer_parent\">\n<div class=\"cmsmasters_row_outer\">\n<div class=\"cmsmasters_row_inner\">\n<div class=\"cmsmasters_row_margin\">\n<div id=\"cmsmasters_column_v67ee6nvg7\" class=\"cmsmasters_column one_first\">\n<div class=\"cmsmasters_column_inner\"><div class=\"cmsmasters_text\">\n<p><nav aria-label=\"breadcrumbs\">\n            <div class=\"breadcrumb-container theme1\">\n                <ol>\n                                    <\/ol>\n            <\/div>\n        <\/nav>    <script type=\"application\/ld+json\">\n        {\n            \"@context\": \"http:\/\/schema.org\",\n            \"@type\": \"BreadcrumbList\",\n            \"itemListElement\": [\n                            ]\n        }\n    <\/script>\n   \n    <script>\n            <\/script>\n<\/p>\n<\/div>\n<\/div><\/div>\n<\/div>\n<\/div>\n<\/div>\n<\/div>\n<\/div>\n<div id=\"cmsmasters_row_3f2f8816dd\" class=\"cmsmasters_row cmsmasters_color_scheme_default cmsmasters_row_top_default cmsmasters_row_bot_default cmsmasters_row_boxed\">\n<div class=\"cmsmasters_row_outer_parent\">\n<div class=\"cmsmasters_row_outer\">\n<div class=\"cmsmasters_row_inner\">\n<div class=\"cmsmasters_row_margin\">\n<div id=\"cmsmasters_column_0a1c5940f5\" class=\"cmsmasters_column one_third stickyinfocolumn\">\n<div class=\"cmsmasters_column_inner\"><div id=\"cmsmasters_heading_rva6m2t32d\" class=\"cmsmasters_heading_wrap cmsmasters_heading_align_center\">\n\t<h3 class=\"cmsmasters_heading\">Informace o odd\u011blen\u00ed<\/h3>\n<\/div>\n<div id=\"cmsmasters_divider_dpp34mcdj5\" class=\"cmsmasters_divider cmsmasters_divider_width_short cmsmasters_divider_pos_center\"><\/div>\n<div class=\"cmsmasters_sidebar sidebar_layout_11 sidebar-custom-menu\"><aside id=\"nav_menu-8\" class=\"widget widget_nav_menu\"><div class=\"menu-oddeleni-kardiologie-container\"><ul id=\"menu-oddeleni-kardiologie\" class=\"menu\"><li id=\"menu-item-16737\" class=\"menu-item menu-item-type-custom menu-item-object-custom menu-item-16737\"><a href=\"\/oddeleni\/kardiologicke-oddeleni\/#popis-oddeleni\" data-ps2id-api=\"true\"><i class=\"fa-solid fa-info\"><\/i> Popis odd\u011blen\u00ed<\/a><\/li>\n<li id=\"menu-item-16738\" class=\"menu-item menu-item-type-custom menu-item-object-custom menu-item-16738\"><a href=\"\/oddeleni\/kardiologicke-oddeleni\/#personalni-obsazeni\" data-ps2id-api=\"true\"><i class=\"fa-solid fa-user-doctor\"><\/i> Person\u00e1ln\u00ed obsazen\u00ed<\/a><\/li>\n<li id=\"menu-item-16739\" class=\"menu-item menu-item-type-custom menu-item-object-custom menu-item-16739\"><a href=\"\/oddeleni\/kardiologicke-oddeleni\/#oteviraci-hodiny\" data-ps2id-api=\"true\"><i class=\"fa-regular fa-clock\"><\/i> Ordina\u010dn\u00ed hodiny<\/a><\/li>\n<li id=\"menu-item-16740\" class=\"menu-item menu-item-type-custom menu-item-object-custom menu-item-16740\"><a href=\"\/oddeleni\/kardiologicke-oddeleni\/#kontaktni-informace\" data-ps2id-api=\"true\"><i class=\"fa-solid fa-phone\"><\/i> Kontaktn\u00ed informace<\/a><\/li>\n<li id=\"menu-item-16741\" class=\"menu-item menu-item-type-custom menu-item-object-custom menu-item-16741\"><a href=\"\/oddeleni\/kardiologicke-oddeleni\/#kde-nas-najdete\" data-ps2id-api=\"true\"><i class=\"fa-solid fa-location-dot\"><\/i> Kde n\u00e1s najdete<\/a><\/li>\n<li id=\"menu-item-16742\" class=\"menu-item menu-item-type-custom menu-item-object-custom menu-item-16742\"><a href=\"\/oddeleni\/kardiologicke-oddeleni\/#fotogalerie\" data-ps2id-api=\"true\"><i class=\"fa-solid fa-camera\"><\/i> Fotogalerie<\/a><\/li>\n<li id=\"menu-item-16743\" class=\"menu-custom-separator menu-item menu-item-type-custom menu-item-object-custom menu-item-16743\"><hr class=\"mhm-menu-separator\"><\/li>\n<li id=\"menu-item-16949\" class=\"static-link menu-item menu-item-type-custom menu-item-object-custom menu-item-16949\"><a href=\"\/oddeleni\/kardiologicke-oddeleni\/kardiologicke-ambulance\/\" data-ps2id-api=\"true\"><i class=\"fa-solid fa-house-medical\"><\/i> Ambulance<\/a><\/li>\n<li id=\"menu-item-18264\" class=\"static-link menu-item menu-item-type-custom menu-item-object-custom menu-item-18264\"><a href=\"\/oddeleni\/kardiologicke-oddeleni\/luzkova-cast\/\" data-ps2id-api=\"true\"><i class=\"fa-solid fa-bed-pulse\"><\/i> L\u016f\u017ekov\u00e1 \u010d\u00e1st<\/a><\/li>\n<li id=\"menu-item-16744\" class=\"static-link menu-item menu-item-type-custom menu-item-object-custom menu-item-16744\"><a href=\"\/oddeleni\/kardiologicke-oddeleni\/informace-pro-pacienty\/\" data-ps2id-api=\"true\"><i class=\"fa-regular fa-circle-question\"><\/i> Informace pro pacienty<\/a><\/li>\n<li id=\"menu-item-16745\" class=\"static-link menu-item menu-item-type-custom menu-item-object-custom menu-item-16745\"><a href=\"\/oddeleni\/kardiologicke-oddeleni\/charakteristika-oddeleni\/\" data-ps2id-api=\"true\"><i class=\"fa-solid fa-stethoscope\"><\/i> Charakteristika odd\u011blen\u00ed<\/a><\/li>\n<li id=\"menu-item-16746\" class=\"static-link menu-item menu-item-type-custom menu-item-object-custom menu-item-16746\"><a href=\"\/oddeleni\/kardiologicke-oddeleni\/vysetrovaci-metody\/\" data-ps2id-api=\"true\"><i class=\"fa-solid fa-user-nurse\"><\/i> Vy\u0161et\u0159ovac\u00ed metody<\/a><\/li>\n<li id=\"menu-item-20721\" class=\"static-link menu-item menu-item-type-custom menu-item-object-custom menu-item-20721\"><a href=\"\/oddeleni\/kardiologicke-oddeleni\/fotografie-z-udalosti\/\" data-ps2id-api=\"true\"><i class=\"fa-solid fa-camera\"><\/i> Fotografie z ud\u00e1lost\u00ed<\/a><\/li>\n<\/ul><\/div><\/aside><div class=\"cl\"><\/div>\n<\/div>\n<\/div><\/div>\n<div id=\"cmsmasters_column_k7vlyuz4yq\" class=\"cmsmasters_column two_third\">\n<div class=\"cmsmasters_column_inner\"><div id=\"cmsmasters_heading_zkqherm22q\" class=\"cmsmasters_heading_wrap cmsmasters_heading_align_left\">\n\t<h2 class=\"cmsmasters_heading\">Charakteristika odd\u011blen\u00ed<\/h2>\n<\/div>\n<div id=\"cmsmasters_divider_x11sklp8kt\" class=\"cmsmasters_divider cmsmasters_divider_width_short cmsmasters_divider_pos_left\"><\/div>\n<div id=\"cmsmasters_divider_h5ijal4ajr\" class=\"cl\"><\/div>\n<div class=\"cmsmasters_text\">\n<p>Dne 18.9.2001 bylo na \u017e\u00e1dost Nemocnice Jihlava p. o. projedn\u00e1no \u010ceskou kardiologickou spole\u010dnost\u00ed z\u0159\u00edzen\u00ed pracovi\u0161t\u011b invazivn\u00ed kardiologie.<\/p>\n<p>V\u00fdbor \u010cesk\u00e9 kardiologick\u00e9 spole\u010dnosti v souladu s koncepc\u00ed N\u00e1rodn\u00edho kardiovaskul\u00e1rn\u00edho programu v \u010cesk\u00e9 republice vznik tohoto pracovi\u0161t\u011b doporu\u010dil. Pracovi\u0161t\u011b invazivn\u00ed kardiologick\u00e9 a interven\u010dn\u00ed kardiologie bylo vybudov\u00e1no v are\u00e1lu jihlavsk\u00e9 nemocnice v prvn\u00edm pololet\u00ed roku 2007. Pod n\u00e1zvem Kardiocentrum Vyso\u010dina a.s. zah\u00e1jilo svoji \u010dinnost 18. 9. 2007.<\/p>\n<p>V n\u00e1vaznosti na otev\u0159en\u00ed Kardiocentra Vyso\u010dina a. s. doch\u00e1z\u00ed 1. 2. 2008 ke vzniku samostatn\u00e9ho kardiologick\u00e9ho odd\u011blen\u00ed. Vybudov\u00e1n\u00edm t\u011bchto dvou pracovi\u0161\u0165 byla spln\u011bna podm\u00ednka pro zavedeni v\u010dasn\u00e9 a dostupn\u00e9 modern\u00ed kardiologick\u00e9 p\u00e9\u010de v kraji Vyso\u010dina. Hlavn\u00ed n\u00e1pln\u00ed \u010dinnosti je p\u00e9\u010de o pacienty a akutn\u00edm koron\u00e1rn\u00edm syndromem pro sp\u00e1dovou oblast kraje Vyso\u010dina \u2013 cca. 520 000 obyvatel.<\/p>\n<\/div>\n<\/div><\/div>\n<\/div>\n<\/div>\n<\/div>\n<\/div>\n<\/div>\n<div id=\"cmsmasters_row_ud3g8cf4ek\" class=\"cmsmasters_row cmsmasters_color_scheme_default stopsticky cmsmasters_row_top_default cmsmasters_row_bot_default cmsmasters_row_boxed\">\n<div class=\"cmsmasters_row_outer_parent\">\n<div class=\"cmsmasters_row_outer\">\n<div class=\"cmsmasters_row_inner\">\n<div class=\"cmsmasters_row_margin\">\n<div id=\"cmsmasters_column_jz0lvx19q2\" class=\"cmsmasters_column one_first\">\n<div class=\"cmsmasters_column_inner\"><\/div><\/div>\n<\/div>\n<\/div>\n<\/div>\n<\/div>\n<\/div>\n\n","protected":false},"excerpt":{"rendered":"","protected":false},"author":1,"featured_media":17118,"parent":16886,"menu_order":0,"comment_status":"closed","ping_status":"closed","template":"","meta":{"pgc_sgb_lightbox_settings":"","footnotes":"","_links_to":"","_links_to_target":""},"categories":[85],"class_list":["post-16913","page","type-page","status-publish","has-post-thumbnail","hentry","category-page-oddeleni"],"publishpress_future_action":{"enabled":false,"date":"2026-04-16 12:05:02","action":"change-status","newStatus":"draft","terms":[],"taxonomy":"category","extraData":[]},"publishpress_future_workflow_manual_trigger":{"enabledWorkflows":[]},"_links":{"self":[{"href":"https:\/\/www.nemji.cz\/en\/wp-json\/wp\/v2\/pages\/16913","targetHints":{"allow":["GET"]}}],"collection":[{"href":"https:\/\/www.nemji.cz\/en\/wp-json\/wp\/v2\/pages"}],"about":[{"href":"https:\/\/www.nemji.cz\/en\/wp-json\/wp\/v2\/types\/page"}],"author":[{"embeddable":true,"href":"https:\/\/www.nemji.cz\/en\/wp-json\/wp\/v2\/users\/1"}],"replies":[{"embeddable":true,"href":"https:\/\/www.nemji.cz\/en\/wp-json\/wp\/v2\/comments?post=16913"}],"version-history":[{"count":0,"href":"https:\/\/www.nemji.cz\/en\/wp-json\/wp\/v2\/pages\/16913\/revisions"}],"up":[{"embeddable":true,"href":"https:\/\/www.nemji.cz\/en\/wp-json\/wp\/v2\/pages\/16886"}],"wp:featuredmedia":[{"embeddable":true,"href":"https:\/\/www.nemji.cz\/en\/wp-json\/wp\/v2\/media\/17118"}],"wp:attachment":[{"href":"https:\/\/www.nemji.cz\/en\/wp-json\/wp\/v2\/media?parent=16913"}],"wp:term":[{"taxonomy":"category","embeddable":true,"href":"https:\/\/www.nemji.cz\/en\/wp-json\/wp\/v2\/categories?post=16913"}],"curies":[{"name":"wp","href":"https:\/\/api.w.org\/{rel}","templated":true}]}}