{"id":18071,"date":"2023-09-06T11:35:48","date_gmt":"2023-09-06T09:35:48","guid":{"rendered":"https:\/\/nemji.rs-kovarik.cz\/?page_id=18071"},"modified":"2023-11-21T08:38:44","modified_gmt":"2023-11-21T07:38:44","slug":"informace-o-anestezii","status":"publish","type":"page","link":"https:\/\/www.nemji.cz\/en\/oddeleni\/aro\/informace-o-anestezii\/","title":{"rendered":"Information on anaesthesia"},"content":{"rendered":"<div id=\"cmsmasters_row_6iluctg3hk\" class=\"cmsmasters_row cmsmasters_color_scheme_default cmsmasters_row_top_default cmsmasters_row_bot_default cmsmasters_row_boxed\">\n<div class=\"cmsmasters_row_outer_parent\">\n<div class=\"cmsmasters_row_overlay\"><\/div>\n<div class=\"cmsmasters_row_outer\">\n<div class=\"cmsmasters_row_inner\">\n<div class=\"cmsmasters_row_margin\">\n<div id=\"cmsmasters_column_sybg7he2sg\" class=\"cmsmasters_column one_first\">\n<div class=\"cmsmasters_column_inner\"><div id=\"cmsmasters_heading_b3c74b95a0\" class=\"cmsmasters_heading_wrap cmsmasters_heading_align_center pageheadingtitle\">\n\t<h1 class=\"cmsmasters_heading\">ARO<\/h1>\n<\/div>\n<\/div><\/div>\n<\/div>\n<\/div>\n<\/div>\n<\/div>\n<\/div>\n<div id=\"cmsmasters_row_ly5ze1hf8e\" class=\"cmsmasters_row cmsmasters_color_scheme_default cmsmasters_row_top_default cmsmasters_row_bot_default cmsmasters_row_boxed\">\n<div class=\"cmsmasters_row_outer_parent\">\n<div class=\"cmsmasters_row_outer\">\n<div class=\"cmsmasters_row_inner\">\n<div class=\"cmsmasters_row_margin\">\n<div id=\"cmsmasters_column_v67ee6nvg7\" class=\"cmsmasters_column one_first\">\n<div class=\"cmsmasters_column_inner\"><div class=\"cmsmasters_text\">\n<p><nav aria-label=\"breadcrumbs\">\n            <div class=\"breadcrumb-container theme1\">\n                <ol>\n                                    <\/ol>\n            <\/div>\n        <\/nav>    <script type=\"application\/ld+json\">\n        {\n            \"@context\": \"http:\/\/schema.org\",\n            \"@type\": \"BreadcrumbList\",\n            \"itemListElement\": [\n                            ]\n        }\n    <\/script>\n   \n    <script>\n            <\/script>\n<\/p>\n<\/div>\n<\/div><\/div>\n<\/div>\n<\/div>\n<\/div>\n<\/div>\n<\/div>\n<div id=\"cmsmasters_row_3f2f8816dd\" class=\"cmsmasters_row cmsmasters_color_scheme_default cmsmasters_row_top_default cmsmasters_row_bot_default cmsmasters_row_boxed\">\n<div class=\"cmsmasters_row_outer_parent\">\n<div class=\"cmsmasters_row_outer\">\n<div class=\"cmsmasters_row_inner\">\n<div class=\"cmsmasters_row_margin\">\n<div id=\"cmsmasters_column_0a1c5940f5\" class=\"cmsmasters_column one_third stickyinfocolumn\">\n<div class=\"cmsmasters_column_inner\"><div id=\"cmsmasters_heading_rva6m2t32d\" class=\"cmsmasters_heading_wrap cmsmasters_heading_align_center\">\n\t<h3 class=\"cmsmasters_heading\">Informace o odd\u011blen\u00ed<\/h3>\n<\/div>\n<div id=\"cmsmasters_divider_dpp34mcdj5\" class=\"cmsmasters_divider cmsmasters_divider_width_short cmsmasters_divider_pos_center\"><\/div>\n<div class=\"cmsmasters_sidebar sidebar_layout_11 sidebar-custom-menu\"><aside id=\"nav_menu-10\" class=\"widget widget_nav_menu\"><div class=\"menu-oddeleni-aro-container\"><ul id=\"menu-oddeleni-aro\" class=\"menu\"><li id=\"menu-item-17946\" class=\"menu-item menu-item-type-custom menu-item-object-custom menu-item-17946\"><a href=\"\/oddeleni\/aro\/#popis-oddeleni\" data-ps2id-api=\"true\"><i class=\"fa-solid fa-info\"><\/i> Popis odd\u011blen\u00ed<\/a><\/li>\n<li id=\"menu-item-17947\" class=\"menu-item menu-item-type-custom menu-item-object-custom menu-item-17947\"><a href=\"\/oddeleni\/aro\/#team\" data-ps2id-api=\"true\"><i class=\"fa-solid fa-user-doctor\"><\/i> Slo\u017een\u00ed t\u00fdmu<\/a><\/li>\n<li id=\"menu-item-17948\" class=\"menu-item menu-item-type-custom menu-item-object-custom menu-item-17948\"><a href=\"\/oddeleni\/aro\/#oteviraci-hodiny\" data-ps2id-api=\"true\"><i class=\"fa-regular fa-clock\"><\/i> Ordina\u010dn\u00ed hodiny<\/a><\/li>\n<li id=\"menu-item-17949\" class=\"menu-item menu-item-type-custom menu-item-object-custom menu-item-17949\"><a href=\"\/oddeleni\/aro\/#kontaktni-informace\" data-ps2id-api=\"true\"><i class=\"fa-solid fa-phone\"><\/i> Kontaktn\u00ed informace<\/a><\/li>\n<li id=\"menu-item-17950\" class=\"menu-item menu-item-type-custom menu-item-object-custom menu-item-17950\"><a href=\"\/oddeleni\/aro\/#kde-nas-najdete\" data-ps2id-api=\"true\"><i class=\"fa-solid fa-location-dot\"><\/i> Kde n\u00e1s najdete<\/a><\/li>\n<li id=\"menu-item-17951\" class=\"menu-item menu-item-type-custom menu-item-object-custom menu-item-17951\"><a href=\"\/oddeleni\/aro\/#fotogalerie\" data-ps2id-api=\"true\"><i class=\"fa-solid fa-camera\"><\/i> Fotogalerie<\/a><\/li>\n<li id=\"menu-item-17952\" class=\"menu-custom-separator menu-item menu-item-type-custom menu-item-object-custom menu-item-17952\"><hr class=\"mhm-menu-separator\"><\/li>\n<li id=\"menu-item-17953\" class=\"static-link menu-item menu-item-type-custom menu-item-object-custom menu-item-17953\"><a href=\"\/oddeleni\/aro\/aro-ambulance\/\" data-ps2id-api=\"true\"><i class=\"fa-solid fa-house-medical\"><\/i> Ambulance<\/a><\/li>\n<li id=\"menu-item-17954\" class=\"static-link menu-item menu-item-type-custom menu-item-object-custom menu-item-17954\"><a href=\"\/oddeleni\/aro\/informace-o-anestezii\/\" data-ps2id-api=\"true\"><i class=\"fa-regular fa-circle-question\"><\/i> Informace o anestezii<\/a><\/li>\n<li id=\"menu-item-17955\" class=\"static-link menu-item menu-item-type-custom menu-item-object-custom menu-item-17955\"><a href=\"\/oddeleni\/aro\/informace-pro-pribuzne\/\" data-ps2id-api=\"true\"><i class=\"fa-solid fa-user-group\"><\/i> Informace pro p\u0159\u00edbuzn\u00e9<\/a><\/li>\n<\/ul><\/div><\/aside><div class=\"cl\"><\/div>\n<\/div>\n<\/div><\/div>\n<div id=\"cmsmasters_column_k7vlyuz4yq\" class=\"cmsmasters_column two_third\">\n<div class=\"cmsmasters_column_inner\"><div id=\"cmsmasters_heading_0cx4mcjjyd\" class=\"cmsmasters_heading_wrap cmsmasters_heading_align_left\">\n\t<h2 class=\"cmsmasters_heading\">Informace o anestezii<\/h2>\n<\/div>\n<div id=\"cmsmasters_divider_kul4awri6m\" class=\"cmsmasters_divider cmsmasters_divider_width_short cmsmasters_divider_pos_left\"><\/div>\n<div class=\"cmsmasters_text\">\n<h5><strong>Anesteziologick\u00e1 p\u00e9\u010de<\/strong><\/h5>\n<p>Anestezie b\u011bhem opera\u010dn\u00edho \u010di jin\u00e9ho, obvykle bolestiv\u00e9ho v\u00fdkonu zaji\u0161\u0165uje vylou\u010den\u00ed vn\u00edm\u00e1n\u00ed bolesti, zabra\u0148uje rozvoji stresu a necht\u011bn\u00fdch reakc\u00ed organismu, kter\u00e9 by znemo\u017enily prov\u00e9st dan\u00fd v\u00fdkon nebo by mohly pacienta ohrozit na zdrav\u00ed \u010di \u017eivot\u011b. P\u0159ed v\u00fdkonem v anestezii je nutn\u00e9 podstoupit d\u016fkladn\u00e9 intern\u00ed p\u0159edopera\u010dn\u00ed vy\u0161et\u0159en\u00ed v\u010detn\u011b laboratorn\u00edch krevn\u00edch test\u016f. Anesteziolog p\u0159ed v\u00fdkonem zhodnot\u00ed v\u0161echna vy\u0161et\u0159en\u00ed a v\u0161echny dostupn\u00e9 informace o Va\u0161em zdravotn\u00edm stavu, ur\u010d\u00ed m\u00edru rizika a vyhodnot\u00ed, kter\u00fd typ anestezie je nejvhodn\u011bj\u0161\u00ed. D\u00e1le rozhodne o p\u0159\u00edprav\u011b pacienta k operaci, v\u010detn\u011b premedikace (pod\u00e1n\u00ed l\u00e9k\u016f p\u0159ed v\u00fdkonem, zpravidla ve form\u011b tablet \u010di injekce), kter\u00e1 vede ke zklidn\u011bn\u00ed, p\u016fsob\u00ed proti bolesti a usnadn\u00ed \u00favod do anestezie. Volba typu anestezie z\u00e1vis\u00ed na typu a rozsahu v\u00fdkonu, zdravotn\u00edm stavu pacienta, po\u017eadavc\u00edch operat\u00e9ra a tak\u00e9 na p\u0159\u00e1n\u00ed pacienta.<\/p>\n<h5><strong>Celkov\u00e1 anestezie<\/strong><\/h5>\n<p>Celkov\u00e1 anestezie (nark\u00f3za) je um\u011ble navozen\u00e1 ztr\u00e1ta v\u011bdom\u00ed. Sou\u010dasn\u011b jsou farmakologicky vy\u0159azeny pocity bolesti. P\u0159i n\u011bkter\u00fdch operac\u00edch je vy\u0159azeno samovoln\u00e9 d\u00fdch\u00e1n\u00ed a do d\u00fdchac\u00edch cest je zavedena speci\u00e1ln\u00ed rourka (intubace), b\u011bhem v\u00fdkonu se pak prov\u00e1d\u00ed um\u011bl\u00e9 d\u00fdch\u00e1n\u00ed p\u0159\u00edstrojem. Anestezie je zaji\u0161t\u011bna bu\u010f l\u00e9ky pod\u00e1van\u00fdmi do \u017e\u00edly nebo vdechov\u00e1n\u00edm anesteziologick\u00fdch plyn\u016f. Po celou dobu v\u00fdkonu jsou z\u00e1kladn\u00ed \u017eivotn\u00ed funkce sledov\u00e1ny anesteziologick\u00fdm t\u00fdmem a modern\u00ed monitorovac\u00ed technikou.<\/p>\n<h5><strong>M\u00edstn\u00ed anestezie<\/strong><\/h5>\n<p>M\u00edstn\u00ed anestezie slou\u017e\u00ed k vy\u0159azen\u00ed vn\u00edm\u00e1n\u00ed bolesti v ur\u010dit\u00e9 \u010d\u00e1sti t\u011bla. Mezi nej\u010dast\u011bji pou\u017e\u00edvan\u00e9 techniky m\u00edstn\u00ed anestezie pat\u0159\u00ed subarachnoid\u00e1ln\u00ed a epidur\u00e1ln\u00ed anestezie. Lok\u00e1ln\u00ed (m\u00edstn\u00ed) anestetikum se pod\u00e1v\u00e1 speci\u00e1ln\u00edmi jehlami do prostor\u016f p\u00e1te\u0159n\u00edho kan\u00e1lu. Tyto techniky jsou vhodn\u00e9 p\u0159edev\u0161\u00edm u opera\u010dn\u00edch v\u00fdkon\u016f na doln\u00ed polovin\u011b t\u011bla. U n\u011bkter\u00fdch typ\u016f v\u00fdkon\u016f na horn\u00ed nebo doln\u00ed kon\u010detin\u011b je mo\u017en\u00e9 prov\u00e1d\u011bt perifern\u00ed blok\u00e1dy, kter\u00e9 p\u0159eru\u0161\u00ed veden\u00ed vzruch\u016f z operovan\u00e9 kon\u010detiny. V pr\u016fb\u011bhu m\u00edstn\u00ed anestezie je pacient p\u0159i v\u011bdom\u00ed, nebo je mo\u017en\u00e9 prov\u00e9st sedaci (l\u00e9ky navozen\u00fd sp\u00e1nek). Techniky m\u00edstn\u00ed anestezie je mo\u017en\u00e9 vyu\u017e\u00edt i pro tlumen\u00ed bolesti v poopera\u010dn\u00edm obdob\u00ed \u010di k tlumen\u00ed porodn\u00edch bolest\u00ed \u2013 jedn\u00e1 se o tzv. epidur\u00e1ln\u00ed analgesii. Ta se prov\u00e1d\u00ed v poloze na lev\u00e9m boku nebo vsed\u011b s vyhrben\u00fdmi z\u00e1dy (\u201eko\u010di\u010d\u00ed h\u0159bet\u201c). Speci\u00e1ln\u00ed jehla se zavede do epidur\u00e1ln\u00edho prostoru, kter\u00fd se nach\u00e1z\u00ed mezi obratlov\u00fdm obloukem a tvrdou m\u00ed\u0161n\u00ed plenou. Po zaveden\u00ed jehly je do tohoto prostoru pod\u00e1no m\u00edstn\u00ed anestetikum a zasunuta tenk\u00e1 speci\u00e1ln\u00ed hadi\u010dka (kat\u00e9tr). Do n\u00ed m\u016f\u017ee b\u00fdt d\u00e1le pod\u00e1v\u00e1na sm\u011bs k tlumen\u00ed bolestiv\u00fdch vjem\u016f. Po zaveden\u00ed katetru a pod\u00e1n\u00ed analgetick\u00e9 sm\u011bsi nastupuje \u00fa\u010dinek asi za 10 a\u017e 15 minut \u2013 doch\u00e1z\u00ed ke zm\u00edrn\u011bn\u00ed porodn\u00edch \u010di jin\u00fdch bolest\u00ed. D\u011blo\u017en\u00ed stahy jsou pak vn\u00edm\u00e1ny sp\u00ed\u0161e jako tlak, \u00fapln\u00e9 znecitliv\u011bn\u00ed (anestezie) je u spont\u00e1nn\u00edho porodu ne\u017e\u00e1douc\u00ed, jeliko\u017e by zpomalilo pr\u016fb\u011bh porodu. Porod tedy nebude zcela bezbolestn\u00fd, ale mnohem m\u00e9n\u011b bolestiv\u00fd a snesiteln\u011bj\u0161\u00ed. Do epidur\u00e1ln\u00edho katetru je mo\u017eno anestetikum p\u0159id\u00e1vat v intervalech \u010di kontinu\u00e1ln\u011b infuzn\u00ed pumpou. Pokud bude t\u0159eba t\u011bsn\u011b po porodu o\u0161et\u0159it porodn\u00ed poran\u011bn\u00ed, je t\u00e9\u017e mo\u017en\u00e9 do katetru p\u0159idat m\u00edstn\u00ed anestetikum a toto o\u0161et\u0159en\u00ed prov\u00e9st bezbolestn\u011b pouze v m\u00edstn\u00edm znecitliv\u011bn\u00ed.<\/p>\n<h5><strong>Analgosedace<\/strong><\/h5>\n<p>(monitorovan\u00e1 anesteziologick\u00e1 p\u00e9\u010de) je stav sn\u00ed\u017een\u00e9ho vn\u00edm\u00e1n\u00ed bolesti a \u00fatlumu v\u011bdom\u00ed po aplikaci l\u00e9k\u016f, pacienta lze ze sp\u00e1nku probudit siln\u00fdm podn\u011btem. Nej\u010dast\u011bji se u\u017e\u00edv\u00e1 u nep\u0159\u00edjemn\u00fdch vy\u0161et\u0159ovac\u00edch metod.<\/p>\n<h5><strong>Rizika anestezie<\/strong><\/h5>\n<p>Neexistuje \u017e\u00e1dn\u00fd zp\u016fsob anestezie, kter\u00fd by byl bez rizika. Odhad rizika vych\u00e1z\u00ed ze zhodnocen\u00ed celkov\u00e9ho zdravotn\u00edho stavu pacienta, zhodnocen\u00ed z\u00e1t\u011b\u017ee organismu pl\u00e1novan\u00fdm opera\u010dn\u00edm v\u00fdkonem a zvolen\u00fdm zp\u016fsobem anestezie. V sou\u010dasn\u00e9 dob\u011b se p\u0159i standartn\u00edm u\u017e\u00edv\u00e1n\u00ed monitorovac\u00edch technik po celou dobu v\u00fdkonu anestezie d\u00e1 pova\u017eovat za velmi bezpe\u010dnou. B\u011bhem operace l\u00e9ka\u0159-anesteziolog v\u017edy sleduje krevn\u00ed tlak, EKG z\u00e1znam srde\u010dn\u00ed \u010dinnosti, slo\u017een\u00ed vdechovan\u00fdch a vydechovan\u00fdch plyn\u016f, pomoc\u00ed nebolestiv\u00e9ho prstov\u00e9ho klipu monitoruje t\u00e9\u017e sycen\u00ed krve kysl\u00edkem. U velmi n\u00e1ro\u010dn\u00fdch operac\u00ed nebo v p\u0159\u00edpad\u011b komplikac\u00ed b\u011bhem opera\u010dn\u00edho v\u00fdkonu se prov\u00e1d\u00ed i dal\u0161\u00ed sledov\u00e1n\u00ed a m\u011b\u0159en\u00ed. Nej\u010dast\u011bj\u0161\u00ed komplikace celkov\u00e9 anestezie jsou: nevolnost a zvracen\u00ed, \u0161kr\u00e1b\u00e1n\u00ed a do\u010dasn\u00e1 bolest v krku, pokles krevn\u00edho tlaku, poruchy srde\u010dn\u00edho rytmu, zv\u00fd\u0161en\u00ed krevn\u00edho tlaku, srde\u010dn\u00ed infarkt (m\u00e9n\u011b ne\u017e 1 % celkov\u00fdch anestezi\u00ed), smrt v pr\u016fb\u011bhu anestezie (0,009 % celkov\u00fdch anestezi\u00ed, p\u0159edev\u0161\u00edm pacienti v kritick\u00e9m stavu bezprost\u0159edn\u00edho ohro\u017een\u00ed \u017eivota, kte\u0159\u00ed mus\u00ed v\u00fdkon v anestezii podstoupit). K nej\u010dast\u011bj\u0161\u00edm komplikac\u00edm m\u00edstn\u00ed anestezie pak pat\u0159\u00ed technick\u00e9 probl\u00e9my p\u0159i lokalizaci spr\u00e1vn\u00e9ho m\u00edsta pro zaveden\u00ed m\u00edstn\u00ed anest\u00e9zie, kter\u00e9 mohou v\u00e9st k nutnosti prov\u00e9st opera\u010dn\u00ed v\u00fdkon v celkov\u00e9 anestezii, bolesti v z\u00e1dech a bolest hlavy.<\/p>\n<h5><strong>POKYNY<\/strong><\/h5>\n<p>Ka\u017ed\u00e1 anestezie je z\u00e1sahem do organismu. Pro bezpe\u010dn\u00fd pr\u016fb\u011bh Va\u0161eho opera\u010dn\u00edho v\u00fdkonu v anestezii dodr\u017ete pros\u00edm n\u00e1sleduj\u00edc\u00ed pokyny:<\/p>\n<ul>\n<li>V akutn\u00edm stavu infek\u010dn\u00edho onemocn\u011bn\u00ed bude V\u00e1\u0161 opera\u010dn\u00ed v\u00fdkon odlo\u017een; k tomu stejn\u00e9mu dojde, pokud 14 dn\u016f p\u0159ed pl\u00e1novan\u00fdm v\u00fdkonem prod\u011bl\u00e1te n\u011bjak\u00e9 akutn\u00ed infek\u010dn\u00ed onemocn\u011bn\u00ed (nap\u0159. ang\u00edna, ch\u0159ipka).<\/li>\n<li>Pokud kou\u0159\u00edte, omezte n\u011bkolik dn\u00ed p\u0159ed v\u00fdkonem kou\u0159en\u00ed a nejm\u00e9n\u011b den p\u0159ed v\u00fdkonem neku\u0159te v\u016fbec.<\/li>\n<li>Dodr\u017ete pros\u00edm n\u00e1\u0161 po\u017eadavek la\u010dn\u011bn\u00ed p\u0159ed v\u00fdkonem. Na odd\u011blen\u00ed budete p\u0159esn\u011b instruov\u00e1ni, kdy m\u016f\u017eete naposledy j\u00edst a p\u00edt. T\u00edmto opat\u0159en\u00edm p\u0159edejdete riziku zvracen\u00ed b\u011bhem anestezie a nebezpe\u010d\u00ed vniknut\u00ed \u017ealude\u010dn\u00edho obsahu do d\u00fdchac\u00edch cest.<\/li>\n<li>P\u0159ed v\u00fdkonem sejm\u011bte zubn\u00ed prot\u00e9zu, o\u010dn\u00ed \u010do\u010dky, prot\u00e9zy a br\u00fdle, \u0161perky v\u010detn\u011b piercingu, sponky a vlasov\u00e9 paruky. Del\u0161\u00ed vlasy si st\u00e1hn\u011bte gumi\u010dkou.<\/li>\n<li>Tetov\u00e1n\u00ed v m\u00edst\u011b aplikace svodn\u00e9 anestezie m\u016f\u017ee b\u00fdt d\u016fvodem odm\u00edtnut\u00ed tohoto zp\u016fsobu znecitliv\u011bn\u00ed.<\/li>\n<li>P\u0159ed anestezi\u00ed nepou\u017e\u00edvejte make-up, o\u010dn\u00ed st\u00edny, o\u010dn\u00ed linky, \u0159asenku \u2013 hroz\u00ed riziko z\u00e1n\u011btu o\u010dn\u00edch spojivek, lak na nehty \u2013 znemo\u017e\u0148uje toti\u017e monitorov\u00e1n\u00ed saturace krve kysl\u00edkem b\u011bhem v\u00fdkonu.<\/li>\n<li>Je-li Va\u0161e propu\u0161t\u011bn\u00ed z nemocnice do dom\u00e1c\u00ed p\u00e9\u010de pl\u00e1nov\u00e1no ji\u017e v den opera\u010dn\u00edho v\u00fdkonu \u010di vy\u0161et\u0159en\u00ed, nesm\u00edte tento den \u0159\u00eddit motorov\u00e1 vozidla, prov\u00e1d\u011bt pr\u00e1vn\u00ed \u00fakony, \u010dinit d\u016fle\u017eit\u00e1 rozhodnut\u00ed a je vhodn\u00e9 se vyvarovat pr\u00e1ce s nebezpe\u010dn\u00fdmi n\u00e1stroji \u010di p\u0159\u00edstroji. Zajist\u011bte si p\u0159edem doprovod dosp\u011blou osobou do dom\u00e1c\u00ed p\u00e9\u010de a jej\u00ed dohled nad V\u00e1mi do n\u00e1sleduj\u00edc\u00edho dne.<\/li>\n<\/ul>\n<\/div>\n<\/div><\/div>\n<\/div>\n<\/div>\n<\/div>\n<\/div>\n<\/div>\n<div id=\"cmsmasters_row_4kb0apw7ag\" class=\"cmsmasters_row cmsmasters_color_scheme_default cmsmasters_row_top_default cmsmasters_row_bot_default cmsmasters_row_boxed\">\n<div class=\"cmsmasters_row_outer_parent\">\n<div class=\"cmsmasters_row_outer\">\n<div class=\"cmsmasters_row_inner\">\n<div class=\"cmsmasters_row_margin\">\n<div id=\"cmsmasters_column_nwwitfqy0a\" class=\"cmsmasters_column one_first\">\n<div class=\"cmsmasters_column_inner\"><\/div><\/div>\n<\/div>\n<\/div>\n<\/div>\n<\/div>\n<\/div>\n\n","protected":false},"excerpt":{"rendered":"","protected":false},"author":1,"featured_media":17128,"parent":17959,"menu_order":0,"comment_status":"closed","ping_status":"closed","template":"","meta":{"pgc_sgb_lightbox_settings":"","footnotes":"","_links_to":"","_links_to_target":""},"categories":[85],"class_list":["post-18071","page","type-page","status-publish","has-post-thumbnail","hentry","category-page-oddeleni"],"publishpress_future_action":{"enabled":false,"date":"2026-04-23 06:40:21","action":"change-status","newStatus":"draft","terms":[],"taxonomy":"category","extraData":[]},"publishpress_future_workflow_manual_trigger":{"enabledWorkflows":[]},"_links":{"self":[{"href":"https:\/\/www.nemji.cz\/en\/wp-json\/wp\/v2\/pages\/18071","targetHints":{"allow":["GET"]}}],"collection":[{"href":"https:\/\/www.nemji.cz\/en\/wp-json\/wp\/v2\/pages"}],"about":[{"href":"https:\/\/www.nemji.cz\/en\/wp-json\/wp\/v2\/types\/page"}],"author":[{"embeddable":true,"href":"https:\/\/www.nemji.cz\/en\/wp-json\/wp\/v2\/users\/1"}],"replies":[{"embeddable":true,"href":"https:\/\/www.nemji.cz\/en\/wp-json\/wp\/v2\/comments?post=18071"}],"version-history":[{"count":0,"href":"https:\/\/www.nemji.cz\/en\/wp-json\/wp\/v2\/pages\/18071\/revisions"}],"up":[{"embeddable":true,"href":"https:\/\/www.nemji.cz\/en\/wp-json\/wp\/v2\/pages\/17959"}],"wp:featuredmedia":[{"embeddable":true,"href":"https:\/\/www.nemji.cz\/en\/wp-json\/wp\/v2\/media\/17128"}],"wp:attachment":[{"href":"https:\/\/www.nemji.cz\/en\/wp-json\/wp\/v2\/media?parent=18071"}],"wp:term":[{"taxonomy":"category","embeddable":true,"href":"https:\/\/www.nemji.cz\/en\/wp-json\/wp\/v2\/categories?post=18071"}],"curies":[{"name":"wp","href":"https:\/\/api.w.org\/{rel}","templated":true}]}}