{"id":18251,"date":"2023-09-07T09:40:05","date_gmt":"2023-09-07T07:40:05","guid":{"rendered":"https:\/\/nemji.rs-kovarik.cz\/?page_id=18251"},"modified":"2023-10-30T14:26:57","modified_gmt":"2023-10-30T13:26:57","slug":"luzkova-cast","status":"publish","type":"page","link":"https:\/\/www.nemji.cz\/en\/oddeleni\/kardiologicke-oddeleni\/luzkova-cast\/","title":{"rendered":"Inpatient department"},"content":{"rendered":"<div id=\"cmsmasters_row_6iluctg3hk\" class=\"cmsmasters_row cmsmasters_color_scheme_default cmsmasters_row_top_default cmsmasters_row_bot_default cmsmasters_row_boxed\">\n<div class=\"cmsmasters_row_outer_parent\">\n<div class=\"cmsmasters_row_overlay\"><\/div>\n<div class=\"cmsmasters_row_outer\">\n<div class=\"cmsmasters_row_inner\">\n<div class=\"cmsmasters_row_margin\">\n<div id=\"cmsmasters_column_sybg7he2sg\" class=\"cmsmasters_column one_first\">\n<div class=\"cmsmasters_column_inner\"><div id=\"cmsmasters_heading_b3c74b95a0\" class=\"cmsmasters_heading_wrap cmsmasters_heading_align_center pageheadingtitle\">\n\t<h1 class=\"cmsmasters_heading\">Kardiologick\u00e9 odd\u011blen\u00ed<\/h1>\n<\/div>\n<\/div><\/div>\n<\/div>\n<\/div>\n<\/div>\n<\/div>\n<\/div>\n<div id=\"cmsmasters_row_ly5ze1hf8e\" class=\"cmsmasters_row cmsmasters_color_scheme_default cmsmasters_row_top_default cmsmasters_row_bot_default cmsmasters_row_boxed\">\n<div class=\"cmsmasters_row_outer_parent\">\n<div class=\"cmsmasters_row_outer\">\n<div class=\"cmsmasters_row_inner\">\n<div class=\"cmsmasters_row_margin\">\n<div id=\"cmsmasters_column_v67ee6nvg7\" class=\"cmsmasters_column one_first\">\n<div class=\"cmsmasters_column_inner\"><div class=\"cmsmasters_text\">\n<p><nav aria-label=\"breadcrumbs\">\n            <div class=\"breadcrumb-container theme1\">\n                <ol>\n                                    <\/ol>\n            <\/div>\n        <\/nav>    <script type=\"application\/ld+json\">\n        {\n            \"@context\": \"http:\/\/schema.org\",\n            \"@type\": \"BreadcrumbList\",\n            \"itemListElement\": [\n                            ]\n        }\n    <\/script>\n   \n    <script>\n            <\/script>\n<\/p>\n<\/div>\n<\/div><\/div>\n<\/div>\n<\/div>\n<\/div>\n<\/div>\n<\/div>\n<div id=\"cmsmasters_row_3f2f8816dd\" class=\"cmsmasters_row cmsmasters_color_scheme_default cmsmasters_row_top_default cmsmasters_row_bot_default cmsmasters_row_boxed\">\n<div class=\"cmsmasters_row_outer_parent\">\n<div class=\"cmsmasters_row_outer\">\n<div class=\"cmsmasters_row_inner\">\n<div class=\"cmsmasters_row_margin\">\n<div id=\"cmsmasters_column_0a1c5940f5\" class=\"cmsmasters_column one_third stickyinfocolumn\">\n<div class=\"cmsmasters_column_inner\"><div id=\"cmsmasters_heading_rva6m2t32d\" class=\"cmsmasters_heading_wrap cmsmasters_heading_align_center\">\n\t<h3 class=\"cmsmasters_heading\">Informace o odd\u011blen\u00ed<\/h3>\n<\/div>\n<div id=\"cmsmasters_divider_dpp34mcdj5\" class=\"cmsmasters_divider cmsmasters_divider_width_short cmsmasters_divider_pos_center\"><\/div>\n<div class=\"cmsmasters_sidebar sidebar_layout_11 sidebar-custom-menu\"><aside id=\"nav_menu-8\" class=\"widget widget_nav_menu\"><div class=\"menu-oddeleni-kardiologie-container\"><ul id=\"menu-oddeleni-kardiologie\" class=\"menu\"><li id=\"menu-item-16737\" class=\"menu-item menu-item-type-custom menu-item-object-custom menu-item-16737\"><a href=\"\/oddeleni\/kardiologicke-oddeleni\/#popis-oddeleni\" data-ps2id-api=\"true\"><i class=\"fa-solid fa-info\"><\/i> Popis odd\u011blen\u00ed<\/a><\/li>\n<li id=\"menu-item-16738\" class=\"menu-item menu-item-type-custom menu-item-object-custom menu-item-16738\"><a href=\"\/oddeleni\/kardiologicke-oddeleni\/#personalni-obsazeni\" data-ps2id-api=\"true\"><i class=\"fa-solid fa-user-doctor\"><\/i> Person\u00e1ln\u00ed obsazen\u00ed<\/a><\/li>\n<li id=\"menu-item-16739\" class=\"menu-item menu-item-type-custom menu-item-object-custom menu-item-16739\"><a href=\"\/oddeleni\/kardiologicke-oddeleni\/#oteviraci-hodiny\" data-ps2id-api=\"true\"><i class=\"fa-regular fa-clock\"><\/i> Ordina\u010dn\u00ed hodiny<\/a><\/li>\n<li id=\"menu-item-16740\" class=\"menu-item menu-item-type-custom menu-item-object-custom menu-item-16740\"><a href=\"\/oddeleni\/kardiologicke-oddeleni\/#kontaktni-informace\" data-ps2id-api=\"true\"><i class=\"fa-solid fa-phone\"><\/i> Kontaktn\u00ed informace<\/a><\/li>\n<li id=\"menu-item-16741\" class=\"menu-item menu-item-type-custom menu-item-object-custom menu-item-16741\"><a href=\"\/oddeleni\/kardiologicke-oddeleni\/#kde-nas-najdete\" data-ps2id-api=\"true\"><i class=\"fa-solid fa-location-dot\"><\/i> Kde n\u00e1s najdete<\/a><\/li>\n<li id=\"menu-item-16742\" class=\"menu-item menu-item-type-custom menu-item-object-custom menu-item-16742\"><a href=\"\/oddeleni\/kardiologicke-oddeleni\/#fotogalerie\" data-ps2id-api=\"true\"><i class=\"fa-solid fa-camera\"><\/i> Fotogalerie<\/a><\/li>\n<li id=\"menu-item-16743\" class=\"menu-custom-separator menu-item menu-item-type-custom menu-item-object-custom menu-item-16743\"><hr class=\"mhm-menu-separator\"><\/li>\n<li id=\"menu-item-16949\" class=\"static-link menu-item menu-item-type-custom menu-item-object-custom menu-item-16949\"><a href=\"\/oddeleni\/kardiologicke-oddeleni\/kardiologicke-ambulance\/\" data-ps2id-api=\"true\"><i class=\"fa-solid fa-house-medical\"><\/i> Ambulance<\/a><\/li>\n<li id=\"menu-item-18264\" class=\"static-link menu-item menu-item-type-custom menu-item-object-custom menu-item-18264\"><a href=\"\/oddeleni\/kardiologicke-oddeleni\/luzkova-cast\/\" data-ps2id-api=\"true\"><i class=\"fa-solid fa-bed-pulse\"><\/i> L\u016f\u017ekov\u00e1 \u010d\u00e1st<\/a><\/li>\n<li id=\"menu-item-16744\" class=\"static-link menu-item menu-item-type-custom menu-item-object-custom menu-item-16744\"><a href=\"\/oddeleni\/kardiologicke-oddeleni\/informace-pro-pacienty\/\" data-ps2id-api=\"true\"><i class=\"fa-regular fa-circle-question\"><\/i> Informace pro pacienty<\/a><\/li>\n<li id=\"menu-item-16745\" class=\"static-link menu-item menu-item-type-custom menu-item-object-custom menu-item-16745\"><a href=\"\/oddeleni\/kardiologicke-oddeleni\/charakteristika-oddeleni\/\" data-ps2id-api=\"true\"><i class=\"fa-solid fa-stethoscope\"><\/i> Charakteristika odd\u011blen\u00ed<\/a><\/li>\n<li id=\"menu-item-16746\" class=\"static-link menu-item menu-item-type-custom menu-item-object-custom menu-item-16746\"><a href=\"\/oddeleni\/kardiologicke-oddeleni\/vysetrovaci-metody\/\" data-ps2id-api=\"true\"><i class=\"fa-solid fa-user-nurse\"><\/i> Vy\u0161et\u0159ovac\u00ed metody<\/a><\/li>\n<li id=\"menu-item-20721\" class=\"static-link menu-item menu-item-type-custom menu-item-object-custom menu-item-20721\"><a href=\"\/oddeleni\/kardiologicke-oddeleni\/fotografie-z-udalosti\/\" data-ps2id-api=\"true\"><i class=\"fa-solid fa-camera\"><\/i> Fotografie z ud\u00e1lost\u00ed<\/a><\/li>\n<\/ul><\/div><\/aside><div class=\"cl\"><\/div>\n<\/div>\n<\/div><\/div>\n<div id=\"cmsmasters_column_k7vlyuz4yq\" class=\"cmsmasters_column two_third\">\n<div class=\"cmsmasters_column_inner\"><div id=\"cmsmasters_heading_0cx4mcjjyd\" class=\"cmsmasters_heading_wrap cmsmasters_heading_align_left\">\n\t<h2 class=\"cmsmasters_heading\">L\u016f\u017ekov\u00e1 \u010d\u00e1st kardiologick\u00e9ho odd\u011blen\u00ed<\/h2>\n<\/div>\n<div id=\"cmsmasters_divider_hgdnxm8b9\" class=\"cmsmasters_divider cmsmasters_divider_width_short cmsmasters_divider_pos_left\"><\/div>\n<div id=\"cmsmasters_divider_ysg9zz4shf\" class=\"cl\"><\/div>\n<div class=\"cmsmasters_text\">\n<style type=\"text\/css\"><\/style><section id='' \n                class='helpie-faq accordions groupSettings-139__enabled' \n                data-collection='' \n                data-pagination='0' \n                data-search='0' \n                data-pagination-enabled='0'\n                role='region'\n                aria-label='FAQ Section'\n                aria-live='polite'><form class=\"search\" onSubmit=\"return false;\"><div class=\"search__wrapper\"><input type=\"text\" class=\"search__input\" aria-label=\"Search\" role=\"searchbox\" placeholder=\"Vyhledat\"><span class=\"search__icon\"><svg class=\"svg-icon--search\" role=\"img\" xmlns=\"http:\/\/www.w3.org\/2000\/svg\" viewBox=\"0 0 22 22\">\r\n                        <g fill=\"none\" stroke=\"#171717\">\r\n                            <path stroke-linecap=\"square\" stroke-width=\"2\" d=\"M18.5 18.3l-5.4-5.4\"\/>\r\n                            <circle cx=\"8\" cy=\"8\" r=\"7\" stroke-width=\"2\"\/>\r\n                        <\/g>\r\n                    <\/svg><\/span><\/div><div class=\"search__message\"><\/div><\/form><article class=\"accordion \"><div class='helpie-faq-row'><div class='helpie-faq-col helpie-faq-col-12' ><ul><li class=\"accordion__item \"><div class=\"accordion__header \" \r\n                id=\"accordion-header-post-18252\"\r\n                role=\"button\"\r\n                aria-expanded=\"false\"\r\n                aria-controls=\"accordion-content-post-18252\"\r\n                data-id=\"post-18252\" \r\n                data-item=\"hfaq-post-18252\" \r\n                style=\"background:transparent;\" \r\n                data-tags=\"\"\r\n                tabindex=\"0\"><div class=\"accordion__title\">Odd\u011blen\u00ed A<\/div><\/div><div id=\"accordion-content-post-18252\" \r\n                class=\"accordion__body\" \r\n                role=\"region\"\r\n                aria-labelledby=\"accordion-header-post-18252\"\r\n                style=\"background:transparent;\"><h5><b>Standardn\u00ed l\u016f\u017ekov\u00e9 odd\u011blen\u00ed<\/b><\/h5>\n<p style=\"font-weight: 400\">Standardn\u00ed l\u016f\u017ekov\u00e9 odd\u011blen\u00ed tvo\u0159\u00ed 2 jednotky A a B. Pokoje jsou dvou a \u00a0t\u0159\u00edl\u016f\u017ekov\u00e9, ka\u017ed\u00fd m\u00e1 koupelnu s WC. V\u0161echna l\u016f\u017eka jsou monitorovan\u00e1\u00a0 telemetri\u00ed (tj. syst\u00e9mem umo\u017e\u0148uj\u00edc\u00edm kontinu\u00e1ln\u00ed \u00a0sledov\u00e1n\u00ed pacient\u016f nejen na l\u016f\u017eku, ale i b\u011bhem jejich voln\u00e9ho pobytu na odd\u011blen\u00ed). Ka\u017ed\u00e1 jednotka m\u00e1 sv\u00e9ho vedouc\u00edho l\u00e9ka\u0159e.<\/p>\n<p style=\"font-weight: 400\">L\u016f\u017ekov\u00e1 kardiologick\u00e1 p\u00e9\u010de je zam\u011b\u0159ena p\u0159edev\u0161\u00edm na pacienty s\u00a0akutn\u00edm koron\u00e1rn\u00edm syndromem, srde\u010dn\u00edm selh\u00e1n\u00edm, arytmiemi, synkop\u00e1ln\u00edmi stavy, kardiomyopatiemi a onemocn\u011bn\u00edm aorty. V\u00a0neposledn\u00ed \u0159ad\u011b je jej\u00ed sou\u010d\u00e1st\u00ed i p\u0159\u00edjem pacient\u016f na elektivn\u00ed koronarografii.<\/p>\n<p style=\"font-weight: 400\">Velkou tradici m\u00e1 i kardiostimula\u010dn\u00ed program. Ro\u010dn\u011b je implantov\u00e1no kolem\u00a0150 kardiostimul\u00e1tor\u016f (pacemaker\u016f). Kardiostimula\u010dn\u00ed st\u0159edisko poskytuje tuto slu\u017ebu i pacient\u016fm z\u00a0jin\u00fdch region\u016f kraje Vyso\u010dina.<\/p>\n<table style=\"border-collapse: collapse;width: 99.2089%;height: 198px\" border=\"1\">\n<tbody>\n<tr style=\"height: 10px\">\n<td style=\"width: 16.9857%;height: 10px\"><strong>Vedouc\u00ed l\u00e9ka\u0159:<\/strong><\/td>\n<td class=\"xl26\" style=\"width: 83.0143%;height: 10px\" width=\"256\">\n<div>MUDr. Michal Fikrle, Ph.D.<\/div>\n<\/td>\n<\/tr>\n<tr style=\"height: 18px\">\n<td style=\"width: 100%;height: 18px\" colspan=\"2\">\n<div>\n<hr \/>\n<\/div>\n<\/td>\n<\/tr>\n<tr style=\"height: 24px\">\n<td style=\"width: 16.9857%;height: 24px\"><strong>Telefon l\u00e9ka\u0159i:<\/strong><\/td>\n<td class=\"xl28\" style=\"width: 83.0143%;height: 24px\" width=\"256\" height=\"17\">+420 567 157 434<\/td>\n<\/tr>\n<tr style=\"height: 18px\">\n<td style=\"width: 100%;height: 18px\" colspan=\"2\">\n<div>\n<hr \/>\n<\/div>\n<\/td>\n<\/tr>\n<tr style=\"height: 24px\">\n<td style=\"width: 16.9857%;height: 24px\"><strong>Stani\u010dn\u00ed sestra:<\/strong><\/td>\n<td style=\"width: 83.0143%;height: 24px\">Eva Sou\u010dkov\u00e1, DiS.<\/td>\n<\/tr>\n<tr style=\"height: 18px\">\n<td style=\"height: 18px\" colspan=\"2\">\n<div>\n<hr \/>\n<\/div>\n<\/td>\n<\/tr>\n<tr style=\"height: 24px\">\n<td style=\"width: 16.9857%;height: 24px\"><strong>Telefon sestry:<\/strong><\/td>\n<td style=\"width: 83.0143%;height: 24px\">+420 567 157 338<\/td>\n<\/tr>\n<tr style=\"height: 24px\">\n<td style=\"width: 16.9857%;height: 10px\" colspan=\"2\">\n<div>\n<hr \/>\n<\/div>\n<\/td>\n<\/tr>\n<tr style=\"height: 10px\">\n<td style=\"width: 16.9857%;height: 10px\"><strong>Doporu\u010den\u00e9 n\u00e1v\u0161t\u011bvn\u00ed hodiny:<\/strong><\/td>\n<td style=\"width: 83.0143%;height: 10px\">\n<table style=\"border-collapse: collapse;width: 99.2065%\" border=\"1\">\n<tbody>\n<tr>\n<td style=\"width: 6.73941%\"><strong>PO &#8211; P\u00c1:<\/strong><\/td>\n<td style=\"width: 93.2606%\">10:00 \u2013 18:00<\/td>\n<\/tr>\n<tr>\n<td style=\"width: 6.73941%\"><strong>V\u00edkendy:<\/strong><\/td>\n<td style=\"width: 93.2606%\">8:00 \u2013 19:00<\/td>\n<\/tr>\n<\/tbody>\n<\/table>\n<\/td>\n<\/tr>\n<tr style=\"height: 18px\">\n<td style=\"width: 100%;height: 18px\" colspan=\"2\">\n<div>\n<hr \/>\n<\/div>\n<\/td>\n<\/tr>\n<tr style=\"height: 24px\">\n<td style=\"width: 16.9857%;height: 24px\"><strong>Kde n\u00e1s najdete:<\/strong><\/td>\n<td style=\"width: 83.0143%;height: 24px\">Budova E, 1. poschod\u00ed<\/td>\n<\/tr>\n<\/tbody>\n<\/table>\n<\/div><\/li><li class=\"accordion__item \"><div class=\"accordion__header \" \r\n                id=\"accordion-header-post-18261\"\r\n                role=\"button\"\r\n                aria-expanded=\"false\"\r\n                aria-controls=\"accordion-content-post-18261\"\r\n                data-id=\"post-18261\" \r\n                data-item=\"hfaq-post-18261\" \r\n                style=\"background:transparent;\" \r\n                data-tags=\"\"\r\n                tabindex=\"0\"><div class=\"accordion__title\">Odd\u011blen\u00ed B<\/div><\/div><div id=\"accordion-content-post-18261\" \r\n                class=\"accordion__body\" \r\n                role=\"region\"\r\n                aria-labelledby=\"accordion-header-post-18261\"\r\n                style=\"background:transparent;\"><h5><b>Standardn\u00ed l\u016f\u017ekov\u00e9 odd\u011blen\u00ed<\/b><\/h5>\n<p style=\"font-weight: 400\">Standardn\u00ed l\u016f\u017ekov\u00e9 odd\u011blen\u00ed tvo\u0159\u00ed 2 jednotky A a B. Pokoje jsou dvou a \u00a0t\u0159\u00edl\u016f\u017ekov\u00e9, ka\u017ed\u00fd m\u00e1 koupelnu s WC. V\u0161echna l\u016f\u017eka jsou monitorovan\u00e1\u00a0 telemetri\u00ed (tj. syst\u00e9mem umo\u017e\u0148uj\u00edc\u00edm kontinu\u00e1ln\u00ed \u00a0sledov\u00e1n\u00ed pacient\u016f nejen na l\u016f\u017eku, ale i b\u011bhem jejich voln\u00e9ho pobytu na odd\u011blen\u00ed). Ka\u017ed\u00e1 jednotka m\u00e1 sv\u00e9ho vedouc\u00edho l\u00e9ka\u0159e.<\/p>\n<p style=\"font-weight: 400\">L\u016f\u017ekov\u00e1 kardiologick\u00e1 p\u00e9\u010de je zam\u011b\u0159ena p\u0159edev\u0161\u00edm na pacienty s\u00a0akutn\u00edm koron\u00e1rn\u00edm syndromem, srde\u010dn\u00edm selh\u00e1n\u00edm, arytmiemi, synkop\u00e1ln\u00edmi stavy, kardiomyopatiemi a onemocn\u011bn\u00edm aorty. V\u00a0neposledn\u00ed \u0159ad\u011b je jej\u00ed sou\u010d\u00e1st\u00ed i p\u0159\u00edjem pacient\u016f na elektivn\u00ed koronarografii.<\/p>\n<p style=\"font-weight: 400\">Velkou tradici m\u00e1 i kardiostimula\u010dn\u00ed program. Ro\u010dn\u011b je implantov\u00e1no kolem\u00a0150 kardiostimul\u00e1tor\u016f (pacemaker\u016f). Kardiostimula\u010dn\u00ed st\u0159edisko poskytuje tuto slu\u017ebu i pacient\u016fm z\u00a0jin\u00fdch region\u016f kraje Vyso\u010dina.<\/p>\n<table style=\"border-collapse: collapse;width: 99.2089%;height: 198px\" border=\"1\">\n<tbody>\n<tr style=\"height: 10px\">\n<td style=\"width: 16.9857%;height: 10px\"><strong>Vedouc\u00ed l\u00e9ka\u0159:<\/strong><\/td>\n<td class=\"xl26\" style=\"width: 83.0143%;height: 10px\" width=\"256\">MUDr. Ji\u0159\u00ed Hlas<\/td>\n<\/tr>\n<tr style=\"height: 18px\">\n<td style=\"width: 100%;height: 18px\" colspan=\"2\">\n<div>\n<hr \/>\n<\/div>\n<\/td>\n<\/tr>\n<tr style=\"height: 24px\">\n<td style=\"width: 16.9857%;height: 24px\"><strong>Telefon l\u00e9ka\u0159i:<\/strong><\/td>\n<td class=\"xl28\" style=\"width: 83.0143%;height: 24px\" width=\"256\" height=\"17\">+420 567\u00a0157\u00a0175<\/td>\n<\/tr>\n<tr style=\"height: 18px\">\n<td style=\"width: 100%;height: 18px\" colspan=\"2\">\n<div>\n<hr \/>\n<\/div>\n<\/td>\n<\/tr>\n<tr style=\"height: 24px\">\n<td style=\"width: 16.9857%;height: 24px\"><strong>Stani\u010dn\u00ed sestra:<\/strong><\/td>\n<td style=\"width: 83.0143%;height: 24px\">Eva Vackov\u00e1<\/td>\n<\/tr>\n<tr style=\"height: 18px\">\n<td style=\"height: 18px\" colspan=\"2\">\n<div>\n<hr \/>\n<\/div>\n<\/td>\n<\/tr>\n<tr style=\"height: 24px\">\n<td style=\"width: 16.9857%;height: 24px\"><strong>Telefon sestry:<\/strong><\/td>\n<td style=\"width: 83.0143%;height: 24px\">+420 567 157 347<\/td>\n<\/tr>\n<tr style=\"height: 24px\">\n<td style=\"width: 16.9857%;height: 10px\" colspan=\"2\">\n<div>\n<hr \/>\n<\/div>\n<\/td>\n<\/tr>\n<tr style=\"height: 10px\">\n<td style=\"width: 16.9857%;height: 10px\"><strong>Doporu\u010den\u00e9 n\u00e1v\u0161t\u011bvn\u00ed hodiny:<\/strong><\/td>\n<td style=\"width: 83.0143%;height: 10px\">\n<table style=\"border-collapse: collapse;width: 99.2065%\" border=\"1\">\n<tbody>\n<tr>\n<td style=\"width: 6.73941%\"><strong>PO &#8211; P\u00c1:<\/strong><\/td>\n<td style=\"width: 93.2606%\">10:00 \u2013 18:00<\/td>\n<\/tr>\n<tr>\n<td style=\"width: 6.73941%\"><strong>V\u00edkendy:<\/strong><\/td>\n<td style=\"width: 93.2606%\">8:00 \u2013 19:00<\/td>\n<\/tr>\n<\/tbody>\n<\/table>\n<\/td>\n<\/tr>\n<tr style=\"height: 18px\">\n<td style=\"width: 100%;height: 18px\" colspan=\"2\">\n<div>\n<hr \/>\n<\/div>\n<\/td>\n<\/tr>\n<tr style=\"height: 24px\">\n<td style=\"width: 16.9857%;height: 24px\"><strong>Kde n\u00e1s najdete:<\/strong><\/td>\n<td style=\"width: 83.0143%;height: 24px\">Budova E, 1. poschod\u00ed<\/td>\n<\/tr>\n<\/tbody>\n<\/table>\n<\/div><\/li><li class=\"accordion__item \"><div class=\"accordion__header \" \r\n                id=\"accordion-header-post-18263\"\r\n                role=\"button\"\r\n                aria-expanded=\"false\"\r\n                aria-controls=\"accordion-content-post-18263\"\r\n                data-id=\"post-18263\" \r\n                data-item=\"hfaq-post-18263\" \r\n                style=\"background:transparent;\" \r\n                data-tags=\"\"\r\n                tabindex=\"0\"><div class=\"accordion__title\">JIP<\/div><\/div><div id=\"accordion-content-post-18263\" \r\n                class=\"accordion__body\" \r\n                role=\"region\"\r\n                aria-labelledby=\"accordion-header-post-18263\"\r\n                style=\"background:transparent;\"><h5 style=\"font-weight: 400\"><strong>Koron\u00e1rn\u00ed jednotka (JIP)<\/strong><\/h5>\n<p style=\"font-weight: 400\">Koron\u00e1rn\u00ed jednotka poskytuje kompletn\u00ed p\u00e9\u010di pacient\u016fm s\u00a0akutn\u00edmi formami kardiovaskul\u00e1rn\u00edch chorob v\u010detn\u011b mo\u017enosti um\u011bl\u00e9 plicn\u00ed ventilace,\u00a0pravostrann\u00e9 srde\u010dn\u00ed katetrizace s\u00a0invazivn\u00edm m\u011b\u0159en\u00edm hemodynamiky.\u00a0Jedn\u00e1 se\u00a0o pacienty s\u00a0akutn\u00edm srde\u010dn\u00edm infarktem, z\u00e1va\u017en\u00fdmi poruchami srde\u010dn\u00edho rytmu, \u0161okov\u00fdmi stavy, z\u00e1va\u017enou hypertenz\u00ed, projevy selh\u00e1v\u00e1n\u00ed srdce a hemodynamicky nestabiln\u00ed plicn\u00ed emboli\u00ed.<\/p>\n<p style=\"font-weight: 400\">Koron\u00e1rn\u00ed jednotka je vybavena \u0161pi\u010dkov\u00fdmi p\u0159\u00edstroji, kter\u00e9 zahrnuj\u00ed monitorovac\u00ed syst\u00e9m, p\u0159\u00edstroje pro um\u011blou plicn\u00ed ventilaci, defibril\u00e1tory (p\u0159\u00edstroje slou\u017e\u00edc\u00ed k\u00a0\u00faprav\u011b z\u00e1va\u017en\u00fdch poruch srde\u010dn\u00edho rytmu), kontrapulzaci (p\u0159\u00edstroj pro ob\u011bhovou podporu pacienta s\u00a0akutn\u00edm srde\u010dn\u00edm infarktem a n\u00edzk\u00fdm krevn\u00edm tlakem), transportn\u00edmi monitory a p\u0159enosn\u00fdmi ventila\u010dn\u00edmi p\u0159\u00edstroji umo\u017e\u0148uj\u00edc\u00edmi trval\u00e9 sledov\u00e1n\u00ed a zaji\u0161t\u011bn\u00ed pacienta p\u0159i p\u0159evozu do katetriza\u010dn\u00ed laborato\u0159e k\u00a0o\u0161et\u0159en\u00ed akutn\u00edho srde\u010dn\u00edho infarktu. V\u0161echna l\u016f\u017eka na koron\u00e1rn\u00ed jednotce jsou polohovateln\u00e1 a umo\u017e\u0148uj\u00ed t\u00edm lep\u0161\u00ed komfort pacient\u016f a snadn\u011bj\u0161\u00ed o\u0161et\u0159ovatelskou p\u00e9\u010di. Akutn\u00ed p\u00e9\u010de je zaji\u0161\u0165ov\u00e1na dv\u011bma erudovan\u00fdmi l\u00e9ka\u0159i a vy\u0161kolen\u00fdm o\u0161et\u0159ovatelsk\u00fdm t\u00fdmem, kter\u00fd je specializov\u00e1n v\u00a0akutn\u00ed kardiologick\u00e9 p\u00e9\u010di. Je um\u00edst\u011bna v nov\u00e9m pavilonu PUIP.<\/p>\n<h5><strong>N\u00e1v\u0161t\u011bvy na JIP<\/strong><\/h5>\n<p style=\"font-weight: 400\">Na z\u00e1klad\u011b vyhl\u00e1\u0161ky \u010d. 306\/2012 Sb. mus\u00ed n\u00e1v\u0161t\u011bvy na pracovi\u0161t\u011b akutn\u00ed l\u016f\u017ekov\u00e9 intenzivn\u00ed p\u00e9\u010de <strong>pou\u017e\u00edt ochrann\u00fd od\u011bv<\/strong>. Ten zakoup\u00edte v automatu u vchodu na urgentn\u00ed p\u0159\u00edjem, nebo u vstupu na kardiologickou a traumatologicko-ortopednickou JIP, nebo v na\u0161\u00ed l\u00e9k\u00e1rn\u011b. Ochrann\u00fd od\u011bv v automatu stoj\u00ed 40 korun a m\u016f\u017eete do n\u011bj vhazovat pouze desetikoruny. M\u011bni\u010dka na pen\u00edze se nach\u00e1z\u00ed o patro n\u00ed\u017ee, u hlavn\u00ed pokladny. D\u011bkujeme za pochopen\u00ed.<\/p>\n<table style=\"border-collapse: collapse;width: 99.2089%;height: 190px\" border=\"1\">\n<tbody>\n<tr style=\"height: 10px\">\n<td style=\"width: 16.9857%;height: 10px\"><strong>Vedouc\u00ed l\u00e9ka\u0159:<\/strong><\/td>\n<td class=\"xl26\" style=\"width: 83.0143%;height: 10px\" width=\"256\">MUDr. Zden\u011bk Klimsa<\/td>\n<\/tr>\n<tr style=\"height: 18px\">\n<td style=\"width: 100%;height: 10px\" colspan=\"2\">\n<div>\n<hr \/>\n<\/div>\n<\/td>\n<\/tr>\n<tr style=\"height: 24px\">\n<td style=\"width: 16.9857%;height: 24px\"><strong>Telefon JIP:<\/strong><\/td>\n<td class=\"xl28\" style=\"width: 83.0143%;height: 24px\" width=\"256\" height=\"17\">+420 567 157 740<\/td>\n<\/tr>\n<tr style=\"height: 18px\">\n<td style=\"width: 100%;height: 18px\" colspan=\"2\">\n<div>\n<hr \/>\n<\/div>\n<\/td>\n<\/tr>\n<tr style=\"height: 24px\">\n<td style=\"width: 16.9857%;height: 24px\"><strong>Stani\u010dn\u00ed sestra:<\/strong><\/td>\n<td style=\"width: 83.0143%;height: 24px\">Rybn\u00ed\u010dkov\u00e1 Miroslava,Bc.<\/td>\n<\/tr>\n<tr style=\"height: 18px\">\n<td style=\"height: 18px\" colspan=\"2\">\n<div>\n<hr \/>\n<\/div>\n<\/td>\n<\/tr>\n<tr style=\"height: 10px\">\n<td style=\"width: 16.9857%;height: 10px\"><strong>Doporu\u010den\u00e9 n\u00e1v\u0161t\u011bvn\u00ed hodiny:<\/strong><\/td>\n<td style=\"width: 83.0143%;height: 10px\"><strong>Po domluv\u011b s l\u00e9ka\u0159em<\/strong><\/td>\n<\/tr>\n<tr style=\"height: 18px\">\n<td style=\"width: 100%;height: 18px\" colspan=\"2\">\n<div>\n<hr \/>\n<\/div>\n<\/td>\n<\/tr>\n<tr style=\"height: 24px\">\n<td style=\"width: 16.9857%;height: 24px\"><strong>Kde n\u00e1s najdete:<\/strong><\/td>\n<td style=\"width: 83.0143%;height: 24px\">Budova C1, 1. poschod\u00ed<\/td>\n<\/tr>\n<\/tbody>\n<\/table>\n<\/div><\/li><\/ul><\/div><\/div><\/article><\/section>\n<\/div>\n<\/div><\/div>\n<\/div>\n<\/div>\n<\/div>\n<\/div>\n<\/div>\n\n","protected":false},"excerpt":{"rendered":"","protected":false},"author":1,"featured_media":17118,"parent":16886,"menu_order":0,"comment_status":"closed","ping_status":"closed","template":"","meta":{"pgc_sgb_lightbox_settings":"","footnotes":"","_links_to":"","_links_to_target":""},"categories":[85],"class_list":["post-18251","page","type-page","status-publish","has-post-thumbnail","hentry","category-page-oddeleni"],"publishpress_future_action":{"enabled":false,"date":"2026-04-13 01:13:34","action":"change-status","newStatus":"draft","terms":[],"taxonomy":"category","extraData":[]},"publishpress_future_workflow_manual_trigger":{"enabledWorkflows":[]},"_links":{"self":[{"href":"https:\/\/www.nemji.cz\/en\/wp-json\/wp\/v2\/pages\/18251","targetHints":{"allow":["GET"]}}],"collection":[{"href":"https:\/\/www.nemji.cz\/en\/wp-json\/wp\/v2\/pages"}],"about":[{"href":"https:\/\/www.nemji.cz\/en\/wp-json\/wp\/v2\/types\/page"}],"author":[{"embeddable":true,"href":"https:\/\/www.nemji.cz\/en\/wp-json\/wp\/v2\/users\/1"}],"replies":[{"embeddable":true,"href":"https:\/\/www.nemji.cz\/en\/wp-json\/wp\/v2\/comments?post=18251"}],"version-history":[{"count":0,"href":"https:\/\/www.nemji.cz\/en\/wp-json\/wp\/v2\/pages\/18251\/revisions"}],"up":[{"embeddable":true,"href":"https:\/\/www.nemji.cz\/en\/wp-json\/wp\/v2\/pages\/16886"}],"wp:featuredmedia":[{"embeddable":true,"href":"https:\/\/www.nemji.cz\/en\/wp-json\/wp\/v2\/media\/17118"}],"wp:attachment":[{"href":"https:\/\/www.nemji.cz\/en\/wp-json\/wp\/v2\/media?parent=18251"}],"wp:term":[{"taxonomy":"category","embeddable":true,"href":"https:\/\/www.nemji.cz\/en\/wp-json\/wp\/v2\/categories?post=18251"}],"curies":[{"name":"wp","href":"https:\/\/api.w.org\/{rel}","templated":true}]}}