{"id":18647,"date":"2023-09-12T14:38:27","date_gmt":"2023-09-12T12:38:27","guid":{"rendered":"https:\/\/nemji.rs-kovarik.cz\/?page_id=18647"},"modified":"2023-12-19T09:58:27","modified_gmt":"2023-12-19T08:58:27","slug":"spektrum-pece","status":"publish","type":"page","link":"https:\/\/www.nemji.cz\/en\/oddeleni\/chirurgicke-oddeleni\/spektrum-pece\/","title":{"rendered":"Spectrum of provided care"},"content":{"rendered":"<div id=\"cmsmasters_row_6iluctg3hk\" class=\"cmsmasters_row cmsmasters_color_scheme_default cmsmasters_row_top_default cmsmasters_row_bot_default cmsmasters_row_boxed\">\n<div class=\"cmsmasters_row_outer_parent\">\n<div class=\"cmsmasters_row_overlay\"><\/div>\n<div class=\"cmsmasters_row_outer\">\n<div class=\"cmsmasters_row_inner\">\n<div class=\"cmsmasters_row_margin\">\n<div id=\"cmsmasters_column_sybg7he2sg\" class=\"cmsmasters_column one_first\">\n<div class=\"cmsmasters_column_inner\"><div id=\"cmsmasters_heading_b3c74b95a0\" class=\"cmsmasters_heading_wrap cmsmasters_heading_align_center pageheadingtitle\">\n\t<h1 class=\"cmsmasters_heading\">Chirurgick\u00e9 odd\u011blen\u00ed<\/h1>\n<\/div>\n<\/div><\/div>\n<\/div>\n<\/div>\n<\/div>\n<\/div>\n<\/div>\n<div id=\"cmsmasters_row_ly5ze1hf8e\" class=\"cmsmasters_row cmsmasters_color_scheme_default cmsmasters_row_top_default cmsmasters_row_bot_default cmsmasters_row_boxed\">\n<div class=\"cmsmasters_row_outer_parent\">\n<div class=\"cmsmasters_row_outer\">\n<div class=\"cmsmasters_row_inner\">\n<div class=\"cmsmasters_row_margin\">\n<div id=\"cmsmasters_column_v67ee6nvg7\" class=\"cmsmasters_column one_first\">\n<div class=\"cmsmasters_column_inner\"><div class=\"cmsmasters_text\">\n<p><nav aria-label=\"breadcrumbs\">\n            <div class=\"breadcrumb-container theme1\">\n                <ol>\n                                    <\/ol>\n            <\/div>\n        <\/nav>    <script type=\"application\/ld+json\">\n        {\n            \"@context\": \"http:\/\/schema.org\",\n            \"@type\": \"BreadcrumbList\",\n            \"itemListElement\": [\n                            ]\n        }\n    <\/script>\n   \n    <script>\n            <\/script>\n<\/p>\n<\/div>\n<\/div><\/div>\n<\/div>\n<\/div>\n<\/div>\n<\/div>\n<\/div>\n<div id=\"cmsmasters_row_3f2f8816dd\" class=\"cmsmasters_row cmsmasters_color_scheme_default cmsmasters_row_top_default cmsmasters_row_bot_default cmsmasters_row_boxed\">\n<div class=\"cmsmasters_row_outer_parent\">\n<div class=\"cmsmasters_row_outer\">\n<div class=\"cmsmasters_row_inner\">\n<div class=\"cmsmasters_row_margin\">\n<div id=\"cmsmasters_column_0a1c5940f5\" class=\"cmsmasters_column one_third stickyinfocolumn\">\n<div class=\"cmsmasters_column_inner\"><div id=\"cmsmasters_heading_rva6m2t32d\" class=\"cmsmasters_heading_wrap cmsmasters_heading_align_center\">\n\t<h3 class=\"cmsmasters_heading\">Informace o odd\u011blen\u00ed<\/h3>\n<\/div>\n<div id=\"cmsmasters_divider_dpp34mcdj5\" class=\"cmsmasters_divider cmsmasters_divider_width_short cmsmasters_divider_pos_center\"><\/div>\n<div class=\"cmsmasters_sidebar sidebar_layout_11 sidebar-custom-menu\"><aside id=\"nav_menu-13\" class=\"widget widget_nav_menu\"><div class=\"menu-oddeleni-chirurgie-container\"><ul id=\"menu-oddeleni-chirurgie\" class=\"menu\"><li id=\"menu-item-18610\" class=\"menu-item menu-item-type-custom menu-item-object-custom menu-item-18610\"><a href=\"\/oddeleni\/chirurgicke-oddeleni\/#popis-oddeleni\" data-ps2id-api=\"true\"><i class=\"fa-solid fa-info\"><\/i> Popis odd\u011blen\u00ed<\/a><\/li>\n<li id=\"menu-item-18611\" class=\"menu-item menu-item-type-custom menu-item-object-custom menu-item-18611\"><a href=\"\/oddeleni\/chirurgicke-oddeleni\/#personalni-obsazeni\" data-ps2id-api=\"true\"><i class=\"fa-solid fa-user-doctor\"><\/i> Person\u00e1ln\u00ed obsazen\u00ed<\/a><\/li>\n<li id=\"menu-item-18612\" class=\"menu-item menu-item-type-custom menu-item-object-custom menu-item-18612\"><a href=\"\/oddeleni\/chirurgicke-oddeleni\/#oteviraci-hodiny\" data-ps2id-api=\"true\"><i class=\"fa-regular fa-clock\"><\/i> Ordina\u010dn\u00ed hodiny<\/a><\/li>\n<li id=\"menu-item-18613\" class=\"menu-item menu-item-type-custom menu-item-object-custom menu-item-18613\"><a href=\"\/oddeleni\/chirurgicke-oddeleni\/#kontaktni-informace\" data-ps2id-api=\"true\"><i class=\"fa-solid fa-phone\"><\/i> Kontaktn\u00ed informace<\/a><\/li>\n<li id=\"menu-item-18614\" class=\"menu-item menu-item-type-custom menu-item-object-custom menu-item-18614\"><a href=\"\/oddeleni\/chirurgicke-oddeleni\/#kde-nas-najdete\" data-ps2id-api=\"true\"><i class=\"fa-solid fa-location-dot\"><\/i> Kde n\u00e1s najdete<\/a><\/li>\n<li id=\"menu-item-18615\" class=\"menu-item menu-item-type-custom menu-item-object-custom menu-item-18615\"><a href=\"\/oddeleni\/chirurgicke-oddeleni\/#fotogalerie\" data-ps2id-api=\"true\"><i class=\"fa-solid fa-camera\"><\/i> Fotogalerie<\/a><\/li>\n<li id=\"menu-item-18616\" class=\"menu-custom-separator menu-item menu-item-type-custom menu-item-object-custom menu-item-18616\"><hr class=\"mhm-menu-separator\"><\/li>\n<li id=\"menu-item-18617\" class=\"static-link menu-item menu-item-type-custom menu-item-object-custom menu-item-18617\"><a href=\"\/oddeleni\/chirurgicke-oddeleni\/chirurgicke-ambulance\/\" data-ps2id-api=\"true\"><i class=\"fa-solid fa-house-medical\"><\/i> Ambulance<\/a><\/li>\n<li id=\"menu-item-19106\" class=\"static-link menu-item menu-item-type-custom menu-item-object-custom menu-item-19106\"><a href=\"\/oddeleni\/chirurgicke-oddeleni\/luzkova-cast\/\" data-ps2id-api=\"true\"><i class=\"fa-solid fa-bed-pulse\"><\/i> L\u016f\u017ekov\u00e1 \u010d\u00e1st<\/a><\/li>\n<li id=\"menu-item-18619\" class=\"static-link menu-item menu-item-type-custom menu-item-object-custom menu-item-18619\"><a href=\"\/oddeleni\/chirurgicke-oddeleni\/spektrum-pece\/\" data-ps2id-api=\"true\"><i class=\"fa-solid fa-stethoscope\"><\/i> Spektrum p\u00e9\u010de<\/a><\/li>\n<li id=\"menu-item-18664\" class=\"static-link menu-item menu-item-type-custom menu-item-object-custom menu-item-18664\"><a href=\"\/oddeleni\/chirurgicke-oddeleni\/informace-pro-pacienty\/\" data-ps2id-api=\"true\"><i class=\"fa-regular fa-circle-question\"><\/i> Informace pro pacienty<\/a><\/li>\n<li id=\"menu-item-18620\" class=\"static-link menu-item menu-item-type-custom menu-item-object-custom menu-item-18620\"><a href=\"\/oddeleni\/chirurgicke-oddeleni\/nadstandardni-sluzby\/\" data-ps2id-api=\"true\"><i class=\"fa-solid fa-square-plus\"><\/i> Nadstandardn\u00ed slu\u017eby<\/a><\/li>\n<li id=\"menu-item-26155\" class=\"static-link menu-item menu-item-type-custom menu-item-object-custom menu-item-26155\"><a href=\"\/oddeleni\/chirurgicke-oddeleni\/plasticka-chirurgie\/\" data-ps2id-api=\"true\"><i class=\"fa-solid fa-syringe\"><\/i> Plastick\u00e1 chirurgie<\/a><\/li>\n<\/ul><\/div><\/aside><div class=\"cl\"><\/div>\n<\/div>\n<\/div><\/div>\n<div id=\"cmsmasters_column_k7vlyuz4yq\" class=\"cmsmasters_column two_third\">\n<div class=\"cmsmasters_column_inner\"><div id=\"cmsmasters_heading_0cx4mcjjyd\" class=\"cmsmasters_heading_wrap cmsmasters_heading_align_left\">\n\t<h2 class=\"cmsmasters_heading\">Spektrum p\u00e9\u010de<\/h2>\n<\/div>\n<div id=\"cmsmasters_divider_kul4awri6m\" class=\"cmsmasters_divider cmsmasters_divider_width_short cmsmasters_divider_pos_left\"><\/div>\n<div class=\"cmsmasters_text\">\n<h5><strong>Person\u00e1ln\u00ed obsazen\u00ed<\/strong><\/h5>\n<p>20 l\u00e9ka\u0159\u016f, z toho 14 l\u00e9ka\u0159\u016f se specializovanou zp\u016fsobilost\u00ed (dv\u011b atestace), 3 l\u00e9ka\u0159i s atestac\u00ed v c\u00e9vn\u00ed chirurgii, 4 l\u00e9ka\u0159i s atestac\u00ed v chirurgick\u00e9 onkologii, 1 l\u00e9ka\u0159 s atestac\u00ed v d\u011btsk\u00e9 chirurgii a 1 v p\u0159\u00edprav\u011b.<\/p>\n<p>49 nel\u00e9ka\u0159sk\u00fdch zdravotnick\u00fdch pracovn\u00edk\u016f, z toho 12 s vysoko\u0161kolsk\u00fdm vzd\u011bl\u00e1n\u00edm (4 s magistersk\u00fdm vzd\u011bl\u00e1n\u00edm, 8 s bakal\u00e1\u0159sk\u00fdm vzd\u011bl\u00e1n\u00edm), d\u00e1le 15 se specializac\u00ed ARIP, 4 o\u0161et\u0159ovatelstv\u00ed v chirurgick\u00fdch oborech, 3 stomick\u00e9 sestry a 2 management v o\u0161et\u0159ovatelsk\u00e9 p\u00e9\u010di.<\/p>\n<p>&nbsp;<\/p>\n<h5><strong>L\u016f\u017ekov\u00e1 \u010d\u00e1st<\/strong><\/h5>\n<p>Odd\u011blen\u00ed A (aseptick\u00e9 odd\u011blen\u00ed) poskytuje diagnostick\u00e9 a l\u00e9\u010debn\u00e9 slu\u017eby pro dosp\u011bl\u00e9 v\u010detn\u011b diagnostiky chirurgick\u00fdch onemocn\u011bn\u00ed, p\u0159\u00edpravy k operaci a poopera\u010dn\u00ed p\u00e9\u010de.<\/p>\n<p>Odd\u011blen\u00ed B (septick\u00e9 odd\u011blen\u00ed) poskytuje diagnostick\u00e9 a l\u00e9\u010debn\u00e9 slu\u017eby pro pacienty s infek\u010dn\u00edmi chirurgick\u00fdmi onemocn\u011bn\u00edmi a infek\u010dn\u00edmi komplikacemi chirurgick\u00fdch onemocn\u011bn\u00ed.<\/p>\n<p>Multioborov\u00e1 jednotka intenzivn\u00ed p\u00e9\u010de (JIP) zaji\u0161\u0165uje p\u00e9\u010di o dosp\u011bl\u00e9 pacienty v akutn\u00edch stavech, po opera\u010dn\u00edch v\u00fdkonech vy\u017eaduj\u00edc\u00edch intenzivn\u00ed p\u00e9\u010di.<\/p>\n<p>Ambulantn\u00ed \u010d\u00e1st zahrnuje chirurgickou ambulanci a odborn\u00e9 ambulance.<\/p>\n<p>Chirurgick\u00e1 ambulance zaji\u0161\u0165uje komplexn\u00ed p\u00e9\u010di pacient\u016fm s akutn\u00edm i neakutn\u00edm chirurgick\u00fdm onemocn\u011bn\u00edm v pracovn\u00edch dnech. V ambulanci jsou o\u0161et\u0159ov\u00e1ny tato onemocn\u011bn\u00ed:<\/p>\n<p>akutn\u00ed onemocn\u011bn\u00ed org\u00e1n\u016f b\u0159i\u0161n\u00ed dutiny, projevuj\u00edc\u00ed se nej\u010dast\u011bji bolest\u00ed b\u0159icha, zvracen\u00edm, nebo krv\u00e1cen\u00edm z kone\u010dn\u00edku nebo zvracen\u00edm krve, n\u00e1dorov\u00e9 onemocn\u011bn\u00ed tr\u00e1v\u00edc\u00ed trubice, k\u00fdly, k\u0159e\u010dov\u00e9 \u017e\u00edly, nezhoubn\u00e9 n\u00e1dory podko\u017e\u00ed (zejm\u00e9na lipomy), z\u00e1n\u011btliv\u00e1 onemocn\u011bn\u00ed k\u016f\u017ee a podko\u017e\u00ed, r\u016fzn\u00e9 defekty a v\u0159edy, kontroly po opera\u010dn\u00edch v\u00fdkonech, c\u00e9vn\u00ed onemocn\u011bn\u00ed, zhor\u0161en\u00e9 prokrven\u00ed kon\u010detin, akutn\u00ed onemocn\u011bn\u00ed kone\u010dn\u00edku \u2013 krv\u00e1cen\u00ed, bolesti kone\u010dn\u00edku, z\u00e1n\u011bty v okol\u00ed kone\u010dn\u00edku, onemocn\u011bn\u00ed prsu \u2013 z\u00e1n\u011bty, bolesti prsou, nov\u011b zji\u0161t\u011bn\u00e9 bulky v prsu.<\/p>\n<p>&nbsp;<\/p>\n<h5><strong>Odborn\u00e9 ambulance poskytuj\u00ed specializovanou p\u00e9\u010di v ur\u010dit\u00e9m oboru:<\/strong><\/h5>\n<p><strong>\u00dastavn\u00ed pohotovostn\u00ed slu\u017eba<\/strong>\u00a0\u2013\u00a0poskytuje komplexn\u00ed p\u00e9\u010di pacient\u016fm s akutn\u00edm chirurgick\u00fdm onemocn\u011bn\u00edm mimo ordina\u010dn\u00ed hodiny chirurgick\u00e9 a traumatologick\u00e9 ambulance, tj. v\u00a0pracovn\u00ed dny od 15:30 \u2013 7:00, p\u0159es v\u00edkendy a sv\u00e1tky nep\u0159etr\u017eit\u011b. Ve\u00a0spojen\u00ed s\u00a0chirurgickou a traumatologickou ambulanc\u00ed je tak zaji\u0161t\u011bna nep\u0159etr\u017eit\u00e1 p\u00e9\u010de o chirurgicky nemocn\u00e9 pacienty.<\/p>\n<p><strong>Indika\u010dn\u00ed ambulance prim\u00e1\u0159e odd\u011blen\u00ed<\/strong> \u2013 n<span class=\"ui-provider fx bcz bda bdb bdc bdd bde bdf bdg bdh bdi bdj bdk bdl bdm bdn bdo bdp bdq bdr bds bdt bdu bdv bdw bdx bdy bdz bea beb bec bed bee bef beg\" dir=\"ltr\">a doporu\u010den\u00ed l\u00e9ka\u0159e chirurgick\u00e9 ambulance, chirurgick\u00e9ho odd\u011blen\u00ed nebo po domluv\u011b s prim\u00e1\u0159em poskytuje p\u00e9\u010di pacient\u016fm se v\u0161emi chirurgick\u00fdmi onemocn\u011bn\u00edmi.<\/span><\/p>\n<p><strong>D\u011btsk\u00e1 chirurgick\u00e1 ambulance<\/strong> \u2013 ji\u017e tradi\u010dn\u011b poskytuje komplexn\u00ed p\u00e9\u010di d\u011btsk\u00fdm pacient\u016fm s chirurgick\u00fdmi nemocemi z \u0161ir\u0161\u00ed Vyso\u010diny a okol\u00ed \u2013 k vy\u0161et\u0159en\u00ed a sledov\u00e1n\u00ed pacient\u016f p\u0159ed i po operaci \u010di objedn\u00e1v\u00e1n\u00ed k opera\u010dn\u00edm v\u00fdkon\u016fm. P\u0159i t\u011b\u017e\u0161\u00edch onemocn\u011bn\u00edch, vy\u017eaduj\u00edc\u00edch n\u00e1ro\u010dn\u011bj\u0161\u00ed opera\u010dn\u00ed v\u00fdkony, nap\u0159. jako jsou vrozen\u00e9 vady, spolupracuje s vy\u0161\u0161\u00edmi pracovi\u0161ti \u2013 zejm\u00e9na s Nemocnic\u00ed v Pra\u017esk\u00e9m Motole.<\/p>\n<p><strong>Prsn\u00ed (mam\u00e1rn\u00ed) poradna<\/strong>\u00a0&#8211;\u00a0\u00a0poskytuje komplexn\u00ed p\u00e9\u010di pacient\u016fm s onemocn\u011bn\u00edm prsu vy\u017eaduj\u00edc\u00edm chirurgick\u00e9 \u0159e\u0161en\u00ed a ke kontrol\u00e1m po operac\u00edch prsu. Mimo ordina\u010dn\u00ed hodiny prsn\u00ed poradny jsou pacienti vy\u0161et\u0159en\u00ed v chirurgick\u00e9 ambulanci.<\/p>\n<p><strong>Proktologick\u00e1 ambulance<\/strong>\u00a0&#8211;\u00a0\u00a0poskytuje komplexn\u00ed p\u00e9\u010di pacient\u016fm s onemocn\u011bn\u00edm kone\u010dn\u00edku \u2013 z\u00e1n\u011bty, hemoroidy, \u0159itn\u00ed trhliny, n\u00e1dory kone\u010dn\u00edku a \u0159itn\u00edho kan\u00e1lu. P\u00e9\u010de zahrnuje diagnostiku, l\u00e9\u010dbu a indikaci k chirurgick\u00e9 operaci.<\/p>\n<p><strong>C\u00e9vn\u00ed ambulance<\/strong> &#8211;\u00a0\u00a0poskytuje komplexn\u00ed p\u00e9\u010di pacient\u016fm s onemocn\u011bn\u00edmi c\u00e9vn\u00edho syst\u00e9mu. Jde o posti\u017een\u00ed hlavn\u011b tepenn\u00e9ho syst\u00e9mu \u2013 kr\u010dn\u00edch tepen, tepenn\u00e9ho syst\u00e9mu horn\u00edch a doln\u00edch kon\u010detin, posti\u017een\u00ed b\u0159i\u0161n\u00ed aorty.<\/p>\n<p><strong>Ambulance chronick\u00fdch ran<\/strong> &#8211;\u00a0\u00a0poskytuje komplexn\u00ed p\u00e9\u010di pacient\u016fm nehoj\u00edc\u00edmi se ranami, chronick\u00fdch a nehoj\u00edc\u00edch se defekt\u016f. Nej\u010dast\u011bji jsou o\u0161et\u0159eni pacienti s defekty doln\u00edch kon\u010detin tzv. diabetick\u00e9 nohy (zm\u011bny nohou u diabetik\u016f), s b\u00e9rcov\u00fdmi defekty z d\u016fvodu tepenn\u00e9 i \u017eiln\u00ed nedostate\u010dnosti \u010di s dekubity (prole\u017eeninami).<\/p>\n<\/div>\n<\/div><\/div>\n<\/div>\n<\/div>\n<\/div>\n<\/div>\n<\/div>\n\n","protected":false},"excerpt":{"rendered":"","protected":false},"author":1,"featured_media":17139,"parent":18606,"menu_order":0,"comment_status":"closed","ping_status":"closed","template":"","meta":{"pgc_sgb_lightbox_settings":"","footnotes":"","_links_to":"","_links_to_target":""},"categories":[85],"class_list":["post-18647","page","type-page","status-publish","has-post-thumbnail","hentry","category-page-oddeleni"],"publishpress_future_action":{"enabled":false,"date":"2026-04-13 10:41:56","action":"change-status","newStatus":"draft","terms":[],"taxonomy":"category","extraData":[]},"publishpress_future_workflow_manual_trigger":{"enabledWorkflows":[]},"_links":{"self":[{"href":"https:\/\/www.nemji.cz\/en\/wp-json\/wp\/v2\/pages\/18647","targetHints":{"allow":["GET"]}}],"collection":[{"href":"https:\/\/www.nemji.cz\/en\/wp-json\/wp\/v2\/pages"}],"about":[{"href":"https:\/\/www.nemji.cz\/en\/wp-json\/wp\/v2\/types\/page"}],"author":[{"embeddable":true,"href":"https:\/\/www.nemji.cz\/en\/wp-json\/wp\/v2\/users\/1"}],"replies":[{"embeddable":true,"href":"https:\/\/www.nemji.cz\/en\/wp-json\/wp\/v2\/comments?post=18647"}],"version-history":[{"count":0,"href":"https:\/\/www.nemji.cz\/en\/wp-json\/wp\/v2\/pages\/18647\/revisions"}],"up":[{"embeddable":true,"href":"https:\/\/www.nemji.cz\/en\/wp-json\/wp\/v2\/pages\/18606"}],"wp:featuredmedia":[{"embeddable":true,"href":"https:\/\/www.nemji.cz\/en\/wp-json\/wp\/v2\/media\/17139"}],"wp:attachment":[{"href":"https:\/\/www.nemji.cz\/en\/wp-json\/wp\/v2\/media?parent=18647"}],"wp:term":[{"taxonomy":"category","embeddable":true,"href":"https:\/\/www.nemji.cz\/en\/wp-json\/wp\/v2\/categories?post=18647"}],"curies":[{"name":"wp","href":"https:\/\/api.w.org\/{rel}","templated":true}]}}