{"id":20518,"date":"2023-10-02T09:56:06","date_gmt":"2023-10-02T07:56:06","guid":{"rendered":"https:\/\/nemji.rs-kovarik.cz\/?page_id=20518"},"modified":"2025-07-30T18:15:40","modified_gmt":"2025-07-30T16:15:40","slug":"rozcestnik-aplikaci","status":"publish","type":"page","link":"https:\/\/www.nemji.cz\/en\/rozcestnik-aplikaci\/","title":{"rendered":"App Directory"},"content":{"rendered":"<div id=\"cmsmasters_row_ksciwp6ujf\" class=\"cmsmasters_row cmsmasters_color_scheme_default heroblocks cmsmasters_row_top_default cmsmasters_row_bot_default cmsmasters_row_boxed\">\n<div id=\"heroboxes\" class=\"cmsmasters_row_outer_parent\">\n<div class=\"cmsmasters_row_overlay\"><\/div>\n<div class=\"cmsmasters_row_outer\">\n<div class=\"cmsmasters_row_inner\">\n<div class=\"cmsmasters_row_margin\">\n<div id=\"cmsmasters_column_bxgnwqgwt\" class=\"cmsmasters_column one_first\">\n<div class=\"cmsmasters_column_inner\"><div id=\"cmsmasters_heading_mkdgjovddq\" class=\"cmsmasters_heading_wrap cmsmasters_heading_align_center pageheadingtitle\" data-animation=\"fadeIn\" data-delay=\"100\">\n\t<h1 class=\"cmsmasters_heading\">Rozcestn\u00edk aplikac\u00ed<\/h1>\n<\/div><div id=\"cmsmasters_heading_gb7vg9rtje\" class=\"cmsmasters_heading_wrap cmsmasters_heading_align_center\" data-animation=\"fadeIn\" data-delay=\"150\">\n\t<h3 class=\"cmsmasters_heading\">Nemocnice Jihlava, p\u0159\u00edsp\u011bvkov\u00e1 organizace<\/h3>\n<\/div>\n<\/div><\/div>\n<\/div>\n<\/div>\n<\/div>\n<\/div>\n<\/div>\n<div id=\"cmsmasters_row_bj7zxjapxj\" class=\"cmsmasters_row cmsmasters_color_scheme_default cmsmasters_row_top_default cmsmasters_row_bot_default cmsmasters_row_boxed\">\n<div class=\"cmsmasters_row_outer_parent\">\n<div class=\"cmsmasters_row_outer\">\n<div class=\"cmsmasters_row_inner\">\n<div class=\"cmsmasters_row_margin\">\n<div id=\"cmsmasters_column_22eksm2374\" class=\"cmsmasters_column one_first\">\n<div class=\"cmsmasters_column_inner\"><div class=\"cmsmasters_text\">\n<p><nav aria-label=\"breadcrumbs\">\n            <div class=\"breadcrumb-container theme1\">\n                <ol>\n                                    <\/ol>\n            <\/div>\n        <\/nav>    <script type=\"application\/ld+json\">\n        {\n            \"@context\": \"http:\/\/schema.org\",\n            \"@type\": \"BreadcrumbList\",\n            \"itemListElement\": [\n                            ]\n        }\n    <\/script>\n   \n    <script>\n            <\/script>\n<\/p>\n<\/div>\n<\/div><\/div>\n<\/div>\n<\/div>\n<\/div>\n<\/div>\n<\/div>\n<div id=\"cmsmasters_row_5gr16na4ms\" class=\"cmsmasters_row cmsmasters_color_scheme_default cmsmasters_row_top_default cmsmasters_row_bot_default cmsmasters_row_boxed\">\n<div class=\"cmsmasters_row_outer_parent\">\n<div class=\"cmsmasters_row_outer\">\n<div class=\"cmsmasters_row_inner\">\n<div class=\"cmsmasters_row_margin\">\n<div id=\"cmsmasters_column_xonfjk045g\" class=\"cmsmasters_column one_first portal-icons\">\n<div class=\"cmsmasters_column_inner\"><div class=\"cmsmasters_img  cmsmasters_image_n\"><a href=\"https:\/\/helpdesk.nemji.cz\/Alvao\/Portal\" target=\"_blank\"><img decoding=\"async\" src=\"\/wp-content\/uploads\/2023\/10\/Portal_01.png\" alt=\"HelpDesk\" \/><\/a><\/div><div class=\"cmsmasters_img  cmsmasters_image_n\"><a href=\"https:\/\/cevisnemji-nemji.msappproxy.net\/cevisweb\/\" target=\"_blank\"><img decoding=\"async\" src=\"\/wp-content\/uploads\/2023\/10\/Portal-02.png\" alt=\"Pl\u00e1ny CEVIS\" \/><\/a><\/div><div class=\"cmsmasters_img  cmsmasters_image_n\"><a href=\"https:\/\/strava-nemji.msappproxy.net\/\" target=\"_blank\"><img decoding=\"async\" src=\"\/wp-content\/uploads\/2023\/10\/Portal-03.png\" alt=\"Strava\" \/><\/a><\/div><div class=\"cmsmasters_img  cmsmasters_image_n\"><a href=\"https:\/\/stravaexterni-nemji.msappproxy.net\/FA_strava_jihlava_2\/\" target=\"_blank\"><img decoding=\"async\" src=\"\/wp-content\/uploads\/2023\/10\/Portal-04.png\" alt=\"Strava ciz\u00ed\" \/><\/a><\/div><div class=\"cmsmasters_img  cmsmasters_image_n\"><a href=\"https:\/\/skoleni.kr-vysocina.cz\/login\/index.php\" target=\"_blank\"><img decoding=\"async\" src=\"\/wp-content\/uploads\/2023\/10\/Portal-05.png\" alt=\"\u0160kolen\u00ed\" \/><\/a><\/div><div class=\"cmsmasters_img  cmsmasters_image_n\"><a href=\"https:\/\/nemocnicejihlava.reenio.cz\/cs\/#\/terms\" target=\"_blank\"><img decoding=\"async\" src=\"\/wp-content\/uploads\/2023\/10\/Portal-06.png\" alt=\"Rezerva\u010dn\u00ed syst\u00e9m\" \/><\/a><\/div><div class=\"cmsmasters_img  cmsmasters_image_n\"><a href=\"https:\/\/mzdy-nemji.msappproxy.net\/\" target=\"_blank\"><img decoding=\"async\" src=\"\/wp-content\/uploads\/2023\/10\/Portal-07.png\" alt=\"V\u00fdplatn\u00ed p\u00e1sky\" \/><\/a><\/div><div class=\"cmsmasters_img  cmsmasters_image_n\"><a href=\"https:\/\/office.com\/\" target=\"_blank\"><img decoding=\"async\" src=\"\/wp-content\/uploads\/2023\/10\/Portal-08.png\" alt=\"Office365\" \/><\/a><\/div><div class=\"cmsmasters_img  cmsmasters_image_n\"><a href=\"https:\/\/outlook.office.com\/owa\/\" target=\"_blank\"><img decoding=\"async\" src=\"\/wp-content\/uploads\/2023\/10\/Portal-09.png\" alt=\"Po\u0161ta\" \/><\/a><\/div><div class=\"cmsmasters_img  cmsmasters_image_n\"><a href=\"https:\/\/nemji.sharepoint.com\/sites\/Intranet-NemJi\" target=\"_blank\"><img decoding=\"async\" src=\"\/wp-content\/uploads\/2023\/10\/Portal-10.png\" alt=\"Intranet\" \/><\/a><\/div><div class=\"cmsmasters_img  cmsmasters_image_n\"><a href=\"\/portal-zamestance\/zmena-hesla\/\"><img decoding=\"async\" src=\"\/wp-content\/uploads\/2023\/10\/Portal-11.png\" alt=\"Zm\u011bna hesla\" \/><\/a><\/div><div class=\"cmsmasters_img  cmsmasters_image_n\"><a href=\"https:\/\/teams.microsoft.com\/\" target=\"_blank\"><img decoding=\"async\" src=\"\/wp-content\/uploads\/2023\/10\/Portal-12.png\" alt=\"MS teams\" \/><\/a><\/div><div class=\"cmsmasters_img  cmsmasters_image_n\"><a href=\"https:\/\/client.wvd.microsoft.com\/arm\/webclient\/index.html\" target=\"_blank\"><img decoding=\"async\" src=\"\/wp-content\/uploads\/2023\/10\/Portal-13.png\" alt=\"Vzd\u00e1len\u00fd p\u0159\u00edstup\" \/><\/a><\/div>\n<\/div><\/div>\n<\/div>\n<\/div>\n<\/div>\n<\/div>\n<\/div>\n\n","protected":false},"excerpt":{"rendered":"","protected":false},"author":1,"featured_media":19775,"parent":0,"menu_order":0,"comment_status":"closed","ping_status":"closed","template":"","meta":{"pgc_sgb_lightbox_settings":"","footnotes":"","_links_to":"","_links_to_target":""},"categories":[],"class_list":["post-20518","page","type-page","status-publish","has-post-thumbnail","hentry"],"publishpress_future_action":{"enabled":false,"date":"2026-04-13 12:00:14","action":"change-status","newStatus":"draft","terms":[],"taxonomy":"category","extraData":[]},"publishpress_future_workflow_manual_trigger":{"enabledWorkflows":[]},"_links":{"self":[{"href":"https:\/\/www.nemji.cz\/en\/wp-json\/wp\/v2\/pages\/20518","targetHints":{"allow":["GET"]}}],"collection":[{"href":"https:\/\/www.nemji.cz\/en\/wp-json\/wp\/v2\/pages"}],"about":[{"href":"https:\/\/www.nemji.cz\/en\/wp-json\/wp\/v2\/types\/page"}],"author":[{"embeddable":true,"href":"https:\/\/www.nemji.cz\/en\/wp-json\/wp\/v2\/users\/1"}],"replies":[{"embeddable":true,"href":"https:\/\/www.nemji.cz\/en\/wp-json\/wp\/v2\/comments?post=20518"}],"version-history":[{"count":0,"href":"https:\/\/www.nemji.cz\/en\/wp-json\/wp\/v2\/pages\/20518\/revisions"}],"wp:featuredmedia":[{"embeddable":true,"href":"https:\/\/www.nemji.cz\/en\/wp-json\/wp\/v2\/media\/19775"}],"wp:attachment":[{"href":"https:\/\/www.nemji.cz\/en\/wp-json\/wp\/v2\/media?parent=20518"}],"wp:term":[{"taxonomy":"category","embeddable":true,"href":"https:\/\/www.nemji.cz\/en\/wp-json\/wp\/v2\/categories?post=20518"}],"curies":[{"name":"wp","href":"https:\/\/api.w.org\/{rel}","templated":true}]}}