{"id":21363,"date":"2023-10-05T09:48:47","date_gmt":"2023-10-05T07:48:47","guid":{"rendered":"https:\/\/nemji.rs-kovarik.cz\/?page_id=21363"},"modified":"2024-06-13T08:37:13","modified_gmt":"2024-06-13T06:37:13","slug":"dokumenty-ke-stazeni","status":"publish","type":"page","link":"https:\/\/www.nemji.cz\/en\/oddeleni\/gynekologicko-porodnicke-oddeleni\/porodnice\/dokumenty-ke-stazeni\/","title":{"rendered":"Downloadable documents"},"content":{"rendered":"<div id=\"cmsmasters_row_6iluctg3hk\" class=\"cmsmasters_row cmsmasters_color_scheme_default cmsmasters_row_top_default cmsmasters_row_bot_default cmsmasters_row_boxed\">\n<div class=\"cmsmasters_row_outer_parent\">\n<div class=\"cmsmasters_row_overlay\"><\/div>\n<div class=\"cmsmasters_row_outer\">\n<div class=\"cmsmasters_row_inner\">\n<div class=\"cmsmasters_row_margin\">\n<div id=\"cmsmasters_column_sybg7he2sg\" class=\"cmsmasters_column one_first\">\n<div class=\"cmsmasters_column_inner\"><div id=\"cmsmasters_heading_b3c74b95a0\" class=\"cmsmasters_heading_wrap cmsmasters_heading_align_center pageheadingtitle\">\n\t<h1 class=\"cmsmasters_heading\">Porodnice<\/h1>\n<\/div>\n<\/div><\/div>\n<\/div>\n<\/div>\n<\/div>\n<\/div>\n<\/div>\n<div id=\"cmsmasters_row_ly5ze1hf8e\" class=\"cmsmasters_row cmsmasters_color_scheme_default cmsmasters_row_top_default cmsmasters_row_bot_default cmsmasters_row_boxed\">\n<div class=\"cmsmasters_row_outer_parent\">\n<div class=\"cmsmasters_row_outer\">\n<div class=\"cmsmasters_row_inner\">\n<div class=\"cmsmasters_row_margin\">\n<div id=\"cmsmasters_column_v67ee6nvg7\" class=\"cmsmasters_column one_first\">\n<div class=\"cmsmasters_column_inner\"><div class=\"cmsmasters_text\">\n<p><nav aria-label=\"breadcrumbs\">\n            <div class=\"breadcrumb-container theme1\">\n                <ol>\n                                    <\/ol>\n            <\/div>\n        <\/nav>    <script type=\"application\/ld+json\">\n        {\n            \"@context\": \"http:\/\/schema.org\",\n            \"@type\": \"BreadcrumbList\",\n            \"itemListElement\": [\n                            ]\n        }\n    <\/script>\n   \n    <script>\n            <\/script>\n<\/p>\n<\/div>\n<\/div><\/div>\n<\/div>\n<\/div>\n<\/div>\n<\/div>\n<\/div>\n<div id=\"cmsmasters_row_3f2f8816dd\" class=\"cmsmasters_row cmsmasters_color_scheme_default cmsmasters_row_top_default cmsmasters_row_bot_default cmsmasters_row_boxed\">\n<div class=\"cmsmasters_row_outer_parent\">\n<div class=\"cmsmasters_row_outer\">\n<div class=\"cmsmasters_row_inner\">\n<div class=\"cmsmasters_row_margin\">\n<div id=\"cmsmasters_column_0a1c5940f5\" class=\"cmsmasters_column one_third stickyinfocolumn\">\n<div class=\"cmsmasters_column_inner\"><div id=\"cmsmasters_heading_rva6m2t32d\" class=\"cmsmasters_heading_wrap cmsmasters_heading_align_center\">\n\t<h3 class=\"cmsmasters_heading\">Informace o porodnici<\/h3>\n<\/div>\n<div id=\"cmsmasters_divider_dpp34mcdj5\" class=\"cmsmasters_divider cmsmasters_divider_width_short cmsmasters_divider_pos_center\"><\/div>\n<div class=\"cmsmasters_sidebar sidebar_layout_11 sidebar-custom-menu\"><aside id=\"nav_menu-23\" class=\"widget widget_nav_menu\"><div class=\"menu-porodnice-container\"><ul id=\"menu-porodnice\" class=\"menu\"><li id=\"menu-item-21154\" class=\"menu-item menu-item-type-custom menu-item-object-custom menu-item-21154\"><a href=\"\/oddeleni\/gynekologicko-porodnicke-oddeleni\/porodnice\/#zakladni-informace\" data-ps2id-api=\"true\"><i class=\"fa-solid fa-info\"><\/i> Z\u00e1kladn\u00ed informace<\/a><\/li>\n<li id=\"menu-item-21166\" class=\"menu-item menu-item-type-custom menu-item-object-custom menu-item-21166\"><a href=\"\/oddeleni\/gynekologicko-porodnicke-oddeleni\/porodnice\/#porodni-tym\" data-ps2id-api=\"true\"><i class=\"fa-solid fa-user-doctor\"><\/i> Porodn\u00ed t\u00fdm<\/a><\/li>\n<li id=\"menu-item-21592\" class=\"menu-item menu-item-type-custom menu-item-object-custom menu-item-21592\"><a href=\"\/oddeleni\/gynekologicko-porodnicke-oddeleni\/porodnice\/#oteviraci-hodiny\" data-ps2id-api=\"true\"><i class=\"fa-regular fa-clock\"><\/i> N\u00e1v\u0161t\u011bvn\u00ed hodiny<\/a><\/li>\n<li id=\"menu-item-21168\" class=\"menu-item menu-item-type-custom menu-item-object-custom menu-item-21168\"><a href=\"\/oddeleni\/gynekologicko-porodnicke-oddeleni\/porodnice\/#kontaktni-informace\" data-ps2id-api=\"true\"><i class=\"fa-solid fa-phone\"><\/i> Konktaktn\u00ed informace<\/a><\/li>\n<li id=\"menu-item-21167\" class=\"menu-item menu-item-type-custom menu-item-object-custom menu-item-21167\"><a href=\"\/oddeleni\/gynekologicko-porodnicke-oddeleni\/porodnice\/#kde-nas-najdete\" data-ps2id-api=\"true\"><i class=\"fa-solid fa-location-dot\"><\/i> Kde n\u00e1s najdete<\/a><\/li>\n<li id=\"menu-item-21156\" class=\"menu-item menu-item-type-custom menu-item-object-custom menu-item-21156\"><a href=\"\/oddeleni\/gynekologicko-porodnicke-oddeleni\/porodnice\/#fotogalerie\" data-ps2id-api=\"true\"><i class=\"fa-solid fa-camera\"><\/i> Fotogalerie<\/a><\/li>\n<li id=\"menu-item-21164\" class=\"menu-custom-separator menu-item menu-item-type-custom menu-item-object-custom menu-item-21164\"><hr class=\"mhm-menu-separator\"><\/li>\n<li id=\"menu-item-21180\" class=\"static-link menu-item menu-item-type-post_type menu-item-object-page menu-item-21180\"><a href=\"https:\/\/www.nemji.cz\/en\/oddeleni\/gynekologicko-porodnicke-oddeleni\/porodnice\/pruvodce-porodem\/\" data-ps2id-api=\"true\"><i class=\"fa-solid fa-signs-post\"><\/i> Pr\u016fvodce porodem<\/a><\/li>\n<li id=\"menu-item-28956\" class=\"menu-item menu-item-type-custom menu-item-object-custom menu-item-28956\"><a href=\"https:\/\/my.matterport.com\/show\/?m=ANCrwmTENoX\" data-ps2id-api=\"true\"><i class=\"fa-solid fa-vr-cardboard\"><\/i>Virtu\u00e1ln\u00ed prohl\u00eddka<\/a><\/li>\n<li id=\"menu-item-21358\" class=\"static-link menu-item menu-item-type-post_type menu-item-object-page menu-item-21358\"><a href=\"https:\/\/www.nemji.cz\/en\/oddeleni\/gynekologicko-porodnicke-oddeleni\/porodnice\/luzka\/\" data-ps2id-api=\"true\"><i class=\"fa-solid fa-bed\"><\/i>Porodn\u00ed pokoje a l\u016f\u017ekov\u00e9 odd\u011blen\u00ed<\/a><\/li>\n<li id=\"menu-item-21365\" class=\"static-link menu-item menu-item-type-post_type menu-item-object-page menu-item-21365\"><a href=\"https:\/\/www.nemji.cz\/en\/oddeleni\/gynekologicko-porodnicke-oddeleni\/porodnice\/dokumenty-ke-stazeni\/\" data-ps2id-api=\"true\"><i class=\"fa-solid fa-file-medical\"><\/i> Dokumenty ke sta\u017een\u00ed<\/a><\/li>\n<\/ul><\/div><\/aside><div class=\"cl\"><\/div>\n<\/div>\n<\/div><\/div>\n<div id=\"cmsmasters_column_k7vlyuz4yq\" class=\"cmsmasters_column two_third\">\n<div class=\"cmsmasters_column_inner\"><div class=\"cmsmasters_text download-links-large\">\n<h5><b>Dokumenty, kter\u00e9 pros\u00edme vytisknout a vyplnit:<\/b><\/h5>\n<p><a href=\"\/wp-content\/uploads\/2023\/10\/otec-u-porodu-2024.pdf\" target=\"_blank\" rel=\"noopener\">Dohoda o vstupu na porodn\u00ed s\u00e1l<\/a><br \/>\n<a href=\"\/wp-content\/uploads\/2023\/10\/Anamneza.docx\" rel=\"noopener\">Anamn\u00e9za k porodu<\/a><br \/>\n<a href=\"\/wp-content\/uploads\/2023\/10\/IS-Spontanni-porod.pdf\" target=\"_blank\" rel=\"noopener\">IS Spont\u00e1nn\u00ed porod<\/a><br \/>\n<a href=\"\/wp-content\/uploads\/2023\/10\/Dohoda-o-jmenu.pdf\" target=\"_blank\" rel=\"noopener\">Dohoda o jm\u00e9nu<\/a><\/p>\n<p>&nbsp;<\/p>\n<\/div>\n<div class=\"cmsmasters_text download-links-large\">\n<h5><b>Dokumenty, kter\u00e9 V\u00e1m slou\u017e\u00ed k pro\u010dten\u00ed:<\/b><\/h5>\n<p><a href=\"\/wp-content\/uploads\/2024\/03\/022-Vnitrni-rad-NJ-VERZE-8.pdf\" target=\"_blank\" rel=\"noopener\">Vnit\u0159n\u00ed \u0159\u00e1d<\/a><br \/>\n<a href=\"\/wp-content\/uploads\/2023\/08\/Prava-a-povinnosti-pacientu_2023.pdf\" target=\"_blank\" rel=\"noopener\">Pr\u00e1va a povinnosti pacient\u016f<\/a><br \/>\n<a href=\"\/wp-content\/uploads\/2023\/10\/bonding.pdf\" target=\"_blank\" rel=\"noopener\">Bonding na porodn\u00edm s\u00e1le<\/a><br \/>\n<a href=\"\/wp-content\/uploads\/2024\/03\/Domaci-rad-oddeleni-text-na-web-novy-hl.-papir.docx\" rel=\"noopener\">Dom\u00e1c\u00ed \u0159\u00e1d odd\u011blen\u00ed<\/a><\/p>\n<\/div>\n<\/div><\/div>\n<\/div>\n<\/div>\n<\/div>\n<\/div>\n<\/div>\n<div id=\"cmsmasters_row_4kb0apw7ag\" class=\"cmsmasters_row cmsmasters_color_scheme_default cmsmasters_row_top_default cmsmasters_row_bot_default cmsmasters_row_boxed\">\n<div class=\"cmsmasters_row_outer_parent\">\n<div class=\"cmsmasters_row_outer\">\n<div class=\"cmsmasters_row_inner\">\n<div class=\"cmsmasters_row_margin\">\n<div id=\"cmsmasters_column_nwwitfqy0a\" class=\"cmsmasters_column one_first\">\n<div class=\"cmsmasters_column_inner\"><\/div><\/div>\n<\/div>\n<\/div>\n<\/div>\n<\/div>\n<\/div>\n\n","protected":false},"excerpt":{"rendered":"","protected":false},"author":1,"featured_media":17125,"parent":21158,"menu_order":0,"comment_status":"closed","ping_status":"closed","template":"","meta":{"pgc_sgb_lightbox_settings":"","footnotes":"","_links_to":"","_links_to_target":""},"categories":[249],"class_list":["post-21363","page","type-page","status-publish","has-post-thumbnail","hentry","category-porodnice"],"publishpress_future_action":{"enabled":false,"date":"2026-05-04 02:11:47","action":"change-status","newStatus":"draft","terms":[],"taxonomy":"category","extraData":[]},"publishpress_future_workflow_manual_trigger":{"enabledWorkflows":[]},"_links":{"self":[{"href":"https:\/\/www.nemji.cz\/en\/wp-json\/wp\/v2\/pages\/21363","targetHints":{"allow":["GET"]}}],"collection":[{"href":"https:\/\/www.nemji.cz\/en\/wp-json\/wp\/v2\/pages"}],"about":[{"href":"https:\/\/www.nemji.cz\/en\/wp-json\/wp\/v2\/types\/page"}],"author":[{"embeddable":true,"href":"https:\/\/www.nemji.cz\/en\/wp-json\/wp\/v2\/users\/1"}],"replies":[{"embeddable":true,"href":"https:\/\/www.nemji.cz\/en\/wp-json\/wp\/v2\/comments?post=21363"}],"version-history":[{"count":0,"href":"https:\/\/www.nemji.cz\/en\/wp-json\/wp\/v2\/pages\/21363\/revisions"}],"up":[{"embeddable":true,"href":"https:\/\/www.nemji.cz\/en\/wp-json\/wp\/v2\/pages\/21158"}],"wp:featuredmedia":[{"embeddable":true,"href":"https:\/\/www.nemji.cz\/en\/wp-json\/wp\/v2\/media\/17125"}],"wp:attachment":[{"href":"https:\/\/www.nemji.cz\/en\/wp-json\/wp\/v2\/media?parent=21363"}],"wp:term":[{"taxonomy":"category","embeddable":true,"href":"https:\/\/www.nemji.cz\/en\/wp-json\/wp\/v2\/categories?post=21363"}],"curies":[{"name":"wp","href":"https:\/\/api.w.org\/{rel}","templated":true}]}}