{"id":22005,"date":"2023-10-10T14:01:26","date_gmt":"2023-10-10T12:01:26","guid":{"rendered":"https:\/\/nemji.rs-kovarik.cz\/?page_id=22005"},"modified":"2023-10-23T14:26:17","modified_gmt":"2023-10-23T12:26:17","slug":"luzkova-cast","status":"publish","type":"page","link":"https:\/\/www.nemji.cz\/en\/oddeleni\/pediatricke-oddeleni\/luzkova-cast\/","title":{"rendered":"Inpatient department"},"content":{"rendered":"<div id=\"cmsmasters_row_6iluctg3hk\" class=\"cmsmasters_row cmsmasters_color_scheme_default cmsmasters_row_top_default cmsmasters_row_bot_default cmsmasters_row_boxed\">\n<div class=\"cmsmasters_row_outer_parent\">\n<div class=\"cmsmasters_row_overlay\"><\/div>\n<div class=\"cmsmasters_row_outer\">\n<div class=\"cmsmasters_row_inner\">\n<div class=\"cmsmasters_row_margin\">\n<div id=\"cmsmasters_column_sybg7he2sg\" class=\"cmsmasters_column one_first\">\n<div class=\"cmsmasters_column_inner\"><div id=\"cmsmasters_heading_b3c74b95a0\" class=\"cmsmasters_heading_wrap cmsmasters_heading_align_center pageheadingtitle\">\n\t<h1 class=\"cmsmasters_heading\">Pediatrick\u00e9 odd\u011blen\u00ed<\/h1>\n<\/div>\n<\/div><\/div>\n<\/div>\n<\/div>\n<\/div>\n<\/div>\n<\/div>\n<div id=\"cmsmasters_row_ly5ze1hf8e\" class=\"cmsmasters_row cmsmasters_color_scheme_default cmsmasters_row_top_default cmsmasters_row_bot_default cmsmasters_row_boxed\">\n<div class=\"cmsmasters_row_outer_parent\">\n<div class=\"cmsmasters_row_outer\">\n<div class=\"cmsmasters_row_inner\">\n<div class=\"cmsmasters_row_margin\">\n<div id=\"cmsmasters_column_v67ee6nvg7\" class=\"cmsmasters_column one_first\">\n<div class=\"cmsmasters_column_inner\"><div class=\"cmsmasters_text\">\n<p><nav aria-label=\"breadcrumbs\">\n            <div class=\"breadcrumb-container theme1\">\n                <ol>\n                                    <\/ol>\n            <\/div>\n        <\/nav>    <script type=\"application\/ld+json\">\n        {\n            \"@context\": \"http:\/\/schema.org\",\n            \"@type\": \"BreadcrumbList\",\n            \"itemListElement\": [\n                            ]\n        }\n    <\/script>\n   \n    <script>\n            <\/script>\n<\/p>\n<\/div>\n<\/div><\/div>\n<\/div>\n<\/div>\n<\/div>\n<\/div>\n<\/div>\n<div id=\"cmsmasters_row_3f2f8816dd\" class=\"cmsmasters_row cmsmasters_color_scheme_default cmsmasters_row_top_default cmsmasters_row_bot_default cmsmasters_row_boxed\">\n<div class=\"cmsmasters_row_outer_parent\">\n<div class=\"cmsmasters_row_outer\">\n<div class=\"cmsmasters_row_inner\">\n<div class=\"cmsmasters_row_margin\">\n<div id=\"cmsmasters_column_0a1c5940f5\" class=\"cmsmasters_column one_third stickyinfocolumn\">\n<div class=\"cmsmasters_column_inner\"><div id=\"cmsmasters_heading_rva6m2t32d\" class=\"cmsmasters_heading_wrap cmsmasters_heading_align_center\">\n\t<h3 class=\"cmsmasters_heading\">Informace o odd\u011blen\u00ed<\/h3>\n<\/div>\n<div id=\"cmsmasters_divider_dpp34mcdj5\" class=\"cmsmasters_divider cmsmasters_divider_width_short cmsmasters_divider_pos_center\"><\/div>\n<div class=\"cmsmasters_sidebar sidebar_layout_11 sidebar-custom-menu\"><aside id=\"nav_menu-6\" class=\"widget widget_nav_menu\"><div class=\"menu-oddeleni-pediatrie-container\"><ul id=\"menu-oddeleni-pediatrie\" class=\"menu\"><li id=\"menu-item-16346\" class=\"menu-item menu-item-type-custom menu-item-object-custom menu-item-16346\"><a href=\"\/oddeleni\/pediatricke-oddeleni\/#popis-oddeleni\" data-ps2id-api=\"true\"><i class=\"fa-solid fa-info\"><\/i> Popis odd\u011blen\u00ed<\/a><\/li>\n<li id=\"menu-item-16347\" class=\"menu-item menu-item-type-custom menu-item-object-custom menu-item-16347\"><a href=\"\/oddeleni\/pediatricke-oddeleni\/#personalni-obsazeni\" data-ps2id-api=\"true\"><i class=\"fa-solid fa-user-doctor\"><\/i> Person\u00e1ln\u00ed obsazen\u00ed<\/a><\/li>\n<li id=\"menu-item-16321\" class=\"menu-item menu-item-type-custom menu-item-object-custom menu-item-16321\"><a href=\"\/oddeleni\/pediatricke-oddeleni\/#oteviraci-hodiny\" data-ps2id-api=\"true\"><i class=\"fa-regular fa-clock\"><\/i> Ordina\u010dn\u00ed hodiny<\/a><\/li>\n<li id=\"menu-item-16323\" class=\"menu-item menu-item-type-custom menu-item-object-custom menu-item-16323\"><a href=\"\/oddeleni\/pediatricke-oddeleni\/#kontaktni-informace\" data-ps2id-api=\"true\"><i class=\"fa-solid fa-phone\"><\/i> Kontaktn\u00ed informace<\/a><\/li>\n<li id=\"menu-item-16322\" class=\"menu-item menu-item-type-custom menu-item-object-custom menu-item-16322\"><a href=\"\/oddeleni\/pediatricke-oddeleni\/#kde-nas-najdete\" data-ps2id-api=\"true\"><i class=\"fa-solid fa-location-dot\"><\/i> Kde n\u00e1s najdete<\/a><\/li>\n<li id=\"menu-item-16395\" class=\"menu-item menu-item-type-custom menu-item-object-custom menu-item-16395\"><a href=\"\/oddeleni\/pediatricke-oddeleni\/#fotogalerie\" data-ps2id-api=\"true\"><i class=\"fa-solid fa-camera\"><\/i> Fotogalerie<\/a><\/li>\n<li id=\"menu-item-16693\" class=\"menu-custom-separator menu-item menu-item-type-custom menu-item-object-custom menu-item-16693\"><hr class=\"mhm-menu-separator\"><\/li>\n<li id=\"menu-item-17589\" class=\"static-link menu-item menu-item-type-custom menu-item-object-custom menu-item-17589\"><a href=\"\/oddeleni\/pediatricke-oddeleni\/pediatricke-ambulance\/\" data-ps2id-api=\"true\"><i class=\"fa-solid fa-house-medical\"><\/i> Ambulance<\/a><\/li>\n<li id=\"menu-item-22007\" class=\"static-link menu-item menu-item-type-custom menu-item-object-custom menu-item-22007\"><a href=\"\/oddeleni\/pediatricke-oddeleni\/luzkova-cast\/\" data-ps2id-api=\"true\"><i class=\"fa-solid fa-bed\"><\/i> L\u016f\u017ekov\u00e1 \u010d\u00e1st<\/a><\/li>\n<li id=\"menu-item-16688\" class=\"static-link menu-item menu-item-type-custom menu-item-object-custom menu-item-16688\"><a href=\"\/oddeleni\/pediatricke-oddeleni\/informace-pro-rodice\/\" data-ps2id-api=\"true\"><i class=\"fa-regular fa-circle-question\"><\/i> Informace pro rodi\u010de<\/a><\/li>\n<li id=\"menu-item-16689\" class=\"static-link menu-item menu-item-type-custom menu-item-object-custom menu-item-16689\"><a href=\"\/oddeleni\/pediatricke-oddeleni\/nadstandardni-sluzby\/\" data-ps2id-api=\"true\"><i class=\"fa-solid fa-square-plus\"><\/i> Nadstandardn\u00ed slu\u017eby<\/a><\/li>\n<li id=\"menu-item-16690\" class=\"static-link menu-item menu-item-type-custom menu-item-object-custom menu-item-16690\"><a href=\"\/oddeleni\/pediatricke-oddeleni\/historie-oddeleni\/\" data-ps2id-api=\"true\"><i class=\"fa-solid fa-book-medical\"><\/i> Historie odd\u011blen\u00ed<\/a><\/li>\n<\/ul><\/div><\/aside><div class=\"cl\"><\/div>\n<\/div>\n<\/div><\/div>\n<div id=\"cmsmasters_column_k7vlyuz4yq\" class=\"cmsmasters_column two_third\">\n<div class=\"cmsmasters_column_inner\"><div id=\"cmsmasters_heading_0cx4mcjjyd\" class=\"cmsmasters_heading_wrap cmsmasters_heading_align_left\">\n\t<h2 class=\"cmsmasters_heading\">L\u016f\u017ekov\u00e1 \u010d\u00e1st<\/h2>\n<\/div>\n<div id=\"cmsmasters_divider_hgdnxm8b9\" class=\"cmsmasters_divider cmsmasters_divider_width_short cmsmasters_divider_pos_left\"><\/div>\n<div id=\"cmsmasters_divider_ysg9zz4shf\" class=\"cl\"><\/div>\n<div class=\"cmsmasters_text\">\n<style type=\"text\/css\"><\/style><section id='' \n                class='helpie-faq accordions groupSettings-320__enabled' \n                data-collection='' \n                data-pagination='0' \n                data-search='0' \n                data-pagination-enabled='0'\n                role='region'\n                aria-label='FAQ Section'\n                aria-live='polite'><form class=\"search\" onSubmit=\"return false;\"><div class=\"search__wrapper\"><input type=\"text\" class=\"search__input\" aria-label=\"Search\" role=\"searchbox\" placeholder=\"Vyhledat\"><span class=\"search__icon\"><svg class=\"svg-icon--search\" role=\"img\" xmlns=\"http:\/\/www.w3.org\/2000\/svg\" viewBox=\"0 0 22 22\">\r\n                        <g fill=\"none\" stroke=\"#171717\">\r\n                            <path stroke-linecap=\"square\" stroke-width=\"2\" d=\"M18.5 18.3l-5.4-5.4\"\/>\r\n                            <circle cx=\"8\" cy=\"8\" r=\"7\" stroke-width=\"2\"\/>\r\n                        <\/g>\r\n                    <\/svg><\/span><\/div><div class=\"search__message\"><\/div><\/form><article class=\"accordion \"><div class='helpie-faq-row'><div class='helpie-faq-col helpie-faq-col-12' ><ul><li class=\"accordion__item \"><div class=\"accordion__header \" \r\n                id=\"accordion-header-post-23629\"\r\n                role=\"button\"\r\n                aria-expanded=\"false\"\r\n                aria-controls=\"accordion-content-post-23629\"\r\n                data-id=\"post-23629\" \r\n                data-item=\"hfaq-post-23629\" \r\n                style=\"background:transparent;\" \r\n                data-tags=\"\"\r\n                tabindex=\"0\"><div class=\"accordion__title\">JIP - Velk\u00e9 d\u011bti<\/div><\/div><div id=\"accordion-content-post-23629\" \r\n                class=\"accordion__body\" \r\n                role=\"region\"\r\n                aria-labelledby=\"accordion-header-post-23629\"\r\n                style=\"background:transparent;\"><table style=\"border-collapse: collapse;width: 99.2089%;height: 186px\" border=\"1\">\n<tbody>\n<tr style=\"height: 24px\">\n<td style=\"width: 16.9857%;height: 24px\"><strong>Vedouc\u00ed l\u00e9ka\u0159:<\/strong><\/td>\n<td style=\"width: 83.0143%;height: 24px\">MUDr. Pavel Vlach\u00fd<\/td>\n<\/tr>\n<tr style=\"height: 10px\">\n<td style=\"width: 16.9857%;height: 10px\" colspan=\"2\">\n<div>\n<hr \/>\n<\/div>\n<\/td>\n<\/tr>\n<tr style=\"height: 24px\">\n<td style=\"width: 16.9857%;height: 24px\"><strong>Telefon l\u00e9ka\u0159i:<\/strong><\/td>\n<td class=\"xl28\" style=\"width: 83.0143%;height: 24px\" width=\"256\" height=\"17\">+420 567 157 649<\/td>\n<\/tr>\n<tr style=\"height: 18px\">\n<td style=\"width: 100%;height: 18px\" colspan=\"2\">\n<div>\n<hr \/>\n<\/div>\n<\/td>\n<\/tr>\n<tr style=\"height: 24px\">\n<td style=\"width: 16.9857%;height: 24px\"><strong>Stani\u010dn\u00ed sestra:<\/strong><\/td>\n<td style=\"width: 83.0143%;height: 24px\">Jana Munduchov\u00e1<\/td>\n<\/tr>\n<tr>\n<td style=\"width: 16.9857%\" colspan=\"2\">\n<div>\n<hr \/>\n<\/div>\n<\/td>\n<\/tr>\n<tr style=\"height: 24px\">\n<td style=\"width: 16.9857%;height: 24px\"><strong>Telefon sestry:<\/strong><\/td>\n<td style=\"width: 83.0143%;height: 24px\">+420 567 157 400<\/td>\n<\/tr>\n<tr style=\"height: 24px\">\n<td style=\"width: 100%;height: 10px\" colspan=\"2\">\n<div>\n<hr \/>\n<\/div>\n<\/td>\n<\/tr>\n<tr style=\"height: 10px\">\n<td style=\"width: 16.9857%;height: 10px\"><strong>Doporu\u010den\u00e9 n\u00e1v\u0161t\u011bvn\u00ed hodiny:<\/strong><\/td>\n<td style=\"width: 83.0143%;height: 10px\">\n<table style=\"border-collapse: collapse;width: 99.9992%\" border=\"1\">\n<tbody>\n<tr>\n<td style=\"width: 11.446%\"><strong>Po &#8211; Ne:<\/strong><\/td>\n<td style=\"width: 88.554%\">Individu\u00e1ln\u011b<\/td>\n<\/tr>\n<\/tbody>\n<\/table>\n<\/td>\n<\/tr>\n<tr style=\"height: 18px\">\n<td style=\"width: 100%;height: 18px\" colspan=\"2\">\n<div>\n<hr \/>\n<\/div>\n<\/td>\n<\/tr>\n<tr style=\"height: 24px\">\n<td style=\"width: 16.9857%;height: 24px\"><strong>Kde n\u00e1s najdete:<\/strong><\/td>\n<td style=\"width: 83.0143%;height: 24px\">Budova G, p\u0159\u00edzem\u00ed<\/td>\n<\/tr>\n<\/tbody>\n<\/table>\n<\/div><\/li><li class=\"accordion__item \"><div class=\"accordion__header \" \r\n                id=\"accordion-header-post-23630\"\r\n                role=\"button\"\r\n                aria-expanded=\"false\"\r\n                aria-controls=\"accordion-content-post-23630\"\r\n                data-id=\"post-23630\" \r\n                data-item=\"hfaq-post-23630\" \r\n                style=\"background:transparent;\" \r\n                data-tags=\"\"\r\n                tabindex=\"0\"><div class=\"accordion__title\">JIP - Nedono\u0161en\u00ed a patologi\u010dt\u00ed novorozenci<\/div><\/div><div id=\"accordion-content-post-23630\" \r\n                class=\"accordion__body\" \r\n                role=\"region\"\r\n                aria-labelledby=\"accordion-header-post-23630\"\r\n                style=\"background:transparent;\"><table style=\"border-collapse: collapse;width: 99.2089%;height: 176px\" border=\"1\">\n<tbody>\n<tr style=\"height: 24px\">\n<td style=\"width: 16.9857%;height: 24px\"><strong>Vedouc\u00ed l\u00e9ka\u0159:<\/strong><\/td>\n<td style=\"width: 83.0143%;height: 24px\">MUDr. Eva \u0160korp\u00edkov\u00e1<\/td>\n<\/tr>\n<tr>\n<td style=\"width: 16.9857%\" colspan=\"2\">\n<div>\n<hr \/>\n<\/div>\n<\/td>\n<\/tr>\n<tr style=\"height: 24px\">\n<td style=\"width: 16.9857%;height: 24px\"><strong>Telefon l\u00e9ka\u0159i:<\/strong><\/td>\n<td class=\"xl28\" style=\"width: 83.0143%;height: 24px\" width=\"256\" height=\"17\">+420 567 157 286<\/td>\n<\/tr>\n<tr style=\"height: 18px\">\n<td style=\"width: 100%;height: 18px\" colspan=\"2\">\n<div>\n<hr \/>\n<\/div>\n<\/td>\n<\/tr>\n<tr style=\"height: 24px\">\n<td style=\"width: 16.9857%;height: 24px\"><strong>Stani\u010dn\u00ed sestra:<\/strong><\/td>\n<td style=\"width: 83.0143%;height: 24px\">Mare\u0161ov\u00e1 Ivana<\/td>\n<\/tr>\n<tr>\n<td style=\"width: 16.9857%\" colspan=\"2\">\n<div>\n<hr \/>\n<\/div>\n<\/td>\n<\/tr>\n<tr style=\"height: 24px\">\n<td style=\"width: 16.9857%;height: 24px\"><strong>Telefon sestry:<\/strong><\/td>\n<td style=\"width: 83.0143%;height: 24px\">+420 567 157 486<\/td>\n<\/tr>\n<tr style=\"height: 24px\">\n<td style=\"width: 100%;height: 10px\" colspan=\"2\">\n<div>\n<hr \/>\n<\/div>\n<\/td>\n<\/tr>\n<tr style=\"height: 10px\">\n<td style=\"width: 16.9857%;height: 10px\"><strong>Doporu\u010den\u00e9 n\u00e1v\u0161t\u011bvn\u00ed hodiny:<\/strong><\/td>\n<td style=\"width: 83.0143%;height: 10px\">\n<table style=\"border-collapse: collapse;width: 99.9992%\" border=\"1\">\n<tbody>\n<tr>\n<td style=\"width: 11.446%\"><strong>Po &#8211; Ne:<\/strong><\/td>\n<td style=\"width: 88.554%\">Individu\u00e1ln\u011b<\/td>\n<\/tr>\n<\/tbody>\n<\/table>\n<\/td>\n<\/tr>\n<tr style=\"height: 18px\">\n<td style=\"width: 100%;height: 18px\" colspan=\"2\">\n<div>\n<hr \/>\n<\/div>\n<\/td>\n<\/tr>\n<tr style=\"height: 24px\">\n<td style=\"width: 16.9857%;height: 24px\"><strong>Kde n\u00e1s najdete:<\/strong><\/td>\n<td style=\"width: 83.0143%;height: 24px\">Budova G, 1. poschod\u00ed<\/td>\n<\/tr>\n<\/tbody>\n<\/table>\n<\/div><\/li><li class=\"accordion__item \"><div class=\"accordion__header \" \r\n                id=\"accordion-header-post-23631\"\r\n                role=\"button\"\r\n                aria-expanded=\"false\"\r\n                aria-controls=\"accordion-content-post-23631\"\r\n                data-id=\"post-23631\" \r\n                data-item=\"hfaq-post-23631\" \r\n                style=\"background:transparent;\" \r\n                data-tags=\"\"\r\n                tabindex=\"0\"><div class=\"accordion__title\">Odd\u011blen\u00ed d\u011bt\u00ed do 6 let<\/div><\/div><div id=\"accordion-content-post-23631\" \r\n                class=\"accordion__body\" \r\n                role=\"region\"\r\n                aria-labelledby=\"accordion-header-post-23631\"\r\n                style=\"background:transparent;\"><table style=\"border-collapse: collapse;width: 99.2089%;height: 176px\" border=\"1\">\n<tbody>\n<tr style=\"height: 24px\">\n<td style=\"width: 16.9857%;height: 24px\"><strong>Vedouc\u00ed l\u00e9ka\u0159:<\/strong><\/td>\n<td style=\"width: 83.0143%;height: 24px\">MUDr. Ludmila Lib\u00e1nsk\u00e1<\/td>\n<\/tr>\n<tr>\n<td style=\"width: 16.9857%\" colspan=\"2\">\n<div>\n<hr \/>\n<\/div>\n<\/td>\n<\/tr>\n<tr style=\"height: 24px\">\n<td style=\"width: 16.9857%;height: 24px\"><strong>Telefon l\u00e9ka\u0159i:<\/strong><\/td>\n<td class=\"xl28\" style=\"width: 83.0143%;height: 24px\" width=\"256\" height=\"17\">+420 567 157 326<\/td>\n<\/tr>\n<tr style=\"height: 18px\">\n<td style=\"width: 100%;height: 18px\" colspan=\"2\">\n<div>\n<hr \/>\n<\/div>\n<\/td>\n<\/tr>\n<tr style=\"height: 24px\">\n<td style=\"width: 16.9857%;height: 24px\"><strong>Stani\u010dn\u00ed sestra:<\/strong><\/td>\n<td style=\"width: 83.0143%;height: 24px\">Bc. Veronika Krej\u010d\u00ed, DiS.<\/td>\n<\/tr>\n<tr>\n<td style=\"width: 16.9857%\" colspan=\"2\">\n<div>\n<hr \/>\n<\/div>\n<\/td>\n<\/tr>\n<tr style=\"height: 24px\">\n<td style=\"width: 16.9857%;height: 24px\"><strong>Telefon sestry:<\/strong><\/td>\n<td style=\"width: 83.0143%;height: 24px\">+420 567 157 715<\/td>\n<\/tr>\n<tr style=\"height: 24px\">\n<td style=\"width: 100%;height: 10px\" colspan=\"2\">\n<div>\n<hr \/>\n<\/div>\n<\/td>\n<\/tr>\n<tr style=\"height: 10px\">\n<td style=\"width: 16.9857%;height: 10px\"><strong>Doporu\u010den\u00e9 n\u00e1v\u0161t\u011bvn\u00ed hodiny:<\/strong><\/td>\n<td style=\"width: 83.0143%;height: 10px\">\n<table style=\"border-collapse: collapse;width: 99.9992%;height: 10px\" border=\"1\">\n<tbody>\n<tr style=\"height: 10px\">\n<td style=\"width: 11.446%;height: 10px\">\n<div><strong>Po &#8211; Ne:<\/strong><\/div>\n<\/td>\n<td style=\"width: 88.554%;height: 10px\">\n<div>Bez omezen\u00ed<\/div>\n<\/td>\n<\/tr>\n<\/tbody>\n<\/table>\n<\/td>\n<\/tr>\n<tr style=\"height: 18px\">\n<td style=\"width: 100%;height: 18px\" colspan=\"2\">\n<div>\n<hr \/>\n<\/div>\n<\/td>\n<\/tr>\n<tr style=\"height: 24px\">\n<td style=\"width: 16.9857%;height: 24px\"><strong>Kde n\u00e1s najdete:<\/strong><\/td>\n<td style=\"width: 83.0143%;height: 24px\">Budova G, 1. poschod\u00ed<\/td>\n<\/tr>\n<\/tbody>\n<\/table>\n<\/div><\/li><li class=\"accordion__item \"><div class=\"accordion__header \" \r\n                id=\"accordion-header-post-23632\"\r\n                role=\"button\"\r\n                aria-expanded=\"false\"\r\n                aria-controls=\"accordion-content-post-23632\"\r\n                data-id=\"post-23632\" \r\n                data-item=\"hfaq-post-23632\" \r\n                style=\"background:transparent;\" \r\n                data-tags=\"\"\r\n                tabindex=\"0\"><div class=\"accordion__title\">Odd\u011blen\u00ed d\u011bt\u00ed od 6 do 18 let<\/div><\/div><div id=\"accordion-content-post-23632\" \r\n                class=\"accordion__body\" \r\n                role=\"region\"\r\n                aria-labelledby=\"accordion-header-post-23632\"\r\n                style=\"background:transparent;\"><table style=\"border-collapse: collapse;width: 99.2089%;height: 176px\" border=\"1\">\n<tbody>\n<tr>\n<td style=\"width: 16.9857%\"><strong>Vedouc\u00ed l\u00e9ka\u0159:<\/strong><\/td>\n<td style=\"width: 83.0143%\">MUDr. Ludmila Lib\u00e1nsk\u00e1<\/td>\n<\/tr>\n<tr>\n<td style=\"width: 16.9857%\" colspan=\"2\">\n<div>\n<hr \/>\n<\/div>\n<\/td>\n<\/tr>\n<tr style=\"height: 24px\">\n<td style=\"width: 16.9857%;height: 24px\"><strong>Telefon l\u00e9ka\u0159i:<\/strong><\/td>\n<td class=\"xl28\" style=\"width: 83.0143%;height: 24px\" width=\"256\" height=\"17\">+420 567 157 226<\/td>\n<\/tr>\n<tr style=\"height: 18px\">\n<td style=\"width: 100%;height: 18px\" colspan=\"2\">\n<div>\n<hr \/>\n<\/div>\n<\/td>\n<\/tr>\n<tr style=\"height: 24px\">\n<td style=\"width: 16.9857%;height: 24px\"><strong>Stani\u010dn\u00ed sestra:<\/strong><\/td>\n<td style=\"width: 83.0143%;height: 24px\">Mgr. Miroslava B\u00f6hmov\u00e1<\/td>\n<\/tr>\n<tr>\n<td style=\"width: 16.9857%\" colspan=\"2\">\n<div>\n<hr \/>\n<\/div>\n<\/td>\n<\/tr>\n<tr style=\"height: 24px\">\n<td style=\"width: 16.9857%;height: 24px\"><strong>Telefon sestry:<\/strong><\/td>\n<td style=\"width: 83.0143%;height: 24px\">+420 567 157 210<\/td>\n<\/tr>\n<tr style=\"height: 24px\">\n<td style=\"width: 100%;height: 10px\" colspan=\"2\">\n<div>\n<hr \/>\n<\/div>\n<\/td>\n<\/tr>\n<tr style=\"height: 10px\">\n<td style=\"width: 16.9857%;height: 10px\"><strong>Doporu\u010den\u00e9 n\u00e1v\u0161t\u011bvn\u00ed hodiny:<\/strong><\/td>\n<td style=\"width: 83.0143%;height: 10px\">\n<table style=\"border-collapse: collapse;width: 99.9992%\" border=\"1\">\n<tbody>\n<tr>\n<td style=\"width: 11.446%\"><strong>Po &#8211; Ne:<\/strong><\/td>\n<td style=\"width: 88.554%\">Bez omezen\u00ed<\/td>\n<\/tr>\n<\/tbody>\n<\/table>\n<\/td>\n<\/tr>\n<tr style=\"height: 18px\">\n<td style=\"width: 100%;height: 18px\" colspan=\"2\">\n<div>\n<hr \/>\n<\/div>\n<\/td>\n<\/tr>\n<tr style=\"height: 24px\">\n<td style=\"width: 16.9857%;height: 24px\"><strong>Kde n\u00e1s najdete:<\/strong><\/td>\n<td style=\"width: 83.0143%;height: 24px\">Budova G, p\u0159\u00edzem\u00ed<\/td>\n<\/tr>\n<\/tbody>\n<\/table>\n<\/div><\/li><li class=\"accordion__item \"><div class=\"accordion__header \" \r\n                id=\"accordion-header-post-23633\"\r\n                role=\"button\"\r\n                aria-expanded=\"false\"\r\n                aria-controls=\"accordion-content-post-23633\"\r\n                data-id=\"post-23633\" \r\n                data-item=\"hfaq-post-23633\" \r\n                style=\"background:transparent;\" \r\n                data-tags=\"\"\r\n                tabindex=\"0\"><div class=\"accordion__title\">Novorozeneck\u00e9 odd\u011blen\u00ed<\/div><\/div><div id=\"accordion-content-post-23633\" \r\n                class=\"accordion__body\" \r\n                role=\"region\"\r\n                aria-labelledby=\"accordion-header-post-23633\"\r\n                style=\"background:transparent;\"><table style=\"border-collapse: collapse;width: 99.2089%;height: 176px\" border=\"1\">\n<tbody>\n<tr>\n<td style=\"width: 16.9857%\"><strong>Vedouc\u00ed l\u00e9ka\u0159:<\/strong><\/td>\n<td style=\"width: 83.0143%\">MUDr. Ji\u0159\u00ed L\u00edsal<\/td>\n<\/tr>\n<tr>\n<td style=\"width: 16.9857%\" colspan=\"2\">\n<div>\n<hr \/>\n<\/div>\n<\/td>\n<\/tr>\n<tr style=\"height: 24px\">\n<td style=\"width: 16.9857%;height: 24px\"><strong>Telefon l\u00e9ka\u0159i:<\/strong><\/td>\n<td class=\"xl28\" style=\"width: 83.0143%;height: 24px\" width=\"256\" height=\"17\">+420 567 157 190<\/td>\n<\/tr>\n<tr style=\"height: 18px\">\n<td style=\"width: 100%;height: 18px\" colspan=\"2\">\n<div>\n<hr \/>\n<\/div>\n<\/td>\n<\/tr>\n<tr style=\"height: 24px\">\n<td style=\"width: 16.9857%;height: 24px\"><strong>Stani\u010dn\u00ed sestra:<\/strong><\/td>\n<td style=\"width: 83.0143%;height: 24px\">Bc. Jana Joklov\u00e1<\/td>\n<\/tr>\n<tr>\n<td style=\"width: 16.9857%\" colspan=\"2\">\n<div>\n<hr \/>\n<\/div>\n<\/td>\n<\/tr>\n<tr style=\"height: 24px\">\n<td style=\"width: 16.9857%;height: 24px\"><strong>Telefon sestry:<\/strong><\/td>\n<td style=\"width: 83.0143%;height: 24px\">+420 567 157 190<\/td>\n<\/tr>\n<tr style=\"height: 24px\">\n<td style=\"width: 100%;height: 10px\" colspan=\"2\">\n<div>\n<hr \/>\n<\/div>\n<\/td>\n<\/tr>\n<tr style=\"height: 10px\">\n<td style=\"width: 16.9857%;height: 10px\"><strong>Doporu\u010den\u00e9 n\u00e1v\u0161t\u011bvn\u00ed hodiny:<\/strong><\/td>\n<td style=\"width: 83.0143%;height: 10px\">\n<table style=\"border-collapse: collapse;width: 99.9992%\" border=\"1\">\n<tbody>\n<tr>\n<td style=\"width: 11.446%\"><strong>Po &#8211; Ne:<\/strong><\/td>\n<td style=\"width: 88.554%\">Bez omezen\u00ed<\/td>\n<\/tr>\n<\/tbody>\n<\/table>\n<\/td>\n<\/tr>\n<tr style=\"height: 18px\">\n<td style=\"width: 100%;height: 18px\" colspan=\"2\">\n<div>\n<hr \/>\n<\/div>\n<\/td>\n<\/tr>\n<tr style=\"height: 24px\">\n<td style=\"width: 16.9857%;height: 24px\"><strong>Kde n\u00e1s najdete:<\/strong><\/td>\n<td style=\"width: 83.0143%;height: 24px\">Budova G, 6. poschod\u00ed<\/td>\n<\/tr>\n<\/tbody>\n<\/table>\n<\/div><\/li><\/ul><\/div><\/div><\/article><\/section>\n<\/div>\n<\/div><\/div>\n<\/div>\n<\/div>\n<\/div>\n<\/div>\n<\/div>\n\n","protected":false},"excerpt":{"rendered":"","protected":false},"author":1,"featured_media":17119,"parent":16301,"menu_order":0,"comment_status":"closed","ping_status":"closed","template":"","meta":{"pgc_sgb_lightbox_settings":"","footnotes":"","_links_to":"","_links_to_target":""},"categories":[85],"class_list":["post-22005","page","type-page","status-publish","has-post-thumbnail","hentry","category-page-oddeleni"],"publishpress_future_action":{"enabled":false,"date":"2026-04-17 23:36:47","action":"change-status","newStatus":"draft","terms":[],"taxonomy":"category","extraData":[]},"publishpress_future_workflow_manual_trigger":{"enabledWorkflows":[]},"_links":{"self":[{"href":"https:\/\/www.nemji.cz\/en\/wp-json\/wp\/v2\/pages\/22005","targetHints":{"allow":["GET"]}}],"collection":[{"href":"https:\/\/www.nemji.cz\/en\/wp-json\/wp\/v2\/pages"}],"about":[{"href":"https:\/\/www.nemji.cz\/en\/wp-json\/wp\/v2\/types\/page"}],"author":[{"embeddable":true,"href":"https:\/\/www.nemji.cz\/en\/wp-json\/wp\/v2\/users\/1"}],"replies":[{"embeddable":true,"href":"https:\/\/www.nemji.cz\/en\/wp-json\/wp\/v2\/comments?post=22005"}],"version-history":[{"count":0,"href":"https:\/\/www.nemji.cz\/en\/wp-json\/wp\/v2\/pages\/22005\/revisions"}],"up":[{"embeddable":true,"href":"https:\/\/www.nemji.cz\/en\/wp-json\/wp\/v2\/pages\/16301"}],"wp:featuredmedia":[{"embeddable":true,"href":"https:\/\/www.nemji.cz\/en\/wp-json\/wp\/v2\/media\/17119"}],"wp:attachment":[{"href":"https:\/\/www.nemji.cz\/en\/wp-json\/wp\/v2\/media?parent=22005"}],"wp:term":[{"taxonomy":"category","embeddable":true,"href":"https:\/\/www.nemji.cz\/en\/wp-json\/wp\/v2\/categories?post=22005"}],"curies":[{"name":"wp","href":"https:\/\/api.w.org\/{rel}","templated":true}]}}