{"id":22422,"date":"2023-10-13T13:07:42","date_gmt":"2023-10-13T11:07:42","guid":{"rendered":"https:\/\/nemji.rs-kovarik.cz\/?page_id=22422"},"modified":"2024-08-28T13:33:07","modified_gmt":"2024-08-28T11:33:07","slug":"informace-pro-pacienty","status":"publish","type":"page","link":"https:\/\/www.nemji.cz\/en\/oddeleni\/plicni-oddeleni\/informace-pro-pacienty\/","title":{"rendered":"Information for patients"},"content":{"rendered":"<div id=\"cmsmasters_row_6iluctg3hk\" class=\"cmsmasters_row cmsmasters_color_scheme_default cmsmasters_row_top_default cmsmasters_row_bot_default cmsmasters_row_boxed\">\n<div class=\"cmsmasters_row_outer_parent\">\n<div class=\"cmsmasters_row_overlay\"><\/div>\n<div class=\"cmsmasters_row_outer\">\n<div class=\"cmsmasters_row_inner\">\n<div class=\"cmsmasters_row_margin\">\n<div id=\"cmsmasters_column_sybg7he2sg\" class=\"cmsmasters_column one_first\">\n<div class=\"cmsmasters_column_inner\"><div id=\"cmsmasters_heading_b3c74b95a0\" class=\"cmsmasters_heading_wrap cmsmasters_heading_align_center pageheadingtitle\">\n\t<h1 class=\"cmsmasters_heading\">Plicn\u00ed odd\u011blen\u00ed<\/h1>\n<\/div>\n<\/div><\/div>\n<\/div>\n<\/div>\n<\/div>\n<\/div>\n<\/div>\n<div id=\"cmsmasters_row_ly5ze1hf8e\" class=\"cmsmasters_row cmsmasters_color_scheme_default cmsmasters_row_top_default cmsmasters_row_bot_default cmsmasters_row_boxed\">\n<div class=\"cmsmasters_row_outer_parent\">\n<div class=\"cmsmasters_row_outer\">\n<div class=\"cmsmasters_row_inner\">\n<div class=\"cmsmasters_row_margin\">\n<div id=\"cmsmasters_column_v67ee6nvg7\" class=\"cmsmasters_column one_first\">\n<div class=\"cmsmasters_column_inner\"><div class=\"cmsmasters_text\">\n<p><nav aria-label=\"breadcrumbs\">\n            <div class=\"breadcrumb-container theme1\">\n                <ol>\n                                    <\/ol>\n            <\/div>\n        <\/nav>    <script type=\"application\/ld+json\">\n        {\n            \"@context\": \"http:\/\/schema.org\",\n            \"@type\": \"BreadcrumbList\",\n            \"itemListElement\": [\n                            ]\n        }\n    <\/script>\n   \n    <script>\n            <\/script>\n<\/p>\n<\/div>\n<\/div><\/div>\n<\/div>\n<\/div>\n<\/div>\n<\/div>\n<\/div>\n<div id=\"cmsmasters_row_3f2f8816dd\" class=\"cmsmasters_row cmsmasters_color_scheme_default cmsmasters_row_top_default cmsmasters_row_bot_default cmsmasters_row_boxed\">\n<div class=\"cmsmasters_row_outer_parent\">\n<div class=\"cmsmasters_row_outer\">\n<div class=\"cmsmasters_row_inner\">\n<div class=\"cmsmasters_row_margin\">\n<div id=\"cmsmasters_column_0a1c5940f5\" class=\"cmsmasters_column one_third stickyinfocolumn\">\n<div class=\"cmsmasters_column_inner\"><div id=\"cmsmasters_heading_rva6m2t32d\" class=\"cmsmasters_heading_wrap cmsmasters_heading_align_center\">\n\t<h3 class=\"cmsmasters_heading\">Informace o odd\u011blen\u00ed<\/h3>\n<\/div>\n<div id=\"cmsmasters_divider_dpp34mcdj5\" class=\"cmsmasters_divider cmsmasters_divider_width_short cmsmasters_divider_pos_center\"><\/div>\n<div class=\"cmsmasters_sidebar sidebar_layout_11 sidebar-custom-menu\"><aside id=\"nav_menu-11\" class=\"widget widget_nav_menu\"><div class=\"menu-oddeleni-plicni-container\"><ul id=\"menu-oddeleni-plicni\" class=\"menu\"><li id=\"menu-item-18231\" class=\"menu-item menu-item-type-custom menu-item-object-custom menu-item-18231\"><a href=\"\/oddeleni\/plicni-oddeleni\/#popis-oddeleni\" data-ps2id-api=\"true\"><i class=\"fa-solid fa-info\"><\/i> Popis odd\u011blen\u00ed<\/a><\/li>\n<li id=\"menu-item-18232\" class=\"menu-item menu-item-type-custom menu-item-object-custom menu-item-18232\"><a href=\"\/oddeleni\/plicni-oddeleni\/#personalni-obsazeni\" data-ps2id-api=\"true\"><i class=\"fa-solid fa-user-doctor\"><\/i> Person\u00e1ln\u00ed obsazen\u00ed<\/a><\/li>\n<li id=\"menu-item-18233\" class=\"menu-item menu-item-type-custom menu-item-object-custom menu-item-18233\"><a href=\"\/oddeleni\/plicni-oddeleni\/#oteviraci-hodiny\" data-ps2id-api=\"true\"><i class=\"fa-regular fa-clock\"><\/i> Ordina\u010dn\u00ed hodiny<\/a><\/li>\n<li id=\"menu-item-18234\" class=\"menu-item menu-item-type-custom menu-item-object-custom menu-item-18234\"><a href=\"\/oddeleni\/plicni-oddeleni\/#kontaktni-informace\" data-ps2id-api=\"true\"><i class=\"fa-solid fa-phone\"><\/i> Kontaktn\u00ed informace<\/a><\/li>\n<li id=\"menu-item-18235\" class=\"menu-item menu-item-type-custom menu-item-object-custom menu-item-18235\"><a href=\"\/oddeleni\/plicni-oddeleni\/#kde-nas-najdete\" data-ps2id-api=\"true\"><i class=\"fa-solid fa-location-dot\"><\/i> Kde n\u00e1s najdete<\/a><\/li>\n<li id=\"menu-item-18236\" class=\"menu-item menu-item-type-custom menu-item-object-custom menu-item-18236\"><a href=\"\/oddeleni\/plicni-oddeleni\/#fotogalerie\" data-ps2id-api=\"true\"><i class=\"fa-solid fa-camera\"><\/i> Fotogalerie<\/a><\/li>\n<li id=\"menu-item-18237\" class=\"menu-custom-separator menu-item menu-item-type-custom menu-item-object-custom menu-item-18237\"><hr class=\"mhm-menu-separator\"><\/li>\n<li id=\"menu-item-18238\" class=\"static-link menu-item menu-item-type-custom menu-item-object-custom menu-item-18238\"><a href=\"\/oddeleni\/plicni-oddeleni\/plicni-ambulance\/\" data-ps2id-api=\"true\"><i class=\"fa-solid fa-house-medical\"><\/i> Ambulance<\/a><\/li>\n<li id=\"menu-item-22207\" class=\"static-link menu-item menu-item-type-custom menu-item-object-custom menu-item-22207\"><a href=\"\/oddeleni\/plicni-oddeleni\/luzkova-cast\/\" data-ps2id-api=\"true\"><i class=\"fa-solid fa-bed\"><\/i> L\u016f\u017ekov\u00e1 \u010d\u00e1st<\/a><\/li>\n<li id=\"menu-item-22424\" class=\"static-link menu-item menu-item-type-custom menu-item-object-custom menu-item-22424\"><a href=\"\/oddeleni\/plicni-oddeleni\/informace-pro-pacienty\/\" data-ps2id-api=\"true\"><i class=\"fa-regular fa-circle-question\"><\/i> Informace pro pacienty<\/a><\/li>\n<li id=\"menu-item-18542\" class=\"static-link menu-item menu-item-type-custom menu-item-object-custom menu-item-18542\"><a href=\"\/oddeleni\/plicni-oddeleni\/objednavka-do-center\" data-ps2id-api=\"true\"><i class=\"fa-solid fa-clipboard-list\"><\/i> Objedn\u00e1vka do center<\/a><\/li>\n<li id=\"menu-item-18239\" class=\"static-link menu-item menu-item-type-custom menu-item-object-custom menu-item-18239\"><a href=\"\/oddeleni\/plicni-oddeleni\/spektrum-pece\/\" data-ps2id-api=\"true\"><i class=\"fa-solid fa-stethoscope\"><\/i> Spektrum p\u00e9\u010de<\/a><\/li>\n<li id=\"menu-item-18366\" class=\"static-link menu-item menu-item-type-custom menu-item-object-custom menu-item-18366\"><a href=\"\/oddeleni\/plicni-oddeleni\/cenik-sluzeb\/\" data-ps2id-api=\"true\"><i class=\"fa-solid fa-square-plus\"><\/i> Cen\u00edk slu\u017eeb<\/a><\/li>\n<\/ul><\/div><\/aside><div class=\"cl\"><\/div>\n<\/div>\n<\/div><\/div>\n<div id=\"cmsmasters_column_k7vlyuz4yq\" class=\"cmsmasters_column two_third\">\n<div class=\"cmsmasters_column_inner\"><div id=\"cmsmasters_heading_0cx4mcjjyd\" class=\"cmsmasters_heading_wrap cmsmasters_heading_align_left\">\n\t<h2 class=\"cmsmasters_heading\">Informace pro pacienty<\/h2>\n<\/div>\n<div id=\"cmsmasters_divider_hgdnxm8b9\" class=\"cmsmasters_divider cmsmasters_divider_width_short cmsmasters_divider_pos_left\"><\/div>\n<div class=\"cmsmasters_text\">\n<h5><strong>Co s\u00a0sebou do nemocnice?<\/strong><\/h5>\n<ul type=\"disc\">\n<li>Ob\u010dansk\u00fd pr\u016fkaz, pr\u016fkaz zdravotn\u00ed poji\u0161\u0165ovny.<\/li>\n<li>V\u00fdsledky laboratorn\u00edch a jin\u00fdch vy\u0161et\u0159en\u00ed (u pl\u00e1novan\u00fdch hospitalizac\u00ed).<\/li>\n<li>Doklad pracovn\u00ed neschopnosti, pokud m\u00e1te vystaven\u00fd.<\/li>\n<li>Seznam u\u017e\u00edvan\u00fdch l\u00e9k\u016f.<\/li>\n<li>Trvale u\u017e\u00edvan\u00e9 inhala\u010dn\u00ed l\u00e9ky.<\/li>\n<li>Zdravotn\u00ed a kompenza\u010dn\u00ed pom\u016fcky, kter\u00e9 pou\u017e\u00edv\u00e1te (br\u00fdle, h\u016fl, naslouchadlo atd.).<\/li>\n<li>V p\u0159\u00edpad\u011b pl\u00e1novan\u00e9 hospitalizace hygienick\u00e9 a osobn\u00ed pot\u0159eby (p\u0159ez\u016fvky, m\u00fddlo, toaletn\u00ed pap\u00edr, ru\u010dn\u00edk, \u017eupan, pot\u0159eby dent\u00e1ln\u00ed hygieny, jin\u00e9 hygienick\u00e9 pot\u0159eby).<\/li>\n<li>Mobiln\u00ed telefon a nab\u00edje\u010dku.<\/li>\n<\/ul>\n<p aria-hidden=\"true\">\n<h5><strong>Co V\u00e1m nedoporu\u010dujeme vz\u00edt s sebou do nemocnice:<\/strong><\/h5>\n<ul type=\"disc\">\n<li>\u0160perky.<\/li>\n<li>Zbran\u011b.<\/li>\n<li>V\u011bt\u0161\u00ed obnos pen\u011bz.<\/li>\n<li>Pokud budete m\u00edt cennosti p\u0159i n\u00e1stupu k hospitalizaci u sebe, nab\u00edz\u00edme V\u00e1m mo\u017enost jejich ulo\u017een\u00ed v \u00fastavn\u00edm trezoru, co\u017e V\u00e1m zprost\u0159edkuje o\u0161et\u0159uj\u00edc\u00ed person\u00e1l.<\/li>\n<li>Za v\u011bci, kter\u00e9 si ponech\u00e1te u sebe, nenese nemocnice odpov\u011bdnost.<\/li>\n<\/ul>\n<\/div>\n<\/div><\/div>\n<\/div>\n<\/div>\n<\/div>\n<\/div>\n<\/div>\n\n","protected":false},"excerpt":{"rendered":"","protected":false},"author":1,"featured_media":17120,"parent":17970,"menu_order":0,"comment_status":"closed","ping_status":"closed","template":"","meta":{"pgc_sgb_lightbox_settings":"","footnotes":"","_links_to":"","_links_to_target":""},"categories":[85],"class_list":["post-22422","page","type-page","status-publish","has-post-thumbnail","hentry","category-page-oddeleni"],"publishpress_future_action":{"enabled":false,"date":"2026-04-16 12:55:25","action":"change-status","newStatus":"draft","terms":[],"taxonomy":"category","extraData":[]},"publishpress_future_workflow_manual_trigger":{"enabledWorkflows":[]},"_links":{"self":[{"href":"https:\/\/www.nemji.cz\/en\/wp-json\/wp\/v2\/pages\/22422","targetHints":{"allow":["GET"]}}],"collection":[{"href":"https:\/\/www.nemji.cz\/en\/wp-json\/wp\/v2\/pages"}],"about":[{"href":"https:\/\/www.nemji.cz\/en\/wp-json\/wp\/v2\/types\/page"}],"author":[{"embeddable":true,"href":"https:\/\/www.nemji.cz\/en\/wp-json\/wp\/v2\/users\/1"}],"replies":[{"embeddable":true,"href":"https:\/\/www.nemji.cz\/en\/wp-json\/wp\/v2\/comments?post=22422"}],"version-history":[{"count":0,"href":"https:\/\/www.nemji.cz\/en\/wp-json\/wp\/v2\/pages\/22422\/revisions"}],"up":[{"embeddable":true,"href":"https:\/\/www.nemji.cz\/en\/wp-json\/wp\/v2\/pages\/17970"}],"wp:featuredmedia":[{"embeddable":true,"href":"https:\/\/www.nemji.cz\/en\/wp-json\/wp\/v2\/media\/17120"}],"wp:attachment":[{"href":"https:\/\/www.nemji.cz\/en\/wp-json\/wp\/v2\/media?parent=22422"}],"wp:term":[{"taxonomy":"category","embeddable":true,"href":"https:\/\/www.nemji.cz\/en\/wp-json\/wp\/v2\/categories?post=22422"}],"curies":[{"name":"wp","href":"https:\/\/api.w.org\/{rel}","templated":true}]}}