{"id":22680,"date":"2023-10-17T09:15:28","date_gmt":"2023-10-17T07:15:28","guid":{"rendered":"https:\/\/nemji.rs-kovarik.cz\/?page_id=22680"},"modified":"2023-11-13T07:21:55","modified_gmt":"2023-11-13T06:21:55","slug":"externi-stravovani","status":"publish","type":"page","link":"https:\/\/www.nemji.cz\/en\/oddeleni\/oddeleni-lecebne-vyzivy-a-stravovani\/externi-stravovani\/","title":{"rendered":"External catering"},"content":{"rendered":"<div id=\"cmsmasters_row_6iluctg3hk\" class=\"cmsmasters_row cmsmasters_color_scheme_default cmsmasters_row_top_default cmsmasters_row_bot_default cmsmasters_row_boxed\">\n<div class=\"cmsmasters_row_outer_parent\">\n<div class=\"cmsmasters_row_overlay\"><\/div>\n<div class=\"cmsmasters_row_outer\">\n<div class=\"cmsmasters_row_inner\">\n<div class=\"cmsmasters_row_margin\">\n<div id=\"cmsmasters_column_sybg7he2sg\" class=\"cmsmasters_column one_first\">\n<div class=\"cmsmasters_column_inner\"><div id=\"cmsmasters_heading_b3c74b95a0\" class=\"cmsmasters_heading_wrap cmsmasters_heading_align_center pageheadingtitle\">\n\t<h1 class=\"cmsmasters_heading\">Odd\u011blen\u00ed l\u00e9\u010debn\u00e9 v\u00fd\u017eivy a stravov\u00e1n\u00ed (OLVS)<\/h1>\n<\/div>\n<\/div><\/div>\n<\/div>\n<\/div>\n<\/div>\n<\/div>\n<\/div>\n<div id=\"cmsmasters_row_ly5ze1hf8e\" class=\"cmsmasters_row cmsmasters_color_scheme_default cmsmasters_row_top_default cmsmasters_row_bot_default cmsmasters_row_boxed\">\n<div class=\"cmsmasters_row_outer_parent\">\n<div class=\"cmsmasters_row_outer\">\n<div class=\"cmsmasters_row_inner\">\n<div class=\"cmsmasters_row_margin\">\n<div id=\"cmsmasters_column_v67ee6nvg7\" class=\"cmsmasters_column one_first\">\n<div class=\"cmsmasters_column_inner\"><div class=\"cmsmasters_text\">\n<p><nav aria-label=\"breadcrumbs\">\n            <div class=\"breadcrumb-container theme1\">\n                <ol>\n                                    <\/ol>\n            <\/div>\n        <\/nav>    <script type=\"application\/ld+json\">\n        {\n            \"@context\": \"http:\/\/schema.org\",\n            \"@type\": \"BreadcrumbList\",\n            \"itemListElement\": [\n                            ]\n        }\n    <\/script>\n   \n    <script>\n            <\/script>\n<\/p>\n<\/div>\n<\/div><\/div>\n<\/div>\n<\/div>\n<\/div>\n<\/div>\n<\/div>\n<div id=\"cmsmasters_row_3f2f8816dd\" class=\"cmsmasters_row cmsmasters_color_scheme_default cmsmasters_row_top_default cmsmasters_row_bot_default cmsmasters_row_boxed\">\n<div class=\"cmsmasters_row_outer_parent\">\n<div class=\"cmsmasters_row_outer\">\n<div class=\"cmsmasters_row_inner\">\n<div class=\"cmsmasters_row_margin\">\n<div id=\"cmsmasters_column_0a1c5940f5\" class=\"cmsmasters_column one_third stickyinfocolumn\">\n<div class=\"cmsmasters_column_inner\"><div id=\"cmsmasters_heading_rva6m2t32d\" class=\"cmsmasters_heading_wrap cmsmasters_heading_align_center\">\n\t<h3 class=\"cmsmasters_heading\">Informace o odd\u011blen\u00ed<\/h3>\n<\/div>\n<div id=\"cmsmasters_divider_dpp34mcdj5\" class=\"cmsmasters_divider cmsmasters_divider_width_short cmsmasters_divider_pos_center\"><\/div>\n<div class=\"cmsmasters_sidebar sidebar_layout_11 sidebar-custom-menu\"><aside id=\"nav_menu-31\" class=\"widget widget_nav_menu\"><div class=\"menu-oddeleni-olvs-container\"><ul id=\"menu-oddeleni-olvs\" class=\"menu\"><li id=\"menu-item-22567\" class=\"menu-item menu-item-type-custom menu-item-object-custom menu-item-22567\"><a href=\"\/oddeleni\/oddeleni-lecebne-vyzivy-a-stravovani\/#popis-oddeleni\" data-ps2id-api=\"true\"><i class=\"fa-solid fa-info\"><\/i> Popis odd\u011blen\u00ed<\/a><\/li>\n<li id=\"menu-item-22568\" class=\"menu-item menu-item-type-custom menu-item-object-custom menu-item-22568\"><a href=\"\/oddeleni\/oddeleni-lecebne-vyzivy-a-stravovani\/#personalni-obsazeni\" data-ps2id-api=\"true\"><i class=\"fa-solid fa-user-doctor\"><\/i> Person\u00e1ln\u00ed obsazen\u00ed<\/a><\/li>\n<li id=\"menu-item-22569\" class=\"menu-item menu-item-type-custom menu-item-object-custom menu-item-22569\"><a href=\"\/oddeleni\/oddeleni-lecebne-vyzivy-a-stravovani\/#oteviraci-hodiny\" data-ps2id-api=\"true\"><i class=\"fa-regular fa-clock\"><\/i> Otev\u00edrac\u00ed hodiny<\/a><\/li>\n<li id=\"menu-item-22570\" class=\"menu-item menu-item-type-custom menu-item-object-custom menu-item-22570\"><a href=\"\/oddeleni\/oddeleni-lecebne-vyzivy-a-stravovani\/#kontaktni-informace\" data-ps2id-api=\"true\"><i class=\"fa-solid fa-phone\"><\/i> Kontaktn\u00ed informace<\/a><\/li>\n<li id=\"menu-item-22571\" class=\"menu-item menu-item-type-custom menu-item-object-custom menu-item-22571\"><a href=\"\/oddeleni\/oddeleni-lecebne-vyzivy-a-stravovani\/#kde-nas-najdete\" data-ps2id-api=\"true\"><i class=\"fa-solid fa-location-dot\"><\/i> Kde n\u00e1s najdete<\/a><\/li>\n<li id=\"menu-item-22572\" class=\"menu-item menu-item-type-custom menu-item-object-custom menu-item-22572\"><a href=\"\/oddeleni\/oddeleni-lecebne-vyzivy-a-stravovani\/#fotogalerie\" data-ps2id-api=\"true\"><i class=\"fa-solid fa-camera\"><\/i> Fotogalerie<\/a><\/li>\n<li id=\"menu-item-22573\" class=\"menu-custom-separator menu-item menu-item-type-custom menu-item-object-custom menu-item-22573\"><hr class=\"mhm-menu-separator\"><\/li>\n<li id=\"menu-item-22574\" class=\"static-link menu-item menu-item-type-custom menu-item-object-custom menu-item-22574\"><a href=\"\/oddeleni\/oddeleni-lecebne-vyzivy-a-stravovani\/ambulance-nutricniho-poradenstvi\/\" data-ps2id-api=\"true\"><i class=\"fa-solid fa-wheat-awn-circle-exclamation\"><\/i> Ambulance nutri\u010dn\u00edho poradenstv\u00ed<\/a><\/li>\n<li id=\"menu-item-22578\" class=\"static-link menu-item menu-item-type-custom menu-item-object-custom menu-item-22578\"><a href=\"\/oddeleni\/oddeleni-lecebne-vyzivy-a-stravovani\/externi-stravovani\/\" data-ps2id-api=\"true\"><i class=\"fa-solid fa-utensils\"><\/i> Extern\u00ed stravov\u00e1n\u00ed<\/a><\/li>\n<\/ul><\/div><\/aside><div class=\"cl\"><\/div>\n<\/div>\n<\/div><\/div>\n<div id=\"cmsmasters_column_k7vlyuz4yq\" class=\"cmsmasters_column two_third\">\n<div class=\"cmsmasters_column_inner\"><div id=\"cmsmasters_heading_0cx4mcjjyd\" class=\"cmsmasters_heading_wrap cmsmasters_heading_align_left\">\n\t<h2 class=\"cmsmasters_heading\">Extern\u00ed stravov\u00e1n\u00ed<\/h2>\n<\/div>\n<div id=\"cmsmasters_divider_kul4awri6m\" class=\"cmsmasters_divider cmsmasters_divider_width_short cmsmasters_divider_pos_left\"><\/div>\n<div class=\"cmsmasters_text\">\n<p>Nemocnice nab\u00edz\u00ed mo\u017enost extern\u00edho stravov\u00e1n\u00ed na j\u00eddeln\u011b nemocnice. V\u00a0p\u0159\u00edpad\u011b zajmu o stravov\u00e1n\u00ed si klient nech\u00e1 za poplatek <strong>100,- K\u010d<\/strong> vystavit bezkontaktn\u00ed objedn\u00e1vkovou karti\u010dku v\u00a0prvn\u00edm pat\u0159e u referentky stravov\u00e1n\u00ed. Na karti\u010dku si ulo\u017e\u00ed pot\u0159ebnou z\u00e1lohu jako kredit, ze kter\u00e9ho se po t\u00e9 ode\u010d\u00edtaj\u00ed objednan\u00e9 ob\u011bdy a pak m\u00e1 na v\u00fdb\u011br z\u00a0mo\u017enosti standardn\u00ed nab\u00eddky na objedn\u00e1vku p\u0159edem dle j\u00eddeln\u00edho l\u00edstku, p\u0159\u00edpadn\u011b mo\u017enost bez objedn\u00e1vky vyu\u017e\u00edt minutkov\u00e9 kuchyn\u011b, kde je ov\u0161em omezen\u00fd po\u010det pokrm\u016f.<\/p>\n<p>V sou\u010dasn\u00e9 dob\u011b je cena ob\u011bda pro ciz\u00ed str\u00e1vn\u00edky <strong>130,- K\u010d<\/strong>, kde v cen\u011b ob\u011bda je hlavn\u00ed j\u00eddlo, pol\u00e9vka (nebo varianta bez pol\u00e9vky s ovocem nebo sal\u00e1tem) a n\u00e1poj. D\u00e1le m\u00e1 ka\u017ed\u00fd str\u00e1vn\u00edk na j\u00eddeln\u011b mo\u017enost dokoupit si v r\u00e1mci dopl\u0148kov\u00e9ho prodej n\u00e1poje, sal\u00e1ty a dezerty.<\/p>\n<p>Extern\u00ed str\u00e1vn\u00edci si mohou objednat stravu <span style=\"text-decoration: underline;\"><strong><a href=\"https:\/\/stravaexterni-nemji.msappproxy.net\/FA_strava_jihlava_2\/\" target=\"_blank\" rel=\"noopener\">ZDE<\/a><\/strong><\/span>.<\/p>\n<\/div>\n<\/div><\/div>\n<\/div>\n<\/div>\n<\/div>\n<\/div>\n<\/div>\n\n","protected":false},"excerpt":{"rendered":"","protected":false},"author":1,"featured_media":17131,"parent":22243,"menu_order":0,"comment_status":"closed","ping_status":"closed","template":"","meta":{"pgc_sgb_lightbox_settings":"","footnotes":"","_links_to":"","_links_to_target":""},"categories":[85],"class_list":["post-22680","page","type-page","status-publish","has-post-thumbnail","hentry","category-page-oddeleni"],"publishpress_future_action":{"enabled":false,"date":"2026-04-13 11:58:03","action":"change-status","newStatus":"draft","terms":[],"taxonomy":"category","extraData":[]},"publishpress_future_workflow_manual_trigger":{"enabledWorkflows":[]},"_links":{"self":[{"href":"https:\/\/www.nemji.cz\/en\/wp-json\/wp\/v2\/pages\/22680","targetHints":{"allow":["GET"]}}],"collection":[{"href":"https:\/\/www.nemji.cz\/en\/wp-json\/wp\/v2\/pages"}],"about":[{"href":"https:\/\/www.nemji.cz\/en\/wp-json\/wp\/v2\/types\/page"}],"author":[{"embeddable":true,"href":"https:\/\/www.nemji.cz\/en\/wp-json\/wp\/v2\/users\/1"}],"replies":[{"embeddable":true,"href":"https:\/\/www.nemji.cz\/en\/wp-json\/wp\/v2\/comments?post=22680"}],"version-history":[{"count":0,"href":"https:\/\/www.nemji.cz\/en\/wp-json\/wp\/v2\/pages\/22680\/revisions"}],"up":[{"embeddable":true,"href":"https:\/\/www.nemji.cz\/en\/wp-json\/wp\/v2\/pages\/22243"}],"wp:featuredmedia":[{"embeddable":true,"href":"https:\/\/www.nemji.cz\/en\/wp-json\/wp\/v2\/media\/17131"}],"wp:attachment":[{"href":"https:\/\/www.nemji.cz\/en\/wp-json\/wp\/v2\/media?parent=22680"}],"wp:term":[{"taxonomy":"category","embeddable":true,"href":"https:\/\/www.nemji.cz\/en\/wp-json\/wp\/v2\/categories?post=22680"}],"curies":[{"name":"wp","href":"https:\/\/api.w.org\/{rel}","templated":true}]}}