{"id":22909,"date":"2023-10-18T10:17:09","date_gmt":"2023-10-18T08:17:09","guid":{"rendered":"https:\/\/nemji.rs-kovarik.cz\/?page_id=22909"},"modified":"2026-01-12T12:28:44","modified_gmt":"2026-01-12T11:28:44","slug":"klinicka-farmacie","status":"publish","type":"page","link":"https:\/\/www.nemji.cz\/en\/oddeleni\/klinicka-farmacie\/","title":{"rendered":"Clinical Pharmacology"},"content":{"rendered":"<div id=\"cmsmasters_row_6iluctg3hk\" class=\"cmsmasters_row cmsmasters_color_scheme_default cmsmasters_row_top_default cmsmasters_row_bot_default cmsmasters_row_boxed\">\n<div class=\"cmsmasters_row_outer_parent\">\n<div class=\"cmsmasters_row_overlay\"><\/div>\n<div class=\"cmsmasters_row_outer\">\n<div class=\"cmsmasters_row_inner\">\n<div class=\"cmsmasters_row_margin\">\n<div id=\"cmsmasters_column_sybg7he2sg\" class=\"cmsmasters_column one_first\">\n<div class=\"cmsmasters_column_inner\"><div id=\"cmsmasters_heading_b3c74b95a0\" class=\"cmsmasters_heading_wrap cmsmasters_heading_align_center pageheadingtitle\">\n\t<h1 class=\"cmsmasters_heading\">Klinick\u00e1 farmacie<\/h1>\n<\/div>\n<\/div><\/div>\n<\/div>\n<\/div>\n<\/div>\n<\/div>\n<\/div>\n<div id=\"cmsmasters_row_ly5ze1hf8e\" class=\"cmsmasters_row cmsmasters_color_scheme_default cmsmasters_row_top_default cmsmasters_row_bot_default cmsmasters_row_boxed\">\n<div class=\"cmsmasters_row_outer_parent\">\n<div class=\"cmsmasters_row_outer\">\n<div class=\"cmsmasters_row_inner\">\n<div class=\"cmsmasters_row_margin\">\n<div id=\"cmsmasters_column_v67ee6nvg7\" class=\"cmsmasters_column one_first\">\n<div class=\"cmsmasters_column_inner\"><div class=\"cmsmasters_text\">\n<p><nav aria-label=\"breadcrumbs\">\n            <div class=\"breadcrumb-container theme1\">\n                <ol>\n                                    <\/ol>\n            <\/div>\n        <\/nav>    <script type=\"application\/ld+json\">\n        {\n            \"@context\": \"http:\/\/schema.org\",\n            \"@type\": \"BreadcrumbList\",\n            \"itemListElement\": [\n                            ]\n        }\n    <\/script>\n   \n    <script>\n            <\/script>\n<\/p>\n<\/div>\n<\/div><\/div>\n<\/div>\n<\/div>\n<\/div>\n<\/div>\n<\/div>\n<div id=\"cmsmasters_row_3f2f8816dd\" class=\"cmsmasters_row cmsmasters_color_scheme_default cmsmasters_row_top_default cmsmasters_row_bot_default cmsmasters_row_boxed\">\n<div class=\"cmsmasters_row_outer_parent\">\n<div class=\"cmsmasters_row_outer\">\n<div class=\"cmsmasters_row_inner\">\n<div class=\"cmsmasters_row_margin\">\n<div id=\"cmsmasters_column_0a1c5940f5\" class=\"cmsmasters_column one_third stickyinfocolumn\">\n<div class=\"cmsmasters_column_inner\"><div id=\"cmsmasters_heading_rva6m2t32d\" class=\"cmsmasters_heading_wrap cmsmasters_heading_align_center\">\n\t<h3 class=\"cmsmasters_heading\">Informace o odd\u011blen\u00ed<\/h3>\n<\/div>\n<div id=\"cmsmasters_divider_dpp34mcdj5\" class=\"cmsmasters_divider cmsmasters_divider_width_short cmsmasters_divider_pos_center\"><\/div>\n<div class=\"cmsmasters_sidebar sidebar_layout_11 sidebar-custom-menu\"><aside id=\"nav_menu-32\" class=\"widget widget_nav_menu\"><div class=\"menu-oddeleni-klinicka-farmacie-container\"><ul id=\"menu-oddeleni-klinicka-farmacie\" class=\"menu\"><li id=\"menu-item-22895\" class=\"menu-item menu-item-type-custom menu-item-object-custom menu-item-22895\"><a href=\"\/oddeleni\/klinicka-farmacie\/#popis-oddeleni\" data-ps2id-api=\"true\"><i class=\"fa-solid fa-info\"><\/i> Popis odd\u011blen\u00ed<\/a><\/li>\n<li id=\"menu-item-22896\" class=\"menu-item menu-item-type-custom menu-item-object-custom menu-item-22896\"><a href=\"\/oddeleni\/klinicka-farmacie\/#personalni-obsazeni\" data-ps2id-api=\"true\"><i class=\"fa-solid fa-user-doctor\"><\/i> Person\u00e1ln\u00ed obsazen\u00ed<\/a><\/li>\n<li id=\"menu-item-22897\" class=\"menu-item menu-item-type-custom menu-item-object-custom menu-item-22897\"><a href=\"\/oddeleni\/klinicka-farmacie\/#konzultacni-hodiny\" data-ps2id-api=\"true\"><i class=\"fa-regular fa-clock\"><\/i> Konzulta\u010dn\u00ed hodiny<\/a><\/li>\n<li id=\"menu-item-22898\" class=\"menu-item menu-item-type-custom menu-item-object-custom menu-item-22898\"><a href=\"\/oddeleni\/klinicka-farmacie\/#kontaktni-informace\" data-ps2id-api=\"true\"><i class=\"fa-solid fa-phone\"><\/i> Kontaktn\u00ed informace<\/a><\/li>\n<li id=\"menu-item-22899\" class=\"menu-item menu-item-type-custom menu-item-object-custom menu-item-22899\"><a href=\"\/oddeleni\/klinicka-farmacie\/#kde-nas-najdete\" data-ps2id-api=\"true\"><i class=\"fa-solid fa-location-dot\"><\/i> Kde n\u00e1s najdete<\/a><\/li>\n<li id=\"menu-item-22901\" class=\"menu-custom-separator menu-item menu-item-type-custom menu-item-object-custom menu-item-22901\"><hr class=\"mhm-menu-separator\"><\/li>\n<li id=\"menu-item-22902\" class=\"static-link menu-item menu-item-type-custom menu-item-object-custom menu-item-22902\"><a href=\"\/oddeleni\/klinicka-farmacie\/spektrum-cinnosti\/\" data-ps2id-api=\"true\"><i class=\"fa-solid fa-capsules\"><\/i> Spektrum \u010dinnosti<\/a><\/li>\n<li id=\"menu-item-22903\" class=\"static-link menu-item menu-item-type-custom menu-item-object-custom menu-item-22903\"><a href=\"\/oddeleni\/klinicka-farmacie\/ambulance\/\" data-ps2id-api=\"true\"><i class=\"fa-brands fa-wpforms\"><\/i> Ambulance<\/a><\/li>\n<\/ul><\/div><\/aside><div class=\"cl\"><\/div>\n<\/div>\n<\/div><\/div>\n<div id=\"cmsmasters_column_k7vlyuz4yq\" class=\"cmsmasters_column two_third\">\n<div class=\"cmsmasters_column_inner\"><div class=\"cmsmasters_text scroll-location\">\n<p><a id=\"popis-oddeleni\"><\/a><\/p>\n<\/div>\n<div id=\"cmsmasters_heading_0cx4mcjjyd\" class=\"cmsmasters_heading_wrap cmsmasters_heading_align_left\">\n\t<h2 class=\"cmsmasters_heading\">Popis odd\u011blen\u00ed<\/h2>\n<\/div>\n<div id=\"cmsmasters_divider_kul4awri6m\" class=\"cmsmasters_divider cmsmasters_divider_width_short cmsmasters_divider_pos_left\"><\/div>\n<div class=\"cmsmasters_text\">\n<p>Klinick\u00e1 farmacie v Nemocnici Jihlava je tvo\u0159ena t\u00fdmem klinick\u00fdch farmaceut\u016f, kte\u0159\u00ed \u00fazce a pravideln\u011b spolupracuj\u00ed s l\u00e9ka\u0159i a sestrami z jednotliv\u00fdch odd\u011blen\u00ed. C\u00edlem jeho \u010dinnosti je zv\u00fd\u0161en\u00ed bezpe\u010dnosti a racionality pod\u00e1van\u00fdch l\u00e9\u010div u hospitalizovan\u00fdch pacient\u016f.<\/p>\n<p>Na\u0161e odd\u011blen\u00ed poskytuje systematickou klinickofarmaceutickou p\u00e9\u010di na n\u011bkolika odd\u011blen\u00edch, pro v\u0161echna ostatn\u00ed pracovi\u0161t\u011b nemocnice je zaji\u0161t\u011bna konzili\u00e1rn\u00ed forma p\u00e9\u010de.<br \/>\nOdd\u011blen\u00ed klinick\u00e9 farmacie poskytuje tak\u00e9 zhodnocen\u00ed medikace <b>pro ambulantn\u00ed pacienty<\/b>.<\/p>\n<p>Akreditovan\u00e9 pracovi\u0161t\u011b pro v\u00fduku klinick\u00fdch farmaceut\u016f.<\/p>\n<\/div>\n\n<div id=\"cmsmasters_divider_hgdnxm8b9\" class=\"cl\"><\/div>\n<div class=\"cmsmasters_text\">\n<p><a id=\"personalni-obsazeni\"><\/a><\/p>\n<\/div>\n<div id=\"cmsmasters_heading_6105a9c140\" class=\"cmsmasters_heading_wrap cmsmasters_heading_align_left\">\n\t<h2 class=\"cmsmasters_heading\">Person\u00e1ln\u00ed obsazen\u00ed<\/h2>\n<\/div>\n<div id=\"cmsmasters_divider_zpp0ewe88n\" class=\"cmsmasters_divider cmsmasters_divider_width_short cmsmasters_divider_pos_left\"><\/div>\n<div class=\"cmsmasters_text personalni-obsazeni\">\n<div class=\"abcfslGridCntr personalni-obsazeni abcfslMLRAuto slv174_t19992_L abcfslGridCntr_19992\"><div class=\"abcfslItemCntrLst abcfslPadBMB30 abcfClrFix\" style=\"padding-bottom: 0;\"><div class=\"abcfslLstCol abcfslLstCol-4 abcfslImgColLst\"><div class=\"abcfslImgCntrLst abcfslMLRPc\"><img decoding=\"async\"  src=\"\/wp-content\/uploads\/2023\/10\/zakova-min-796x1024.png\" class=\"ProfileImage\" alt=\"Mgr. Renata \u017d\u00e1kov\u00e1\"  itemprop=\"image\"  \/><\/div><\/div><div class=\"abcfslLstCol abcfslLstCol-8 abcfslTxtColLst\"><div class=\"abcfslTxtCntrLst  abcfslPadLPc5\" style=\"padding-left: 20px;\"><h4 class=\"abcfslF18_6 MP-F1\"><span class=\"abcfslSpanMP2\">Mgr. Renata <\/span><span class=\"abcfslSpanMP1\">\u017d\u00e1kov\u00e1 <\/span><\/h4><h5 class=\"abcfslF14_6 T-F2\">Vedouc\u00ed odd\u011blen\u00ed klinick\u00e9 farmacie<\/h5><div class=\"abcfslMT10  abcfslF14 profile-department-link CE-F8\"><p><a href=\"\/klinicka-farmacie\/\">Klinick\u00e1 farmacie<\/a><\/p>\n<\/div><div class=\"abcfslMT5  abcfslF14 LT-F5\"><span><i class=\"fa-solid fa-envelope\"><\/i>\u00a0&nbsp;<\/span><span class=\"profile-department-link\"><a href=\"mailto:zakovar@nemji.cz\">zakovar@nemji.cz<\/a><\/span><\/div><div class=\"abcfslMT5  abcfslF14 LT-F4\"><span><i class=\"fa-solid fa-phone\"><\/i>\u00a0&nbsp;<\/span><span class=\"profile-department-link\"><a href=\"tel:+420567157623\">+420 567 157 623<\/a><\/span><\/div><\/div><\/div><\/div><div class=\"abcfslItemCntrLst abcfslPadBMB30 abcfClrFix\" style=\"padding-bottom: 0;\"><div class=\"abcfslLstCol abcfslLstCol-4 abcfslImgColLst\"><div class=\"abcfslImgCntrLst abcfslMLRPc\"><img decoding=\"async\"  src=\"\/wp-content\/uploads\/2023\/10\/hofhanzlova-min-796x1024.png\" class=\"ProfileImage\" alt=\"Mgr. Hana Hofhanzlov\u00e1\"  itemprop=\"image\"  \/><\/div><\/div><div class=\"abcfslLstCol abcfslLstCol-8 abcfslTxtColLst\"><div class=\"abcfslTxtCntrLst  abcfslPadLPc5\" style=\"padding-left: 20px;\"><h4 class=\"abcfslF18_6 MP-F1\"><span class=\"abcfslSpanMP2\">Mgr. Hana <\/span><span class=\"abcfslSpanMP1\">Hofhanzlov\u00e1 <\/span><\/h4><h5 class=\"abcfslF14_6 T-F2\">Klinick\u00fd farmaceut<\/h5><div class=\"abcfslMT10  abcfslF14 profile-department-link CE-F8\"><p><a href=\"\/klinicka-farmacie\/\">Klinick\u00e1 farmacie<\/a><\/p>\n<\/div><div class=\"abcfslMT5  abcfslF14 LT-F5\"><span><i class=\"fa-solid fa-envelope\"><\/i>\u00a0&nbsp;<\/span><span class=\"profile-department-link\"><a href=\"mailto:hofhanzlovah@nemji.cz\">hofhanzlovah@nemji.cz<\/a><\/span><\/div><div class=\"abcfslMT5  abcfslF14 LT-F4\"><span><i class=\"fa-solid fa-phone\"><\/i>\u00a0&nbsp;<\/span><span class=\"profile-department-link\"><a href=\"tel:+420567157623\">+420 567 157 623<\/a><\/span><\/div><\/div><\/div><\/div><div class=\"abcfslItemCntrLst abcfslPadBMB30 abcfClrFix\" style=\"padding-bottom: 0;\"><div class=\"abcfslLstCol abcfslLstCol-4 abcfslImgColLst\"><div class=\"abcfslImgCntrLst abcfslMLRPc\"><img decoding=\"async\"  src=\"\/wp-content\/uploads\/2023\/10\/korberova-min-796x1024.png\" class=\"ProfileImage\" alt=\"Mgr. Ivana K\u00f6rberov\u00e1\"  itemprop=\"image\"  \/><\/div><\/div><div class=\"abcfslLstCol abcfslLstCol-8 abcfslTxtColLst\"><div class=\"abcfslTxtCntrLst  abcfslPadLPc5\" style=\"padding-left: 20px;\"><h4 class=\"abcfslF18_6 MP-F1\"><span class=\"abcfslSpanMP2\">Mgr. Ivana <\/span><span class=\"abcfslSpanMP1\">K\u00f6rberov\u00e1 <\/span><\/h4><h5 class=\"abcfslF14_6 T-F2\">Klinick\u00fd farmaceut<\/h5><div class=\"abcfslMT10  abcfslF14 profile-department-link CE-F8\"><p><a href=\"\/klinicka-farmacie\/\">Klinick\u00e1 farmacie<\/a><\/p>\n<\/div><div class=\"abcfslMT5  abcfslF14 LT-F5\"><span><i class=\"fa-solid fa-envelope\"><\/i>\u00a0&nbsp;<\/span><span class=\"profile-department-link\"><a href=\"mailto:korberovai@nemji.cz\">korberovai@nemji.cz<\/a><\/span><\/div><div class=\"abcfslMT5  abcfslF14 LT-F4\"><span><i class=\"fa-solid fa-phone\"><\/i>\u00a0&nbsp;<\/span><span class=\"profile-department-link\"><a href=\"tel:+420567157623\">+420 567 157 623<\/a><\/span><\/div><\/div><\/div><\/div><\/div>\n<\/div>\n\n<div id=\"cmsmasters_divider_lc4q5cug9\" class=\"cl\"><\/div>\n<div class=\"cmsmasters_text\">\n<p><a id=\"konzultacni-hodiny\"><\/a><\/p>\n<\/div>\n<div id=\"cmsmasters_heading_hi6dt40tnv\" class=\"cmsmasters_heading_wrap cmsmasters_heading_align_left\">\n\t<h2 class=\"cmsmasters_heading\">Konzulta\u010dn\u00ed hodiny<\/h2>\n<\/div>\n<div id=\"cmsmasters_divider_q206pc48ce\" class=\"cmsmasters_divider cmsmasters_divider_width_short cmsmasters_divider_pos_left\"><\/div>\n<div class=\"cmsmasters_text ordinacni-hodiny-table\">\n<table style=\"border-collapse: collapse; width: 100%;\" border=\"1\">\n<tbody>\n<tr>\n<td style=\"width: 9.88439%;\"><span style=\"color: #003c56;\"><strong>Pond\u011bl\u00ed:<\/strong><\/span><\/td>\n<td style=\"width: 90.1156%;\">\n<div>7:00 &#8211; 14:00<\/div>\n<\/td>\n<\/tr>\n<tr>\n<td style=\"width: 9.88439%;\"><span style=\"color: #003c56;\"><strong>\u00dater\u00fd:<\/strong><\/span><\/td>\n<td style=\"width: 90.1156%;\">\n<div>7:00 &#8211; 14:00<\/div>\n<\/td>\n<\/tr>\n<tr>\n<td style=\"width: 9.88439%;\"><span style=\"color: #003c56;\"><strong>St\u0159eda:<\/strong><\/span><\/td>\n<td style=\"width: 90.1156%;\">\n<div>7:00 &#8211; 14:00<\/div>\n<\/td>\n<\/tr>\n<tr>\n<td style=\"width: 9.88439%;\"><span style=\"color: #003c56;\"><strong>\u010ctvrtek:<\/strong><\/span><\/td>\n<td style=\"width: 90.1156%;\">\n<div>7:00 &#8211; 14:00<\/div>\n<\/td>\n<\/tr>\n<tr>\n<td style=\"width: 9.88439%;\"><span style=\"color: #003c56;\"><strong>P\u00e1tek:<\/strong><\/span><\/td>\n<td style=\"width: 90.1156%;\">\n<div>7:00 &#8211; 14:00<\/div>\n<\/td>\n<\/tr>\n<\/tbody>\n<\/table>\n<\/div>\n\n<div id=\"cmsmasters_divider_nh9w993rwh\" class=\"cl\"><\/div>\n<div class=\"cmsmasters_text\">\n<p><a id=\"kontaktni-informace\"><\/a><\/p>\n<\/div>\n<div id=\"cmsmasters_heading_5xxarfwhy\" class=\"cmsmasters_heading_wrap cmsmasters_heading_align_left\">\n\t<h2 class=\"cmsmasters_heading\">Kontaktn\u00ed informace<\/h2>\n<\/div>\n<div id=\"cmsmasters_divider_rusg61vdrs\" class=\"cmsmasters_divider cmsmasters_divider_width_short cmsmasters_divider_pos_left\"><\/div>\n<div id=\"cmsmasters_icon_box_9aja2xqzg\" class=\"cmsmasters_icon_box cmsmasters_icon_box_left box_icon_type_icon cmsmasters-icon-phone sidebar-icons-contact\">\n<div class=\"icon_box_inner\">\n<h6 class=\"icon_box_heading\">Objedn\u00e1vky<\/h6>\n<div class=\"icon_box_text\">\n<p><a href=\"tel:+420567157623\">+420 567 157 623<\/a><br \/>\n<a href=\"tel:+420735716125\">+420 735 716 125<\/a><\/p>\n<\/div>\n<\/div>\n<\/div>\n<div id=\"cmsmasters_icon_box_h6jpfgrld9\" class=\"cmsmasters_icon_box cmsmasters_icon_box_left box_icon_type_icon cmsmasters-icon-mail-alt sidebar-icons-contact\">\n<div class=\"icon_box_inner\">\n<h6 class=\"icon_box_heading\">Objedn\u00e1vky<\/h6>\n<div class=\"icon_box_text\">\n<p><a href=\"mailto:klinickafarmacie@nemji.cz\">klinickafarmacie@nemji.cz<\/a><\/p>\n<\/div>\n<\/div>\n<\/div>\n<div id=\"cmsmasters_divider_myfkhkxxn\" class=\"cl\"><\/div>\n<div class=\"cmsmasters_text\">\n<p><a id=\"kde-nas-najdete\"><\/a><\/p>\n<\/div>\n<div id=\"cmsmasters_heading_lyo3n3lbz\" class=\"cmsmasters_heading_wrap cmsmasters_heading_align_left\">\n\t<h2 class=\"cmsmasters_heading\">Kde n\u00e1s najdete<\/h2>\n<\/div>\n<div id=\"cmsmasters_divider_kpd8femfce\" class=\"cmsmasters_divider cmsmasters_divider_width_short cmsmasters_divider_pos_left\"><\/div>\n<div id=\"cmsmasters_icon_box_ebylm81288\" class=\"cmsmasters_icon_box cmsmasters_icon_box_left box_icon_type_icon cmsmasters-icon-location sidebar-icons-contact\">\n<div class=\"icon_box_inner\">\n<h6 class=\"icon_box_heading\">Budova B, p\u0159\u00edzem\u00ed<\/h6>\n<div class=\"icon_box_text\">\n<p>Ambulance klinick\u00e9 farmacie<\/p>\n<\/div>\n<\/div>\n<\/div>\n<div id=\"cmsmasters_icon_box_ehx3mpg697\" class=\"cmsmasters_icon_box cmsmasters_icon_box_left box_icon_type_icon cmsmasters-icon-location sidebar-icons-contact\">\n<div class=\"icon_box_inner\">\n<h6 class=\"icon_box_heading\">Budova D, 2. poschod\u00ed (L\u00e9ka\u0159sk\u00e1 knihovna)<\/h6>\n<div class=\"icon_box_text\">\n<p>Odd\u011blen\u00ed klinick\u00e9 farmacie<\/p>\n<\/div>\n<\/div>\n<\/div>\n<\/div><\/div>\n<\/div>\n<\/div>\n<\/div>\n<\/div>\n<\/div>\n\n","protected":false},"excerpt":{"rendered":"","protected":false},"author":1,"featured_media":22908,"parent":12208,"menu_order":0,"comment_status":"closed","ping_status":"closed","template":"","meta":{"pgc_sgb_lightbox_settings":"","footnotes":"","_links_to":"","_links_to_target":""},"categories":[85],"class_list":["post-22909","page","type-page","status-publish","has-post-thumbnail","hentry","category-page-oddeleni"],"publishpress_future_action":{"enabled":false,"date":"2026-04-17 13:52:46","action":"change-status","newStatus":"draft","terms":[],"taxonomy":"category","extraData":[]},"publishpress_future_workflow_manual_trigger":{"enabledWorkflows":[]},"_links":{"self":[{"href":"https:\/\/www.nemji.cz\/en\/wp-json\/wp\/v2\/pages\/22909","targetHints":{"allow":["GET"]}}],"collection":[{"href":"https:\/\/www.nemji.cz\/en\/wp-json\/wp\/v2\/pages"}],"about":[{"href":"https:\/\/www.nemji.cz\/en\/wp-json\/wp\/v2\/types\/page"}],"author":[{"embeddable":true,"href":"https:\/\/www.nemji.cz\/en\/wp-json\/wp\/v2\/users\/1"}],"replies":[{"embeddable":true,"href":"https:\/\/www.nemji.cz\/en\/wp-json\/wp\/v2\/comments?post=22909"}],"version-history":[{"count":0,"href":"https:\/\/www.nemji.cz\/en\/wp-json\/wp\/v2\/pages\/22909\/revisions"}],"up":[{"embeddable":true,"href":"https:\/\/www.nemji.cz\/en\/wp-json\/wp\/v2\/pages\/12208"}],"wp:featuredmedia":[{"embeddable":true,"href":"https:\/\/www.nemji.cz\/en\/wp-json\/wp\/v2\/media\/22908"}],"wp:attachment":[{"href":"https:\/\/www.nemji.cz\/en\/wp-json\/wp\/v2\/media?parent=22909"}],"wp:term":[{"taxonomy":"category","embeddable":true,"href":"https:\/\/www.nemji.cz\/en\/wp-json\/wp\/v2\/categories?post=22909"}],"curies":[{"name":"wp","href":"https:\/\/api.w.org\/{rel}","templated":true}]}}