{"id":23311,"date":"2023-10-19T12:10:07","date_gmt":"2023-10-19T10:10:07","guid":{"rendered":"https:\/\/nemji.rs-kovarik.cz\/?page_id=23311"},"modified":"2025-07-16T10:44:55","modified_gmt":"2025-07-16T08:44:55","slug":"jihlavska-medicinska-akademie","status":"publish","type":"page","link":"https:\/\/www.nemji.cz\/en\/jihlavska-medicinska-akademie\/","title":{"rendered":"Jihlava Medical Academy"},"content":{"rendered":"<div id=\"cmsmasters_row_ksciwp6ujf\" class=\"cmsmasters_row cmsmasters_color_scheme_default heroblocks cmsmasters_row_top_default cmsmasters_row_bot_default cmsmasters_row_boxed\">\n<div id=\"heroboxes\" class=\"cmsmasters_row_outer_parent\">\n<div class=\"cmsmasters_row_overlay\"><\/div>\n<div class=\"cmsmasters_row_outer\">\n<div class=\"cmsmasters_row_inner\">\n<div class=\"cmsmasters_row_margin\">\n<div id=\"cmsmasters_column_bxgnwqgwt\" class=\"cmsmasters_column one_first\">\n<div class=\"cmsmasters_column_inner\"><div id=\"cmsmasters_heading_mkdgjovddq\" class=\"cmsmasters_heading_wrap cmsmasters_heading_align_center pageheadingtitle\" data-animation=\"fadeIn\" data-delay=\"100\">\n\t<h1 class=\"cmsmasters_heading\">Jihlavsk\u00e1 medic\u00ednsk\u00e1 akademie<\/h1>\n<\/div><div id=\"cmsmasters_heading_gb7vg9rtje\" class=\"cmsmasters_heading_wrap cmsmasters_heading_align_center\" data-animation=\"fadeIn\" data-delay=\"150\">\n\t<h3 class=\"cmsmasters_heading\">Nemocnice Jihlava, p\u0159\u00edsp\u011bvkov\u00e1 organizace<\/h3>\n<\/div>\n<\/div><\/div>\n<\/div>\n<\/div>\n<\/div>\n<\/div>\n<\/div>\n<div id=\"cmsmasters_row_bj7zxjapxj\" class=\"cmsmasters_row cmsmasters_color_scheme_default cmsmasters_row_top_default cmsmasters_row_bot_default cmsmasters_row_boxed\">\n<div class=\"cmsmasters_row_outer_parent\">\n<div class=\"cmsmasters_row_outer\">\n<div class=\"cmsmasters_row_inner\">\n<div class=\"cmsmasters_row_margin\">\n<div id=\"cmsmasters_column_22eksm2374\" class=\"cmsmasters_column one_first\">\n<div class=\"cmsmasters_column_inner\"><div class=\"cmsmasters_text\">\n<p><nav aria-label=\"breadcrumbs\">\n            <div class=\"breadcrumb-container theme1\">\n                <ol>\n                                    <\/ol>\n            <\/div>\n        <\/nav>    <script type=\"application\/ld+json\">\n        {\n            \"@context\": \"http:\/\/schema.org\",\n            \"@type\": \"BreadcrumbList\",\n            \"itemListElement\": [\n                            ]\n        }\n    <\/script>\n   \n    <script>\n            <\/script>\n<\/p>\n<\/div>\n<\/div><\/div>\n<\/div>\n<\/div>\n<\/div>\n<\/div>\n<\/div>\n<div id=\"cmsmasters_row_5gr16na4ms\" class=\"cmsmasters_row cmsmasters_color_scheme_default cmsmasters_row_top_default cmsmasters_row_bot_default cmsmasters_row_boxed\">\n<div class=\"cmsmasters_row_outer_parent\">\n<div class=\"cmsmasters_row_outer\">\n<div class=\"cmsmasters_row_inner\">\n<div class=\"cmsmasters_row_margin\">\n<div id=\"cmsmasters_column_xonfjk045g\" class=\"cmsmasters_column one_third stickyinfocolumn\">\n<div class=\"cmsmasters_column_inner\"><div id=\"cmsmasters_heading_luukg1lxw\" class=\"cmsmasters_heading_wrap cmsmasters_heading_align_center\">\n\t<h3 class=\"cmsmasters_heading\">Jihlavsk\u00e1 medic\u00ednsk\u00e1 akademie<\/h3>\n<\/div>\n<div id=\"cmsmasters_divider_09kab0ikwl\" class=\"cmsmasters_divider cmsmasters_divider_width_short cmsmasters_divider_pos_center\"><\/div>\n<div class=\"cmsmasters_sidebar sidebar_layout_11 sidebar-custom-menu\"><aside id=\"nav_menu-38\" class=\"widget widget_nav_menu\"><div class=\"menu-jimea-container\"><ul id=\"menu-jimea\" class=\"menu\"><li id=\"menu-item-23316\" class=\"static-link menu-item menu-item-type-custom menu-item-object-custom menu-item-23316\"><a href=\"\/jihlavska-medicinska-akademie\/\" data-ps2id-api=\"true\"><i class=\"fa-solid fa-circle-info\"><\/i> Z\u00e1kladn\u00ed informace<\/a><\/li>\n<li id=\"menu-item-23317\" class=\"static-link menu-item menu-item-type-custom menu-item-object-custom menu-item-23317\"><a href=\"\/jihlavska-medicinska-akademie\/rizeni-cinnosti\/\" data-ps2id-api=\"true\"><i class=\"fa-solid fa-users\"><\/i> \u0158\u00edzen\u00ed \u010dinnosti<\/a><\/li>\n<\/ul><\/div><\/aside><div class=\"cl\"><\/div>\n<\/div>\n<\/div><\/div>\n<div id=\"cmsmasters_column_bo0xyc1mnm\" class=\"cmsmasters_column two_third\">\n<div class=\"cmsmasters_column_inner\"><div id=\"cmsmasters_heading_19qdr5f6te\" class=\"cmsmasters_heading_wrap cmsmasters_heading_align_left\">\n\t<h2 class=\"cmsmasters_heading\">Z\u00e1kladn\u00ed informace<\/h2>\n<\/div>\n<div id=\"cmsmasters_divider_55oq46kd3\" class=\"cmsmasters_divider cmsmasters_divider_width_short cmsmasters_divider_pos_left\"><\/div>\n<div class=\"cmsmasters_text\">\n<p>Jihlavsk\u00e1 medic\u00ednsk\u00e1 akademie (JIMEA) je sou\u010d\u00e1st\u00ed Nemocnice Jihlava (NJ), kter\u00e1 ji z\u0159izuje od roku 2015. Roz\u0161i\u0159uje aktivity NJ o vzd\u011bl\u00e1vac\u00ed a v\u00fdchovn\u00e9 \u010dinnosti. Tyto se t\u00fdkaj\u00ed jak l\u00e9ka\u0159sk\u00fdch, tak nel\u00e9ka\u0159sk\u00fdch zdravotnick\u00fdch profes\u00ed.<\/p>\n<p>Posl\u00e1n\u00edm JIMEA je rozv\u00edjet a podporovat tyto \u010dinnosti vedouc\u00ed k zlep\u0161en\u00ed kvality v\u011bdomost\u00ed zdravotnick\u00fdch pracovn\u00edk\u016f a zdravotn\u00ed p\u00e9\u010de.<\/p>\n<p>&nbsp;<\/p>\n<h5><strong>\u010cinnosti JIMEA:<\/strong><\/h5>\n<ul>\n<li>N\u00e1pln\u00ed JIMEA je \u0159\u00edzen\u00ed a organizace medic\u00ednsk\u00e9 v\u00fdchovn\u00e9 a vzd\u011bl\u00e1vac\u00ed \u010dinnosti.<\/li>\n<li>Tato se t\u00fdk\u00e1 jak zam\u011bstnanc\u016f NJ, tak v\u0161ech zdravotnick\u00fdch pracovn\u00edk\u016f Kraje Vyso\u010dina, pota\u017emo cel\u00e9 \u010cesk\u00e9 republiky.<\/li>\n<li>Formy vzd\u011bl\u00e1v\u00e1n\u00ed jsou konference, semin\u00e1\u0159e i publikace vzd\u011bl\u00e1vac\u00edch materi\u00e1l\u016f v ti\u0161t\u011bn\u00e9 i elektronick\u00e9 form\u011b.<\/li>\n<li>Akce jsou navrhov\u00e1ny pracovn\u00edky Nemocnice Jihlava, pracovn\u00edky spolupracuj\u00edc\u00edch subjekt\u016f, nebo jin\u00fdch odborn\u00edk\u016f.<\/li>\n<li>Za\u0159azen\u00ed akce na seznam JIMEA schvaluje v\u011bdeck\u00e1 rada JIMEA.<\/li>\n<li>Aktivn\u00ed \u00fa\u010dastn\u00edci vzd\u011bl\u00e1vac\u00edch akc\u00ed (p\u0159edn\u00e1\u0161ej\u00edc\u00ed) jsou odborn\u00edci z Nemocnice Jihlava, z kraje Vyso\u010dina i z instituc\u00ed \u010cesk\u00e9 republiky.<\/li>\n<li>Program akce p\u0159edlo\u017een\u00ed v\u011bdeck\u00e1 rada JIMEA, zajist\u00ed garant ve spolupr\u00e1ci s koordin\u00e1torem akce.<\/li>\n<li>Akce budou bodov\u011b ohodnoceny p\u0159\u00edslu\u0161n\u00fdmi komorami a \u00fa\u010dastn\u00edci obdr\u017e\u00ed certifik\u00e1t o \u00fa\u010dasti. Zajist\u00ed koordin\u00e1tor akce.<\/li>\n<\/ul>\n<p>&nbsp;<\/p>\n<div id=\"zahlavi\">\n<h5 class=\"cvi text-to-speech\"><strong>Spolupracuj\u00edc\u00ed organizace:<\/strong><\/h5>\n<ul>\n<li>Okresn\u00ed sdru\u017een\u00ed \u010cesk\u00e9 l\u00e9ka\u0159sk\u00e9 komory Jihlava: MUDr. Karel Dvorn\u00edk.<\/li>\n<li>V\u011bdeck\u00e1 rada Nemocnice Jihlava: prim. MUDr. Ond\u0159ej \u0160koda, Ph.D., FESO.<\/li>\n<li>Kraj Vyso\u010dina: Ing. Martin Kukla<\/li>\n<li>Magistr\u00e1t m\u011bsta Jihlavy: Mgr. Petr Ry\u0161ka.<\/li>\n<li>Vysok\u00e1 \u0161kola polytechnick\u00e1 Jihlava: doc. Ing. Zden\u011bk Hor\u00e1k, Ph.D.<\/li>\n<li>L\u00e9ka\u0159sk\u00e1 fakulta Masarykovy univerzity: <span data-teams=\"true\">prof. MUDr. Martin Repko, Ph.D.<\/span><\/li>\n<li>Odborn\u00e9 medic\u00ednsk\u00e9 spole\u010dnosti.<\/li>\n<\/ul>\n<\/div>\n<\/div>\n<\/div><\/div>\n<\/div>\n<\/div>\n<\/div>\n<\/div>\n<\/div>\n\n","protected":false},"excerpt":{"rendered":"","protected":false},"author":1,"featured_media":23378,"parent":0,"menu_order":0,"comment_status":"closed","ping_status":"closed","template":"","meta":{"pgc_sgb_lightbox_settings":"","footnotes":"","_links_to":"","_links_to_target":""},"categories":[],"class_list":["post-23311","page","type-page","status-publish","has-post-thumbnail","hentry"],"publishpress_future_action":{"enabled":false,"date":"2026-04-16 13:36:10","action":"change-status","newStatus":"draft","terms":[],"taxonomy":"category","extraData":[]},"publishpress_future_workflow_manual_trigger":{"enabledWorkflows":[]},"_links":{"self":[{"href":"https:\/\/www.nemji.cz\/en\/wp-json\/wp\/v2\/pages\/23311","targetHints":{"allow":["GET"]}}],"collection":[{"href":"https:\/\/www.nemji.cz\/en\/wp-json\/wp\/v2\/pages"}],"about":[{"href":"https:\/\/www.nemji.cz\/en\/wp-json\/wp\/v2\/types\/page"}],"author":[{"embeddable":true,"href":"https:\/\/www.nemji.cz\/en\/wp-json\/wp\/v2\/users\/1"}],"replies":[{"embeddable":true,"href":"https:\/\/www.nemji.cz\/en\/wp-json\/wp\/v2\/comments?post=23311"}],"version-history":[{"count":0,"href":"https:\/\/www.nemji.cz\/en\/wp-json\/wp\/v2\/pages\/23311\/revisions"}],"wp:featuredmedia":[{"embeddable":true,"href":"https:\/\/www.nemji.cz\/en\/wp-json\/wp\/v2\/media\/23378"}],"wp:attachment":[{"href":"https:\/\/www.nemji.cz\/en\/wp-json\/wp\/v2\/media?parent=23311"}],"wp:term":[{"taxonomy":"category","embeddable":true,"href":"https:\/\/www.nemji.cz\/en\/wp-json\/wp\/v2\/categories?post=23311"}],"curies":[{"name":"wp","href":"https:\/\/api.w.org\/{rel}","templated":true}]}}