{"id":23831,"date":"2023-10-24T11:46:09","date_gmt":"2023-10-24T09:46:09","guid":{"rendered":"https:\/\/nemji.rs-kovarik.cz\/?page_id=23831"},"modified":"2023-11-10T11:00:44","modified_gmt":"2023-11-10T10:00:44","slug":"luzka","status":"publish","type":"page","link":"https:\/\/www.nemji.cz\/en\/oddeleni\/interni-oddeleni\/luzka\/","title":{"rendered":"Inpatient Departments"},"content":{"rendered":"<div id=\"cmsmasters_row_6iluctg3hk\" class=\"cmsmasters_row cmsmasters_color_scheme_default cmsmasters_row_top_default cmsmasters_row_bot_default cmsmasters_row_boxed\">\n<div class=\"cmsmasters_row_outer_parent\">\n<div class=\"cmsmasters_row_overlay\"><\/div>\n<div class=\"cmsmasters_row_outer\">\n<div class=\"cmsmasters_row_inner\">\n<div class=\"cmsmasters_row_margin\">\n<div id=\"cmsmasters_column_sybg7he2sg\" class=\"cmsmasters_column one_first\">\n<div class=\"cmsmasters_column_inner\"><div id=\"cmsmasters_heading_b3c74b95a0\" class=\"cmsmasters_heading_wrap cmsmasters_heading_align_center pageheadingtitle\">\n\t<h1 class=\"cmsmasters_heading\">Intern\u00ed odd\u011blen\u00ed<\/h1>\n<\/div>\n<\/div><\/div>\n<\/div>\n<\/div>\n<\/div>\n<\/div>\n<\/div>\n<div id=\"cmsmasters_row_ly5ze1hf8e\" class=\"cmsmasters_row cmsmasters_color_scheme_default cmsmasters_row_top_default cmsmasters_row_bot_default cmsmasters_row_boxed\">\n<div class=\"cmsmasters_row_outer_parent\">\n<div class=\"cmsmasters_row_outer\">\n<div class=\"cmsmasters_row_inner\">\n<div class=\"cmsmasters_row_margin\">\n<div id=\"cmsmasters_column_v67ee6nvg7\" class=\"cmsmasters_column one_first\">\n<div class=\"cmsmasters_column_inner\"><div class=\"cmsmasters_text\">\n<p><nav aria-label=\"breadcrumbs\">\n            <div class=\"breadcrumb-container theme1\">\n                <ol>\n                                    <\/ol>\n            <\/div>\n        <\/nav>    <script type=\"application\/ld+json\">\n        {\n            \"@context\": \"http:\/\/schema.org\",\n            \"@type\": \"BreadcrumbList\",\n            \"itemListElement\": [\n                            ]\n        }\n    <\/script>\n   \n    <script>\n            <\/script>\n<\/p>\n<\/div>\n<\/div><\/div>\n<\/div>\n<\/div>\n<\/div>\n<\/div>\n<\/div>\n<div id=\"cmsmasters_row_3f2f8816dd\" class=\"cmsmasters_row cmsmasters_color_scheme_default cmsmasters_row_top_default cmsmasters_row_bot_default cmsmasters_row_boxed\">\n<div class=\"cmsmasters_row_outer_parent\">\n<div class=\"cmsmasters_row_outer\">\n<div class=\"cmsmasters_row_inner\">\n<div class=\"cmsmasters_row_margin\">\n<div id=\"cmsmasters_column_0a1c5940f5\" class=\"cmsmasters_column one_third stickyinfocolumn\">\n<div class=\"cmsmasters_column_inner\"><div id=\"cmsmasters_heading_rva6m2t32d\" class=\"cmsmasters_heading_wrap cmsmasters_heading_align_center\">\n\t<h3 class=\"cmsmasters_heading\">Informace o odd\u011blen\u00ed<\/h3>\n<\/div>\n<div id=\"cmsmasters_divider_dpp34mcdj5\" class=\"cmsmasters_divider cmsmasters_divider_width_short cmsmasters_divider_pos_center\"><\/div>\n<div class=\"cmsmasters_sidebar sidebar_layout_11 sidebar-custom-menu\"><aside id=\"nav_menu-42\" class=\"widget widget_nav_menu\"><div class=\"menu-oddeleni-interna-container\"><ul id=\"menu-oddeleni-interna\" class=\"menu\"><li id=\"menu-item-23750\" class=\"menu-item menu-item-type-custom menu-item-object-custom menu-item-23750\"><a href=\"\/oddeleni\/interni-oddeleni\/#popis-oddeleni\" data-ps2id-api=\"true\"><i class=\"fa-solid fa-info\"><\/i> Popis odd\u011blen\u00ed<\/a><\/li>\n<li id=\"menu-item-23751\" class=\"menu-item menu-item-type-custom menu-item-object-custom menu-item-23751\"><a href=\"\/oddeleni\/interni-oddeleni\/#personalni-obsazeni\" data-ps2id-api=\"true\"><i class=\"fa-solid fa-user-doctor\"><\/i> Person\u00e1ln\u00ed obsazen\u00ed<\/a><\/li>\n<li id=\"menu-item-23752\" class=\"menu-item menu-item-type-custom menu-item-object-custom menu-item-23752\"><a href=\"\/oddeleni\/interni-oddeleni\/#ordinacni-hodiny\" data-ps2id-api=\"true\"><i class=\"fa-regular fa-clock\"><\/i> Ordina\u010dn\u00ed hodiny<\/a><\/li>\n<li id=\"menu-item-23753\" class=\"menu-item menu-item-type-custom menu-item-object-custom menu-item-23753\"><a href=\"\/oddeleni\/interni-oddeleni\/#kontaktni-informace\" data-ps2id-api=\"true\"><i class=\"fa-solid fa-phone\"><\/i> Kontaktn\u00ed informace<\/a><\/li>\n<li id=\"menu-item-23754\" class=\"menu-item menu-item-type-custom menu-item-object-custom menu-item-23754\"><a href=\"\/oddeleni\/interni-oddeleni\/#kde-nas-najdete\" data-ps2id-api=\"true\"><i class=\"fa-solid fa-location-dot\"><\/i> Kde n\u00e1s najdete<\/a><\/li>\n<li id=\"menu-item-23755\" class=\"menu-item menu-item-type-custom menu-item-object-custom menu-item-23755\"><a href=\"\/oddeleni\/interni-oddeleni\/#fotogalerie\" data-ps2id-api=\"true\"><i class=\"fa-solid fa-camera\"><\/i> Fotogalerie<\/a><\/li>\n<li id=\"menu-item-23756\" class=\"menu-custom-separator menu-item menu-item-type-custom menu-item-object-custom menu-item-23756\"><hr class=\"mhm-menu-separator\"><\/li>\n<li id=\"menu-item-23757\" class=\"static-link menu-item menu-item-type-custom menu-item-object-custom menu-item-23757\"><a href=\"\/oddeleni\/interni-oddeleni\/ambulance\/\" data-ps2id-api=\"true\"><i class=\"fa-solid fa-house-medical\"><\/i> Ambulance<\/a><\/li>\n<li id=\"menu-item-23758\" class=\"static-link menu-item menu-item-type-custom menu-item-object-custom menu-item-23758\"><a href=\"\/oddeleni\/interni-oddeleni\/luzka\/\" data-ps2id-api=\"true\"><i class=\"fa-solid fa-bed\"><\/i> L\u016f\u017eka<\/a><\/li>\n<li id=\"menu-item-23760\" class=\"static-link menu-item menu-item-type-custom menu-item-object-custom menu-item-23760\"><a href=\"\/oddeleni\/hemodialyza\/\" data-ps2id-api=\"true\"><i class=\"fa-solid fa-heart-circle-plus\"><\/i> Hemodial\u00fdza<\/a><\/li>\n<li id=\"menu-item-23784\" class=\"static-link menu-item menu-item-type-custom menu-item-object-custom menu-item-23784\"><a href=\"\/oddeleni\/gastroenterologicke-pracoviste\/\" data-ps2id-api=\"true\"><i class=\"fa-solid fa-wheat-awn-circle-exclamation\"><\/i> Gastroenterologick\u00e9 pracovi\u0161t\u011b<\/a><\/li>\n<\/ul><\/div><\/aside><div class=\"cl\"><\/div>\n<\/div>\n<\/div><\/div>\n<div id=\"cmsmasters_column_k7vlyuz4yq\" class=\"cmsmasters_column two_third\">\n<div class=\"cmsmasters_column_inner\"><div id=\"cmsmasters_heading_0cx4mcjjyd\" class=\"cmsmasters_heading_wrap cmsmasters_heading_align_left\">\n\t<h2 class=\"cmsmasters_heading\">L\u016f\u017ekov\u00e1 \u010d\u00e1st intern\u00edho odd\u011blen\u00ed<\/h2>\n<\/div>\n<div id=\"cmsmasters_divider_kul4awri6m\" class=\"cmsmasters_divider cmsmasters_divider_width_short cmsmasters_divider_pos_left\"><\/div>\n<div class=\"cmsmasters_text\">\n<style type=\"text\/css\"><\/style><section id='' \n                class='helpie-faq accordions groupSettings-325__enabled' \n                data-collection='' \n                data-pagination='0' \n                data-search='0' \n                data-pagination-enabled='0'\n                role='region'\n                aria-label='FAQ Section'\n                aria-live='polite'><form class=\"search\" onSubmit=\"return false;\"><div class=\"search__wrapper\"><input type=\"text\" class=\"search__input\" aria-label=\"Search\" role=\"searchbox\" placeholder=\"Vyhledat\"><span class=\"search__icon\"><svg class=\"svg-icon--search\" role=\"img\" xmlns=\"http:\/\/www.w3.org\/2000\/svg\" viewBox=\"0 0 22 22\">\r\n                        <g fill=\"none\" stroke=\"#171717\">\r\n                            <path stroke-linecap=\"square\" stroke-width=\"2\" d=\"M18.5 18.3l-5.4-5.4\"\/>\r\n                            <circle cx=\"8\" cy=\"8\" r=\"7\" stroke-width=\"2\"\/>\r\n                        <\/g>\r\n                    <\/svg><\/span><\/div><div class=\"search__message\"><\/div><\/form><article class=\"accordion \"><div class='helpie-faq-row'><div class='helpie-faq-col helpie-faq-col-12' ><ul><li class=\"accordion__item \"><div class=\"accordion__header \" \r\n                id=\"accordion-header-post-23834\"\r\n                role=\"button\"\r\n                aria-expanded=\"false\"\r\n                aria-controls=\"accordion-content-post-23834\"\r\n                data-id=\"post-23834\" \r\n                data-item=\"hfaq-post-23834\" \r\n                style=\"background:transparent;\" \r\n                data-tags=\"\"\r\n                tabindex=\"0\"><div class=\"accordion__title\">Odd\u011blen\u00ed C<\/div><\/div><div id=\"accordion-content-post-23834\" \r\n                class=\"accordion__body\" \r\n                role=\"region\"\r\n                aria-labelledby=\"accordion-header-post-23834\"\r\n                style=\"background:transparent;\"><p>L\u016f\u017ekov\u00e1 \u010d\u00e1st intern\u00edho odd\u011blen\u00ed se nach\u00e1z\u00ed ve 2. podla\u017e\u00ed pavilonu E Nemocnice a disponuje 61 standardn\u00edmi l\u016f\u017eky na 2 stanic\u00edch &#8211; interna C, D. Pokoje jsou 2-3\u00a0\u00a0l\u016f\u017ekov\u00e9, vybaven\u00e9 signaliza\u010dn\u00edm za\u0159\u00edzen\u00edm, centr\u00e1ln\u00edm rozvodem kysl\u00edku a polohovateln\u00fdmi l\u016f\u017eky. Na ka\u017ed\u00e9m odd\u011blen\u00ed jsou 3 pokoje\u00a0 vybaveny samostatn\u00fdm soci\u00e1ln\u00edm za\u0159\u00edzen\u00edm a 1 nadstandardn\u00ed pokoj s vlastn\u00edm soci\u00e1ln\u00edm za\u0159\u00edzen\u00edm, elektricky ovl\u00e1dan\u00fdm l\u016f\u017ekem, televiz\u00ed, \u00a0lednic\u00ed, mo\u017enost\u00ed p\u0159ipojen\u00ed na internet a p\u0159ist\u00fdlkou pro eventu\u00e1ln\u00ed doprovod pacienta.\u00a0\u00a0Odd\u011blen\u00ed C je zam\u011b\u0159eno na problematiku onemocn\u011bn\u00ed tr\u00e1vic\u00edho traktu, chorob \u017el\u00e1z s vnit\u0159n\u00ed sekrec\u00ed a revmatologick\u00e9 nemoci, odd\u011blen\u00ed D na choroby ledvin a diabetes mellitus a jeho komplikace.<\/p>\n<table style=\"border-collapse: collapse;width: 99.2089%;height: 158px\" border=\"1\">\n<tbody>\n<tr style=\"height: 10px\">\n<td style=\"width: 16.9857%;height: 10px\"><strong>Vedouc\u00ed l\u00e9ka\u0159:<\/strong><\/td>\n<td class=\"xl26\" style=\"width: 83.0143%;height: 10px\" width=\"256\">MUDr. Petr Kamen\u00edk<\/td>\n<\/tr>\n<tr style=\"height: 18px\">\n<td style=\"width: 16.9857%;height: 18px\" colspan=\"2\">\n<div>\n<hr \/>\n<\/div>\n<\/td>\n<\/tr>\n<tr style=\"height: 24px\">\n<td style=\"width: 16.9857%;height: 24px\"><strong>Telefon l\u00e9ka\u0159:<\/strong><\/td>\n<td style=\"width: 83.0143%;height: 24px\">+420 567 157 437<\/td>\n<\/tr>\n<tr style=\"height: 18px\">\n<td style=\"width: 16.9857%;height: 18px\" colspan=\"2\">\n<div>\n<hr \/>\n<\/div>\n<\/td>\n<\/tr>\n<tr style=\"height: 24px\">\n<td style=\"width: 16.9857%;height: 24px\"><strong>Stani\u010dn\u00ed sestra:<\/strong><\/td>\n<td style=\"width: 83.0143%;height: 24px\">Lu\u010fka \u0160vecov\u00e1<\/td>\n<\/tr>\n<tr>\n<td style=\"width: 16.9857%\" colspan=\"2\">\n<div>\n<hr \/>\n<\/div>\n<\/td>\n<\/tr>\n<tr>\n<td style=\"width: 16.9857%\"><strong>Telefon sestry:<\/strong><\/td>\n<td style=\"width: 83.0143%\">+420 567 157 106<\/td>\n<\/tr>\n<tr style=\"height: 18px\">\n<td style=\"width: 16.9857%;height: 12px\" colspan=\"2\">\n<div>\n<hr \/>\n<\/div>\n<\/td>\n<\/tr>\n<tr style=\"height: 24px\">\n<td style=\"width: 16.9857%;height: 10px\">\n<div><strong>Doporu\u010den\u00e9 n\u00e1v\u0161t\u011bvn\u00ed hodiny:<\/strong><\/div>\n<\/td>\n<td style=\"width: 83.0143%;height: 10px\">14:00 &#8211; 18:00<\/td>\n<\/tr>\n<tr style=\"height: 18px\">\n<td style=\"width: 16.9857%;height: 18px\" colspan=\"2\">\n<div>\n<hr \/>\n<\/div>\n<\/td>\n<\/tr>\n<tr style=\"height: 24px\">\n<td style=\"width: 16.9857%;height: 24px\"><strong>Kde n\u00e1s najdete:<\/strong><\/td>\n<td style=\"width: 83.0143%;height: 24px\">Budova E,\u00a0 2. poschod\u00ed<\/td>\n<\/tr>\n<\/tbody>\n<\/table>\n<\/div><\/li><li class=\"accordion__item \"><div class=\"accordion__header \" \r\n                id=\"accordion-header-post-23837\"\r\n                role=\"button\"\r\n                aria-expanded=\"false\"\r\n                aria-controls=\"accordion-content-post-23837\"\r\n                data-id=\"post-23837\" \r\n                data-item=\"hfaq-post-23837\" \r\n                style=\"background:transparent;\" \r\n                data-tags=\"\"\r\n                tabindex=\"0\"><div class=\"accordion__title\">Odd\u011blen\u00ed D<\/div><\/div><div id=\"accordion-content-post-23837\" \r\n                class=\"accordion__body\" \r\n                role=\"region\"\r\n                aria-labelledby=\"accordion-header-post-23837\"\r\n                style=\"background:transparent;\"><p>L\u016f\u017ekov\u00e1 \u010d\u00e1st intern\u00edho odd\u011blen\u00ed se nach\u00e1z\u00ed ve 2. podla\u017e\u00ed pavilonu E Nemocnice a disponuje 61 standardn\u00edmi l\u016f\u017eky na 2 stanic\u00edch &#8211; interna C, D. Pokoje jsou 2-3\u00a0\u00a0l\u016f\u017ekov\u00e9, vybaven\u00e9 signaliza\u010dn\u00edm za\u0159\u00edzen\u00edm, centr\u00e1ln\u00edm rozvodem kysl\u00edku a polohovateln\u00fdmi l\u016f\u017eky. Na ka\u017ed\u00e9m odd\u011blen\u00ed jsou 3 pokoje\u00a0 vybaveny samostatn\u00fdm soci\u00e1ln\u00edm za\u0159\u00edzen\u00edm a 1 nadstandardn\u00ed pokoj s vlastn\u00edm soci\u00e1ln\u00edm za\u0159\u00edzen\u00edm, elektricky ovl\u00e1dan\u00fdm l\u016f\u017ekem, televiz\u00ed, \u00a0lednic\u00ed, mo\u017enost\u00ed p\u0159ipojen\u00ed na internet a p\u0159ist\u00fdlkou pro eventu\u00e1ln\u00ed doprovod pacienta.\u00a0\u00a0Odd\u011blen\u00ed C je zam\u011b\u0159eno na problematiku onemocn\u011bn\u00ed tr\u00e1vic\u00edho traktu, chorob \u017el\u00e1z s vnit\u0159n\u00ed sekrec\u00ed a revmatologick\u00e9 nemoci, odd\u011blen\u00ed D na choroby ledvin a diabetes mellitus a jeho komplikace.<\/p>\n<table style=\"border-collapse: collapse;width: 99.2089%;height: 158px\" border=\"1\">\n<tbody>\n<tr style=\"height: 10px\">\n<td style=\"width: 16.9857%;height: 10px\"><strong>Vedouc\u00ed l\u00e9ka\u0159:<\/strong><\/td>\n<td class=\"xl26\" style=\"width: 83.0143%;height: 10px\" width=\"256\">MUDr. Radovan \u0160imco<\/td>\n<\/tr>\n<tr style=\"height: 18px\">\n<td style=\"width: 16.9857%;height: 18px\" colspan=\"2\">\n<div>\n<hr \/>\n<\/div>\n<\/td>\n<\/tr>\n<tr style=\"height: 24px\">\n<td style=\"width: 16.9857%;height: 24px\"><strong>Telefon l\u00e9ka\u0159:<\/strong><\/td>\n<td style=\"width: 83.0143%;height: 24px\">+420 567 157 404<\/td>\n<\/tr>\n<tr style=\"height: 18px\">\n<td style=\"width: 16.9857%;height: 18px\" colspan=\"2\">\n<div>\n<hr \/>\n<\/div>\n<\/td>\n<\/tr>\n<tr style=\"height: 24px\">\n<td style=\"width: 16.9857%;height: 24px\"><strong>Stani\u010dn\u00ed sestra:<\/strong><\/td>\n<td style=\"width: 83.0143%;height: 24px\">Jana Neubauerov\u00e1, DiS.<\/td>\n<\/tr>\n<tr>\n<td style=\"width: 16.9857%\" colspan=\"2\">\n<div>\n<hr \/>\n<\/div>\n<\/td>\n<\/tr>\n<tr>\n<td style=\"width: 16.9857%\"><strong>Telefon sestry:<\/strong><\/td>\n<td style=\"width: 83.0143%\">+420 567 157 638<\/td>\n<\/tr>\n<tr style=\"height: 18px\">\n<td style=\"width: 16.9857%;height: 12px\" colspan=\"2\">\n<div>\n<hr \/>\n<\/div>\n<\/td>\n<\/tr>\n<tr style=\"height: 24px\">\n<td style=\"width: 16.9857%;height: 10px\">\n<div><strong>Doporu\u010den\u00e9 n\u00e1v\u0161t\u011bvn\u00ed hodiny:<\/strong><\/div>\n<\/td>\n<td style=\"width: 83.0143%;height: 10px\">14:00 &#8211; 18:00<\/td>\n<\/tr>\n<tr style=\"height: 18px\">\n<td style=\"width: 16.9857%;height: 18px\" colspan=\"2\">\n<div>\n<hr \/>\n<\/div>\n<\/td>\n<\/tr>\n<tr style=\"height: 24px\">\n<td style=\"width: 16.9857%;height: 24px\"><strong>Kde n\u00e1s najdete:<\/strong><\/td>\n<td style=\"width: 83.0143%;height: 24px\">Budova E,\u00a0 2. poschod\u00ed<\/td>\n<\/tr>\n<\/tbody>\n<\/table>\n<\/div><\/li><li class=\"accordion__item \"><div class=\"accordion__header \" \r\n                id=\"accordion-header-post-23845\"\r\n                role=\"button\"\r\n                aria-expanded=\"false\"\r\n                aria-controls=\"accordion-content-post-23845\"\r\n                data-id=\"post-23845\" \r\n                data-item=\"hfaq-post-23845\" \r\n                style=\"background:transparent;\" \r\n                data-tags=\"\"\r\n                tabindex=\"0\"><div class=\"accordion__title\">JIP<\/div><\/div><div id=\"accordion-content-post-23845\" \r\n                class=\"accordion__body\" \r\n                role=\"region\"\r\n                aria-labelledby=\"accordion-header-post-23845\"\r\n                style=\"background:transparent;\"><p>Jednotka intenzivn\u00ed p\u00e9\u010de\u00a0\u00a0je um\u00edst\u011bna ve\u00a02.podla\u017e\u00ed pavilonu urgentn\u00ed a intenzivn\u00ed medic\u00edny a je ur\u010dena k\u00a0hospitalizaci nemocn\u00fdch se z\u00e1va\u017en\u00fdm onemocn\u011bn\u00edm, p\u0159edev\u0161\u00edm metabolick\u00fdch poruch, septick\u00fdch stav\u016f a selh\u00e1n\u00ed funkce vnit\u0159n\u00edch org\u00e1n\u016f. Disponuje\u00a09 l\u016f\u017eky, z\u00a0nich\u017e 4\u00a0jsou um\u00edst\u011bna v\u00a0samostatn\u00fdch boxech.<\/p>\n<table style=\"border-collapse: collapse;width: 99.2089%;height: 158px\" border=\"1\">\n<tbody>\n<tr style=\"height: 10px\">\n<td style=\"width: 16.9857%;height: 10px\"><strong>Vedouc\u00ed l\u00e9ka\u0159:<\/strong><\/td>\n<td class=\"xl26\" style=\"width: 83.0143%;height: 10px\" width=\"256\">MUDr. Martin Winkler<\/td>\n<\/tr>\n<tr style=\"height: 18px\">\n<td style=\"width: 16.9857%;height: 18px\" colspan=\"2\">\n<div>\n<hr \/>\n<\/div>\n<\/td>\n<\/tr>\n<tr style=\"height: 24px\">\n<td style=\"width: 16.9857%;height: 24px\"><strong>Stani\u010dn\u00ed sestra:<\/strong><\/td>\n<td style=\"width: 83.0143%;height: 24px\">Bc. Jana Pruknerov\u00e1<\/td>\n<\/tr>\n<tr>\n<td style=\"width: 16.9857%\" colspan=\"2\">\n<div>\n<hr \/>\n<\/div>\n<\/td>\n<\/tr>\n<tr>\n<td style=\"width: 16.9857%\"><strong>Telefon:<\/strong><\/td>\n<td style=\"width: 83.0143%\">+420 567 157 173<br \/>\n+420 567 157 174<\/td>\n<\/tr>\n<tr style=\"height: 18px\">\n<td style=\"width: 16.9857%;height: 12px\" colspan=\"2\">\n<div>\n<hr \/>\n<\/div>\n<\/td>\n<\/tr>\n<tr style=\"height: 24px\">\n<td style=\"width: 16.9857%;height: 10px\">\n<div><strong>Doporu\u010den\u00e9 n\u00e1v\u0161t\u011bvn\u00ed hodiny:<\/strong><\/div>\n<\/td>\n<td style=\"width: 83.0143%;height: 10px\">14:00 &#8211; 18:00<\/td>\n<\/tr>\n<tr style=\"height: 18px\">\n<td style=\"width: 16.9857%;height: 18px\" colspan=\"2\">\n<div>\n<hr \/>\n<\/div>\n<\/td>\n<\/tr>\n<tr style=\"height: 24px\">\n<td style=\"width: 16.9857%;height: 24px\"><strong>Kde n\u00e1s najdete:<\/strong><\/td>\n<td style=\"width: 83.0143%;height: 24px\">Budova C1,\u00a0 2. poschod\u00ed<\/td>\n<\/tr>\n<\/tbody>\n<\/table>\n<\/div><\/li><\/ul><\/div><\/div><\/article><\/section>\n<\/div>\n<\/div><\/div>\n<\/div>\n<\/div>\n<\/div>\n<\/div>\n<\/div>\n\n","protected":false},"excerpt":{"rendered":"","protected":false},"author":1,"featured_media":17138,"parent":23748,"menu_order":0,"comment_status":"closed","ping_status":"closed","template":"","meta":{"pgc_sgb_lightbox_settings":"","footnotes":"","_links_to":"","_links_to_target":""},"categories":[85],"class_list":["post-23831","page","type-page","status-publish","has-post-thumbnail","hentry","category-page-oddeleni"],"publishpress_future_action":{"enabled":false,"date":"2026-04-20 07:44:43","action":"change-status","newStatus":"draft","terms":[],"taxonomy":"category","extraData":[]},"publishpress_future_workflow_manual_trigger":{"enabledWorkflows":[]},"_links":{"self":[{"href":"https:\/\/www.nemji.cz\/en\/wp-json\/wp\/v2\/pages\/23831","targetHints":{"allow":["GET"]}}],"collection":[{"href":"https:\/\/www.nemji.cz\/en\/wp-json\/wp\/v2\/pages"}],"about":[{"href":"https:\/\/www.nemji.cz\/en\/wp-json\/wp\/v2\/types\/page"}],"author":[{"embeddable":true,"href":"https:\/\/www.nemji.cz\/en\/wp-json\/wp\/v2\/users\/1"}],"replies":[{"embeddable":true,"href":"https:\/\/www.nemji.cz\/en\/wp-json\/wp\/v2\/comments?post=23831"}],"version-history":[{"count":0,"href":"https:\/\/www.nemji.cz\/en\/wp-json\/wp\/v2\/pages\/23831\/revisions"}],"up":[{"embeddable":true,"href":"https:\/\/www.nemji.cz\/en\/wp-json\/wp\/v2\/pages\/23748"}],"wp:featuredmedia":[{"embeddable":true,"href":"https:\/\/www.nemji.cz\/en\/wp-json\/wp\/v2\/media\/17138"}],"wp:attachment":[{"href":"https:\/\/www.nemji.cz\/en\/wp-json\/wp\/v2\/media?parent=23831"}],"wp:term":[{"taxonomy":"category","embeddable":true,"href":"https:\/\/www.nemji.cz\/en\/wp-json\/wp\/v2\/categories?post=23831"}],"curies":[{"name":"wp","href":"https:\/\/api.w.org\/{rel}","templated":true}]}}