{"id":24231,"date":"2023-10-25T10:41:44","date_gmt":"2023-10-25T08:41:44","guid":{"rendered":"https:\/\/nemji.rs-kovarik.cz\/?page_id=24231"},"modified":"2024-07-09T11:29:21","modified_gmt":"2024-07-09T09:29:21","slug":"prakticke-informace","status":"publish","type":"page","link":"https:\/\/www.nemji.cz\/en\/oddeleni\/centrum-sp-pece\/prakticke-informace\/","title":{"rendered":"Practical information"},"content":{"rendered":"<div id=\"cmsmasters_row_6iluctg3hk\" class=\"cmsmasters_row cmsmasters_color_scheme_default cmsmasters_row_top_default cmsmasters_row_bot_default cmsmasters_row_boxed\">\n<div class=\"cmsmasters_row_outer_parent\">\n<div class=\"cmsmasters_row_overlay\"><\/div>\n<div class=\"cmsmasters_row_outer\">\n<div class=\"cmsmasters_row_inner\">\n<div class=\"cmsmasters_row_margin\">\n<div id=\"cmsmasters_column_sybg7he2sg\" class=\"cmsmasters_column one_first\">\n<div class=\"cmsmasters_column_inner\"><div id=\"cmsmasters_heading_b3c74b95a0\" class=\"cmsmasters_heading_wrap cmsmasters_heading_align_center pageheadingtitle\">\n\t<h1 class=\"cmsmasters_heading\">Praktick\u00e9 infomace<\/h1>\n<\/div>\n<\/div><\/div>\n<\/div>\n<\/div>\n<\/div>\n<\/div>\n<\/div>\n<div id=\"cmsmasters_row_ly5ze1hf8e\" class=\"cmsmasters_row cmsmasters_color_scheme_default cmsmasters_row_top_default cmsmasters_row_bot_default cmsmasters_row_boxed\">\n<div class=\"cmsmasters_row_outer_parent\">\n<div class=\"cmsmasters_row_outer\">\n<div class=\"cmsmasters_row_inner\">\n<div class=\"cmsmasters_row_margin\">\n<div id=\"cmsmasters_column_v67ee6nvg7\" class=\"cmsmasters_column one_first\">\n<div class=\"cmsmasters_column_inner\"><div class=\"cmsmasters_text\">\n<p><nav aria-label=\"breadcrumbs\">\n            <div class=\"breadcrumb-container theme1\">\n                <ol>\n                                    <\/ol>\n            <\/div>\n        <\/nav>    <script type=\"application\/ld+json\">\n        {\n            \"@context\": \"http:\/\/schema.org\",\n            \"@type\": \"BreadcrumbList\",\n            \"itemListElement\": [\n                            ]\n        }\n    <\/script>\n   \n    <script>\n            <\/script>\n<\/p>\n<\/div>\n<\/div><\/div>\n<\/div>\n<\/div>\n<\/div>\n<\/div>\n<\/div>\n<div id=\"cmsmasters_row_3f2f8816dd\" class=\"cmsmasters_row cmsmasters_color_scheme_default cmsmasters_row_top_default cmsmasters_row_bot_default cmsmasters_row_boxed\">\n<div class=\"cmsmasters_row_outer_parent\">\n<div class=\"cmsmasters_row_outer\">\n<div class=\"cmsmasters_row_inner\">\n<div class=\"cmsmasters_row_margin\">\n<div id=\"cmsmasters_column_0a1c5940f5\" class=\"cmsmasters_column one_third stickyinfocolumn\">\n<div class=\"cmsmasters_column_inner\"><div id=\"cmsmasters_heading_rva6m2t32d\" class=\"cmsmasters_heading_wrap cmsmasters_heading_align_center\">\n\t<h3 class=\"cmsmasters_heading\">Informace o odd\u011blen\u00ed<\/h3>\n<\/div>\n<div id=\"cmsmasters_divider_dpp34mcdj5\" class=\"cmsmasters_divider cmsmasters_divider_width_short cmsmasters_divider_pos_center\"><\/div>\n<div class=\"cmsmasters_sidebar sidebar_layout_11 sidebar-custom-menu\"><aside id=\"nav_menu-46\" class=\"widget widget_nav_menu\"><div class=\"menu-centrum-sp-pece-container\"><ul id=\"menu-centrum-sp-pece\" class=\"menu\"><li id=\"menu-item-33864\" class=\"menu-item menu-item-type-custom menu-item-object-custom menu-item-33864\"><a href=\"\/oddeleni\/centrum-sp-pece\/#popis-oddeleni\" data-ps2id-api=\"true\"><i class=\"fa-solid fa-info\"><\/i> Popis odd\u011blen\u00ed<\/a><\/li>\n<li id=\"menu-item-33865\" class=\"menu-item menu-item-type-custom menu-item-object-custom menu-item-33865\"><a href=\"\/oddeleni\/centrum-sp-pece\/#personalni-obsazeni\" data-ps2id-api=\"true\"><i class=\"fa-solid fa-user-doctor\"><\/i> Person\u00e1ln\u00ed obsazen\u00ed<\/a><\/li>\n<li id=\"menu-item-33866\" class=\"menu-item menu-item-type-custom menu-item-object-custom menu-item-33866\"><a href=\"\/oddeleni\/centrum-sp-pece\/#kontaktni-informace\" data-ps2id-api=\"true\"><i class=\"fa-solid fa-phone\"><\/i> Kontaktn\u00ed informace<\/a><\/li>\n<li id=\"menu-item-33867\" class=\"menu-item menu-item-type-custom menu-item-object-custom menu-item-33867\"><a href=\"\/oddeleni\/centrum-sp-pece\/#kde-nas-najdete\" data-ps2id-api=\"true\"><i class=\"fa-solid fa-location-dot\"><\/i> Kde n\u00e1s najdete<\/a><\/li>\n<li id=\"menu-item-33868\" class=\"menu-custom-separator menu-item menu-item-type-custom menu-item-object-custom menu-item-33868\"><hr class=\"mhm-menu-separator\"><\/li>\n<li id=\"menu-item-33869\" class=\"menu-item menu-item-type-custom menu-item-object-custom menu-item-33869\"><a href=\"\/oddeleni\/centrum-sp-pece\/socialnici\/\" data-ps2id-api=\"true\"><i class=\"fa-solid fa-people-pulling\"><\/i>Zdravotn\u011b soci\u00e1ln\u00ed pracovn\u00edci<\/a><\/li>\n<li id=\"menu-item-33870\" class=\"static-link menu-item menu-item-type-custom menu-item-object-custom menu-item-33870\"><a href=\"\/oddeleni\/centrum-sp-pece\/dobrovolnici\/\" data-ps2id-api=\"true\"><i class=\"fa-solid fa-hand-holding-heart\"><\/i>Dobrovoln\u00edci<\/a><\/li>\n<li id=\"menu-item-33887\" class=\"menu-item menu-item-type-custom menu-item-object-custom menu-item-33887\"><a href=\"\/oddeleni\/centrum-sp-pece\/duchovni-pece\" data-ps2id-api=\"true\"><i class=\"fa-solid fa-cross\"><\/i>Duchovn\u00ed p\u00e9\u010de<\/a><\/li>\n<li id=\"menu-item-33871\" class=\"static-link menu-item menu-item-type-custom menu-item-object-custom menu-item-33871\"><a href=\"\/oddeleni\/centrum-sp-pece\/spis\" data-ps2id-api=\"true\"><i class=\"fa-solid fa-hand-holding-hand\"><\/i>SPIS &#8211; krizov\u00e1 intervence<\/a><\/li>\n<li id=\"menu-item-33886\" class=\"menu-item menu-item-type-custom menu-item-object-custom menu-item-33886\"><a href=\"\/oddeleni\/centrum-sp-pece\/Intervize\" data-ps2id-api=\"true\"><i class=\"fa-solid fa-users-viewfinder\"><\/i>Intervize<\/a><\/li>\n<\/ul><\/div><\/aside><div class=\"cl\"><\/div>\n<\/div>\n<\/div><\/div>\n<div id=\"cmsmasters_column_k7vlyuz4yq\" class=\"cmsmasters_column two_third\">\n<div class=\"cmsmasters_column_inner\"><div id=\"cmsmasters_heading_0cx4mcjjyd\" class=\"cmsmasters_heading_wrap cmsmasters_heading_align_left\">\n\t<h2 class=\"cmsmasters_heading\">Praktick\u00e9 informace pro pacienty a p\u0159\u00edbuzn\u00e9<\/h2>\n<\/div>\n<div id=\"cmsmasters_divider_kul4awri6m\" class=\"cmsmasters_divider cmsmasters_divider_width_short cmsmasters_divider_pos_left\"><\/div>\n<div class=\"cmsmasters_text\">\n<h5><strong>Kdy pos\u00edlat d\u016fchod do nemocnice<\/strong><\/h5>\n<p>Z na\u0161ich zku\u0161enost\u00ed doporu\u010dujeme pos\u00edlat d\u016fchod do nemocnice a\u017e po 1 m\u011bs\u00edci hospitalizace.\u00a0Po\u0161ta nech\u00e1v\u00e1 d\u016fchod ulo\u017een 2 m\u011bs\u00edce 20 dn\u00ed od data splatnosti, mo\u017enost vyzvednut\u00ed je na po\u0161t\u011b kdykoliv.\u00a0Jakmile bude d\u016fchod v nemocnici ulo\u017een,\u00a0 dostane pacient doklad o ulo\u017een\u00ed d\u016fchodu na pokladn\u011b nemocnice.<\/p>\n<p>&nbsp;<\/p>\n<p><strong>Pracovn\u00ed doba nemocni\u010dn\u00ed pokladny:<br \/>\n<\/strong><em>Aktu\u00e1ln\u00ed \u010dasy sledujte <a href=\"https:\/\/www.nemji.cz\/informace-pro-pacienty-a-navstevy\/pokladna\/\"><strong><span style=\"text-decoration: underline;\">zde<\/span><\/strong><\/a><\/em><\/p>\n<p><strong>Pond\u011bl\u00ed:\u00a0<\/strong>\u00a0\u00a0\u00a0\u00a0\u00a0\u00a0\u00a0\u00a0\u00a0\u00a0\u00a0\u00a07:00 \u2013 16:00<\/p>\n<p><strong>\u00dater\u00fd:\u00a0<\/strong>\u00a0\u00a0\u00a0\u00a0\u00a0\u00a0\u00a0\u00a0\u00a0\u00a0\u00a0\u00a0\u00a0\u00a0\u00a0\u00a07:00 \u2013 15:00<\/p>\n<p><strong>St\u0159eda<\/strong>:\u00a0\u00a0\u00a0\u00a0\u00a0\u00a0\u00a0\u00a0\u00a0\u00a0\u00a0\u00a0\u00a0\u00a0\u00a07:00 \u2013 16:00<\/p>\n<p><strong>\u010ctvrtek:\u00a0<\/strong>\u00a0 \u00a0 \u00a0 \u00a0 \u00a0 \u00a0 \u00a07:00 \u2013 15:00<\/p>\n<p><strong>P\u00e1tek:\u00a0<\/strong>\u00a0\u00a0\u00a0\u00a0\u00a0\u00a0\u00a0\u00a0\u00a0\u00a0\u00a0\u00a0\u00a0\u00a0\u00a0\u00a07:00 \u2013 15:00<\/p>\n<p>&nbsp;<\/p>\n<h5><strong>P\u0159\u00edsp\u011bvek na p\u00e9\u010di<\/strong><\/h5>\n<ul>\n<li><strong>Formul\u00e1\u0159e MPSV:<\/strong> <a href=\"https:\/\/www.mpsv.cz\/formulare\" target=\"_blank\" rel=\"noopener\">Formul\u00e1\u0159e (mpsv.cz)<\/a><\/li>\n<li><strong>P\u0159\u00edsp\u011bvek na p\u00e9\u010di:<\/strong> <a href=\"https:\/\/www.mpsv.cz\/-\/prispevek-na-peci\" target=\"_blank\" rel=\"noopener\">P\u0159\u00edsp\u011bvek na p\u00e9\u010di (mpsv.cz)<\/a><\/li>\n<li><strong>Formul\u00e1\u0159e OSSZ:<\/strong> <a href=\"https:\/\/eportal.cssz.cz\/tiskopisy\" target=\"_blank\" rel=\"noopener\">Tiskopisy | ePort\u00e1l \u010cSSZ (cssz.cz)<\/a><\/li>\n<li><strong>Dlouhodob\u00e9 o\u0161et\u0159ovn\u00e9:\u00a0<\/strong><a href=\"https:\/\/www.cssz.cz\/dlouhodobe-osetrovne\" target=\"_blank\" rel=\"noopener\">Dlouhodob\u00e9 o\u0161et\u0159ovn\u00e9 &#8211; \u010cesk\u00e1 spr\u00e1va soci\u00e1ln\u00edho zabezpe\u010den\u00ed (cssz.cz)<\/a><\/li>\n<li><strong>Vyso\u010dina pe\u010duje:<\/strong>\u00a0<a href=\"https:\/\/www.vysocinapecuje.cz\">https:\/\/www.vysocinapecuje.cz<\/a><\/li>\n<\/ul>\n<\/div>\n<\/div><\/div>\n<\/div>\n<\/div>\n<\/div>\n<\/div>\n<\/div>\n\n","protected":false},"excerpt":{"rendered":"","protected":false},"author":5,"featured_media":19779,"parent":23833,"menu_order":0,"comment_status":"closed","ping_status":"closed","template":"","meta":{"pgc_sgb_lightbox_settings":"","footnotes":"","_links_to":"","_links_to_target":""},"categories":[85],"class_list":["post-24231","page","type-page","status-publish","has-post-thumbnail","hentry","category-page-oddeleni"],"publishpress_future_action":{"enabled":false,"date":"2026-04-19 16:11:29","action":"change-status","newStatus":"draft","terms":[],"taxonomy":"category","extraData":[]},"publishpress_future_workflow_manual_trigger":{"enabledWorkflows":[]},"_links":{"self":[{"href":"https:\/\/www.nemji.cz\/en\/wp-json\/wp\/v2\/pages\/24231","targetHints":{"allow":["GET"]}}],"collection":[{"href":"https:\/\/www.nemji.cz\/en\/wp-json\/wp\/v2\/pages"}],"about":[{"href":"https:\/\/www.nemji.cz\/en\/wp-json\/wp\/v2\/types\/page"}],"author":[{"embeddable":true,"href":"https:\/\/www.nemji.cz\/en\/wp-json\/wp\/v2\/users\/5"}],"replies":[{"embeddable":true,"href":"https:\/\/www.nemji.cz\/en\/wp-json\/wp\/v2\/comments?post=24231"}],"version-history":[{"count":0,"href":"https:\/\/www.nemji.cz\/en\/wp-json\/wp\/v2\/pages\/24231\/revisions"}],"up":[{"embeddable":true,"href":"https:\/\/www.nemji.cz\/en\/wp-json\/wp\/v2\/pages\/23833"}],"wp:featuredmedia":[{"embeddable":true,"href":"https:\/\/www.nemji.cz\/en\/wp-json\/wp\/v2\/media\/19779"}],"wp:attachment":[{"href":"https:\/\/www.nemji.cz\/en\/wp-json\/wp\/v2\/media?parent=24231"}],"wp:term":[{"taxonomy":"category","embeddable":true,"href":"https:\/\/www.nemji.cz\/en\/wp-json\/wp\/v2\/categories?post=24231"}],"curies":[{"name":"wp","href":"https:\/\/api.w.org\/{rel}","templated":true}]}}