{"id":25609,"date":"2023-11-06T13:08:40","date_gmt":"2023-11-06T12:08:40","guid":{"rendered":"https:\/\/test.nemji.cz\/?page_id=25609"},"modified":"2024-05-10T09:53:52","modified_gmt":"2024-05-10T07:53:52","slug":"informace-pro-pacienty","status":"publish","type":"page","link":"https:\/\/www.nemji.cz\/en\/oddeleni\/oddeleni-nuklearni-mediciny\/informace-pro-pacienty\/","title":{"rendered":"Information for patients"},"content":{"rendered":"<div id=\"cmsmasters_row_6iluctg3hk\" class=\"cmsmasters_row cmsmasters_color_scheme_default cmsmasters_row_top_default cmsmasters_row_bot_default cmsmasters_row_boxed\">\n<div class=\"cmsmasters_row_outer_parent\">\n<div class=\"cmsmasters_row_overlay\"><\/div>\n<div class=\"cmsmasters_row_outer\">\n<div class=\"cmsmasters_row_inner\">\n<div class=\"cmsmasters_row_margin\">\n<div id=\"cmsmasters_column_sybg7he2sg\" class=\"cmsmasters_column one_first\">\n<div class=\"cmsmasters_column_inner\"><div id=\"cmsmasters_heading_b3c74b95a0\" class=\"cmsmasters_heading_wrap cmsmasters_heading_align_center pageheadingtitle\">\n\t<h1 class=\"cmsmasters_heading\">Odd\u011blen\u00ed nukle\u00e1rn\u00ed medic\u00edny<\/h1>\n<\/div>\n<\/div><\/div>\n<\/div>\n<\/div>\n<\/div>\n<\/div>\n<\/div>\n<div id=\"cmsmasters_row_ly5ze1hf8e\" class=\"cmsmasters_row cmsmasters_color_scheme_default cmsmasters_row_top_default cmsmasters_row_bot_default cmsmasters_row_boxed\">\n<div class=\"cmsmasters_row_outer_parent\">\n<div class=\"cmsmasters_row_outer\">\n<div class=\"cmsmasters_row_inner\">\n<div class=\"cmsmasters_row_margin\">\n<div id=\"cmsmasters_column_v67ee6nvg7\" class=\"cmsmasters_column one_first\">\n<div class=\"cmsmasters_column_inner\"><div class=\"cmsmasters_text\">\n<p><nav aria-label=\"breadcrumbs\">\n            <div class=\"breadcrumb-container theme1\">\n                <ol>\n                                    <\/ol>\n            <\/div>\n        <\/nav>    <script type=\"application\/ld+json\">\n        {\n            \"@context\": \"http:\/\/schema.org\",\n            \"@type\": \"BreadcrumbList\",\n            \"itemListElement\": [\n                            ]\n        }\n    <\/script>\n   \n    <script>\n            <\/script>\n<\/p>\n<\/div>\n<\/div><\/div>\n<\/div>\n<\/div>\n<\/div>\n<\/div>\n<\/div>\n<div id=\"cmsmasters_row_3f2f8816dd\" class=\"cmsmasters_row cmsmasters_color_scheme_default cmsmasters_row_top_default cmsmasters_row_bot_default cmsmasters_row_boxed\">\n<div class=\"cmsmasters_row_outer_parent\">\n<div class=\"cmsmasters_row_outer\">\n<div class=\"cmsmasters_row_inner\">\n<div class=\"cmsmasters_row_margin\">\n<div id=\"cmsmasters_column_0a1c5940f5\" class=\"cmsmasters_column one_third stickyinfocolumn\">\n<div class=\"cmsmasters_column_inner\"><div id=\"cmsmasters_heading_rva6m2t32d\" class=\"cmsmasters_heading_wrap cmsmasters_heading_align_center\">\n\t<h3 class=\"cmsmasters_heading\">Informace o odd\u011blen\u00ed<\/h3>\n<\/div>\n<div id=\"cmsmasters_divider_dpp34mcdj5\" class=\"cmsmasters_divider cmsmasters_divider_width_short cmsmasters_divider_pos_center\"><\/div>\n<div class=\"cmsmasters_sidebar sidebar_layout_11 sidebar-custom-menu\"><aside id=\"nav_menu-54\" class=\"widget widget_nav_menu\"><div class=\"menu-oddeleni-onm-container\"><ul id=\"menu-oddeleni-onm\" class=\"menu\"><li id=\"menu-item-25590\" class=\"menu-item menu-item-type-custom menu-item-object-custom menu-item-25590\"><a href=\"\/oddeleni\/oddeleni-nuklearni-mediciny\/#popis-oddeleni\" data-ps2id-api=\"true\"><i class=\"fa-solid fa-info\"><\/i> Popis odd\u011blen\u00ed<\/a><\/li>\n<li id=\"menu-item-25591\" class=\"menu-item menu-item-type-custom menu-item-object-custom menu-item-25591\"><a href=\"\/oddeleni\/oddeleni-nuklearni-mediciny\/#personalni-obsazeni\" data-ps2id-api=\"true\"><i class=\"fa-solid fa-user-doctor\"><\/i> Person\u00e1ln\u00ed obsazen\u00ed<\/a><\/li>\n<li id=\"menu-item-25592\" class=\"menu-item menu-item-type-custom menu-item-object-custom menu-item-25592\"><a href=\"\/oddeleni\/oddeleni-nuklearni-mediciny\/#oteviraci-hodiny\" data-ps2id-api=\"true\"><i class=\"fa-regular fa-clock\"><\/i> Ordina\u010dn\u00ed hodiny<\/a><\/li>\n<li id=\"menu-item-25593\" class=\"menu-item menu-item-type-custom menu-item-object-custom menu-item-25593\"><a href=\"\/oddeleni\/oddeleni-nuklearni-mediciny\/#kontaktni-informace\" data-ps2id-api=\"true\"><i class=\"fa-solid fa-phone\"><\/i> Kontaktn\u00ed informace<\/a><\/li>\n<li id=\"menu-item-25594\" class=\"menu-item menu-item-type-custom menu-item-object-custom menu-item-25594\"><a href=\"\/oddeleni\/oddeleni-nuklearni-mediciny\/#kde-nas-najdete\" data-ps2id-api=\"true\"><i class=\"fa-solid fa-location-dot\"><\/i> Kde n\u00e1s najdete<\/a><\/li>\n<li id=\"menu-item-25595\" class=\"menu-item menu-item-type-custom menu-item-object-custom menu-item-25595\"><a href=\"\/oddeleni\/oddeleni-nuklearni-mediciny\/#fotogalerie\" data-ps2id-api=\"true\"><i class=\"fa-solid fa-camera\"><\/i> Fotogalerie<\/a><\/li>\n<li id=\"menu-item-25596\" class=\"menu-custom-separator menu-item menu-item-type-custom menu-item-object-custom menu-item-25596\"><hr class=\"mhm-menu-separator\"><\/li>\n<li id=\"menu-item-25597\" class=\"static-link menu-item menu-item-type-custom menu-item-object-custom menu-item-25597\"><a href=\"\/oddeleni\/oddeleni-nuklearni-mediciny\/seznam-vysetreni-onm\/\" data-ps2id-api=\"true\"><i class=\"fa-solid fa-stethoscope\"><\/i> Seznam vy\u0161et\u0159en\u00ed ONM<\/a><\/li>\n<li id=\"menu-item-25598\" class=\"static-link menu-item menu-item-type-custom menu-item-object-custom menu-item-25598\"><a href=\"\/oddeleni\/oddeleni-nuklearni-mediciny\/informace-pro-lekare\/\" data-ps2id-api=\"true\"><i class=\"fa-solid fa-circle-info\"><\/i>Informace pro l\u00e9ka\u0159e<\/a><\/li>\n<li id=\"menu-item-25599\" class=\"static-link menu-item menu-item-type-custom menu-item-object-custom menu-item-25599\"><a href=\"\/oddeleni\/oddeleni-nuklearni-mediciny\/informace-pro-pacienty\/\" data-ps2id-api=\"true\"><i class=\"fa-solid fa-clipboard-check\"><\/i> Informace pro pacienty<\/a><\/li>\n<li id=\"menu-item-25637\" class=\"static-link menu-item menu-item-type-custom menu-item-object-custom menu-item-25637\"><a href=\"\/oddeleni\/oddeleni-nuklearni-mediciny\/zadanky-na-vysetreni\/\" data-ps2id-api=\"true\"><i class=\"fa-solid fa-clipboard-list\"><\/i>\u017d\u00e1danky na vy\u0161et\u0159en\u00ed<\/a><\/li>\n<\/ul><\/div><\/aside><div class=\"cl\"><\/div>\n<\/div>\n<\/div><\/div>\n<div id=\"cmsmasters_column_k7vlyuz4yq\" class=\"cmsmasters_column two_third\">\n<div class=\"cmsmasters_column_inner\"><div id=\"cmsmasters_heading_0cx4mcjjyd\" class=\"cmsmasters_heading_wrap cmsmasters_heading_align_left\">\n\t<h2 class=\"cmsmasters_heading\">Informace pro pacienty<\/h2>\n<\/div>\n<div id=\"cmsmasters_divider_kul4awri6m\" class=\"cmsmasters_divider cmsmasters_divider_width_short cmsmasters_divider_pos_left\"><\/div>\n<div class=\"cmsmasters_text\">\n<h5><strong>P\u0159\u00edprava a pou\u010den\u00ed pacienta na vy\u0161et\u0159en\u00ed PET\/CT trupu<\/strong><\/h5>\n<p>V\u00e1\u017een\u00e1 pan\u00ed, v\u00e1\u017een\u00fd pane!<br \/>\nO\u0161et\u0159uj\u00edc\u00ed l\u00e9ka\u0159 V\u00e1s objednal na vy\u0161et\u0159en\u00ed PET\/CT. Toto vy\u0161et\u0159en\u00ed je n\u00e1ro\u010dn\u00e9 na spr\u00e1vnou p\u0159\u00edpravu, proto si pozorn\u011b pro\u010dt\u011bte n\u00e1sleduj\u00edc\u00ed informace a pokyny.\u00a0 Na dodr\u017een\u00ed p\u0159\u00edpravy je z\u00e1visl\u00e1 kvalita vy\u0161et\u0159en\u00ed a takto i p\u0159\u00ednos pro Va\u0161i diagn\u00f3zu\u00a0 a\u00a0 p\u0159\u00edpadnou dal\u0161\u00ed l\u00e9\u010dbu.<\/p>\n<p>&nbsp;<\/p>\n<h5><strong>Z\u00e1kladn\u00ed informace o vy\u0161et\u0159en\u00ed<\/strong><\/h5>\n<p>PET\/CT je specializovan\u00e9 tzv. hybridn\u00ed vy\u0161et\u0159en\u00ed, p\u0159i kter\u00e9m PET\u00a0 pod\u00e1 informaci o funkci tk\u00e1n\u00ed a t\u00e9m\u011b\u0159 sou\u010dasn\u011b zhotoven\u00e9 CT poskytne informaci o struktu\u0159e jednotliv\u00fdch tk\u00e1n\u00ed, ev. org\u00e1n\u016f.\u00a0 PET = pozitronov\u00e1 emisn\u00ed tomografie, kdy se p\u0159ed vy\u0161et\u0159en\u00edm pod\u00e1 pacientovi nitro\u017eiln\u011b radiofarmakum (18 F \u2013 FDG = fluoro-deoxy-glukoza). Gluk\u00f3za\u00a0 zna\u010den\u00e1 radioaktivn\u00edm fluorem je p\u0159ednostn\u011b v organizmu vychyt\u00e1v\u00e1na\u00a0 v bu\u0148k\u00e1ch se zv\u00fd\u0161enou pot\u0159ebou energie, jej\u00edm\u017e je zdrojem. Radioaktivn\u00ed l\u00e1tka, kter\u00e1 je na gluk\u00f3zu v\u00e1z\u00e1na, pak je PET p\u0159\u00edstrojem detektov\u00e1na. Z\u00edskan\u00e1 data se p\u0159ev\u00e1d\u011bj\u00ed do zobrazen\u00ed, a tak lze p\u0159esn\u011b zjistit lo\u017eiska \u010di oblasti v t\u011ble, kter\u00e1 maj\u00ed zv\u00fd\u0161enou pot\u0159ebu energie (nap\u0159. jako projev z\u00e1n\u011btu, n\u00e1doru\u2026).\u00a0 Na z\u00e1klad\u011b srovn\u00e1n\u00ed vy\u0161et\u0159en\u00ed PET s t\u00e9m\u011b\u0159 sou\u010dasn\u011b zhotoven\u00fdm \u00a0CT vy\u0161et\u0159en\u00edm\u00a0 (tzv. f\u00faze PET\/CT) lze pak tato lo\u017eiska zcela p\u0159esn\u011b lokalizovat. Kombinace t\u011bchto dvou technologi\u00ed je z\u00e1sadn\u00edm p\u0159\u00ednosem vy\u0161et\u0159en\u00ed.<\/p>\n<p>&nbsp;<\/p>\n<h5><strong>P\u0159\u00edprava pacienta p\u0159ed vy\u0161et\u0159en\u00edm<\/strong><\/h5>\n<p>*\u00a0<span style=\"font-size: 14px;\"><strong>Odes\u00edlaj\u00edc\u00ed l\u00e9ka\u0159\u00a0vypln\u00ed\u00a0 s\u00a0pacientem s\u00a0p\u0159edstihem \u017e\u00e1danku na vy\u0161et\u0159en\u00ed\u00a0PET\/CT<\/strong><\/span>,\u00a0kde mus\u00ed b\u00fdt uvedeny n\u00e1sleduj\u00edc\u00ed skute\u010dnosti: informace o alergi\u00edch, o tom, zda se pacient l\u00e9\u010d\u00ed s\u00a0cukrovkou v\u010detn\u011b\u00a0 informac\u00ed o l\u00e9\u010db\u011b, zda m\u00e1 poruchu jater, ledvin, \u010di funkce \u0161t\u00edtn\u00e9 \u017el\u00e1zy. Je nutno uv\u00e9st i \u00fadaje o p\u0159edchoz\u00ed\u00a0 chemoterapii a radioterapii, pop\u0159. operaci\u00a0 v\u010detn\u011b \u010dasov\u00e9ho odstupu od t\u011bchto v\u00fdkon\u016f.\u00a0 Pokud se jedn\u00e1 o \u017eeny, d\u016fle\u017eit\u00e1 je informace o p\u0159\u00edpadn\u00e9m t\u011bhotenstv\u00ed, anebo kojen\u00ed. Trp\u00ed-li pacient klaustrofobi\u00ed (chorobn\u00fdm strachem z\u00a0uzav\u0159en\u00e9ho prostoru), nesm\u00ed zapomenout i na tento \u00fadaj. Pokud si pacient po vypln\u011bn\u00ed \u017e\u00e1danky pozd\u011bji na n\u011bco vzpomene, je mo\u017eno doplnit \u00fadaje i p\u0159ed vy\u0161et\u0159en\u00edm PET\/CT p\u0159i kontaktu s\u00a0pracovnic\u00ed\u00a0 kartot\u00e9ky odd\u011blen\u00ed nukle\u00e1rn\u00ed medic\u00edny.<\/p>\n<p>* <span style=\"font-size: 14px;\"><strong>Pacient bude 1-2 dny p\u0159ed term\u00ednem vy\u0161et\u0159en\u00ed kontaktov\u00e1n pracovi\u0161t\u011bm PET\/CT pro kontrolu<\/strong><\/span>, zda je term\u00edn platn\u00fd a bude mu up\u0159esn\u011bn \u010das vy\u0161et\u0159en\u00ed. Proto mus\u00ed m\u00edt pacient mobil v\u017edy zapnut a nosit jej u sebe!<\/p>\n<p>&nbsp;<\/p>\n<h5><strong>K\u00a0zaji\u0161t\u011bn\u00ed dostate\u010dn\u00e9 v\u00fdt\u011b\u017enosti PET \/CT je nutn\u00e9:<\/strong><\/h5>\n<ul>\n<li><span style=\"font-size: 14px;\"><strong>2 dny p\u0159ed vy\u0161et\u0159en\u00edm se vyvarovat t\u011b\u017ek\u00e9 fyzick\u00e9 n\u00e1mahy<\/strong><\/span> (nap\u0159. no\u0161en\u00ed b\u0159emen, \u00faklid dom\u00e1cnosti, sport, posilovna, dlouh\u00e9 vych\u00e1zky, j\u00edzda na kole atd.) a v den vy\u0161et\u0159en\u00ed pak fyzickou n\u00e1mahu zcela minimalizovat.<\/li>\n<li><span style=\"font-size: 14px;\"><strong>1 den p\u0159ed vy\u0161et\u0159en\u00edm j\u00edst jen lehk\u00e1 a m\u00e1lo kalorick\u00e1 j\u00eddla<\/strong><\/span> (zvl. se vyvarovat\u00a0 sladk\u00fdch a tu\u010dn\u00fdch pokrm\u016f. Pozor- brambory a t\u011bstoviny obsahuj\u00ed rovn\u011b\u017e cukry). Doporu\u010dujeme j\u00edst jen zeleninu, libov\u00e9 maso, vejce.<\/li>\n<li>Nejm\u00e9n\u011b 6 hodin p\u0159ed vy\u0161et\u0159en\u00edm la\u010dnit (z\u00e1kaz plat\u00ed i pro bonbony, \u017ev\u00fdka\u010dku, pastilky apod.).<\/li>\n<li><span style=\"font-size: 14px;\"><strong>P\u0159ed vy\u0161et\u0159en\u00edm p\u00edt dostate\u010dn\u00e9 mno\u017estv\u00ed\u00a0 tekutin<\/strong><\/span>, v pr\u016fb\u011bhu 2 hodin p\u0159ed vy\u0161et\u0159en\u00edm doporu\u010dujeme vyp\u00edt alespo\u0148 1 litr tekutin (vhodn\u00e9 jsou n\u00e1poje bez kalorick\u00e9 hodnoty- nap\u0159. voda, neslazen\u00fd \u010daj. Nevhodn\u00e9 jsou\u00a0 slazen\u00e9 n\u00e1poje, ml\u00e9ko, alkohol v\u010detn\u011b piva \u2013 i nealkoholick\u00e9ho).<\/li>\n<li><span style=\"font-size: 14px;\"><strong>D\u016fle\u017eit\u00e9 je b\u00fdt alespo\u0148 30-60 minut p\u0159ed vy\u0161et\u0159en\u00edm v teple<\/strong><\/span> (v zim\u011b se dob\u0159e obl\u00e9ci a v l\u00e9t\u011b nepou\u017e\u00edvat klimatizaci !). Doporu\u010dujeme b\u00fdt na odd\u011blen\u00ed nukle\u00e1rn\u00ed medic\u00edny p\u016fl hodiny p\u0159ed pl\u00e1novan\u00fdm vy\u0161et\u0159en\u00edm a optimalizovat teplotu t\u011bla.<\/li>\n<li><span style=\"font-size: 14px;\"><strong>U pacient\u016f s cukrovkou je nutno p\u0159ed vy\u0161et\u0159en\u00edm upravit re\u017eim l\u00e9\u010dby<\/strong><\/span> &#8211; u pacient\u016f jen na diet\u011b plat\u00ed stejn\u00e1 p\u0159\u00edprava jako u pacient\u016f bez cukrovky u pacient\u016f s l\u00e9\u010dbou PAD (tabletami) je nutno tyto l\u00e9ky vynechat v den vy\u0161et\u0159en\u00ed a obvykle 48 hodin po vy\u0161et\u0159en\u00ed \u2013 podle doporu\u010den\u00ed indikuj\u00edc\u00edho l\u00e9ka\u0159e! Jedn\u00e1 se nap\u0159. o tyto prepar\u00e1ty : Adimet, Avandamet, Competact, Diaphage, Ecureas, Glibomet, Glucophage, Glucovance, Glumestan, Janumet, Langerin, Metfirex, Metfogamma, Metformin, Normaglyc, Siofor, Stadamet, dal\u0161\u00ed p\u0159\u00edprava jako u pacient\u016f bez cukrovky.<br \/>\n&#8211; P<span style=\"font-size: 14px;\"><strong>\u0159i l\u00e9\u010db\u011b inzul\u00ednem\u00a0pacient r\u00e1no v\u00a0den vy\u0161et\u0159en\u00ed nej\u00ed a neu\u017e\u00edv\u00e1 inzulin<\/strong><\/span>. Rann\u00ed d\u00e1vku inzulinu spolu se sn\u00eddan\u00ed si vezme s\u00a0sebou na na\u0161e odd\u011blen\u00ed a po vy\u0161et\u0159en\u00ed si aplikuje inzul\u00edn a nasn\u00edd\u00e1 se. Jinak je p\u0159\u00edprava shodn\u00e1 jako u pacient\u016f bez cukrovky.<\/li>\n<\/ul>\n<ul>\n<li><span style=\"font-size: 14px;\"><strong>Odeslal-li V\u00e1s l\u00e9ka\u0159 na vy\u0161et\u0159en\u00ed PET\/CT pro podez\u0159en\u00ed na infek\u010dn\u00ed endokarditidu \u010di sarkoid\u00f3zu<\/strong><\/span> (zejm\u00e9na k vylou\u010den\u00ed posti\u017een\u00ed srdce) je nutno 24-12 hodin p\u0159ed vy\u0161et\u0159en\u00edm dodr\u017eet dietu bohatou na tuky (nap\u0159. maso, masov\u00fd v\u00fdvar, tvrd\u00e9 s\u00fdry, vejce\u2026) s vylou\u010den\u00edm cukr\u016f v\u010detn\u011b polysacharid\u016f (tj. knedl\u00edky, pe\u010divo, t\u011bstoviny, r\u00fd\u017ee, brambory\u2026). 12 hodin p\u0159ed vy\u0161et\u0159en\u00edm je nutno la\u010dnit, v tuto dobu je nutno v\u00edce p\u00edt (op\u011bt neslazen\u00e9 tekutiny, ev. ho\u0159k\u00fd \u010daj).<\/li>\n<li><span style=\"font-size: 14px;\"><strong>U\u017e\u00edv\u00e1n\u00ed l\u00e9k\u016f p\u0159ed vy\u0161et\u0159en\u00edm se nem\u011bn\u00ed<\/strong><\/span>, krom\u011b ji\u017e v\u00fd\u0161e zm\u00edn\u011bn\u00fdch PAD u diabetik\u016f.<\/li>\n<\/ul>\n<p>&nbsp;<\/p>\n<h5><strong>Pr\u016fb\u011bh vy\u0161et\u0159en\u00ed<\/strong><\/h5>\n<ul>\n<li><span style=\"font-size: 14px;\"><strong>Bezprost\u0159edn\u011b\u00a0 p\u0159ed vy\u0161et\u0159en\u00edm<\/strong><\/span> bude ka\u017ed\u00e9mu pacientovi nejprve zm\u011b\u0159ena hladina glykemie z kapky krve odebran\u00e9 po vpichu do prstu. Pokud nebude hodnota p\u0159\u00edli\u0161 vysok\u00e1,\u00a0 za\u010dne se s vy\u0161et\u0159ov\u00e1n\u00edm (pokud m\u00e1 pacient \u2013 diabetik dlouhodob\u011b vysok\u00e9 hladiny glykemie, mus\u00ed b\u00fdt nejd\u0159\u00edve l\u00e9\u010den diabetologem, teprve po \u00faprav\u011b hladin glykemie mo\u017eno p\u0159istoupit k vy\u0161et\u0159en\u00ed PET\/CT). V den vy\u0161et\u0159en\u00ed bude nejprve pod\u00e1na nitro\u017eiln\u011b injekce s radioaktivn\u00ed gluk\u00f3zou. Po asi hodinov\u00e9m intervalu od injekce se za\u010dne s vy\u0161et\u0159ov\u00e1n\u00edm. Je zapot\u0159eb\u00ed odlo\u017eit v\u0161echny kovov\u00e9\u00a0 dopl\u0148ky. V poloze na z\u00e1dech pacient proj\u00ed\u017ed\u00ed pomalu prstencem p\u0159\u00edstroje, ve kter\u00e9m jsou detektory.<\/li>\n<li><span style=\"font-size: 14px;\"><strong>Sn\u00edm\u00e1n\u00ed bude trvat asi 30 minut <\/strong><\/span>a je nezbytn\u00e9 le\u017eet klidn\u011b b\u011bhem cel\u00e9 doby vy\u0161et\u0159en\u00ed.<\/li>\n<li><span style=\"font-size: 14px;\"><strong>V\u00fdsledky vy\u0161et\u0159en\u00ed sd\u011bl\u00ed pacientovi l\u00e9ka\u0159, kter\u00fd jej na vy\u0161et\u0159en\u00ed odeslal!<\/strong><\/span><\/li>\n<\/ul>\n<p>&nbsp;<\/p>\n<h5><strong>Praktick\u00e1 doporu\u010den\u00ed:<\/strong><\/h5>\n<ul>\n<li>Na odd\u011blen\u00ed nukle\u00e1rn\u00ed medic\u00edny p\u0159ij\u010fte s \u010dasovou rezervou.<\/li>\n<li>V\u00e1\u0161 doprovod nesm\u00ed tvo\u0159it t\u011bhotn\u00e9 \u017eeny \u010di d\u011bti.<\/li>\n<li>P\u0159ed a po vy\u0161et\u0159en\u00ed\u00a0 dbejte na dostate\u010dn\u00e9 zavodn\u011bn\u00ed (1litr tekutin p\u0159ed\u00a0 vy\u0161et\u0159en\u00edm a 1 litr po vy\u0161et\u0159en\u00ed).<\/li>\n<li>K vy\u0161et\u0159en\u00ed zvolte pohodln\u00e9 oble\u010den\u00ed, bez kovov\u00fdch sou\u010d\u00e1st\u00ed (u \u017een doporu\u010dujeme podprsenku bez kostic a h\u00e1\u010dk\u016f).<\/li>\n<li>Vezm\u011bte si s sebou \u010distou vodu, sva\u010dinu a pop\u0159. l\u00e9ky, kter\u00e9 u\u017e\u00edv\u00e1te. Na odd\u011blen\u00ed nukle\u00e1rn\u00ed medic\u00edny se zdr\u017e\u00edte pravd\u011bpodobn\u011b\u00a0 celkov\u011b kolem t\u0159\u00ed hodin.<\/li>\n<li>N\u00e1vrat do pr\u00e1ce nen\u00ed omezen (pokud nepracujete s t\u011bhotn\u00fdmi \u017eenami anebo d\u011btmi, v tomto p\u0159\u00edpad\u011b dostanete na kartot\u00e9ce na\u0161eho odd\u011blen\u00ed potvrzen\u00ed).<\/li>\n<li>Po dobu 12 hodin po vy\u0161et\u0159en\u00ed PET\/CT se zdr\u017ete bl\u00edzk\u00e9ho kontaktu s d\u011btmi a t\u011bhotn\u00fdmi \u017eenami.<\/li>\n<li>U koj\u00edc\u00edch matek je nutno po vy\u0161et\u0159en\u00ed PET\/CT ml\u00e9ko nejm\u00e9n\u011b 12 hodin odst\u0159\u00edk\u00e1vat a pokud mo\u017eno, zdr\u017eet se kontaktu s d\u00edt\u011btem op\u011bt alespo\u0148 12 hodin.<\/li>\n<li>Pokud budete bezprost\u0159edn\u011b po vy\u0161et\u0159en\u00ed cestovat do ciziny, po\u017e\u00e1dejte recepci na\u0161eho odd\u011blen\u00ed o potvrzen\u00ed \u201eO aplikaci radioaktivn\u00ed l\u00e1tky\u201c, abyste p\u0159ede\u0161li p\u0159\u00edpadn\u00fdm komplikac\u00edm na leti\u0161ti \u010di hranic\u00edch.<\/li>\n<li>Pokud p\u0159ijedete sanitn\u00edm vozem, mus\u00edte m\u00edt s sebou i p\u0159\u00edkaz k transportu na cestu zp\u011bt!<\/li>\n<\/ul>\n<p><span style=\"font-size: 14px;\"><strong>Radioaktivn\u00ed l\u00e1tka pro Va\u0161e vy\u0161et\u0159en\u00ed je objedn\u00e1v\u00e1na p\u0159edem a cel\u00e9 vy\u0161et\u0159en\u00ed je finan\u010dn\u011b n\u00e1kladn\u00e9<\/strong><\/span>.<span style=\"font-size: 14px;\"><strong> Pokud se z\u00a0v\u00e1\u017en\u00fdch d\u016fvod\u016f nem\u016f\u017eete na vy\u0161et\u0159en\u00ed dostavit, co nejd\u0159\u00edve sd\u011blte tuto skute\u010dnost na tel. \u010d\u00edslo +420 567 157 742, abychom mohli uv\u011bdomit n\u00e1hradn\u00edho pacienta a nedo\u0161lo k\u00a0finan\u010dn\u00ed ztr\u00e1t\u011b.<\/strong><\/span><\/p>\n<p>&nbsp;<\/p>\n<p><strong>Upozor\u0148ujeme \u2013 m\u011bjte V\u00e1\u0161 telefon 2-3 dny p\u0159ed vy\u0161et\u0159en\u00edm zapnut\u00fd a st\u00e1le u sebe<\/strong>, abychom V\u00e1s mohli v\u00a0p\u0159\u00edpad\u011b pot\u0159eby kontaktovat (nap\u0159. potvrzen\u00ed term\u00ednu vy\u0161et\u0159en\u00ed, p\u0159esun term\u00ednu vy\u0161et\u0159en\u00ed \u00a0atd.).<\/p>\n<p>Pokud\u00a0 budete pot\u0159ebovat dal\u0161\u00ed dopl\u0148uj\u00edc\u00ed informace, pod\u00e1v\u00e1me V\u00e1m je na tel. \u010d\u00edsle <a href=\"tel:+420567157742\"><span style=\"text-decoration: underline;\"><strong>+420 567 157\u00a0742<\/strong><\/span><\/a><\/p>\n<\/div>\n<\/div><\/div>\n<\/div>\n<\/div>\n<\/div>\n<\/div>\n<\/div>\n\n","protected":false},"excerpt":{"rendered":"","protected":false},"author":5,"featured_media":25041,"parent":25543,"menu_order":0,"comment_status":"closed","ping_status":"closed","template":"","meta":{"pgc_sgb_lightbox_settings":"","footnotes":"","_links_to":"","_links_to_target":""},"categories":[85],"class_list":["post-25609","page","type-page","status-publish","has-post-thumbnail","hentry","category-page-oddeleni"],"publishpress_future_action":{"enabled":false,"date":"2026-04-14 08:13:37","action":"change-status","newStatus":"draft","terms":[],"taxonomy":"category","extraData":[]},"publishpress_future_workflow_manual_trigger":{"enabledWorkflows":[]},"_links":{"self":[{"href":"https:\/\/www.nemji.cz\/en\/wp-json\/wp\/v2\/pages\/25609","targetHints":{"allow":["GET"]}}],"collection":[{"href":"https:\/\/www.nemji.cz\/en\/wp-json\/wp\/v2\/pages"}],"about":[{"href":"https:\/\/www.nemji.cz\/en\/wp-json\/wp\/v2\/types\/page"}],"author":[{"embeddable":true,"href":"https:\/\/www.nemji.cz\/en\/wp-json\/wp\/v2\/users\/5"}],"replies":[{"embeddable":true,"href":"https:\/\/www.nemji.cz\/en\/wp-json\/wp\/v2\/comments?post=25609"}],"version-history":[{"count":0,"href":"https:\/\/www.nemji.cz\/en\/wp-json\/wp\/v2\/pages\/25609\/revisions"}],"up":[{"embeddable":true,"href":"https:\/\/www.nemji.cz\/en\/wp-json\/wp\/v2\/pages\/25543"}],"wp:featuredmedia":[{"embeddable":true,"href":"https:\/\/www.nemji.cz\/en\/wp-json\/wp\/v2\/media\/25041"}],"wp:attachment":[{"href":"https:\/\/www.nemji.cz\/en\/wp-json\/wp\/v2\/media?parent=25609"}],"wp:term":[{"taxonomy":"category","embeddable":true,"href":"https:\/\/www.nemji.cz\/en\/wp-json\/wp\/v2\/categories?post=25609"}],"curies":[{"name":"wp","href":"https:\/\/api.w.org\/{rel}","templated":true}]}}