{"id":27509,"date":"2023-11-22T11:47:36","date_gmt":"2023-11-22T10:47:36","guid":{"rendered":"https:\/\/test.nemji.cz\/?page_id=27509"},"modified":"2026-03-26T08:20:47","modified_gmt":"2026-03-26T07:20:47","slug":"rizeni_kvality","status":"publish","type":"page","link":"https:\/\/www.nemji.cz\/en\/kvalita\/rizeni_kvality\/","title":{"rendered":"Quality and safety management system"},"content":{"rendered":"<div id=\"cmsmasters_row_6iluctg3hk\" class=\"cmsmasters_row cmsmasters_color_scheme_default heroblocks cmsmasters_row_top_default cmsmasters_row_bot_default cmsmasters_row_boxed\">\n<div id=\"heroboxes\" class=\"cmsmasters_row_outer_parent\">\n<div class=\"cmsmasters_row_overlay\"><\/div>\n<div class=\"cmsmasters_row_outer\">\n<div class=\"cmsmasters_row_inner\">\n<div class=\"cmsmasters_row_margin\">\n<div id=\"cmsmasters_column_sybg7he2sg\" class=\"cmsmasters_column one_first\">\n<div class=\"cmsmasters_column_inner\"><div id=\"cmsmasters_heading_b3c74b95a0\" class=\"cmsmasters_heading_wrap cmsmasters_heading_align_center pageheadingtitle\" data-animation=\"fadeIn\" data-delay=\"100\">\n\t<h1 class=\"cmsmasters_heading\">Kvalita a bezpe\u010dn\u00e1 p\u00e9\u010de<\/h1>\n<\/div><div id=\"cmsmasters_heading_3az282c04p\" class=\"cmsmasters_heading_wrap cmsmasters_heading_align_center\" data-animation=\"fadeIn\" data-delay=\"150\">\n\t<h3 class=\"cmsmasters_heading\">Nemocnice Jihlava, p\u0159\u00edsp\u011bvkov\u00e1 organizace<\/h3>\n<\/div>\n<\/div><\/div>\n<\/div>\n<\/div>\n<\/div>\n<\/div>\n<\/div>\n<div id=\"cmsmasters_row_ly5ze1hf8e\" class=\"cmsmasters_row cmsmasters_color_scheme_default cmsmasters_row_top_default cmsmasters_row_bot_default cmsmasters_row_boxed\">\n<div class=\"cmsmasters_row_outer_parent\">\n<div class=\"cmsmasters_row_outer\">\n<div class=\"cmsmasters_row_inner\">\n<div class=\"cmsmasters_row_margin\">\n<div id=\"cmsmasters_column_v67ee6nvg7\" class=\"cmsmasters_column one_first\">\n<div class=\"cmsmasters_column_inner\"><div class=\"cmsmasters_text\">\n<p><nav aria-label=\"breadcrumbs\">\n            <div class=\"breadcrumb-container theme1\">\n                <ol>\n                                    <\/ol>\n            <\/div>\n        <\/nav>    <script type=\"application\/ld+json\">\n        {\n            \"@context\": \"http:\/\/schema.org\",\n            \"@type\": \"BreadcrumbList\",\n            \"itemListElement\": [\n                            ]\n        }\n    <\/script>\n   \n    <script>\n            <\/script>\n<\/p>\n<\/div>\n<\/div><\/div>\n<\/div>\n<\/div>\n<\/div>\n<\/div>\n<\/div>\n<div id=\"cmsmasters_row_3f2f8816dd\" class=\"cmsmasters_row cmsmasters_color_scheme_default cmsmasters_row_top_default cmsmasters_row_bot_default cmsmasters_row_boxed\">\n<div class=\"cmsmasters_row_outer_parent\">\n<div class=\"cmsmasters_row_outer\">\n<div class=\"cmsmasters_row_inner\">\n<div class=\"cmsmasters_row_margin\">\n<div id=\"cmsmasters_column_0a1c5940f5\" class=\"cmsmasters_column one_third stickyinfocolumn\">\n<div class=\"cmsmasters_column_inner\"><div id=\"cmsmasters_heading_rva6m2t32d\" class=\"cmsmasters_heading_wrap cmsmasters_heading_align_center\">\n\t<h3 class=\"cmsmasters_heading\">Kvalita a bezpe\u010dn\u00e1 p\u00e9\u010de<\/h3>\n<\/div>\n<div id=\"cmsmasters_divider_dpp34mcdj5\" class=\"cmsmasters_divider cmsmasters_divider_width_short cmsmasters_divider_pos_center\"><\/div>\n<div class=\"cmsmasters_sidebar sidebar_layout_11 sidebar-custom-menu\"><aside id=\"nav_menu-58\" class=\"widget widget_nav_menu\"><div class=\"menu-kvalita-container\"><ul id=\"menu-kvalita\" class=\"menu\"><li id=\"menu-item-27327\" class=\"static-link menu-item menu-item-type-custom menu-item-object-custom menu-item-27327\"><a href=\"\/kvalita\/#namestek\" data-ps2id-api=\"true\"><i class=\"fa-solid fa-person-arrow-up-from-line\"><\/i> Vedouc\u00ed odd\u011blen\u00ed managementu kvality<\/a><\/li>\n<li id=\"menu-item-27329\" class=\"static-link menu-item menu-item-type-custom menu-item-object-custom menu-item-27329\"><a href=\"\/kvalita\/certifikaty\" data-ps2id-api=\"true\"><i class=\"fa-solid fa-certificate\"><\/i> Certifik\u00e1t kvality<\/a><\/li>\n<li id=\"menu-item-27436\" class=\"static-link menu-item menu-item-type-custom menu-item-object-custom menu-item-27436\"><a href=\"\/kvalita\/rizeni_kvality\/\" data-ps2id-api=\"true\"><i class=\"fa-solid fa-file-shield\"><\/i>Syst\u00e9m \u0159\u00edzen\u00ed kvality a bezpe\u010d\u00ed slu\u017eeb<\/a><\/li>\n<li id=\"menu-item-27442\" class=\"static-link menu-item menu-item-type-custom menu-item-object-custom menu-item-27442\"><a href=\"\/kvalita\/cile\/\" data-ps2id-api=\"true\"><i class=\"fa-solid fa-lock-open\"><\/i>Resortn\u00ed bezpe\u010dnostn\u00ed c\u00edle<\/a><\/li>\n<li id=\"menu-item-27328\" class=\"static-link menu-item menu-item-type-custom menu-item-object-custom menu-item-27328\"><a href=\"\/kvalita\/hodnoceni\/\" data-ps2id-api=\"true\"><i class=\"fa-solid fa-newspaper\"><\/i> Hodnocen\u00ed spokojenosti<\/a><\/li>\n<li id=\"menu-item-27452\" class=\"static-link menu-item menu-item-type-custom menu-item-object-custom menu-item-27452\"><a href=\"\/kvalita\/podporujici_zdravi\/\" data-ps2id-api=\"true\"><i class=\"fa-solid fa-house-medical-flag\"><\/i>Nemocnice podporuj\u00edc\u00ed zdrav\u00ed<\/a><\/li>\n<li id=\"menu-item-27453\" class=\"static-link menu-item menu-item-type-custom menu-item-object-custom menu-item-27453\"><a href=\"\/kvalita\/bezpecnost\/\" data-ps2id-api=\"true\"><i class=\"fa-solid fa-shield-halved\"><\/i>Politika bezpe\u010dnosti informac\u00ed<\/a><\/li>\n<\/ul><\/div><\/aside><div class=\"cl\"><\/div>\n<\/div>\n<\/div><\/div>\n<div id=\"cmsmasters_column_k7vlyuz4yq\" class=\"cmsmasters_column two_third\">\n<div class=\"cmsmasters_column_inner\"><div class=\"cmsmasters_text\">\n<h5><strong>Syst\u00e9m \u0159\u00edzen\u00ed kvality a bezpe\u010d\u00ed poskytovan\u00fdch slu\u017eeb<\/strong><\/h5>\n<p>je zam\u011b\u0159en na kontinu\u00e1ln\u00ed zvy\u0161ov\u00e1n\u00ed kvality a bezpe\u010d\u00ed poskytovan\u00fdch slu\u017eeb.<\/p>\n<style type=\"text\/css\"><\/style><section id='' \n                class='helpie-faq accordions groupSettings-423__enabled' \n                data-collection='' \n                data-pagination='0' \n                data-search='0' \n                data-pagination-enabled='0'\n                role='region'\n                aria-label='FAQ Section'\n                aria-live='polite'><article class=\"accordion \"><div class='helpie-faq-row'><div class='helpie-faq-col helpie-faq-col-12' ><ul><li class=\"accordion__item \"><div class=\"accordion__header \" \r\n                id=\"accordion-header-post-27513\"\r\n                role=\"button\"\r\n                aria-expanded=\"false\"\r\n                aria-controls=\"accordion-content-post-27513\"\r\n                data-id=\"post-27513\" \r\n                data-item=\"hfaq-post-27513\" \r\n                style=\"background:transparent;\" \r\n                data-tags=\"\"\r\n                tabindex=\"0\"><div class=\"accordion__title\">P\u00e9\u010de<\/div><\/div><div id=\"accordion-content-post-27513\" \r\n                class=\"accordion__body\" \r\n                role=\"region\"\r\n                aria-labelledby=\"accordion-header-post-27513\"\r\n                style=\"background:transparent;\"><ul>\n<li>Poskytujeme kvalitn\u00ed a bezpe\u010dnou p\u00e9\u010di pacient\u016fm.<\/li>\n<li>P\u0159i poskytov\u00e1n\u00ed l\u00e9ka\u0159sk\u00e9 a o\u0161et\u0159ovatelsk\u00e9 p\u00e9\u010de reagujeme na nejnov\u011bj\u0161\u00ed odborn\u00e9 poznatky podep\u0159en\u00e9 evidence based medicine a evidence based nursing.<\/li>\n<li>Reagujeme na v\u0161echny pot\u0159eby a p\u0159\u00e1n\u00ed pacient\u016f p\u0159i poskytov\u00e1n\u00ed zdravotnick\u00fdch slu\u017eeb.<\/li>\n<li>Jako v\u00fdukov\u00e9 pracovi\u0161t\u011b student\u016f se pod\u00edl\u00edme na p\u0159\u00edprav\u011b k\u00a0budouc\u00edmu povol\u00e1n\u00ed nel\u00e9ka\u0159sk\u00fdch i l\u00e9ka\u0159sk\u00fdch zdravotnick\u00fdch profesion\u00e1l\u016f. Nemocnice se\u00a0pod\u00edl\u00ed na pregradu\u00e1ln\u00ed p\u0159\u00edprav\u011b student\u016f katedry zdravotnick\u00fdch studi\u00ed V\u0160PJ, L\u00e9ka\u0159sk\u00e9 fakulty Masarykovy Univerzity a 2. l\u00e9ka\u0159sk\u00e9 fakulty Univerzity Karlovy.<\/li>\n<li>Podporujeme partnersk\u00fd p\u0159\u00edstup k\u00a0pacient\u016fm, empatii, spolupr\u00e1ci a spoluodpov\u011bdnost p\u0159i l\u00e9\u010debn\u00e9m procesu.<\/li>\n<\/ul>\n<\/div><\/li><li class=\"accordion__item \"><div class=\"accordion__header \" \r\n                id=\"accordion-header-post-27515\"\r\n                role=\"button\"\r\n                aria-expanded=\"false\"\r\n                aria-controls=\"accordion-content-post-27515\"\r\n                data-id=\"post-27515\" \r\n                data-item=\"hfaq-post-27515\" \r\n                style=\"background:transparent;\" \r\n                data-tags=\"\"\r\n                tabindex=\"0\"><div class=\"accordion__title\">Lid\u00e9<\/div><\/div><div id=\"accordion-content-post-27515\" \r\n                class=\"accordion__body\" \r\n                role=\"region\"\r\n                aria-labelledby=\"accordion-header-post-27515\"\r\n                style=\"background:transparent;\"><ul>\n<li>Podporujeme mor\u00e1ln\u00ed, etick\u00e9 a empatick\u00e9 chov\u00e1n\u00ed na\u0161ich zam\u011bstnanc\u016f k\u00a0pacient\u016fm i ke spolupracovn\u00edk\u016fm.<\/li>\n<li>Rozv\u00edj\u00edme t\u00fdmovou spolupr\u00e1ci zalo\u017eenou na slu\u0161nosti, respektu a vz\u00e1jemn\u00e9 \u00fact\u011b.<\/li>\n<li>Podporujeme zapojen\u00ed zam\u011bstnanc\u016f\u00a0do \u0159\u00edzen\u00ed odd\u011blen\u00ed.<\/li>\n<li>Podporujeme vzd\u011bl\u00e1v\u00e1n\u00ed zam\u011bstnanc\u016f a jejich odborn\u00fd r\u016fst.<\/li>\n<li>Podporujeme vzd\u011bl\u00e1v\u00e1n\u00ed zam\u011bstnanc\u016f v komunika\u010dn\u00edch dovednostech i v\u00a0mana\u017eersk\u00fdch kompetenc\u00edch.<\/li>\n<li>Podporujeme aktivn\u00ed n\u00e1bor kvalifikovan\u00fdch zdravotnick\u00fdch profesion\u00e1l\u016f.<\/li>\n<\/ul>\n<\/div><\/li><li class=\"accordion__item \"><div class=\"accordion__header \" \r\n                id=\"accordion-header-post-27516\"\r\n                role=\"button\"\r\n                aria-expanded=\"false\"\r\n                aria-controls=\"accordion-content-post-27516\"\r\n                data-id=\"post-27516\" \r\n                data-item=\"hfaq-post-27516\" \r\n                style=\"background:transparent;\" \r\n                data-tags=\"\"\r\n                tabindex=\"0\"><div class=\"accordion__title\">Organizace<\/div><\/div><div id=\"accordion-content-post-27516\" \r\n                class=\"accordion__body\" \r\n                role=\"region\"\r\n                aria-labelledby=\"accordion-header-post-27516\"\r\n                style=\"background:transparent;\"><ul>\n<li>Preferujeme rozvoj modern\u00edho zp\u016fsobu \u0159\u00edzen\u00ed nemocnice s\u00a0p\u0159esn\u011b definovan\u00fdmi \u00fakoly pro ka\u017ed\u00e9ho zam\u011bstnance, pracovn\u00ed i ekonomickou odpov\u011bdnost\u00ed.<\/li>\n<li>Vytv\u00e1\u0159\u00edme podm\u00ednky a p\u0159ij\u00edm\u00e1me opat\u0159en\u00ed ke zv\u00fd\u0161en\u00ed efektivity vnit\u0159n\u00edch proces\u016f, sledujeme jejich \u00fa\u010dinnost a reagujeme na aktu\u00e1ln\u00ed pot\u0159eby.<\/li>\n<\/ul>\n<\/div><\/li><li class=\"accordion__item \"><div class=\"accordion__header \" \r\n                id=\"accordion-header-post-27517\"\r\n                role=\"button\"\r\n                aria-expanded=\"false\"\r\n                aria-controls=\"accordion-content-post-27517\"\r\n                data-id=\"post-27517\" \r\n                data-item=\"hfaq-post-27517\" \r\n                style=\"background:transparent;\" \r\n                data-tags=\"\"\r\n                tabindex=\"0\"><div class=\"accordion__title\">Technologie<\/div><\/div><div id=\"accordion-content-post-27517\" \r\n                class=\"accordion__body\" \r\n                role=\"region\"\r\n                aria-labelledby=\"accordion-header-post-27517\"\r\n                style=\"background:transparent;\"><ul>\n<li>Podporujeme vyu\u017e\u00edv\u00e1n\u00ed modern\u00edch technologi\u00ed ve v\u0161ech procesech.<\/li>\n<li>V\u00a0oblasti informa\u010dn\u00edch a komunika\u010dn\u00edch technologi\u00ed se zam\u011b\u0159ujeme na vlastn\u00ed datab\u00e1ze a jejich vyu\u017eit\u00ed pro \u0159\u00edzen\u00ed chodu cel\u00e9 nemocnice.<\/li>\n<li>Preferujeme nov\u00e9 informa\u010dn\u00ed technologie podporuj\u00edc\u00ed vizi \u201ebezpap\u00edrov\u00e9 nemocnice\u201c.<\/li>\n<\/ul>\n<\/div><\/li><li class=\"accordion__item \"><div class=\"accordion__header \" \r\n                id=\"accordion-header-post-27518\"\r\n                role=\"button\"\r\n                aria-expanded=\"false\"\r\n                aria-controls=\"accordion-content-post-27518\"\r\n                data-id=\"post-27518\" \r\n                data-item=\"hfaq-post-27518\" \r\n                style=\"background:transparent;\" \r\n                data-tags=\"\"\r\n                tabindex=\"0\"><div class=\"accordion__title\">Komunikace<\/div><\/div><div id=\"accordion-content-post-27518\" \r\n                class=\"accordion__body\" \r\n                role=\"region\"\r\n                aria-labelledby=\"accordion-header-post-27518\"\r\n                style=\"background:transparent;\"><ul>\n<li>Podporujeme vz\u00e1jemn\u00e9 p\u0159ed\u00e1v\u00e1n\u00ed zku\u0161enost\u00ed mezi zam\u011bstnanci, rozvoj spolupr\u00e1ce mezi jednotliv\u00fdmi odborn\u00fdmi pracovi\u0161ti.<\/li>\n<li>Podporujeme p\u0159ed\u00e1v\u00e1n\u00ed informac\u00ed, kter\u00e9 odpov\u00edd\u00e1 pot\u0159eb\u00e1m pacient\u016f, zam\u011bstnanc\u016f, ve\u0159ejnosti, org\u00e1n\u016f st\u00e1tn\u00ed spr\u00e1vy i samospr\u00e1vy, zdravotn\u00edch poji\u0161\u0165oven i dal\u0161\u00edch spolupracuj\u00edc\u00edch za\u0159\u00edzen\u00ed.<\/li>\n<li>Sna\u017e\u00edme se budovat dobr\u00e9 jm\u00e9no nemocnice.<\/li>\n<\/ul>\n<\/div><\/li><\/ul><\/div><\/div><\/article><\/section>\n<\/div>\n<div class=\"cmsmasters_text\">\n<h5><strong>Sledovan\u00e9 indik\u00e1tory kvality<\/strong><\/h5>\n<style type=\"text\/css\"><\/style><section id='' \n                class='helpie-faq accordions groupSettings-425__enabled' \n                data-collection='' \n                data-pagination='0' \n                data-search='0' \n                data-pagination-enabled='0'\n                role='region'\n                aria-label='FAQ Section'\n                aria-live='polite'><article class=\"accordion \"><div class='helpie-faq-row'><div class='helpie-faq-col helpie-faq-col-12' ><ul><li class=\"accordion__item \"><div class=\"accordion__header \" \r\n                id=\"accordion-header-post-27614\"\r\n                role=\"button\"\r\n                aria-expanded=\"false\"\r\n                aria-controls=\"accordion-content-post-27614\"\r\n                data-id=\"post-27614\" \r\n                data-item=\"hfaq-post-27614\" \r\n                style=\"background:transparent;\" \r\n                data-tags=\"\"\r\n                tabindex=\"0\"><div class=\"accordion__title\">V cel\u00e9 Nemocnici Jihlava<\/div><\/div><div id=\"accordion-content-post-27614\" \r\n                class=\"accordion__body\" \r\n                role=\"region\"\r\n                aria-labelledby=\"accordion-header-post-27614\"\r\n                style=\"background:transparent;\"><ul>\n<li>Po\u010det ne\u017e\u00e1douc\u00edch ud\u00e1lost\u00ed.<\/li>\n<li>Po\u010det opr\u00e1vn\u011bn\u00fdch st\u00ed\u017enost\u00ed.<\/li>\n<li>Spokojenost zam\u011bstnanc\u016f.<\/li>\n<\/ul>\n<\/div><\/li><li class=\"accordion__item \"><div class=\"accordion__header \" \r\n                id=\"accordion-header-post-27615\"\r\n                role=\"button\"\r\n                aria-expanded=\"false\"\r\n                aria-controls=\"accordion-content-post-27615\"\r\n                data-id=\"post-27615\" \r\n                data-item=\"hfaq-post-27615\" \r\n                style=\"background:transparent;\" \r\n                data-tags=\"\"\r\n                tabindex=\"0\"><div class=\"accordion__title\">Na klinick\u00fdch odd\u011blen\u00edch<\/div><\/div><div id=\"accordion-content-post-27615\" \r\n                class=\"accordion__body\" \r\n                role=\"region\"\r\n                aria-labelledby=\"accordion-header-post-27615\"\r\n                style=\"background:transparent;\"><ul>\n<li>Sledov\u00e1n\u00ed dekubit\u016f.<\/li>\n<li>Sledov\u00e1n\u00ed p\u00e1d\u016f.<\/li>\n<li>Spokojenost hospitalizovan\u00fdch pacient\u016f.<\/li>\n<li>Sledov\u00e1n\u00ed infekc\u00ed spojen\u00fdch s poskytov\u00e1n\u00edm zdravotn\u00ed p\u00e9\u010de.<\/li>\n<li>Po\u010det nepl\u00e1novan\u00fdch reoperac\u00ed na chirurgick\u00e9m a traumatologick\u00e9m odd\u011blen\u00ed.<\/li>\n<li>Po\u010det nepl\u00e1novan\u00fdch rehospitalizac\u00ed u opera\u010dn\u00edch obor\u016f.<\/li>\n<li>Po\u010det \u00famrt\u00ed do 30 dn\u016f u hospitalizac\u00ed s c\u00e9vn\u00ed mozkovou p\u0159\u00edhodou a krv\u00e1cen\u00edm do mozku.<\/li>\n<li>Po\u010det \u00famrt\u00ed do 30 dn\u016f u hospitalizac\u00ed s infarktem myokardu.<\/li>\n<li>Po\u010det v\u00fdznamn\u00fdch komplikac\u00ed TEP.<\/li>\n<li>Po\u010det poran\u011bn\u00ed hr\u00e1ze p\u0159i porodu bez pou\u017eit\u00ed n\u00e1stroje.<\/li>\n<li>Komplikace spojen\u00e9 s pod\u00e1n\u00edm anest\u00e9zie.<\/li>\n<\/ul>\n<\/div><\/li><li class=\"accordion__item \"><div class=\"accordion__header \" \r\n                id=\"accordion-header-post-27616\"\r\n                role=\"button\"\r\n                aria-expanded=\"false\"\r\n                aria-controls=\"accordion-content-post-27616\"\r\n                data-id=\"post-27616\" \r\n                data-item=\"hfaq-post-27616\" \r\n                style=\"background:transparent;\" \r\n                data-tags=\"\"\r\n                tabindex=\"0\"><div class=\"accordion__title\">Na pracovi\u0161t\u00edch komplementu<\/div><\/div><div id=\"accordion-content-post-27616\" \r\n                class=\"accordion__body\" \r\n                role=\"region\"\r\n                aria-labelledby=\"accordion-header-post-27616\"\r\n                style=\"background:transparent;\"><ul>\n<li>OKBMI &#8211; sledov\u00e1n\u00ed neshod v preanalytick\u00e9 f\u00e1zi na klinick\u00e9m odd\u011blen\u00ed a vznikl\u00fdch na OKBMI.<\/li>\n<li>HTO &#8211; sledov\u00e1n\u00ed neshod s preanalytick\u00fdmi po\u017eadavky odb\u011bru vzork\u016f.<\/li>\n<li>PAO &#8211; po\u010det karcinom\u016f mammy s pozitivn\u00edmi estrogenov\u00fdmi receptory po\u010det lymfatick\u00fdch uzlin u kolorekt\u00e1ln\u00edho karcinomu st\u0159eva.<\/li>\n<li>L\u00e9k\u00e1rna &#8211; po\u010det neshod p\u0159i objedn\u00e1v\u00e1n\u00ed l\u00e9\u010div na elektronick\u00e9 \u017e\u00e1danky, po\u010det zji\u0161t\u011bn\u00fdch chyb p\u0159i p\u0159\u00edprav\u011b cytostatik.<\/li>\n<\/ul>\n<\/div><\/li><\/ul><\/div><\/div><\/article><\/section>\n<\/div>\n<div class=\"cmsmasters_text download-links-small\">\n<h5><strong>T\u00fdm zvy\u0161ov\u00e1n\u00ed kvality<\/strong><\/h5>\n<p>T\u00fdm je jmenov\u00e1n \u0159editelem Nemocnice Jihlava, je svol\u00e1v\u00e1n vedouc\u00ed odd\u011blen\u00ed managementu kvality v pravideln\u00fdch intervalech nebo na z\u00e1klad\u011b podn\u011btu \u010dlen\u016f t\u00fdmu zvy\u0161ov\u00e1n\u00ed kvality.<\/p>\n<p>Hlavn\u00edm \u00fakolem t\u00fdmu je kontinu\u00e1ln\u00ed zvy\u0161ov\u00e1n\u00ed kvality a bezpe\u010d\u00ed poskytovan\u00fdch slu\u017eeb v Nemocnici Jihlava.<\/p>\n<p><a href=\"\/wp-content\/uploads\/2024\/01\/Plan-kontinualniho-zvysovani-kvality-2024-2027.pdf\" target=\"_blank\" rel=\"noopener\">Pl\u00e1n kontinu\u00e1ln\u00edho zvy\u0161ov\u00e1n\u00ed kvality NemJi 2024-2027<\/a><\/p>\n<\/div>\n<\/div><\/div>\n<\/div>\n<\/div>\n<\/div>\n<\/div>\n<\/div>\n\n","protected":false},"excerpt":{"rendered":"","protected":false},"author":5,"featured_media":23379,"parent":23307,"menu_order":0,"comment_status":"closed","ping_status":"closed","template":"","meta":{"pgc_sgb_lightbox_settings":"","footnotes":"","_links_to":"","_links_to_target":""},"categories":[85],"class_list":["post-27509","page","type-page","status-publish","has-post-thumbnail","hentry","category-page-oddeleni"],"publishpress_future_action":{"enabled":false,"date":"2026-04-24 03:12:56","action":"change-status","newStatus":"draft","terms":[],"taxonomy":"category","extraData":[]},"publishpress_future_workflow_manual_trigger":{"enabledWorkflows":[]},"_links":{"self":[{"href":"https:\/\/www.nemji.cz\/en\/wp-json\/wp\/v2\/pages\/27509","targetHints":{"allow":["GET"]}}],"collection":[{"href":"https:\/\/www.nemji.cz\/en\/wp-json\/wp\/v2\/pages"}],"about":[{"href":"https:\/\/www.nemji.cz\/en\/wp-json\/wp\/v2\/types\/page"}],"author":[{"embeddable":true,"href":"https:\/\/www.nemji.cz\/en\/wp-json\/wp\/v2\/users\/5"}],"replies":[{"embeddable":true,"href":"https:\/\/www.nemji.cz\/en\/wp-json\/wp\/v2\/comments?post=27509"}],"version-history":[{"count":0,"href":"https:\/\/www.nemji.cz\/en\/wp-json\/wp\/v2\/pages\/27509\/revisions"}],"up":[{"embeddable":true,"href":"https:\/\/www.nemji.cz\/en\/wp-json\/wp\/v2\/pages\/23307"}],"wp:featuredmedia":[{"embeddable":true,"href":"https:\/\/www.nemji.cz\/en\/wp-json\/wp\/v2\/media\/23379"}],"wp:attachment":[{"href":"https:\/\/www.nemji.cz\/en\/wp-json\/wp\/v2\/media?parent=27509"}],"wp:term":[{"taxonomy":"category","embeddable":true,"href":"https:\/\/www.nemji.cz\/en\/wp-json\/wp\/v2\/categories?post=27509"}],"curies":[{"name":"wp","href":"https:\/\/api.w.org\/{rel}","templated":true}]}}