{"id":27547,"date":"2023-11-22T13:09:46","date_gmt":"2023-11-22T12:09:46","guid":{"rendered":"https:\/\/test.nemji.cz\/?page_id=27547"},"modified":"2024-01-30T11:20:10","modified_gmt":"2024-01-30T10:20:10","slug":"bezpecnost","status":"publish","type":"page","link":"https:\/\/www.nemji.cz\/en\/kvalita\/bezpecnost\/","title":{"rendered":"Information Safety Policy"},"content":{"rendered":"<div id=\"cmsmasters_row_6iluctg3hk\" class=\"cmsmasters_row cmsmasters_color_scheme_default heroblocks cmsmasters_row_top_default cmsmasters_row_bot_default cmsmasters_row_boxed\">\n<div id=\"heroboxes\" class=\"cmsmasters_row_outer_parent\">\n<div class=\"cmsmasters_row_overlay\"><\/div>\n<div class=\"cmsmasters_row_outer\">\n<div class=\"cmsmasters_row_inner\">\n<div class=\"cmsmasters_row_margin\">\n<div id=\"cmsmasters_column_sybg7he2sg\" class=\"cmsmasters_column one_first\">\n<div class=\"cmsmasters_column_inner\"><div id=\"cmsmasters_heading_b3c74b95a0\" class=\"cmsmasters_heading_wrap cmsmasters_heading_align_center pageheadingtitle\" data-animation=\"fadeIn\" data-delay=\"100\">\n\t<h1 class=\"cmsmasters_heading\">Kvalita a bezpe\u010dn\u00e1 p\u00e9\u010de<\/h1>\n<\/div><div id=\"cmsmasters_heading_u2xck950a\" class=\"cmsmasters_heading_wrap cmsmasters_heading_align_center\" data-animation=\"fadeIn\" data-delay=\"150\">\n\t<h3 class=\"cmsmasters_heading\">Nemocnice Jihlava, p\u0159\u00edsp\u011bvkov\u00e1 organizace<\/h3>\n<\/div>\n<\/div><\/div>\n<\/div>\n<\/div>\n<\/div>\n<\/div>\n<\/div>\n<div id=\"cmsmasters_row_ly5ze1hf8e\" class=\"cmsmasters_row cmsmasters_color_scheme_default cmsmasters_row_top_default cmsmasters_row_bot_default cmsmasters_row_boxed\">\n<div class=\"cmsmasters_row_outer_parent\">\n<div class=\"cmsmasters_row_outer\">\n<div class=\"cmsmasters_row_inner\">\n<div class=\"cmsmasters_row_margin\">\n<div id=\"cmsmasters_column_v67ee6nvg7\" class=\"cmsmasters_column one_first\">\n<div class=\"cmsmasters_column_inner\"><div class=\"cmsmasters_text\">\n<p><nav aria-label=\"breadcrumbs\">\n            <div class=\"breadcrumb-container theme1\">\n                <ol>\n                                    <\/ol>\n            <\/div>\n        <\/nav>    <script type=\"application\/ld+json\">\n        {\n            \"@context\": \"http:\/\/schema.org\",\n            \"@type\": \"BreadcrumbList\",\n            \"itemListElement\": [\n                            ]\n        }\n    <\/script>\n   \n    <script>\n            <\/script>\n<\/p>\n<\/div>\n<\/div><\/div>\n<\/div>\n<\/div>\n<\/div>\n<\/div>\n<\/div>\n<div id=\"cmsmasters_row_3f2f8816dd\" class=\"cmsmasters_row cmsmasters_color_scheme_default cmsmasters_row_top_default cmsmasters_row_bot_default cmsmasters_row_boxed\">\n<div class=\"cmsmasters_row_outer_parent\">\n<div class=\"cmsmasters_row_outer\">\n<div class=\"cmsmasters_row_inner\">\n<div class=\"cmsmasters_row_margin\">\n<div id=\"cmsmasters_column_0a1c5940f5\" class=\"cmsmasters_column one_third stickyinfocolumn\">\n<div class=\"cmsmasters_column_inner\"><div id=\"cmsmasters_heading_rva6m2t32d\" class=\"cmsmasters_heading_wrap cmsmasters_heading_align_center\">\n\t<h3 class=\"cmsmasters_heading\">Kvalita a bezpe\u010dn\u00e1 p\u00e9\u010de<\/h3>\n<\/div>\n<div id=\"cmsmasters_divider_dpp34mcdj5\" class=\"cmsmasters_divider cmsmasters_divider_width_short cmsmasters_divider_pos_center\"><\/div>\n<div class=\"cmsmasters_sidebar sidebar_layout_11 sidebar-custom-menu\"><aside id=\"nav_menu-58\" class=\"widget widget_nav_menu\"><div class=\"menu-kvalita-container\"><ul id=\"menu-kvalita\" class=\"menu\"><li id=\"menu-item-27327\" class=\"static-link menu-item menu-item-type-custom menu-item-object-custom menu-item-27327\"><a href=\"\/kvalita\/#namestek\" data-ps2id-api=\"true\"><i class=\"fa-solid fa-person-arrow-up-from-line\"><\/i> Vedouc\u00ed odd\u011blen\u00ed managementu kvality<\/a><\/li>\n<li id=\"menu-item-27329\" class=\"static-link menu-item menu-item-type-custom menu-item-object-custom menu-item-27329\"><a href=\"\/kvalita\/certifikaty\" data-ps2id-api=\"true\"><i class=\"fa-solid fa-certificate\"><\/i> Certifik\u00e1t kvality<\/a><\/li>\n<li id=\"menu-item-27436\" class=\"static-link menu-item menu-item-type-custom menu-item-object-custom menu-item-27436\"><a href=\"\/kvalita\/rizeni_kvality\/\" data-ps2id-api=\"true\"><i class=\"fa-solid fa-file-shield\"><\/i>Syst\u00e9m \u0159\u00edzen\u00ed kvality a bezpe\u010d\u00ed slu\u017eeb<\/a><\/li>\n<li id=\"menu-item-27442\" class=\"static-link menu-item menu-item-type-custom menu-item-object-custom menu-item-27442\"><a href=\"\/kvalita\/cile\/\" data-ps2id-api=\"true\"><i class=\"fa-solid fa-lock-open\"><\/i>Resortn\u00ed bezpe\u010dnostn\u00ed c\u00edle<\/a><\/li>\n<li id=\"menu-item-27328\" class=\"static-link menu-item menu-item-type-custom menu-item-object-custom menu-item-27328\"><a href=\"\/kvalita\/hodnoceni\/\" data-ps2id-api=\"true\"><i class=\"fa-solid fa-newspaper\"><\/i> Hodnocen\u00ed spokojenosti<\/a><\/li>\n<li id=\"menu-item-27452\" class=\"static-link menu-item menu-item-type-custom menu-item-object-custom menu-item-27452\"><a href=\"\/kvalita\/podporujici_zdravi\/\" data-ps2id-api=\"true\"><i class=\"fa-solid fa-house-medical-flag\"><\/i>Nemocnice podporuj\u00edc\u00ed zdrav\u00ed<\/a><\/li>\n<li id=\"menu-item-27453\" class=\"static-link menu-item menu-item-type-custom menu-item-object-custom menu-item-27453\"><a href=\"\/kvalita\/bezpecnost\/\" data-ps2id-api=\"true\"><i class=\"fa-solid fa-shield-halved\"><\/i>Politika bezpe\u010dnosti informac\u00ed<\/a><\/li>\n<\/ul><\/div><\/aside><div class=\"cl\"><\/div>\n<\/div>\n<\/div><\/div>\n<div id=\"cmsmasters_column_k7vlyuz4yq\" class=\"cmsmasters_column two_third\">\n<div class=\"cmsmasters_column_inner\"><div id=\"cmsmasters_heading_ra6mn0pvp\" class=\"cmsmasters_heading_wrap cmsmasters_heading_align_left\">\n\t<h2 class=\"cmsmasters_heading\">Politika bezpe\u010dnosti informac\u00ed<\/h2>\n<\/div>\n<div id=\"cmsmasters_divider_kul4awri6m\" class=\"cmsmasters_divider cmsmasters_divider_width_short cmsmasters_divider_pos_left\"><\/div>\n<div class=\"cmsmasters_text download-links-small\">\n<h5><strong>Nemocnice si v\u00a0z\u00e1jmu zaji\u0161t\u011bn\u00ed bezpe\u010dnosti informac\u00ed stanovila bezpe\u010dnostn\u00ed c\u00edle:<\/strong><\/h5>\n<ul>\n<li>Chr\u00e1nit informace v\u00a0souladu s\u00a0jejich hodnotou, citlivost\u00ed a ur\u010den\u00edm.<\/li>\n<li>Podporovat vytv\u00e1\u0159en\u00ed bezpe\u010dn\u00e9ho prost\u0159ed\u00ed, proces\u016f a zp\u016fsob\u016f zpracov\u00e1n\u00ed informac\u00ed vedouc\u00edch k\u00a0zaji\u0161t\u011bn\u00ed bezpe\u010dnosti informac\u00ed jak uvnit\u0159, tak vn\u011b nemocnice.<\/li>\n<li>Poskytovat bezpe\u010dnou infrastrukturu, informa\u010dn\u00ed a komunika\u010dn\u00ed technologie a prost\u0159edky zpracov\u00e1n\u00ed informac\u00ed obsahuj\u00edc\u00ed pot\u0159ebn\u00e9 bezpe\u010dnostn\u00ed funkce.<\/li>\n<li>Vzd\u011bl\u00e1vat zam\u011bstnance nemocnice v\u010detn\u011b extern\u00edch subjekt\u016f v\u00a0kybernetick\u00e9 bezpe\u010dnosti a neust\u00e1le zvy\u0161ovat jejich bezpe\u010dnostn\u00ed pov\u011bdom\u00ed.<\/li>\n<li>Efektivn\u011b \u0159\u00eddit a zvl\u00e1dat mimo\u0159\u00e1dn\u00e9 situace a bezpe\u010dnostn\u00ed incidenty a minimalizovat negativn\u00ed dopady na informace a provoz nemocnice.<\/li>\n<\/ul>\n<p>&nbsp;<\/p>\n<h5><strong>Preferujeme, aby informace a informa\u010dn\u00ed technologie, se kter\u00fdmi nemocnice pracuje, byly v\u017edy spolehliv\u00e9, spr\u00e1vn\u00e9, d\u016fv\u011bryhodn\u00e9 a chr\u00e1n\u011bn\u00e9 p\u0159ed hrozbami. Zaveden\u00e1 bezpe\u010dnostn\u00ed opat\u0159en\u00ed maj\u00ed zajistit bezpe\u010dnostn\u00ed principy:<\/strong><\/h5>\n<ul>\n<li><strong>D\u016fv\u011brnost<\/strong> neboli zaji\u0161t\u011bn\u00ed p\u0159\u00edstupu k\u00a0informac\u00edm pouze autorizovan\u00fdm u\u017eivatel\u016fm s\u00a0pot\u0159ebn\u00fdm opr\u00e1vn\u011bn\u00edm.<\/li>\n<li><strong>Integritu<\/strong>, kter\u00e1 obn\u00e1\u0161\u00ed zaji\u0161t\u011bn\u00ed spr\u00e1vnosti, \u00faplnosti a neporu\u0161enosti informac\u00ed a proces\u016f.<\/li>\n<li><strong>Dostupnost<\/strong> po\u017eadovan\u00fdch a pot\u0159ebn\u00fdch informac\u00ed v\u0161em opr\u00e1vn\u011bn\u00fdm u\u017eivatel\u016fm v\u00a0okam\u017eiku, kdy je pot\u0159ebuj\u00ed nebo jsou jimi po\u017eadov\u00e1ny.<\/li>\n<\/ul>\n<p>&nbsp;<\/p>\n<h5><strong>Bezpe\u010dnostn\u00ed politika je stanovena v dokumentu:<\/strong><\/h5>\n<p><a href=\"\/wp-content\/uploads\/2023\/11\/034-Bezpecnostni-politika-externi_VERZE-2.pdf\" target=\"_blank\" rel=\"noopener\">Bezpe\u010dnostn\u00ed politika Nemocnice Jihlava \u2013 extern\u00ed<\/a><\/p>\n<p>Je obecn\u011b platn\u00e1 pro v\u0161echny dodavatele, obchodn\u00ed partnery, extern\u00ed poskytovatele IT-slu\u017eeb apod. Nemocnice Jihlava, d\u00e1le uv\u00e1d\u011bn\u00e9 pod souhrnn\u00fdm ozna\u010den\u00edm \u201et\u0159et\u00ed strany\u201c, kte\u0159\u00ed maj\u00ed na z\u00e1klad\u011b vz\u00e1jemn\u00fdch pracovn\u011bpr\u00e1vn\u00edch nebo jin\u00fdch smluvn\u00edch vztah\u016f opr\u00e1vn\u011bn\u00ed p\u0159istupovat zevnit\u0159 nebo zven\u010d\u00ed k po\u010d\u00edta\u010dov\u00e9 s\u00edti, informa\u010dn\u00edm syst\u00e9m\u016fm nebo, prost\u0159edk\u016fm ICT Nemocnice a zpracov\u00e1van\u00fdm informac\u00edm v jak\u00e9koliv podob\u011b a form\u011b.<\/p>\n<\/div>\n<\/div><\/div>\n<\/div>\n<\/div>\n<\/div>\n<\/div>\n<\/div>\n\n","protected":false},"excerpt":{"rendered":"","protected":false},"author":5,"featured_media":23379,"parent":23307,"menu_order":0,"comment_status":"closed","ping_status":"closed","template":"","meta":{"pgc_sgb_lightbox_settings":"","footnotes":"","_links_to":"","_links_to_target":""},"categories":[85],"class_list":["post-27547","page","type-page","status-publish","has-post-thumbnail","hentry","category-page-oddeleni"],"publishpress_future_action":{"enabled":false,"date":"2026-04-24 03:23:06","action":"change-status","newStatus":"draft","terms":[],"taxonomy":"category","extraData":[]},"publishpress_future_workflow_manual_trigger":{"enabledWorkflows":[]},"_links":{"self":[{"href":"https:\/\/www.nemji.cz\/en\/wp-json\/wp\/v2\/pages\/27547","targetHints":{"allow":["GET"]}}],"collection":[{"href":"https:\/\/www.nemji.cz\/en\/wp-json\/wp\/v2\/pages"}],"about":[{"href":"https:\/\/www.nemji.cz\/en\/wp-json\/wp\/v2\/types\/page"}],"author":[{"embeddable":true,"href":"https:\/\/www.nemji.cz\/en\/wp-json\/wp\/v2\/users\/5"}],"replies":[{"embeddable":true,"href":"https:\/\/www.nemji.cz\/en\/wp-json\/wp\/v2\/comments?post=27547"}],"version-history":[{"count":0,"href":"https:\/\/www.nemji.cz\/en\/wp-json\/wp\/v2\/pages\/27547\/revisions"}],"up":[{"embeddable":true,"href":"https:\/\/www.nemji.cz\/en\/wp-json\/wp\/v2\/pages\/23307"}],"wp:featuredmedia":[{"embeddable":true,"href":"https:\/\/www.nemji.cz\/en\/wp-json\/wp\/v2\/media\/23379"}],"wp:attachment":[{"href":"https:\/\/www.nemji.cz\/en\/wp-json\/wp\/v2\/media?parent=27547"}],"wp:term":[{"taxonomy":"category","embeddable":true,"href":"https:\/\/www.nemji.cz\/en\/wp-json\/wp\/v2\/categories?post=27547"}],"curies":[{"name":"wp","href":"https:\/\/api.w.org\/{rel}","templated":true}]}}