{"id":27556,"date":"2023-11-22T13:20:00","date_gmt":"2023-11-22T12:20:00","guid":{"rendered":"https:\/\/test.nemji.cz\/?page_id=27556"},"modified":"2024-01-19T10:38:06","modified_gmt":"2024-01-19T09:38:06","slug":"certifikaty","status":"publish","type":"page","link":"https:\/\/www.nemji.cz\/en\/kvalita\/certifikaty\/","title":{"rendered":"Certifik\u00e1ty"},"content":{"rendered":"<div id=\"cmsmasters_row_6iluctg3hk\" class=\"cmsmasters_row cmsmasters_color_scheme_default heroblocks cmsmasters_row_top_default cmsmasters_row_bot_default cmsmasters_row_boxed\">\n<div id=\"heroboxes\" class=\"cmsmasters_row_outer_parent\">\n<div class=\"cmsmasters_row_overlay\"><\/div>\n<div class=\"cmsmasters_row_outer\">\n<div class=\"cmsmasters_row_inner\">\n<div class=\"cmsmasters_row_margin\">\n<div id=\"cmsmasters_column_sybg7he2sg\" class=\"cmsmasters_column one_first\">\n<div class=\"cmsmasters_column_inner\"><div id=\"cmsmasters_heading_b3c74b95a0\" class=\"cmsmasters_heading_wrap cmsmasters_heading_align_center pageheadingtitle\" data-animation=\"fadeIn\" data-delay=\"100\">\n\t<h1 class=\"cmsmasters_heading\">Kvalita a bezpe\u010dn\u00e1 p\u00e9\u010de<\/h1>\n<\/div><div id=\"cmsmasters_heading_7lvynnfhm\" class=\"cmsmasters_heading_wrap cmsmasters_heading_align_center\" data-animation=\"fadeIn\" data-delay=\"150\">\n\t<h3 class=\"cmsmasters_heading\">Nemocnice Jihlava, p\u0159\u00edsp\u011bvkov\u00e1 organizace<\/h3>\n<\/div>\n<\/div><\/div>\n<\/div>\n<\/div>\n<\/div>\n<\/div>\n<\/div>\n<div id=\"cmsmasters_row_ly5ze1hf8e\" class=\"cmsmasters_row cmsmasters_color_scheme_default cmsmasters_row_top_default cmsmasters_row_bot_default cmsmasters_row_boxed\">\n<div class=\"cmsmasters_row_outer_parent\">\n<div class=\"cmsmasters_row_outer\">\n<div class=\"cmsmasters_row_inner\">\n<div class=\"cmsmasters_row_margin\">\n<div id=\"cmsmasters_column_v67ee6nvg7\" class=\"cmsmasters_column one_first\">\n<div class=\"cmsmasters_column_inner\"><div class=\"cmsmasters_text\">\n<p><nav aria-label=\"breadcrumbs\">\n            <div class=\"breadcrumb-container theme1\">\n                <ol>\n                                    <\/ol>\n            <\/div>\n        <\/nav>    <script type=\"application\/ld+json\">\n        {\n            \"@context\": \"http:\/\/schema.org\",\n            \"@type\": \"BreadcrumbList\",\n            \"itemListElement\": [\n                            ]\n        }\n    <\/script>\n   \n    <script>\n            <\/script>\n<\/p>\n<\/div>\n<\/div><\/div>\n<\/div>\n<\/div>\n<\/div>\n<\/div>\n<\/div>\n<div id=\"cmsmasters_row_3f2f8816dd\" class=\"cmsmasters_row cmsmasters_color_scheme_default cmsmasters_row_top_default cmsmasters_row_bot_default cmsmasters_row_boxed\">\n<div class=\"cmsmasters_row_outer_parent\">\n<div class=\"cmsmasters_row_outer\">\n<div class=\"cmsmasters_row_inner\">\n<div class=\"cmsmasters_row_margin\">\n<div id=\"cmsmasters_column_0a1c5940f5\" class=\"cmsmasters_column one_third stickyinfocolumn\">\n<div class=\"cmsmasters_column_inner\"><div id=\"cmsmasters_heading_rva6m2t32d\" class=\"cmsmasters_heading_wrap cmsmasters_heading_align_center\">\n\t<h3 class=\"cmsmasters_heading\">Kvalita a bezpe\u010dn\u00e1 p\u00e9\u010de<\/h3>\n<\/div>\n<div id=\"cmsmasters_divider_dpp34mcdj5\" class=\"cmsmasters_divider cmsmasters_divider_width_short cmsmasters_divider_pos_center\"><\/div>\n<div class=\"cmsmasters_sidebar sidebar_layout_11 sidebar-custom-menu\"><aside id=\"nav_menu-58\" class=\"widget widget_nav_menu\"><div class=\"menu-kvalita-container\"><ul id=\"menu-kvalita\" class=\"menu\"><li id=\"menu-item-27327\" class=\"static-link menu-item menu-item-type-custom menu-item-object-custom menu-item-27327\"><a href=\"\/kvalita\/#namestek\" data-ps2id-api=\"true\"><i class=\"fa-solid fa-person-arrow-up-from-line\"><\/i> Vedouc\u00ed odd\u011blen\u00ed managementu kvality<\/a><\/li>\n<li id=\"menu-item-27329\" class=\"static-link menu-item menu-item-type-custom menu-item-object-custom menu-item-27329\"><a href=\"\/kvalita\/certifikaty\" data-ps2id-api=\"true\"><i class=\"fa-solid fa-certificate\"><\/i> Certifik\u00e1t kvality<\/a><\/li>\n<li id=\"menu-item-27436\" class=\"static-link menu-item menu-item-type-custom menu-item-object-custom menu-item-27436\"><a href=\"\/kvalita\/rizeni_kvality\/\" data-ps2id-api=\"true\"><i class=\"fa-solid fa-file-shield\"><\/i>Syst\u00e9m \u0159\u00edzen\u00ed kvality a bezpe\u010d\u00ed slu\u017eeb<\/a><\/li>\n<li id=\"menu-item-27442\" class=\"static-link menu-item menu-item-type-custom menu-item-object-custom menu-item-27442\"><a href=\"\/kvalita\/cile\/\" data-ps2id-api=\"true\"><i class=\"fa-solid fa-lock-open\"><\/i>Resortn\u00ed bezpe\u010dnostn\u00ed c\u00edle<\/a><\/li>\n<li id=\"menu-item-27328\" class=\"static-link menu-item menu-item-type-custom menu-item-object-custom menu-item-27328\"><a href=\"\/kvalita\/hodnoceni\/\" data-ps2id-api=\"true\"><i class=\"fa-solid fa-newspaper\"><\/i> Hodnocen\u00ed spokojenosti<\/a><\/li>\n<li id=\"menu-item-27452\" class=\"static-link menu-item menu-item-type-custom menu-item-object-custom menu-item-27452\"><a href=\"\/kvalita\/podporujici_zdravi\/\" data-ps2id-api=\"true\"><i class=\"fa-solid fa-house-medical-flag\"><\/i>Nemocnice podporuj\u00edc\u00ed zdrav\u00ed<\/a><\/li>\n<li id=\"menu-item-27453\" class=\"static-link menu-item menu-item-type-custom menu-item-object-custom menu-item-27453\"><a href=\"\/kvalita\/bezpecnost\/\" data-ps2id-api=\"true\"><i class=\"fa-solid fa-shield-halved\"><\/i>Politika bezpe\u010dnosti informac\u00ed<\/a><\/li>\n<\/ul><\/div><\/aside><div class=\"cl\"><\/div>\n<\/div>\n<\/div><\/div>\n<div id=\"cmsmasters_column_k7vlyuz4yq\" class=\"cmsmasters_column two_third\">\n<div class=\"cmsmasters_column_inner\"><div id=\"cmsmasters_heading_ra6mn0pvp\" class=\"cmsmasters_heading_wrap cmsmasters_heading_align_left\">\n\t<h2 class=\"cmsmasters_heading\">Certifik\u00e1ty kvality a bezpe\u010dn\u00e9 p\u00e9\u010de<\/h2>\n<\/div>\n<div id=\"cmsmasters_divider_kul4awri6m\" class=\"cmsmasters_divider cmsmasters_divider_width_short cmsmasters_divider_pos_left\"><\/div>\n<div class=\"cmsmasters_text\">\n<p><a href=\"\/wp-content\/uploads\/2023\/11\/Certifikat_2024-1.png\"><img loading=\"lazy\" decoding=\"async\" class=\"alignnone wp-image-27423 \" src=\"\/wp-content\/uploads\/2023\/11\/Certifikat_2024-1.png\" alt=\"certifik\u00e1t akreditace kvality\" width=\"685\" height=\"500\" \/><\/a><\/p>\n<\/div>\n<\/div><\/div>\n<\/div>\n<\/div>\n<\/div>\n<\/div>\n<\/div>\n\n","protected":false},"excerpt":{"rendered":"","protected":false},"author":5,"featured_media":23379,"parent":23307,"menu_order":0,"comment_status":"closed","ping_status":"closed","template":"","meta":{"pgc_sgb_lightbox_settings":"","footnotes":"","_links_to":"","_links_to_target":""},"categories":[85],"class_list":["post-27556","page","type-page","status-publish","has-post-thumbnail","hentry","category-page-oddeleni"],"publishpress_future_action":{"enabled":false,"date":"2026-04-24 03:23:12","action":"change-status","newStatus":"draft","terms":[],"taxonomy":"category","extraData":[]},"publishpress_future_workflow_manual_trigger":{"enabledWorkflows":[]},"_links":{"self":[{"href":"https:\/\/www.nemji.cz\/en\/wp-json\/wp\/v2\/pages\/27556","targetHints":{"allow":["GET"]}}],"collection":[{"href":"https:\/\/www.nemji.cz\/en\/wp-json\/wp\/v2\/pages"}],"about":[{"href":"https:\/\/www.nemji.cz\/en\/wp-json\/wp\/v2\/types\/page"}],"author":[{"embeddable":true,"href":"https:\/\/www.nemji.cz\/en\/wp-json\/wp\/v2\/users\/5"}],"replies":[{"embeddable":true,"href":"https:\/\/www.nemji.cz\/en\/wp-json\/wp\/v2\/comments?post=27556"}],"version-history":[{"count":0,"href":"https:\/\/www.nemji.cz\/en\/wp-json\/wp\/v2\/pages\/27556\/revisions"}],"up":[{"embeddable":true,"href":"https:\/\/www.nemji.cz\/en\/wp-json\/wp\/v2\/pages\/23307"}],"wp:featuredmedia":[{"embeddable":true,"href":"https:\/\/www.nemji.cz\/en\/wp-json\/wp\/v2\/media\/23379"}],"wp:attachment":[{"href":"https:\/\/www.nemji.cz\/en\/wp-json\/wp\/v2\/media?parent=27556"}],"wp:term":[{"taxonomy":"category","embeddable":true,"href":"https:\/\/www.nemji.cz\/en\/wp-json\/wp\/v2\/categories?post=27556"}],"curies":[{"name":"wp","href":"https:\/\/api.w.org\/{rel}","templated":true}]}}