{"id":27583,"date":"2023-11-22T14:59:22","date_gmt":"2023-11-22T13:59:22","guid":{"rendered":"https:\/\/test.nemji.cz\/?page_id=27583"},"modified":"2024-01-30T11:18:24","modified_gmt":"2024-01-30T10:18:24","slug":"podporujici_zdravi","status":"publish","type":"page","link":"https:\/\/www.nemji.cz\/en\/kvalita\/podporujici_zdravi\/","title":{"rendered":"Health Promoting Hospitals"},"content":{"rendered":"<div id=\"cmsmasters_row_6iluctg3hk\" class=\"cmsmasters_row cmsmasters_color_scheme_default heroblocks cmsmasters_row_top_default cmsmasters_row_bot_default cmsmasters_row_boxed\">\n<div id=\"heroboxes\" class=\"cmsmasters_row_outer_parent\">\n<div class=\"cmsmasters_row_overlay\"><\/div>\n<div class=\"cmsmasters_row_outer\">\n<div class=\"cmsmasters_row_inner\">\n<div class=\"cmsmasters_row_margin\">\n<div id=\"cmsmasters_column_sybg7he2sg\" class=\"cmsmasters_column one_first\">\n<div class=\"cmsmasters_column_inner\"><div id=\"cmsmasters_heading_b3c74b95a0\" class=\"cmsmasters_heading_wrap cmsmasters_heading_align_center pageheadingtitle\" data-animation=\"fadeIn\" data-delay=\"100\">\n\t<h1 class=\"cmsmasters_heading\">Kvalita a bezpe\u010dn\u00e1 p\u00e9\u010de<\/h1>\n<\/div><div id=\"cmsmasters_heading_5emceljlqf\" class=\"cmsmasters_heading_wrap cmsmasters_heading_align_center\" data-animation=\"fadeIn\" data-delay=\"150\">\n\t<h3 class=\"cmsmasters_heading\">Nemocnice Jihlava, p\u0159\u00edsp\u011bvkov\u00e1 organizace<\/h3>\n<\/div>\n<\/div><\/div>\n<\/div>\n<\/div>\n<\/div>\n<\/div>\n<\/div>\n<div id=\"cmsmasters_row_ly5ze1hf8e\" class=\"cmsmasters_row cmsmasters_color_scheme_default cmsmasters_row_top_default cmsmasters_row_bot_default cmsmasters_row_boxed\">\n<div class=\"cmsmasters_row_outer_parent\">\n<div class=\"cmsmasters_row_outer\">\n<div class=\"cmsmasters_row_inner\">\n<div class=\"cmsmasters_row_margin\">\n<div id=\"cmsmasters_column_v67ee6nvg7\" class=\"cmsmasters_column one_first\">\n<div class=\"cmsmasters_column_inner\"><div class=\"cmsmasters_text\">\n<p><nav aria-label=\"breadcrumbs\">\n            <div class=\"breadcrumb-container theme1\">\n                <ol>\n                                    <\/ol>\n            <\/div>\n        <\/nav>    <script type=\"application\/ld+json\">\n        {\n            \"@context\": \"http:\/\/schema.org\",\n            \"@type\": \"BreadcrumbList\",\n            \"itemListElement\": [\n                            ]\n        }\n    <\/script>\n   \n    <script>\n            <\/script>\n<\/p>\n<\/div>\n<\/div><\/div>\n<\/div>\n<\/div>\n<\/div>\n<\/div>\n<\/div>\n<div id=\"cmsmasters_row_3f2f8816dd\" class=\"cmsmasters_row cmsmasters_color_scheme_default cmsmasters_row_top_default cmsmasters_row_bot_default cmsmasters_row_boxed\">\n<div class=\"cmsmasters_row_outer_parent\">\n<div class=\"cmsmasters_row_outer\">\n<div class=\"cmsmasters_row_inner\">\n<div class=\"cmsmasters_row_margin\">\n<div id=\"cmsmasters_column_0a1c5940f5\" class=\"cmsmasters_column one_third stickyinfocolumn\">\n<div class=\"cmsmasters_column_inner\"><div id=\"cmsmasters_heading_rva6m2t32d\" class=\"cmsmasters_heading_wrap cmsmasters_heading_align_center\">\n\t<h3 class=\"cmsmasters_heading\">Kvalita a bezpe\u010dn\u00e1 p\u00e9\u010de<\/h3>\n<\/div>\n<div id=\"cmsmasters_divider_dpp34mcdj5\" class=\"cmsmasters_divider cmsmasters_divider_width_short cmsmasters_divider_pos_center\"><\/div>\n<div class=\"cmsmasters_sidebar sidebar_layout_11 sidebar-custom-menu\"><aside id=\"nav_menu-58\" class=\"widget widget_nav_menu\"><div class=\"menu-kvalita-container\"><ul id=\"menu-kvalita\" class=\"menu\"><li id=\"menu-item-27327\" class=\"static-link menu-item menu-item-type-custom menu-item-object-custom menu-item-27327\"><a href=\"\/kvalita\/#namestek\" data-ps2id-api=\"true\"><i class=\"fa-solid fa-person-arrow-up-from-line\"><\/i> Vedouc\u00ed odd\u011blen\u00ed managementu kvality<\/a><\/li>\n<li id=\"menu-item-27329\" class=\"static-link menu-item menu-item-type-custom menu-item-object-custom menu-item-27329\"><a href=\"\/kvalita\/certifikaty\" data-ps2id-api=\"true\"><i class=\"fa-solid fa-certificate\"><\/i> Certifik\u00e1t kvality<\/a><\/li>\n<li id=\"menu-item-27436\" class=\"static-link menu-item menu-item-type-custom menu-item-object-custom menu-item-27436\"><a href=\"\/kvalita\/rizeni_kvality\/\" data-ps2id-api=\"true\"><i class=\"fa-solid fa-file-shield\"><\/i>Syst\u00e9m \u0159\u00edzen\u00ed kvality a bezpe\u010d\u00ed slu\u017eeb<\/a><\/li>\n<li id=\"menu-item-27442\" class=\"static-link menu-item menu-item-type-custom menu-item-object-custom menu-item-27442\"><a href=\"\/kvalita\/cile\/\" data-ps2id-api=\"true\"><i class=\"fa-solid fa-lock-open\"><\/i>Resortn\u00ed bezpe\u010dnostn\u00ed c\u00edle<\/a><\/li>\n<li id=\"menu-item-27328\" class=\"static-link menu-item menu-item-type-custom menu-item-object-custom menu-item-27328\"><a href=\"\/kvalita\/hodnoceni\/\" data-ps2id-api=\"true\"><i class=\"fa-solid fa-newspaper\"><\/i> Hodnocen\u00ed spokojenosti<\/a><\/li>\n<li id=\"menu-item-27452\" class=\"static-link menu-item menu-item-type-custom menu-item-object-custom menu-item-27452\"><a href=\"\/kvalita\/podporujici_zdravi\/\" data-ps2id-api=\"true\"><i class=\"fa-solid fa-house-medical-flag\"><\/i>Nemocnice podporuj\u00edc\u00ed zdrav\u00ed<\/a><\/li>\n<li id=\"menu-item-27453\" class=\"static-link menu-item menu-item-type-custom menu-item-object-custom menu-item-27453\"><a href=\"\/kvalita\/bezpecnost\/\" data-ps2id-api=\"true\"><i class=\"fa-solid fa-shield-halved\"><\/i>Politika bezpe\u010dnosti informac\u00ed<\/a><\/li>\n<\/ul><\/div><\/aside><div class=\"cl\"><\/div>\n<\/div>\n<\/div><\/div>\n<div id=\"cmsmasters_column_k7vlyuz4yq\" class=\"cmsmasters_column two_third\">\n<div class=\"cmsmasters_column_inner\"><div id=\"cmsmasters_heading_ra6mn0pvp\" class=\"cmsmasters_heading_wrap cmsmasters_heading_align_left\">\n\t<h2 class=\"cmsmasters_heading\">Nemocnice podporuj\u00edc\u00ed zdrav\u00ed \u2013 Health Promoting Hospitals \u2013 HPH<\/h2>\n<\/div>\n<div id=\"cmsmasters_divider_kul4awri6m\" class=\"cmsmasters_divider cmsmasters_divider_width_short cmsmasters_divider_pos_left\"><\/div>\n<div class=\"cmsmasters_text download-links-small\">\n<p><img loading=\"lazy\" decoding=\"async\" class=\"alignnone wp-image-27603\" src=\"\/wp-content\/uploads\/2023\/11\/HPH_Logo.png\" alt=\"\" width=\"263\" height=\"109\" srcset=\"\/wp-content\/uploads\/2023\/11\/HPH_Logo.png 400w, \/wp-content\/uploads\/2023\/11\/HPH_Logo-300x125.png 300w, \/wp-content\/uploads\/2023\/11\/HPH_Logo-18x7.png 18w\" sizes=\"auto, (max-width: 263px) 100vw, 263px\" \/><\/p>\n<p>Sv\u011btov\u00e1 zdravotnick\u00e1 organizace t\u00e9m\u011b\u0159 p\u0159ed dvaceti lety iniciovala projekt podpory zdrav\u00ed v\u00a0nemocnic\u00edch, n\u00e1sledn\u011b byla vytvo\u0159ena Mezin\u00e1rodn\u00ed s\u00edt nemocnic podporuj\u00edc\u00edch zdrav\u00ed. V\u00a0sou\u010dasn\u00e9 dob\u011b tato organizace sdru\u017euje 850 zdravotnick\u00fdch za\u0159\u00edzen\u00ed z\u00a0cel\u00e9ho sv\u011bta. Na\u0161e nemocnice je \u010dlenem t\u00e9to s\u00edt\u011b od roku 2011. Rovn\u011b\u017e jsme se zapojili do n\u00e1rodn\u00ed s\u00edt\u011b nemocnic podporuj\u00edc\u00edch zdrav\u00ed, kde koordin\u00e1torem je Ministerstvo zdravotnictv\u00ed \u010cR. V n\u00e1rodn\u00ed s\u00edti je registrov\u00e1no a spolupracuje v\u00a0sou\u010dasn\u00e9 dob\u011b 11 zdravotnick\u00fdch za\u0159\u00edzen\u00ed. C\u00edlem je integrovat aktivity na podporu zdrav\u00ed do strategie, pl\u00e1n\u016f a \u010dinnost\u00ed zdravotnick\u00fdch za\u0159\u00edzen\u00ed, sm\u011b\u0159ovat osv\u011btu a podporu zdrav\u00ed nejen na pacienty a jejich p\u0159\u00edbuzn\u00e9, ale tak\u00e9 na zdravotn\u00edky.<\/p>\n<p>&nbsp;<\/p>\n<h5><strong>Pro\u010d jsme nemocnic\u00ed podporuj\u00edc\u00ed zdrav\u00ed?<\/strong><\/h5>\n<p>Pro aktivity zam\u011b\u0159en\u00e9 na podporu zdrav\u00ed existuje \u0159ada d\u016fvod\u016f. V\u011bt\u0161ina na\u0161ich p\u0159ijat\u00fdch pacient\u016f m\u00e1 jedno \u010di v\u00edce chronick\u00fdch onemocn\u011bn\u00ed, kter\u00e9 vy\u017eaduj\u00ed krom\u011b l\u00e9ka\u0159sk\u00fdch z\u00e1krok\u016f a farmakoterapie tak\u00e9 podporu a pomoc vypo\u0159\u00e1dat se se svou nemoc\u00ed tak, aby byla dosa\u017eena co nejvy\u0161\u0161\u00ed kvalita \u017eivota. \u010casto pot\u0159ebuj\u00ed podporu v\u00a0souvislosti s\u00a0nutnou zm\u011bnou \u017eivotn\u00edho stylu, \u010di dodr\u017eov\u00e1n\u00edm l\u00e9\u010debn\u00e9ho re\u017eimu p\u0159i u\u017e\u00edv\u00e1n\u00ed l\u00e9k\u016f a stravov\u00e1n\u00ed.<\/p>\n<p>Existuj\u00ed d\u016fkazy, \u017ee situace, p\u0159in\u00e1\u0161ej\u00edc\u00ed zku\u0161enost s\u00a0nemoc\u00ed a zm\u011bnou zdravotn\u00edho stavu, \u010din\u00ed pacienty vn\u00edmav\u011bj\u0161\u00ed k rad\u00e1m a informac\u00edm od n\u00e1s, zdravotn\u00edk\u016f. Pobyt v\u00a0nemocnici je nejp\u0159\u00edhodn\u011bj\u0161\u00ed doba pro intervenci ke zm\u011bn\u011b n\u00e1vyk\u016f a \u00fapravy \u017eivotn\u00edho stylu, proto je t\u0159eba vyu\u017e\u00edt tuto situaci a podpo\u0159it pacienty ke zm\u011bn\u011b.<\/p>\n<p>Vzhledem k\u00a0tomu, \u017ee nemocnice je sou\u010dasn\u011b rizikov\u00fdm pracovi\u0161t\u011bm pro zdravotnick\u00e9 pracovn\u00edky z\u00a0hlediska pracovn\u00edho stresu a odpov\u011bdnosti plynouc\u00ed z\u00a0v\u00fdkonu povol\u00e1n\u00ed, maj\u00ed aktivity zam\u011b\u0159en\u00e9 pro zam\u011bstnance sv\u016fj v\u00fdznam v\u00a0podpo\u0159e zdrav\u00ed, prevenci civiliza\u010dn\u00edch chorob a syndromu vyho\u0159en\u00ed.<\/p>\n<p>Nemocnice Jihlava jako \u010dlen Mezin\u00e1rodn\u00ed s\u00edt\u011b nemocnic podporuj\u00edc\u00edch zdrav\u00ed (HPH) kontinu\u00e1ln\u011b propaguje\u00a0aktivity na podporu zdrav\u00ed, zam\u011b\u0159en\u00e9 na edukaci klient\u016f a zam\u011bstnanc\u016f ke spr\u00e1vn\u00e9 volb\u011b \u017eivotn\u00edho stylu, s\u00a0c\u00edlem z\u00edskat z\u00e1jem velk\u00e9ho okruhu lid\u00ed o sv\u00e9 zdrav\u00ed, pos\u00edlit odpov\u011bdnost klient\u016f p\u0159i zvl\u00e1d\u00e1n\u00ed zdravotn\u00edch probl\u00e9m\u016f, zvy\u0161ovat kontrolu nad sv\u00fdm zdrav\u00edm a neust\u00e1le ho zlep\u0161ovat.<\/p>\n<p>&nbsp;<\/p>\n<h4><strong>Programy na podporu zdrav\u00ed realizovan\u00e9 Nemocnic\u00ed Jihlava pro pacienty<\/strong><\/h4>\n<h5><strong>Den zdrav\u00ed<\/strong><\/h5>\n<p>Organizujeme pro \u0161irokou ve\u0159ejnost 2 x ro\u010dn\u011b<em>. <\/em>Nab\u00edz\u00edme n\u00e1v\u0161t\u011bvn\u00edk\u016fm m\u011b\u0159en\u00ed hladiny cholesterolu a cukru v krvi, m\u011b\u0159en\u00ed krevn\u00edho tlaku, speci\u00e1ln\u00ed nutri\u010dn\u00ed poradenstv\u00ed v\u010detn\u011b stanoven\u00ed hodnot BMI, v\u010dasn\u00e9ho z\u00e1chytu melanomu odbornou l\u00e9ka\u0159skou kontrolou mate\u0159sk\u00fdch znam\u00e9nek, ku\u0159\u00e1k\u016fm m\u011b\u0159en\u00ed oxidu uhelnat\u00e9ho v\u00a0krvi a nab\u00edz\u00edme slu\u017eby poradny pro odvyk\u00e1n\u00ed kou\u0159en\u00ed, zam\u011b\u0159ujeme se na spr\u00e1vnou praxi hygieny rukou, v\u011bnujeme se prevenci rakoviny prsu \u2013 nab\u00edz\u00edme mamografick\u00e9 vy\u0161et\u0159en\u00ed pro z\u00e1jemkyn\u011b v tento den bez nutnosti objedn\u00e1n\u00ed, upozor\u0148ujeme na d\u016fle\u017eitost prevence karcinomu tlust\u00e9ho st\u0159eva, edukujeme v\u00a0prevenci vzniku \u00a0dekubit\u016f, nab\u00edz\u00edme o\u010dkov\u00e1n\u00ed proti ch\u0159ipce.<\/p>\n<p>&nbsp;<\/p>\n<h5><strong>Zdrav\u00fd start do \u017eivota orientovan\u00fd na d\u011btskou populaci<\/strong><\/h5>\n<ul>\n<li>Podporujeme a edukujeme d\u011bti s diabetem, po\u0159\u00e1d\u00e1me d\u011btsk\u00e9 t\u00e1bory pro diabetiky.<\/li>\n<li>Nebojte se nemocnice \u2013 program pro d\u011bti M\u0160.<\/li>\n<li>Na na\u0161e d\u011btsk\u00e9 odd\u011blen\u00ed doch\u00e1z\u00ed zdravotn\u00ed klaun.<\/li>\n<\/ul>\n<p>&nbsp;<\/p>\n<h5><strong>Poradenstv\u00ed p\u0159i farmakoterapii<\/strong><\/h5>\n<p>Nab\u00edz\u00edme pacient\u016fm mo\u017enost konzultace farmakologick\u00e9 l\u00e9\u010dby klinick\u00fdm farmaceutem.<\/p>\n<p>&nbsp;<\/p>\n<h5><strong>Podpora zvl\u00e1d\u00e1n\u00ed zdravotn\u00edch probl\u00e9m\u016f<\/strong><\/h5>\n<ul>\n<li>St\u00e1le roz\u0161i\u0159ujeme \u010dinnosti dobrovoln\u00edk\u016f pro na\u0161e pacienty hospitalizovan\u00e9 v nemocnici.<\/li>\n<\/ul>\n<p>&nbsp;<\/p>\n<h5><strong>Informa\u010dn\u00ed (eduka\u010dn\u00ed) tiskoviny <\/strong>pro hospitalizovan\u00e9 pacienty<\/h5>\n<ul>\n<li>Na chodb\u00e1ch odborn\u00fdch odd\u011blen\u00ed a v p\u0159\u00edjmov\u00fdch desk\u00e1ch hospitalizovan\u00fdch pacient\u016f jsou vlo\u017eeny eduka\u010dn\u00ed materi\u00e1ly.<\/li>\n<li>Prevence na prvn\u00edm m\u00edst\u011b.<\/li>\n<li>Vyvarujte se p\u00e1du.<\/li>\n<li>Slu\u017eby nemocnice pro pacienty.<\/li>\n<li>Hospitalismus a jak na n\u011bj.<\/li>\n<\/ul>\n<p>&nbsp;<\/p>\n<h5><strong>Neku\u0159\u00e1ck\u00e1 nemocnice \u2013 ambulance pro odvyk\u00e1n\u00ed kou\u0159en\u00ed<\/strong><\/h5>\n<h5><strong>Poradensk\u00e1 slu\u017eba v oblasti v\u00fd\u017eivy v eduka\u010dn\u00ed poradn\u011b nutri\u010dn\u00edch terapeutek<\/strong><\/h5>\n<ul>\n<li>Nab\u00edz\u00edme hospitalizovan\u00fdm pacient\u016fm dieta A-FIT, kter\u00e1 spl\u0148uje v\u0161echny z\u00e1sady zdrav\u00e9 v\u00fd\u017eivy.<\/li>\n<li>Mamink\u00e1m na porodnick\u00e9m odd\u011blen\u00ed nab\u00edz\u00edme sn\u00eddan\u011b formou bufetu, potraviny maj\u00ed maminky podle chuti k dispozici po 24 hodin.<\/li>\n<\/ul>\n<p>&nbsp;<\/p>\n<h5><strong>P\u0159edporodn\u00ed kurzy pro nast\u00e1vaj\u00edc\u00ed rodi\u010de<\/strong><\/h5>\n<ul>\n<li>Na\u0161e porodn\u00ed asistentky organizuj\u00ed cvi\u010den\u00ed pro t\u011bhotn\u00e9.<\/li>\n<\/ul>\n<p>&nbsp;<\/p>\n<h5><strong>P\u0159irozen\u00fd porod v\u00a0porodnici<\/strong><\/h5>\n<p>&nbsp;<\/p>\n<h5><strong>Nep\u0159etr\u017eit\u00fd provoz lakta\u010dn\u00ed poradny<\/strong><\/h5>\n<p>&nbsp;<\/p>\n<h5><strong>Edukace stomik\u016f ve stomick\u00e9 poradn\u011b<\/strong><\/h5>\n<p>&nbsp;<\/p>\n<h5><strong>\u201eSestersk\u00e1\u201c ambulance pro pacienty s\u00a0nehoj\u00edc\u00edc\u00ed se r\u00e1nou<\/strong><\/h5>\n<p>&nbsp;<\/p>\n<h5><strong>Na kole d\u011btem Vyso\u010dinou<\/strong><\/h5>\n<p>&nbsp;<\/p>\n<h5><strong>Programy na podporu zdrav\u00ed pro zam\u011bstnance nemocnice<\/strong><\/h5>\n<ul>\n<li><strong>Zapojen\u00ed do celost\u00e1tn\u00ed akce \u201eDo pr\u00e1ce na kole\u201c.<\/strong><\/li>\n<li><strong>Karneval pro d\u011bti.<\/strong><\/li>\n<li><strong>Kulturn\u00ed akce, kino, divadlo.<\/strong><\/li>\n<li><strong>Stravov\u00e1n\u00ed zam\u011bstnanc\u016f.<\/strong>\n<ul>\n<li>Mo\u017enost v\u00fdb\u011bru ovoce k ob\u011bdu.<\/li>\n<li>Sal\u00e1tov\u00fd bufet v j\u00eddeln\u011b zam\u011bstnanc\u016f.<\/li>\n<\/ul>\n<\/li>\n<li><strong>Rozvoj psychosoci\u00e1ln\u00ed podpory pro zam\u011bstnance<\/strong>\n<ul>\n<li>Podpora nebo krizov\u00e1 psychointervence pro zam\u011bstnance.<\/li>\n<\/ul>\n<\/li>\n<\/ul>\n<\/div>\n<\/div><\/div>\n<\/div>\n<\/div>\n<\/div>\n<\/div>\n<\/div>\n\n","protected":false},"excerpt":{"rendered":"","protected":false},"author":5,"featured_media":23379,"parent":23307,"menu_order":0,"comment_status":"closed","ping_status":"closed","template":"","meta":{"pgc_sgb_lightbox_settings":"","footnotes":"","_links_to":"","_links_to_target":""},"categories":[85],"class_list":["post-27583","page","type-page","status-publish","has-post-thumbnail","hentry","category-page-oddeleni"],"publishpress_future_action":{"enabled":false,"date":"2026-04-24 03:23:01","action":"change-status","newStatus":"draft","terms":[],"taxonomy":"category","extraData":[]},"publishpress_future_workflow_manual_trigger":{"enabledWorkflows":[]},"_links":{"self":[{"href":"https:\/\/www.nemji.cz\/en\/wp-json\/wp\/v2\/pages\/27583","targetHints":{"allow":["GET"]}}],"collection":[{"href":"https:\/\/www.nemji.cz\/en\/wp-json\/wp\/v2\/pages"}],"about":[{"href":"https:\/\/www.nemji.cz\/en\/wp-json\/wp\/v2\/types\/page"}],"author":[{"embeddable":true,"href":"https:\/\/www.nemji.cz\/en\/wp-json\/wp\/v2\/users\/5"}],"replies":[{"embeddable":true,"href":"https:\/\/www.nemji.cz\/en\/wp-json\/wp\/v2\/comments?post=27583"}],"version-history":[{"count":0,"href":"https:\/\/www.nemji.cz\/en\/wp-json\/wp\/v2\/pages\/27583\/revisions"}],"up":[{"embeddable":true,"href":"https:\/\/www.nemji.cz\/en\/wp-json\/wp\/v2\/pages\/23307"}],"wp:featuredmedia":[{"embeddable":true,"href":"https:\/\/www.nemji.cz\/en\/wp-json\/wp\/v2\/media\/23379"}],"wp:attachment":[{"href":"https:\/\/www.nemji.cz\/en\/wp-json\/wp\/v2\/media?parent=27583"}],"wp:term":[{"taxonomy":"category","embeddable":true,"href":"https:\/\/www.nemji.cz\/en\/wp-json\/wp\/v2\/categories?post=27583"}],"curies":[{"name":"wp","href":"https:\/\/api.w.org\/{rel}","templated":true}]}}