{"id":28461,"date":"2024-01-10T08:22:29","date_gmt":"2024-01-10T07:22:29","guid":{"rendered":"https:\/\/test.nemji.cz\/?page_id=28461"},"modified":"2024-01-10T11:25:07","modified_gmt":"2024-01-10T10:25:07","slug":"zmena-hesla","status":"publish","type":"page","link":"https:\/\/www.nemji.cz\/en\/rozcestnik-aplikaci\/zmena-hesla\/","title":{"rendered":"Zm\u011bna hesla"},"content":{"rendered":"<div id=\"cmsmasters_row_6iluctg3hk\" class=\"cmsmasters_row cmsmasters_color_scheme_default cmsmasters_row_top_default cmsmasters_row_bot_default cmsmasters_row_boxed\">\n<div class=\"cmsmasters_row_outer_parent\">\n<div class=\"cmsmasters_row_overlay\"><\/div>\n<div class=\"cmsmasters_row_outer\">\n<div class=\"cmsmasters_row_inner\">\n<div class=\"cmsmasters_row_margin\">\n<div id=\"cmsmasters_column_sybg7he2sg\" class=\"cmsmasters_column one_first\">\n<div class=\"cmsmasters_column_inner\"><div id=\"cmsmasters_heading_b3c74b95a0\" class=\"cmsmasters_heading_wrap cmsmasters_heading_align_center pageheadingtitle\">\n\t<h1 class=\"cmsmasters_heading\">Zm\u011bna hesla<\/h1>\n<\/div>\n<\/div><\/div>\n<\/div>\n<\/div>\n<\/div>\n<\/div>\n<\/div>\n<div id=\"cmsmasters_row_dm1ee3gan6\" class=\"cmsmasters_row cmsmasters_color_scheme_default cmsmasters_row_top_default cmsmasters_row_bot_default cmsmasters_row_boxed\">\n<div class=\"cmsmasters_row_outer_parent\">\n<div class=\"cmsmasters_row_overlay\"><\/div>\n<div class=\"cmsmasters_row_outer\">\n<div class=\"cmsmasters_row_inner\">\n<div class=\"cmsmasters_row_margin\">\n<div id=\"cmsmasters_column_sg0hemn91\" class=\"cmsmasters_column one_first\">\n<div class=\"cmsmasters_column_inner\"><div class=\"cmsmasters_text\">\n<p><nav aria-label=\"breadcrumbs\">\n            <div class=\"breadcrumb-container theme1\">\n                <ol>\n                                    <\/ol>\n            <\/div>\n        <\/nav>    <script type=\"application\/ld+json\">\n        {\n            \"@context\": \"http:\/\/schema.org\",\n            \"@type\": \"BreadcrumbList\",\n            \"itemListElement\": [\n                            ]\n        }\n    <\/script>\n   \n    <script>\n            <\/script>\n<\/p>\n<\/div>\n<\/div><\/div>\n<\/div>\n<\/div>\n<\/div>\n<\/div>\n<\/div>\n<div id=\"cmsmasters_row_ly5ze1hf8e\" class=\"cmsmasters_row cmsmasters_color_scheme_default cmsmasters_row_top_default cmsmasters_row_bot_default cmsmasters_row_boxed\">\n<div class=\"cmsmasters_row_outer_parent\">\n<div class=\"cmsmasters_row_outer\">\n<div class=\"cmsmasters_row_inner\">\n<div class=\"cmsmasters_row_margin\">\n<div id=\"cmsmasters_column_v67ee6nvg7\" class=\"cmsmasters_column one_half\">\n<div class=\"cmsmasters_column_inner\"><div id=\"cmsmasters_heading_w1csvxsun\" class=\"cmsmasters_heading_wrap cmsmasters_heading_align_left\">\n\t<h2 class=\"cmsmasters_heading\">Zm\u011bna hesla<\/h2>\n<\/div>\n<div id=\"cmsmasters_divider_ry7iux00h6\" class=\"cmsmasters_divider cmsmasters_divider_width_short cmsmasters_divider_pos_left\"><\/div>\n<div class=\"cmsmasters_text\">\n<div id=\"cbe7b0a9-3504-44dd-a3a3-0e5cacd07788\" class=\"k_b_ada2ac09\">\n<div class=\"n_b_ada2ac09 p_b_ada2ac09\" data-automation-id=\"pageHeader\">\n<div id=\"vpc_WebPart.PageTitle.internal.cbe7b0a9-3504-44dd-a3a3-0e5cacd07788\" data-viewport-id=\"WebPart.PageTitle.internal.cbe7b0a9-3504-44dd-a3a3-0e5cacd07788\">\n<div class=\"u_e_ada2ac09 v_e_ada2ac09\" data-automation-id=\"webPartContainer\" aria-labelledby=\"cswpAccessibleLabelContextual_cbe7b0a9-3504-44dd-a3a3-0e5cacd07788 cswpAccessibleLabel_cbe7b0a9-3504-44dd-a3a3-0e5cacd07788\" data-sp-a11y-navigateonkey-121-a=\".toolbar\" data-sp-feature-tag=\"PageTitle\" data-sp-feature-instance-id=\"cbe7b0a9-3504-44dd-a3a3-0e5cacd07788\">\n<div class=\"webPartContainer\" data-sp-web-part-id=\"cbe7b0a9-3504-44dd-a3a3-0e5cacd07788\">\n<div>\n<div class=\"iw_an_9f38462c\">\n<div class=\"gx_aa_9f38462c gx_an_9f38462c\">\n<div class=\"jh_aa_9f38462c\">\n<div class=\"ji_aa_9f38462c\">\n<h5 class=\"lr_al_9f38462c t_al_9f38462c css-146\" title=\"Zm\u011bna hesla\" role=\"heading\" aria-level=\"1\" data-automation-id=\"TitleTextId\"><strong style=\"font-size: 16px;\">Aktu\u00e1ln\u00ed platn\u00e9 po\u017eadavky na heslo jsou:<\/strong><\/h5>\n<\/div>\n<\/div>\n<\/div>\n<\/div>\n<\/div>\n<\/div>\n<\/div>\n<\/div>\n<\/div>\n<\/div>\n<div class=\"c_az_ada2ac09\">\n<div id=\"spPageCanvasContent\">\n<div class=\"SPCanvas\" data-sp-feature-tag=\"CanvasComponent.internal.bdc14887-412d-4bdb-b385-87caee53450b\">\n<div class=\"SPCanvas-canvas\">\n<div class=\"CanvasComponent\">\n<div class=\"a_b_50a7110f Canvas grid Canvas--withLayout\" data-automation-id=\"Canvas\">\n<div class=\"i_b_50a7110f\" data-automation-id=\"CanvasLayout\">\n<div class=\"a_a_50a7110f a_a_50a7110f root-191 CanvasZone row CanvasZone--alignment CanvasZone--noMargin CanvasZone--read\" data-automation-id=\"CanvasZone\">\n<div class=\"f_a_50a7110f\">\n<div class=\"a_c_50a7110f m_c_50a7110f CanvasSection CanvasSection-col CanvasSection-sm12 CanvasSection--read CanvasSection-xl6 p_c_50a7110f\" data-automation-id=\"CanvasSection\">\n<div id=\"1212fc8d-dd6b-408a-8d5d-9f1cc787efbb\" class=\"ControlZone ControlZone--clean a_e_50a7110f\" data-automation-id=\"CanvasControl\">\n<div class=\"ControlZone--control\">\n<div class=\"rte-webpart rte--ck5 rte--read-ck5 uniformSpacingForElements\" dir=\"auto\" data-sp-feature-tag=\"Rich Text Editor\" data-sp-feature-instance-id=\"1212fc8d-dd6b-408a-8d5d-9f1cc787efbb\">\n<div class=\"ck-content rteEmphasis root-192\" data-automation-id=\"textBox\">\n<ul>\n<li>minim\u00e1ln\u00ed d\u00e9lka hesla 12 znak\u016f,<\/li>\n<li>komplexita hesla \u2013 znaky minim\u00e1ln\u011b ze t\u0159\u00ed n\u00ed\u017ee uveden\u00fdch kategori\u00ed:\n<ul>\n<li>mal\u00e9 znaky,<\/li>\n<li>velk\u00e9 znaky,<\/li>\n<li>\u010d\u00edslice,<\/li>\n<li>speci\u00e1ln\u00ed znaky,<\/li>\n<\/ul>\n<\/li>\n<li>maxim\u00e1ln\u00ed doba platnosti hesla je 18 m\u011bs\u00edc\u016f,<\/li>\n<li>z\u00e1kaz pou\u017e\u00edvan\u00ed stejn\u00e9ho hesla (posledn\u00edch 12 hesel),<\/li>\n<li>z\u00e1kaz pou\u017e\u00edv\u00e1n\u00ed hesel, kter\u00e1 se daj\u00ed snadno uh\u00e1dnout,<\/li>\n<li>z\u00e1kaz pou\u017e\u00edv\u00e1n\u00ed hesel obsahuj\u00edc\u00edch n\u00e1sleduj\u00edc\u00ed slova a jejich mutace:\n<ul>\n<li>Vyso\u010dina,<\/li>\n<li>Jihlava,<\/li>\n<li>Nemocnice.<\/li>\n<\/ul>\n<\/li>\n<\/ul>\n<\/div>\n<\/div>\n<\/div>\n<\/div>\n<\/div>\n<\/div>\n<\/div>\n<\/div>\n<\/div>\n<\/div>\n<\/div>\n<\/div>\n<\/div>\n<\/div>\n<\/div>\n<\/div><\/div>\n<div id=\"cmsmasters_column_43p02z3ws\" class=\"cmsmasters_column one_half\">\n<div class=\"cmsmasters_column_inner\"><div class=\"cmsmasters_img  cmsmasters_image_l\"><a href=\"https:\/\/aka.ms\/sspr\" target=\"_blank\"><img decoding=\"async\" src=\"\/wp-content\/uploads\/2023\/10\/Portal-11.png\" alt=\"Zm\u011bna hesla\" \/><\/a><\/div><div class=\"cmsmasters_text\">\n<p>&nbsp;<\/p>\n<p>&nbsp;<\/p>\n<p>&nbsp;<\/p>\n<p>&nbsp;<\/p>\n<\/div>\n<div class=\"cmsmasters_text\">\n<p>&nbsp;<\/p>\n<p>&nbsp;<\/p>\n<p>&nbsp;<\/p>\n<p>&nbsp;<\/p>\n<\/div>\n<div id=\"cmsmasters_video_wrap_ze9lk1jxqm\" class=\"cmsmasters_video_wrap\">\n<div style=\"width: 640px;\" class=\"wp-video\"><video class=\"wp-video-shortcode\" id=\"video-28461-1\" width=\"640\" height=\"360\" preload=\"none\" controls=\"controls\"><source type=\"video\/mp4\" src=\"\/wp-content\/uploads\/2024\/01\/Samoobsluzne-resetovani-hesla-SSPR.mp4?_=1\" \/><a href=\"\/wp-content\/uploads\/2024\/01\/Samoobsluzne-resetovani-hesla-SSPR.mp4\">\/wp-content\/uploads\/2024\/01\/Samoobsluzne-resetovani-hesla-SSPR.mp4<\/a><\/video><\/div>\n<\/div>\n<\/div><\/div>\n<\/div>\n<\/div>\n<\/div>\n<\/div>\n<\/div>\n\n","protected":false},"excerpt":{"rendered":"","protected":false},"author":5,"featured_media":19783,"parent":20518,"menu_order":0,"comment_status":"closed","ping_status":"closed","template":"","meta":{"pgc_sgb_lightbox_settings":"","footnotes":"","_links_to":"","_links_to_target":""},"categories":[85],"class_list":["post-28461","page","type-page","status-publish","has-post-thumbnail","hentry","category-page-oddeleni"],"publishpress_future_action":{"enabled":false,"date":"2026-04-13 10:36:35","action":"change-status","newStatus":"draft","terms":[],"taxonomy":"category","extraData":[]},"publishpress_future_workflow_manual_trigger":{"enabledWorkflows":[]},"_links":{"self":[{"href":"https:\/\/www.nemji.cz\/en\/wp-json\/wp\/v2\/pages\/28461","targetHints":{"allow":["GET"]}}],"collection":[{"href":"https:\/\/www.nemji.cz\/en\/wp-json\/wp\/v2\/pages"}],"about":[{"href":"https:\/\/www.nemji.cz\/en\/wp-json\/wp\/v2\/types\/page"}],"author":[{"embeddable":true,"href":"https:\/\/www.nemji.cz\/en\/wp-json\/wp\/v2\/users\/5"}],"replies":[{"embeddable":true,"href":"https:\/\/www.nemji.cz\/en\/wp-json\/wp\/v2\/comments?post=28461"}],"version-history":[{"count":0,"href":"https:\/\/www.nemji.cz\/en\/wp-json\/wp\/v2\/pages\/28461\/revisions"}],"up":[{"embeddable":true,"href":"https:\/\/www.nemji.cz\/en\/wp-json\/wp\/v2\/pages\/20518"}],"wp:featuredmedia":[{"embeddable":true,"href":"https:\/\/www.nemji.cz\/en\/wp-json\/wp\/v2\/media\/19783"}],"wp:attachment":[{"href":"https:\/\/www.nemji.cz\/en\/wp-json\/wp\/v2\/media?parent=28461"}],"wp:term":[{"taxonomy":"category","embeddable":true,"href":"https:\/\/www.nemji.cz\/en\/wp-json\/wp\/v2\/categories?post=28461"}],"curies":[{"name":"wp","href":"https:\/\/api.w.org\/{rel}","templated":true}]}}