{"id":33687,"date":"2025-07-08T14:52:27","date_gmt":"2025-07-08T12:52:27","guid":{"rendered":"https:\/\/webnemji.azurewebsites.net\/?page_id=33687"},"modified":"2025-08-19T13:59:41","modified_gmt":"2025-08-19T11:59:41","slug":"intervize","status":"publish","type":"page","link":"https:\/\/www.nemji.cz\/en\/oddeleni\/centrum-sp-pece\/intervize\/","title":{"rendered":"Intervize"},"content":{"rendered":"<div id=\"cmsmasters_row_6iluctg3hk\" class=\"cmsmasters_row cmsmasters_color_scheme_default cmsmasters_row_top_default cmsmasters_row_bot_default cmsmasters_row_boxed\">\n<div class=\"cmsmasters_row_outer_parent\">\n<div class=\"cmsmasters_row_overlay\"><\/div>\n<div class=\"cmsmasters_row_outer\">\n<div class=\"cmsmasters_row_inner\">\n<div class=\"cmsmasters_row_margin\">\n<div id=\"cmsmasters_column_sybg7he2sg\" class=\"cmsmasters_column one_first\">\n<div class=\"cmsmasters_column_inner\"><div id=\"cmsmasters_heading_b3c74b95a0\" class=\"cmsmasters_heading_wrap cmsmasters_heading_align_center pageheadingtitle\">\n\t<h1 class=\"cmsmasters_heading\">Intervize<\/h1>\n<\/div>\n<\/div><\/div>\n<\/div>\n<\/div>\n<\/div>\n<\/div>\n<\/div>\n<div id=\"cmsmasters_row_ly5ze1hf8e\" class=\"cmsmasters_row cmsmasters_color_scheme_default cmsmasters_row_top_default cmsmasters_row_bot_default cmsmasters_row_boxed\">\n<div class=\"cmsmasters_row_outer_parent\">\n<div class=\"cmsmasters_row_outer\">\n<div class=\"cmsmasters_row_inner\">\n<div class=\"cmsmasters_row_margin\">\n<div id=\"cmsmasters_column_v67ee6nvg7\" class=\"cmsmasters_column one_first\">\n<div class=\"cmsmasters_column_inner\"><div class=\"cmsmasters_text\">\n<p><nav aria-label=\"breadcrumbs\">\n            <div class=\"breadcrumb-container theme1\">\n                <ol>\n                                    <\/ol>\n            <\/div>\n        <\/nav>    <script type=\"application\/ld+json\">\n        {\n            \"@context\": \"http:\/\/schema.org\",\n            \"@type\": \"BreadcrumbList\",\n            \"itemListElement\": [\n                            ]\n        }\n    <\/script>\n   \n    <script>\n            <\/script>\n<\/p>\n<\/div>\n<\/div><\/div>\n<\/div>\n<\/div>\n<\/div>\n<\/div>\n<\/div>\n<div id=\"cmsmasters_row_3f2f8816dd\" class=\"cmsmasters_row cmsmasters_color_scheme_default cmsmasters_row_top_default cmsmasters_row_bot_default cmsmasters_row_boxed\">\n<div class=\"cmsmasters_row_outer_parent\">\n<div class=\"cmsmasters_row_outer\">\n<div class=\"cmsmasters_row_inner\">\n<div class=\"cmsmasters_row_margin\">\n<div id=\"cmsmasters_column_0a1c5940f5\" class=\"cmsmasters_column one_third stickyinfocolumn\">\n<div class=\"cmsmasters_column_inner\"><div id=\"cmsmasters_heading_rva6m2t32d\" class=\"cmsmasters_heading_wrap cmsmasters_heading_align_center\">\n\t<h3 class=\"cmsmasters_heading\">Informace o odd\u011blen\u00ed<\/h3>\n<\/div>\n<div id=\"cmsmasters_divider_dpp34mcdj5\" class=\"cmsmasters_divider cmsmasters_divider_width_short cmsmasters_divider_pos_center\"><\/div>\n<div class=\"cmsmasters_sidebar sidebar_layout_11 sidebar-custom-menu\"><aside id=\"nav_menu-93\" class=\"widget widget_nav_menu\"><div class=\"menu-intervize-container\"><ul id=\"menu-intervize\" class=\"menu\"><li id=\"menu-item-23986\" class=\"menu-item menu-item-type-custom menu-item-object-custom menu-item-23986\"><a href=\"\/oddeleni\/centrum-sp-pece\/#popis-oddeleni\" data-ps2id-api=\"true\"><i class=\"fa-solid fa-info\"><\/i> Popis odd\u011blen\u00ed<\/a><\/li>\n<li id=\"menu-item-23987\" class=\"menu-item menu-item-type-custom menu-item-object-custom menu-item-23987\"><a href=\"\/oddeleni\/centrum-sp-pece\/#personalni-obsazeni\" data-ps2id-api=\"true\"><i class=\"fa-solid fa-user-doctor\"><\/i> Person\u00e1ln\u00ed obsazen\u00ed<\/a><\/li>\n<li id=\"menu-item-23989\" class=\"menu-item menu-item-type-custom menu-item-object-custom menu-item-23989\"><a href=\"\/oddeleni\/centrum-sp-pece\/#kontaktni-informace\" data-ps2id-api=\"true\"><i class=\"fa-solid fa-phone\"><\/i> Kontaktn\u00ed informace<\/a><\/li>\n<li id=\"menu-item-23990\" class=\"menu-item menu-item-type-custom menu-item-object-custom menu-item-23990\"><a href=\"\/oddeleni\/centrum-sp-pece\/#kde-nas-najdete\" data-ps2id-api=\"true\"><i class=\"fa-solid fa-location-dot\"><\/i> Kde n\u00e1s najdete<\/a><\/li>\n<li id=\"menu-item-23992\" class=\"menu-custom-separator menu-item menu-item-type-custom menu-item-object-custom menu-item-23992\"><hr class=\"mhm-menu-separator\"><\/li>\n<li id=\"menu-item-27884\" class=\"menu-item menu-item-type-custom menu-item-object-custom menu-item-27884\"><a href=\"\/oddeleni\/centrum-sp-pece\/socialnici\/\" data-ps2id-api=\"true\"><i class=\"fa-solid fa-people-pulling\"><\/i>Zdravotn\u011b soci\u00e1ln\u00ed pracovn\u00edci<\/a><\/li>\n<li id=\"menu-item-23993\" class=\"static-link menu-item menu-item-type-custom menu-item-object-custom menu-item-23993\"><a href=\"\/oddeleni\/centrum-sp-pece\/dobrovolnici\/\" data-ps2id-api=\"true\"><i class=\"fa-solid fa-hand-holding-heart\"><\/i>Dobrovoln\u00edci<\/a><\/li>\n<li id=\"menu-item-25920\" class=\"static-link menu-item menu-item-type-custom menu-item-object-custom menu-item-25920\"><a href=\"\/oddeleni\/centrum-sp-pece\/duchovni-pece\" data-ps2id-api=\"true\"><i class=\"fa-solid fa-cross\"><\/i>Duchovn\u00ed p\u00e9\u010de<\/a><\/li>\n<li id=\"menu-item-33893\" class=\"menu-item menu-item-type-custom menu-item-object-custom menu-item-33893\"><a href=\"\/oddeleni\/centrum-sp-pece\/SPIS\" data-ps2id-api=\"true\"><i class=\"fa-solid fa-hand-holding-hand\"><\/i>SPIS<\/a><\/li>\n<\/ul><\/div><\/aside><div class=\"cl\"><\/div>\n<\/div>\n<\/div><\/div>\n<div id=\"cmsmasters_column_k7vlyuz4yq\" class=\"cmsmasters_column two_third\">\n<div class=\"cmsmasters_column_inner\"><div class=\"cmsmasters_text scroll-location\">\n<p><a id=\"popis-oddeleni\"><\/a><\/p>\n<\/div>\n<div id=\"cmsmasters_heading_0cx4mcjjyd\" class=\"cmsmasters_heading_wrap cmsmasters_heading_align_left\">\n\t<h2 class=\"cmsmasters_heading\">Popis \u010dinnosti<\/h2>\n<\/div>\n<div id=\"cmsmasters_divider_kul4awri6m\" class=\"cmsmasters_divider cmsmasters_divider_width_short cmsmasters_divider_pos_left\"><\/div>\n<div class=\"cmsmasters_text\">\n<h5><strong>Co je intervize? <\/strong><\/h5>\n<ul>\n<li>Prostor pro partnerstv\u00ed, rozvoj a zodpov\u011bdnost,<\/li>\n<li>prostor pro profesn\u00ed r\u016fst,<\/li>\n<li>reflexe chov\u00e1n\u00ed k\u202fpacient\u016fm, koleg\u016fm i sob\u011b sam\u00e9mu,<\/li>\n<li>zlep\u0161en\u00ed t\u00fdmov\u00e9 spolupr\u00e1ce a komunikace,<\/li>\n<li>podpora zvl\u00e1d\u00e1n\u00ed mezilidsk\u00fdch konflikt\u016f, stresu, emoc\u00ed,<\/li>\n<li>z\u00edsk\u00e1n\u00ed jin\u00e9ho pohledu na situaci,<\/li>\n<li>prevence syndromu vyho\u0159en\u00ed.<\/li>\n<\/ul>\n<p><strong>Kdy m\u016f\u017eu p\u0159ij\u00edt za intervizory?<\/strong><\/p>\n<h5><strong>Kdykoli, kdy\u017e:<\/strong><\/h5>\n<ul>\n<li><strong>m\u011b \u0161tve pr\u00e1ce,<\/strong><\/li>\n<li><strong>je nesoulad mezi kolegy,<\/strong><\/li>\n<li><strong>m\u00e1me na pracovi\u0161ti <\/strong><strong>\u0161patnou atmosf\u00e9ru,<\/strong><\/li>\n<li><strong>tr\u00e1p\u00ed m\u011b pracovn\u00ed neshody.<\/strong><\/li>\n<\/ul>\n<p><span data-teams=\"true\">K \u010demu mi to je?\u00a0 &#8211; <strong>Z\u00edsk\u00e1n\u00ed nadhledu\/jin\u00e9ho pohledu na m\u016fj probl\u00e9m.<\/strong><\/span><\/p>\n<h5><strong>Intervizor je speci\u00e1ln\u011b \u0161kolen\u00fd zam\u011bstnanec nemocnice, kter\u00fd:<\/strong><\/h5>\n<ul>\n<li>vede kolegi\u00e1ln\u00ed rozhovor ve dvojici,<\/li>\n<li>p\u0159in\u00e1\u0161\u00ed jin\u00fd pohled na v\u011bc,<\/li>\n<li>rozeb\u00edr\u00e1 p\u0159\u00edpady z\u202fpraxe,<\/li>\n<li>pojmenov\u00e1v\u00e1, co se d\u011bje,<\/li>\n<li>vyjedn\u00e1v\u00e1 dohody.<\/li>\n<\/ul>\n<h4><strong>Jak intervize prob\u00edh\u00e1?<\/strong><\/h4>\n<h5><strong>\u00a0 1. Vytvo\u0159en\u00ed dohody<\/strong><\/h5>\n<p>= (kontraktov\u00e1n\u00ed) mezi mnou, intervizorem a m\u00fdm nad\u0159\u00edzen\u00fdm<\/p>\n<ul>\n<li>jak\u00fd je c\u00edl &#8211; \u010deho chceme v intervizi dos\u00e1hnout<\/li>\n<li>jak \u010dasto bude intervize prob\u00edhat<\/li>\n<li>jak budou informace z intervize proudit a ke komu<\/li>\n<\/ul>\n<h5><strong>\u00a0\u00a0 2. Samotn\u00e1 intervize<\/strong><\/h5>\n<ul>\n<li>kolegi\u00e1ln\u00ed rozhovory<\/li>\n<li>v soukrom\u00ed<\/li>\n<li>s vybran\u00fdm intervizorem<\/li>\n<\/ul>\n<h5><strong>\u00a0\u00a0 3. Vyhodnocen\u00ed intervize<\/strong><\/h5>\n<ul>\n<li>bylo dosa\u017eeno c\u00edle?<\/li>\n<li>bylo to k n\u011b\u010demu?<\/li>\n<\/ul>\n<\/div>\n\n<div id=\"cmsmasters_divider_hgdnxm8b9\" class=\"cl\"><\/div>\n<div class=\"cmsmasters_text\">\n<p><a id=\"personalni-obsazeni\"><\/a><\/p>\n<\/div>\n<div id=\"cmsmasters_heading_6105a9c140\" class=\"cmsmasters_heading_wrap cmsmasters_heading_align_left\">\n\t<h2 class=\"cmsmasters_heading\">Person\u00e1ln\u00ed obsazen\u00ed<\/h2>\n<\/div>\n<div id=\"cmsmasters_divider_zpp0ewe88n\" class=\"cmsmasters_divider cmsmasters_divider_width_short cmsmasters_divider_pos_left\"><\/div>\n<div class=\"cmsmasters_text personalni-obsazeni\">\n<div class=\"abcfslGridCntr personalni-obsazeni abcfslMLRAuto slv174_t19992_L abcfslGridCntr_19992\"><div class=\"abcfslItemCntrLst abcfslPadBMB30 abcfClrFix\" style=\"padding-bottom: 0;\"><div class=\"abcfslLstCol abcfslLstCol-4 abcfslImgColLst\"><div class=\"abcfslImgCntrLst abcfslMLRPc\"><img decoding=\"async\"  src=\"\/wp-content\/uploads\/2024\/01\/kourkova.jpg\" class=\"ProfileImage\" alt=\"Mgr. Petra Kourkov\u00e1, MBA\"  itemprop=\"image\"  \/><\/div><\/div><div class=\"abcfslLstCol abcfslLstCol-8 abcfslTxtColLst\"><div class=\"abcfslTxtCntrLst  abcfslPadLPc5\" style=\"padding-left: 20px;\"><h4 class=\"abcfslF18_6 MP-F1\"><span class=\"abcfslSpanMP2\">Mgr. Petra <\/span><span class=\"abcfslSpanMP1\">Kourkov\u00e1, MBA <\/span><\/h4><h5 class=\"abcfslF14_6 T-F2\">Mentor klinick\u00e9 praxe, Vedouc\u00ed intervizor<\/h5><div class=\"abcfslMT5  abcfslF14 LT-F5\"><span><i class=\"fa-solid fa-envelope\"><\/i>\u00a0&nbsp;<\/span><span class=\"profile-department-link\"><a href=\"mailto:kourkovap@nemji.cz\">kourkovap@nemji.cz<\/a><\/span><\/div><div class=\"abcfslMT5  abcfslF14 LT-F4\"><span><i class=\"fa-solid fa-phone\"><\/i>\u00a0&nbsp;<\/span><span class=\"profile-department-link\"><a href=\"tel:+420 567 157 957\">+420 567 157 957<\/a><\/span><\/div><\/div><\/div><\/div><div class=\"abcfslItemCntrLst abcfslPadBMB30 abcfClrFix\" style=\"padding-bottom: 0;\"><div class=\"abcfslLstCol abcfslLstCol-4 abcfslImgColLst\"><div class=\"abcfslImgCntrLst abcfslMLRPc\"><img decoding=\"async\"  src=\"\/wp-content\/uploads\/2023\/09\/Turkova.jpg\" class=\"ProfileImage\" alt=\"Bc, Zde\u0148ka Turkov\u00e1, DiS.\"  itemprop=\"image\"  \/><\/div><\/div><div class=\"abcfslLstCol abcfslLstCol-8 abcfslTxtColLst\"><div class=\"abcfslTxtCntrLst  abcfslPadLPc5\" style=\"padding-left: 20px;\"><h4 class=\"abcfslF18_6 MP-F1\"><span class=\"abcfslSpanMP2\">Bc. Zde\u0148ka <\/span><span class=\"abcfslSpanMP1\">Turkov\u00e1, DiS. <\/span><\/h4><h5 class=\"abcfslF14_6 T-F2\">Vrchn\u00ed sestra, Intervizor<\/h5><div class=\"abcfslMT10  abcfslF14 profile-department-link CE-F8\"><p><a href=\"\/oddeleni\/oddeleni-geriatrie\/\">Odd\u011blen\u00ed geriatrie a n\u00e1sledn\u00e9 p\u00e9\u010de<\/a><\/p>\n<\/div><div class=\"abcfslMT5  abcfslF14 LT-F5\"><span><i class=\"fa-solid fa-envelope\"><\/i>\u00a0&nbsp;<\/span><span class=\"profile-department-link\"><a href=\"mailto:turkovaz@nemji.cz\">turkovaz@nemji.cz<\/a><\/span><\/div><div class=\"abcfslMT5  abcfslF14 LT-F4\"><span><i class=\"fa-solid fa-phone\"><\/i>\u00a0&nbsp;<\/span><span class=\"profile-department-link\"><a href=\"tel:+420567157722\">+420 567 157 722<\/a><\/span><\/div><\/div><\/div><\/div><div class=\"abcfslItemCntrLst abcfslPadBMB30 abcfClrFix\" style=\"padding-bottom: 0;\"><div class=\"abcfslLstCol abcfslLstCol-4 abcfslImgColLst\"><div class=\"abcfslImgCntrLst abcfslMLRPc\"><img decoding=\"async\"  src=\"\/wp-content\/uploads\/2025\/08\/brinkova.jpg\" class=\"ProfileImage\" alt=\"Jana B\u0159\u00ednkov\u00e1, Dis\"  itemprop=\"image\"  \/><\/div><\/div><div class=\"abcfslLstCol abcfslLstCol-8 abcfslTxtColLst\"><div class=\"abcfslTxtCntrLst  abcfslPadLPc5\" style=\"padding-left: 20px;\"><h4 class=\"abcfslF18_6 MP-F1\"><span class=\"abcfslSpanMP2\">Jana <\/span><span class=\"abcfslSpanMP1\">B\u0159\u00ednkov\u00e1, Dis <\/span><\/h4><h5 class=\"abcfslF14_6 T-F2\">Intervizor<\/h5><div class=\"abcfslMT10  abcfslF14 profile-department-link CE-F8\"><p><a href=\"\/oddeleni\/centrum-sp-pece\/\">CSPP<\/a>, Intervizor<\/p>\n<\/div><div class=\"abcfslMT5  abcfslF14 LT-F5\"><span><i class=\"fa-solid fa-envelope\"><\/i>\u00a0&nbsp;<\/span><span class=\"profile-department-link\"><a href=\"mailto:brinkovaj@nemji.cz\">brinkovaj@nemji.cz<\/a><\/span><\/div><div class=\"abcfslMT5  abcfslF14 LT-F4\"><span><i class=\"fa-solid fa-phone\"><\/i>\u00a0&nbsp;<\/span><span class=\"profile-department-link\"><a href=\"tel:+420 567 157 383\">+420 567 157 383<\/a><\/span><\/div><\/div><\/div><\/div><\/div>\n<\/div>\n\n<div id=\"cmsmasters_divider_lc4q5cug9\" class=\"cl\"><\/div>\n<div class=\"cmsmasters_text\">\n<p><a id=\"nase-aktivity\"><\/a><\/p>\n<\/div>\n<div class=\"cmsmasters_text\">\n<p><a id=\"kontaktni-informace\"><\/a><\/p>\n<\/div>\n<div id=\"cmsmasters_heading_5xxarfwhy\" class=\"cmsmasters_heading_wrap cmsmasters_heading_align_left\">\n\t<h2 class=\"cmsmasters_heading\">Kontaktn\u00ed informace<\/h2>\n<\/div>\n<div id=\"cmsmasters_divider_rusg61vdrs\" class=\"cmsmasters_divider cmsmasters_divider_width_short cmsmasters_divider_pos_left\"><\/div>\n<div id=\"cmsmasters_icon_box_9aja2xqzg\" class=\"cmsmasters_icon_box cmsmasters_icon_box_left box_icon_type_icon cmsmasters-icon-phone sidebar-icons-contact\">\n<div class=\"icon_box_inner\">\n<h6 class=\"icon_box_heading\">Telefon na vedouc\u00ed intervizorku<\/h6>\n<div class=\"icon_box_text\">\n<p><a href=\"tel:+420604316907\">+420 604 316 907<\/a><\/p>\n<\/div>\n<\/div>\n<\/div>\n\n<div id=\"cmsmasters_divider_myfkhkxxn\" class=\"cl\"><\/div>\n<div class=\"cmsmasters_text\">\n<p><a id=\"kde-nas-najdete\"><\/a><\/p>\n<\/div>\n<div id=\"cmsmasters_heading_lyo3n3lbz\" class=\"cmsmasters_heading_wrap cmsmasters_heading_align_left\">\n\t<h2 class=\"cmsmasters_heading\">Kde n\u00e1s najdete<\/h2>\n<\/div>\n<div id=\"cmsmasters_divider_kpd8femfce\" class=\"cmsmasters_divider cmsmasters_divider_width_medium cmsmasters_divider_pos_left\"><\/div>\n<div class=\"cmsmasters_text\">\n<h4><strong>Ozv\u011bte se n\u00e1m, po domluv\u011b p\u0159ijdeme za V\u00e1mi.<\/strong><\/h4>\n<\/div>\n<\/div><\/div>\n<\/div>\n<\/div>\n<\/div>\n<\/div>\n<\/div>\n\n","protected":false},"excerpt":{"rendered":"","protected":false},"author":5,"featured_media":24262,"parent":23833,"menu_order":0,"comment_status":"closed","ping_status":"closed","template":"","meta":{"pgc_sgb_lightbox_settings":"","footnotes":"","_links_to":"","_links_to_target":""},"categories":[85],"class_list":["post-33687","page","type-page","status-publish","has-post-thumbnail","hentry","category-page-oddeleni"],"publishpress_future_action":{"enabled":false,"date":"2026-04-19 19:25:40","action":"change-status","newStatus":"draft","terms":[],"taxonomy":"category","extraData":[]},"publishpress_future_workflow_manual_trigger":{"enabledWorkflows":[]},"_links":{"self":[{"href":"https:\/\/www.nemji.cz\/en\/wp-json\/wp\/v2\/pages\/33687","targetHints":{"allow":["GET"]}}],"collection":[{"href":"https:\/\/www.nemji.cz\/en\/wp-json\/wp\/v2\/pages"}],"about":[{"href":"https:\/\/www.nemji.cz\/en\/wp-json\/wp\/v2\/types\/page"}],"author":[{"embeddable":true,"href":"https:\/\/www.nemji.cz\/en\/wp-json\/wp\/v2\/users\/5"}],"replies":[{"embeddable":true,"href":"https:\/\/www.nemji.cz\/en\/wp-json\/wp\/v2\/comments?post=33687"}],"version-history":[{"count":0,"href":"https:\/\/www.nemji.cz\/en\/wp-json\/wp\/v2\/pages\/33687\/revisions"}],"up":[{"embeddable":true,"href":"https:\/\/www.nemji.cz\/en\/wp-json\/wp\/v2\/pages\/23833"}],"wp:featuredmedia":[{"embeddable":true,"href":"https:\/\/www.nemji.cz\/en\/wp-json\/wp\/v2\/media\/24262"}],"wp:attachment":[{"href":"https:\/\/www.nemji.cz\/en\/wp-json\/wp\/v2\/media?parent=33687"}],"wp:term":[{"taxonomy":"category","embeddable":true,"href":"https:\/\/www.nemji.cz\/en\/wp-json\/wp\/v2\/categories?post=33687"}],"curies":[{"name":"wp","href":"https:\/\/api.w.org\/{rel}","templated":true}]}}