{"id":33695,"date":"2025-07-09T08:25:27","date_gmt":"2025-07-09T06:25:27","guid":{"rendered":"https:\/\/webnemji.azurewebsites.net\/?page_id=33695"},"modified":"2025-12-11T10:49:39","modified_gmt":"2025-12-11T09:49:39","slug":"spis","status":"publish","type":"page","link":"https:\/\/www.nemji.cz\/en\/oddeleni\/centrum-sp-pece\/spis\/","title":{"rendered":"SPIS"},"content":{"rendered":"<div id=\"cmsmasters_row_6iluctg3hk\" class=\"cmsmasters_row cmsmasters_color_scheme_default cmsmasters_row_top_default cmsmasters_row_bot_default cmsmasters_row_boxed\">\n<div class=\"cmsmasters_row_outer_parent\">\n<div class=\"cmsmasters_row_overlay\"><\/div>\n<div class=\"cmsmasters_row_outer\">\n<div class=\"cmsmasters_row_inner\">\n<div class=\"cmsmasters_row_margin\">\n<div id=\"cmsmasters_column_sybg7he2sg\" class=\"cmsmasters_column one_first\">\n<div class=\"cmsmasters_column_inner\"><div id=\"cmsmasters_heading_b3c74b95a0\" class=\"cmsmasters_heading_wrap cmsmasters_heading_align_center pageheadingtitle\">\n\t<h1 class=\"cmsmasters_heading\">SPIS<\/h1>\n<\/div><div id=\"cmsmasters_heading_upc3qepqfr\" class=\"cmsmasters_heading_wrap cmsmasters_heading_align_center pageheadingtitle\">\n\t<h2 class=\"cmsmasters_heading\">= syst\u00e9m psychosoci\u00e1ln\u00ed interven\u010dn\u00ed slu\u017eby <\/h2>\n<\/div>\n<\/div><\/div>\n<\/div>\n<\/div>\n<\/div>\n<\/div>\n<\/div>\n<div id=\"cmsmasters_row_ly5ze1hf8e\" class=\"cmsmasters_row cmsmasters_color_scheme_default cmsmasters_row_top_default cmsmasters_row_bot_default cmsmasters_row_boxed\">\n<div class=\"cmsmasters_row_outer_parent\">\n<div class=\"cmsmasters_row_outer\">\n<div class=\"cmsmasters_row_inner\">\n<div class=\"cmsmasters_row_margin\">\n<div id=\"cmsmasters_column_v67ee6nvg7\" class=\"cmsmasters_column one_first\">\n<div class=\"cmsmasters_column_inner\"><div class=\"cmsmasters_text\">\n<p><nav aria-label=\"breadcrumbs\">\n            <div class=\"breadcrumb-container theme1\">\n                <ol>\n                                    <\/ol>\n            <\/div>\n        <\/nav>    <script type=\"application\/ld+json\">\n        {\n            \"@context\": \"http:\/\/schema.org\",\n            \"@type\": \"BreadcrumbList\",\n            \"itemListElement\": [\n                            ]\n        }\n    <\/script>\n   \n    <script>\n            <\/script>\n<\/p>\n<\/div>\n<\/div><\/div>\n<\/div>\n<\/div>\n<\/div>\n<\/div>\n<\/div>\n<div id=\"cmsmasters_row_3f2f8816dd\" class=\"cmsmasters_row cmsmasters_color_scheme_default cmsmasters_row_top_default cmsmasters_row_bot_default cmsmasters_row_boxed\">\n<div class=\"cmsmasters_row_outer_parent\">\n<div class=\"cmsmasters_row_outer\">\n<div class=\"cmsmasters_row_inner\">\n<div class=\"cmsmasters_row_margin\">\n<div id=\"cmsmasters_column_0a1c5940f5\" class=\"cmsmasters_column one_third stickyinfocolumn\">\n<div class=\"cmsmasters_column_inner\"><div id=\"cmsmasters_heading_rva6m2t32d\" class=\"cmsmasters_heading_wrap cmsmasters_heading_align_center\">\n\t<h3 class=\"cmsmasters_heading\">Informace o odd\u011blen\u00ed<\/h3>\n<\/div>\n<div id=\"cmsmasters_divider_dpp34mcdj5\" class=\"cmsmasters_divider cmsmasters_divider_width_short cmsmasters_divider_pos_center\"><\/div>\n<div class=\"cmsmasters_sidebar sidebar_layout_11 sidebar-custom-menu\"><aside id=\"nav_menu-92\" class=\"widget widget_nav_menu\"><div class=\"menu-spis-container\"><ul id=\"menu-spis\" class=\"menu\"><li id=\"menu-item-33853\" class=\"menu-item menu-item-type-custom menu-item-object-custom menu-item-33853\"><a href=\"\/oddeleni\/centrum-sp-pece\/#popis-oddeleni\" data-ps2id-api=\"true\"><i class=\"fa-solid fa-info\"><\/i> Popis odd\u011blen\u00ed<\/a><\/li>\n<li id=\"menu-item-33854\" class=\"menu-item menu-item-type-custom menu-item-object-custom menu-item-33854\"><a href=\"\/oddeleni\/centrum-sp-pece\/#personalni-obsazeni\" data-ps2id-api=\"true\"><i class=\"fa-solid fa-user-doctor\"><\/i> Person\u00e1ln\u00ed obsazen\u00ed<\/a><\/li>\n<li id=\"menu-item-33855\" class=\"menu-item menu-item-type-custom menu-item-object-custom menu-item-33855\"><a href=\"\/oddeleni\/centrum-sp-pece\/#kontaktni-informace\" data-ps2id-api=\"true\"><i class=\"fa-solid fa-phone\"><\/i> Kontaktn\u00ed informace<\/a><\/li>\n<li id=\"menu-item-33856\" class=\"menu-item menu-item-type-custom menu-item-object-custom menu-item-33856\"><a href=\"\/oddeleni\/centrum-sp-pece\/#kde-nas-najdete\" data-ps2id-api=\"true\"><i class=\"fa-solid fa-location-dot\"><\/i> Kde n\u00e1s najdete<\/a><\/li>\n<li id=\"menu-item-33857\" class=\"menu-custom-separator menu-item menu-item-type-custom menu-item-object-custom menu-item-33857\"><hr class=\"mhm-menu-separator\"><\/li>\n<li id=\"menu-item-33859\" class=\"menu-item menu-item-type-custom menu-item-object-custom menu-item-33859\"><a href=\"\/oddeleni\/centrum-sp-pece\/socialnici\/\" data-ps2id-api=\"true\"><i class=\"fa-solid fa-people-pulling\"><\/i>Zdravotn\u011b soci\u00e1ln\u00ed pracovn\u00edci<\/a><\/li>\n<li id=\"menu-item-33860\" class=\"static-link menu-item menu-item-type-custom menu-item-object-custom menu-item-33860\"><a href=\"\/oddeleni\/centrum-sp-pece\/dobrovolnici\/\" data-ps2id-api=\"true\"><i class=\"fa-solid fa-hand-holding-heart\"><\/i>Dobrovoln\u00edci<\/a><\/li>\n<li id=\"menu-item-33861\" class=\"static-link menu-item menu-item-type-custom menu-item-object-custom menu-item-33861\"><a href=\"\/oddeleni\/centrum-sp-pece\/duchovni-pece\" data-ps2id-api=\"true\"><i class=\"fa-solid fa-cross\"><\/i>Duchovn\u00ed p\u00e9\u010de<\/a><\/li>\n<li id=\"menu-item-33894\" class=\"menu-item menu-item-type-custom menu-item-object-custom menu-item-33894\"><a href=\"\/oddeleni\/centrum-sp-pece\/Intervize\" data-ps2id-api=\"true\"><i class=\"fa-solid fa-users-viewfinder\"><\/i>Intervize<\/a><\/li>\n<\/ul><\/div><\/aside><div class=\"cl\"><\/div>\n<\/div>\n<\/div><\/div>\n<div id=\"cmsmasters_column_k7vlyuz4yq\" class=\"cmsmasters_column two_third\">\n<div class=\"cmsmasters_column_inner\"><div class=\"cmsmasters_text scroll-location\">\n<p><a id=\"popis-oddeleni\"><\/a><\/p>\n<\/div>\n<div id=\"cmsmasters_heading_0cx4mcjjyd\" class=\"cmsmasters_heading_wrap cmsmasters_heading_align_left\">\n\t<h2 class=\"cmsmasters_heading\">Popis \u010dinnosti<\/h2>\n<\/div>\n<div id=\"cmsmasters_divider_kul4awri6m\" class=\"cmsmasters_divider cmsmasters_divider_width_short cmsmasters_divider_pos_left\"><\/div>\n<div class=\"cmsmasters_text\">\n<p><strong>SPIS= syst\u00e9m psychosoci\u00e1ln\u00ed interven\u010dn\u00ed slu\u017eby\u00a0<\/strong><br \/>\nKrizov\u00ed zdravotni\u010dt\u00ed interventi poskytuj\u00ed v r\u00e1mci SPIS (Syst\u00e9m psychosoci\u00e1ln\u00ed interven\u010dn\u00ed slu\u017eby) akutn\u00ed krizovou podporu v krizi i podp\u016frn\u00e9 rozhovory pacient\u016fm a jejich rodin\u00e1m, ale i zam\u011bstnanc\u016fm nemocnice.<\/p>\n<p><strong>Krizov\u00fd intervent =<\/strong> speci\u00e1ln\u011b \u0161kolen\u00fd zam\u011bstnanec nemocnice, kter\u00fd nab\u00edz\u00ed podp\u016frn\u00fd rozhovor i akutn\u00ed krizovou intervenci.<\/p>\n<ul>\n<li>nab\u00edz\u00ed podp\u016frn\u00fd rozhovor i akutn\u00ed krizovou intervenci.<\/li>\n<li>pro pacienty, jejich p\u0159\u00edbuzn\u00e9, person\u00e1l, sv\u011bdky tragick\u00e9 ud\u00e1losti.<\/li>\n<li>pom\u016f\u017ee p\u0159i akutn\u00ed stresov\u00e9 reakci, akutn\u00edm psychick\u00e9m traumatu, ztr\u00e1t\u011b bl\u00edzk\u00e9ho \u010dlov\u011bka nebo d\u00edt\u011bte, sd\u011blen\u00ed z\u00e1va\u017en\u00e9 diagn\u00f3zy, \u00fa\u010dastn\u00edk\u016fm i vin\u00edk\u016fm dopravn\u00ed nehody.<\/li>\n<\/ul>\n<p><strong>Je tu pro:<br \/>\n<\/strong><\/p>\n<ul>\n<li>pacienty,<\/li>\n<li>jejich p\u0159\u00edbuzn\u00e9,<\/li>\n<li>person\u00e1l,<\/li>\n<li>sv\u011bdky tragick\u00e9 ud\u00e1losti.<\/li>\n<\/ul>\n<p><span data-teams=\"true\"><strong>Pom\u016f\u017ee p\u0159i:<br \/>\n<\/strong><\/span><\/p>\n<ul>\n<li>akutn\u00ed stresov\u00e9 reakci,<\/li>\n<li>akutn\u00edm psychick\u00e9m traumatu,<\/li>\n<li>ztr\u00e1t\u011b bl\u00edzk\u00e9ho \u010dlov\u011bka nebo d\u00edt\u011bte,<\/li>\n<li>opakovan\u00e9 ztr\u00e1t\u011b,<\/li>\n<li>sd\u011blen\u00ed z\u00e1va\u017en\u00e9 diagn\u00f3zy,<\/li>\n<li>\u00fa\u010dastn\u00edk\u016fm i vin\u00edk\u016fm dopravn\u00ed nehody.<br \/>\n<strong><br \/>\n<\/strong><\/li>\n<\/ul>\n<p><strong>PEER podpora =\u00a0<\/strong><strong> kolegi\u00e1ln\u00ed podpora\u00a0<\/strong><strong>pro zdravotn\u00edky:<\/strong><\/p>\n<ul>\n<li>pocit vlastn\u00edho selh\u00e1n\u00ed,<\/li>\n<li>\u00famrt\u00ed pacienta nebo kolegy,<\/li>\n<li>ne\u00fasp\u011b\u0161n\u00e1 KPR,<\/li>\n<li>pochyben\u00ed,<\/li>\n<li>onemocn\u011bn\u00ed kolegy,<\/li>\n<li>napaden\u00ed person\u00e1lu,<\/li>\n<li>onemocn\u011bn\u00ed v rodin\u011b,<\/li>\n<li>osobn\u00ed krize&#8230;<\/li>\n<\/ul>\n<p><strong><br \/>\nKdy se obr\u00e1tit na interventa?\u00a0<\/strong><strong>Kdykoli, kdy\u017e pot\u0159ebuji:<\/strong><\/p>\n<ul>\n<li>psychickou podporu pro pacienta nebo jeho p\u0159\u00edbuzn\u00e9 v akutn\u00ed krizi.<\/li>\n<li>psychickou podporu zdravotn\u00edk\u016fm v p\u0159\u00edpad\u011b nadlimitn\u00ed z\u00e1t\u011b\u017ee, kter\u00e1 je zcela diskr\u00e9tn\u00ed.<\/li>\n<\/ul>\n<p>&nbsp;<\/p>\n<h4><span data-teams=\"true\">&#8230; nebu\u010fte v tom sami &#8211; jsme tady pro V\u00e1s!<\/span><\/h4>\n<\/div>\n\n<div id=\"cmsmasters_divider_hgdnxm8b9\" class=\"cl\"><\/div>\n<div class=\"cmsmasters_text\">\n<p><a id=\"personalni-obsazeni\"><\/a><\/p>\n<\/div>\n<div id=\"cmsmasters_heading_6105a9c140\" class=\"cmsmasters_heading_wrap cmsmasters_heading_align_left\">\n\t<h2 class=\"cmsmasters_heading\">Person\u00e1ln\u00ed obsazen\u00ed<\/h2>\n<\/div>\n<div id=\"cmsmasters_divider_zpp0ewe88n\" class=\"cmsmasters_divider cmsmasters_divider_width_short cmsmasters_divider_pos_left\"><\/div>\n<div class=\"cmsmasters_text personalni-obsazeni\">\n<div class=\"abcfslGridCntr personalni-obsazeni abcfslMLRAuto slv174_t19992_L abcfslGridCntr_19992\"><div class=\"abcfslItemCntrLst abcfslPadBMB30 abcfClrFix\" style=\"padding-bottom: 0;\"><div class=\"abcfslLstCol abcfslLstCol-4 abcfslImgColLst\"><div class=\"abcfslImgCntrLst abcfslMLRPc\"><img decoding=\"async\"  src=\"\/wp-content\/uploads\/2023\/10\/matlova-min-796x1024.png\" class=\"ProfileImage\" alt=\"Bc. Ivana M\u00e1tlov\u00e1\"  itemprop=\"image\"  \/><\/div><\/div><div class=\"abcfslLstCol abcfslLstCol-8 abcfslTxtColLst\"><div class=\"abcfslTxtCntrLst  abcfslPadLPc5\" style=\"padding-left: 20px;\"><h4 class=\"abcfslF18_6 MP-F1\"><span class=\"abcfslSpanMP2\">Bc. Ivana <\/span><span class=\"abcfslSpanMP1\">M\u00e1tlov\u00e1 <\/span><\/h4><h5 class=\"abcfslF14_6 T-F2\">Koordin\u00e1tor t\u00fdmu, intervent, Peer, intervizor pro SPIS, komunikace v krizi<\/h5><div class=\"abcfslMT10  abcfslF14 profile-department-link CE-F8\"><p><a href=\"\/oddeleni\/urgentni-prijem\/intervence\/\">Interven\u010dn\u00ed slu\u017eba<\/a>, SPIS<\/p>\n<\/div><div class=\"abcfslMT5  abcfslF14 LT-F5\"><span><i class=\"fa-solid fa-envelope\"><\/i>\u00a0&nbsp;<\/span><span class=\"profile-department-link\"><a href=\"mailto:matlovai@nemji.cz\">matlovai@nemji.cz<\/a><\/span><\/div><div class=\"abcfslMT5  abcfslF14 LT-F4\"><span><i class=\"fa-solid fa-phone\"><\/i>\u00a0&nbsp;<\/span><span class=\"profile-department-link\"><a href=\"tel:+420730843928\">+420 730 843 928<\/a><\/span><\/div><\/div><\/div><\/div><\/div>\n<\/div>\n\n<div id=\"cmsmasters_divider_lc4q5cug9\" class=\"cl\"><\/div>\n<div class=\"cmsmasters_text\">\n<p><a id=\"kontaktni-informace\"><\/a><\/p>\n<\/div>\n<div id=\"cmsmasters_heading_5xxarfwhy\" class=\"cmsmasters_heading_wrap cmsmasters_heading_align_left\">\n\t<h2 class=\"cmsmasters_heading\">Kontaktn\u00ed informace<\/h2>\n<\/div>\n<div id=\"cmsmasters_divider_rusg61vdrs\" class=\"cmsmasters_divider cmsmasters_divider_width_short cmsmasters_divider_pos_left\"><\/div>\n<div id=\"cmsmasters_icon_box_9aja2xqzg\" class=\"cmsmasters_icon_box cmsmasters_icon_box_left box_icon_type_icon cmsmasters-icon-phone sidebar-icons-contact\">\n<div class=\"icon_box_inner\">\n<h6 class=\"icon_box_heading\">Telefon na interventa a peera ve slu\u017eb\u011b<\/h6>\n<div class=\"icon_box_text\">\n<p><a href=\"tel:+420730843928\">+420 730 843 928<\/a><\/p>\n<\/div>\n<\/div>\n<\/div>\n\n<div id=\"cmsmasters_divider_myfkhkxxn\" class=\"cl\"><\/div>\n<div class=\"cmsmasters_text\">\n<p><a id=\"kde-nas-najdete\"><\/a><\/p>\n<\/div>\n<div id=\"cmsmasters_heading_lyo3n3lbz\" class=\"cmsmasters_heading_wrap cmsmasters_heading_align_left\">\n\t<h2 class=\"cmsmasters_heading\">Kde n\u00e1s najdete<\/h2>\n<\/div>\n<div id=\"cmsmasters_divider_kpd8femfce\" class=\"cmsmasters_divider cmsmasters_divider_width_medium cmsmasters_divider_pos_left\"><\/div>\n<div class=\"cmsmasters_text\">\n<h4><strong>Ozv\u011bte se n\u00e1m, po domluv\u011b p\u0159ijdeme za V\u00e1mi.<\/strong><\/h4>\n<\/div>\n<div class=\"cmsmasters_text\">\n<p><\/p>\n<\/div>\n<\/div><\/div>\n<\/div>\n<\/div>\n<\/div>\n<\/div>\n<\/div>\n\n","protected":false},"excerpt":{"rendered":"","protected":false},"author":5,"featured_media":24262,"parent":23833,"menu_order":0,"comment_status":"closed","ping_status":"closed","template":"","meta":{"pgc_sgb_lightbox_settings":"","footnotes":"","_links_to":"","_links_to_target":""},"categories":[85],"class_list":["post-33695","page","type-page","status-publish","has-post-thumbnail","hentry","category-page-oddeleni"],"publishpress_future_action":{"enabled":false,"date":"2026-04-19 19:22:15","action":"change-status","newStatus":"draft","terms":[],"taxonomy":"category","extraData":[]},"publishpress_future_workflow_manual_trigger":{"enabledWorkflows":[]},"_links":{"self":[{"href":"https:\/\/www.nemji.cz\/en\/wp-json\/wp\/v2\/pages\/33695","targetHints":{"allow":["GET"]}}],"collection":[{"href":"https:\/\/www.nemji.cz\/en\/wp-json\/wp\/v2\/pages"}],"about":[{"href":"https:\/\/www.nemji.cz\/en\/wp-json\/wp\/v2\/types\/page"}],"author":[{"embeddable":true,"href":"https:\/\/www.nemji.cz\/en\/wp-json\/wp\/v2\/users\/5"}],"replies":[{"embeddable":true,"href":"https:\/\/www.nemji.cz\/en\/wp-json\/wp\/v2\/comments?post=33695"}],"version-history":[{"count":0,"href":"https:\/\/www.nemji.cz\/en\/wp-json\/wp\/v2\/pages\/33695\/revisions"}],"up":[{"embeddable":true,"href":"https:\/\/www.nemji.cz\/en\/wp-json\/wp\/v2\/pages\/23833"}],"wp:featuredmedia":[{"embeddable":true,"href":"https:\/\/www.nemji.cz\/en\/wp-json\/wp\/v2\/media\/24262"}],"wp:attachment":[{"href":"https:\/\/www.nemji.cz\/en\/wp-json\/wp\/v2\/media?parent=33695"}],"wp:term":[{"taxonomy":"category","embeddable":true,"href":"https:\/\/www.nemji.cz\/en\/wp-json\/wp\/v2\/categories?post=33695"}],"curies":[{"name":"wp","href":"https:\/\/api.w.org\/{rel}","templated":true}]}}