{"id":35396,"date":"2026-03-06T09:00:13","date_gmt":"2026-03-06T08:00:13","guid":{"rendered":"https:\/\/webnemji.azurewebsites.net\/?page_id=35396"},"modified":"2026-04-15T10:20:07","modified_gmt":"2026-04-15T08:20:07","slug":"komplexni-onkologicke-centrum","status":"publish","type":"page","link":"https:\/\/www.nemji.cz\/en\/oddeleni\/onkologicke-oddeleni\/komplexni-onkologicke-centrum\/","title":{"rendered":"Komplexn\u00ed onkologick\u00e9 centrum Nemocnice Jihlava"},"content":{"rendered":"<div id=\"cmsmasters_row_6iluctg3hk\" class=\"cmsmasters_row cmsmasters_color_scheme_default cmsmasters_row_top_default cmsmasters_row_bot_default cmsmasters_row_boxed\">\n<div class=\"cmsmasters_row_outer_parent\">\n<div class=\"cmsmasters_row_overlay\"><\/div>\n<div class=\"cmsmasters_row_outer\">\n<div class=\"cmsmasters_row_inner\">\n<div class=\"cmsmasters_row_margin\">\n<div id=\"cmsmasters_column_sybg7he2sg\" class=\"cmsmasters_column one_first\">\n<div class=\"cmsmasters_column_inner\"><div id=\"cmsmasters_heading_b3c74b95a0\" class=\"cmsmasters_heading_wrap cmsmasters_heading_align_center pageheadingtitle\">\n\t<h1 class=\"cmsmasters_heading\">Onkologick\u00e9 odd\u011blen\u00ed<\/h1>\n<\/div>\n<\/div><\/div>\n<\/div>\n<\/div>\n<\/div>\n<\/div>\n<\/div>\n<div id=\"cmsmasters_row_ly5ze1hf8e\" class=\"cmsmasters_row cmsmasters_color_scheme_default cmsmasters_row_top_default cmsmasters_row_bot_default cmsmasters_row_boxed\">\n<div class=\"cmsmasters_row_outer_parent\">\n<div class=\"cmsmasters_row_outer\">\n<div class=\"cmsmasters_row_inner\">\n<div class=\"cmsmasters_row_margin\">\n<div id=\"cmsmasters_column_v67ee6nvg7\" class=\"cmsmasters_column one_first\">\n<div class=\"cmsmasters_column_inner\"><div class=\"cmsmasters_text\">\n<p><nav aria-label=\"breadcrumbs\">\n            <div class=\"breadcrumb-container theme1\">\n                <ol>\n                                    <\/ol>\n            <\/div>\n        <\/nav>    <script type=\"application\/ld+json\">\n        {\n            \"@context\": \"http:\/\/schema.org\",\n            \"@type\": \"BreadcrumbList\",\n            \"itemListElement\": [\n                            ]\n        }\n    <\/script>\n   \n    <script>\n            <\/script>\n<\/p>\n<\/div>\n<\/div><\/div>\n<\/div>\n<\/div>\n<\/div>\n<\/div>\n<\/div>\n<div id=\"cmsmasters_row_3f2f8816dd\" class=\"cmsmasters_row cmsmasters_color_scheme_default cmsmasters_row_top_default cmsmasters_row_bot_default cmsmasters_row_boxed\">\n<div class=\"cmsmasters_row_outer_parent\">\n<div class=\"cmsmasters_row_outer\">\n<div class=\"cmsmasters_row_inner\">\n<div class=\"cmsmasters_row_margin\">\n<div id=\"cmsmasters_column_0a1c5940f5\" class=\"cmsmasters_column one_third stickyinfocolumn\">\n<div class=\"cmsmasters_column_inner\"><div id=\"cmsmasters_heading_rva6m2t32d\" class=\"cmsmasters_heading_wrap cmsmasters_heading_align_center\">\n\t<h3 class=\"cmsmasters_heading\">Informace o odd\u011blen\u00ed<\/h3>\n<\/div>\n<div id=\"cmsmasters_divider_dpp34mcdj5\" class=\"cmsmasters_divider cmsmasters_divider_width_short cmsmasters_divider_pos_center\"><\/div>\n<div class=\"cmsmasters_sidebar sidebar_layout_11 sidebar-custom-menu\"><aside id=\"nav_menu-27\" class=\"widget widget_nav_menu\"><div class=\"menu-oddeleni-onkologie-container\"><ul id=\"menu-oddeleni-onkologie\" class=\"menu\"><li id=\"menu-item-21990\" class=\"menu-item menu-item-type-custom menu-item-object-custom menu-item-21990\"><a href=\"\/oddeleni\/onkologicke-oddeleni\/#popis-oddeleni\" data-ps2id-api=\"true\"><i class=\"fa-solid fa-info\"><\/i> Popis odd\u011blen\u00ed<\/a><\/li>\n<li id=\"menu-item-21991\" class=\"menu-item menu-item-type-custom menu-item-object-custom menu-item-21991\"><a href=\"\/oddeleni\/onkologicke-oddeleni\/#personalni-obsazeni\" data-ps2id-api=\"true\"><i class=\"fa-solid fa-user-doctor\"><\/i> Person\u00e1ln\u00ed obsazen\u00ed<\/a><\/li>\n<li id=\"menu-item-21992\" class=\"menu-item menu-item-type-custom menu-item-object-custom menu-item-21992\"><a href=\"\/oddeleni\/onkologicke-oddeleni\/#ordinacni-hodiny\" data-ps2id-api=\"true\"><i class=\"fa-regular fa-clock\"><\/i> Ordina\u010dn\u00ed hodiny<\/a><\/li>\n<li id=\"menu-item-21993\" class=\"menu-item menu-item-type-custom menu-item-object-custom menu-item-21993\"><a href=\"\/oddeleni\/onkologicke-oddeleni\/#kontaktni-informace\" data-ps2id-api=\"true\"><i class=\"fa-solid fa-phone\"><\/i> Kontaktn\u00ed informace<\/a><\/li>\n<li id=\"menu-item-21994\" class=\"menu-item menu-item-type-custom menu-item-object-custom menu-item-21994\"><a href=\"\/oddeleni\/onkologicke-oddeleni\/#kde-nas-najdete\" data-ps2id-api=\"true\"><i class=\"fa-solid fa-location-dot\"><\/i> Kde n\u00e1s najdete<\/a><\/li>\n<li id=\"menu-item-21995\" class=\"menu-item menu-item-type-custom menu-item-object-custom menu-item-21995\"><a href=\"\/oddeleni\/onkologicke-oddeleni\/#fotogalerie\" data-ps2id-api=\"true\"><i class=\"fa-solid fa-camera\"><\/i> Fotogalerie<\/a><\/li>\n<li id=\"menu-item-21996\" class=\"menu-custom-separator menu-item menu-item-type-custom menu-item-object-custom menu-item-21996\"><hr class=\"mhm-menu-separator\"><\/li>\n<li id=\"menu-item-28403\" class=\"static-link menu-item menu-item-type-custom menu-item-object-custom menu-item-28403\"><a href=\"\/oddeleni\/onkologicke-oddeleni\/onkologicke-ambulance\/\" data-ps2id-api=\"true\"><i class=\"fa-solid fa-house-medical\"><\/i>Ambulance<\/a><\/li>\n<li id=\"menu-item-22052\" class=\"static-link menu-item menu-item-type-custom menu-item-object-custom menu-item-22052\"><a href=\"\/oddeleni\/onkologicke-oddeleni\/spektrum-pece\/\" data-ps2id-api=\"true\"><i class=\"fa-solid fa-stethoscope\"><\/i> Spektrum p\u00e9\u010de<\/a><\/li>\n<li id=\"menu-item-21998\" class=\"static-link menu-item menu-item-type-custom menu-item-object-custom menu-item-21998\"><a href=\"\/oddeleni\/onkologicke-oddeleni\/luzkova-cast\/\" data-ps2id-api=\"true\"><i class=\"fa-solid fa-bed-pulse\"><\/i> L\u016f\u017ekov\u00e1 \u010d\u00e1st<\/a><\/li>\n<li id=\"menu-item-35398\" class=\"static-link menu-item menu-item-type-custom menu-item-object-custom menu-item-35398\"><a href=\"\/oddeleni\/onkologicke-oddeleni\/komplexni-onkologicke-centrum\/\" data-ps2id-api=\"true\"><i class=\"fa-solid fa-arrows-to-dot\"><\/i>Komplexn\u00ed onkologick\u00e9 centrum<\/a><\/li>\n<li id=\"menu-item-35616\" class=\"static-link menu-item menu-item-type-custom menu-item-object-custom menu-item-35616\"><a href=\"\/oddeleni\/onkologicke-oddeleni\/pacientska-rada\/\" data-ps2id-api=\"true\"><i class=\"fa-solid fa-users\"><\/i> Pacientsk\u00e1 rada<\/a><\/li>\n<li id=\"menu-item-22057\" class=\"static-link menu-item menu-item-type-custom menu-item-object-custom menu-item-22057\"><a href=\"\/oddeleni\/onkologicke-oddeleni\/kooperujici-onkologicka-skupina-kraje-vysocina\/\" data-ps2id-api=\"true\"><i class=\"fa-solid fa-people-group\"><\/i> Kooperuj\u00edc\u00ed onkologick\u00e1 skupina Kraje Vyso\u010dina<\/a><\/li>\n<li id=\"menu-item-35181\" class=\"static-link menu-item menu-item-type-custom menu-item-object-custom menu-item-35181\"><a href=\"\/oddeleni\/onkologicke-oddeleni\/onko-koo\/\" data-ps2id-api=\"true\"><i class=\"fa-solid fa-hand-holding-heart\"><\/i> Koordin\u00e1to\u0159i onkologick\u00e9 p\u00e9\u010de<\/a><\/li>\n<li id=\"menu-item-28218\" class=\"menu-item menu-item-type-custom menu-item-object-custom menu-item-28218\"><a href=\"\/oddeleni\/onkologicke-oddeleni\/historie-onk\/\" data-ps2id-api=\"true\"><i class=\"fa-solid fa-ribbon\"><\/i>Historie Onkologick\u00e9ho odd\u011blen\u00ed<\/a><\/li>\n<\/ul><\/div><\/aside><div class=\"cl\"><\/div>\n<\/div>\n<\/div><\/div>\n<div id=\"cmsmasters_column_k7vlyuz4yq\" class=\"cmsmasters_column two_third\">\n<div class=\"cmsmasters_column_inner\"><div id=\"cmsmasters_heading_0cx4mcjjyd\" class=\"cmsmasters_heading_wrap cmsmasters_heading_align_left\">\n\t<h2 class=\"cmsmasters_heading\">Komplexn\u00ed onkologick\u00e9 centrum Nemocnice Jihlava<\/h2>\n<\/div>\n<div id=\"cmsmasters_divider_kul4awri6m\" class=\"cmsmasters_divider cmsmasters_divider_width_medium cmsmasters_divider_pos_left\"><\/div>\n<div class=\"cmsmasters_text\">\n<p>Onkologick\u00e9 odd\u011blen\u00ed Nemocnice Jihlava pat\u0159\u00ed mezi 15 onkologick\u00fdch pracovi\u0161\u0165 v \u010cesk\u00e9 republice, kter\u00e1 maj\u00ed statut Komplexn\u00edho onkologick\u00e9ho centra. Statut centra \u00fasp\u011b\u0161n\u011b obh\u00e1jilo v roce 2025.<\/p>\n<p>Komplexn\u00ed onkologick\u00e1 centra (KOC) jsou definov\u00e1na v r\u00e1mci N\u00e1rodn\u00edho onkologick\u00e9ho programu \u010cesk\u00e9 onkologick\u00e9 spole\u010dnosti \u010cSL JEP. KOC mus\u00ed spl\u0148ovat ur\u010den\u00e1 person\u00e1ln\u00ed, materi\u00e1ln\u011b technick\u00e1 a organiza\u010dn\u00ed krit\u00e9ria a jsou pravideln\u011b auditov\u00e1na Ministerstvem zdravotnictv\u00ed \u010cR. KOC tvo\u0159\u00ed p\u00e1te\u0159n\u00ed s\u00ed\u0165 onkologick\u00e9 p\u00e9\u010de v \u010cesk\u00e9 republice a poskytuj\u00ed specializovanou a vysoce specializovanou onkologickou p\u00e9\u010di.<\/p>\n<p>KOC Nemocnice Jihlava \u00fazce spolupracuje s dal\u0161\u00edmi onkologiemi v kraji Vyso\u010dina. Spolu s nemocnicemi v Havl\u00ed\u010dkov\u011b Brod\u011b, Pelh\u0159imov\u011b, T\u0159eb\u00ed\u010di, Nov\u00e9m M\u011bst\u011b na Morav\u011b a ambulantn\u00edm pracovi\u0161t\u011bm v T\u0159eb\u00ed\u010di vytvo\u0159ily v roce 2016 Region\u00e1ln\u00ed onkologickou skupinu Vyso\u010dina.<\/p>\n<p>Onkologick\u00e9 odd\u011blen\u00ed je akreditov\u00e1no MZ \u010cR pro prov\u00e1d\u011bn\u00ed pln\u00e9ho postgradu\u00e1ln\u00edho vzd\u011bl\u00e1v\u00e1n\u00ed jak v oboru radia\u010dn\u00ed onkologie, tak i klinick\u00e9 onkologie, bez nutnosti pobytu \u0161kolenc\u016f na jin\u00fdch pracovi\u0161t\u00edch.<\/p>\n<p>KOC Nemocnice Jihlava spolu s dal\u0161\u00edmi specializovan\u00fdmi odd\u011blen\u00edmi Nemocnice Jihlava poskytuje komplexn\u00ed onkologickou p\u00e9\u010di (tj. diagnostiku n\u00e1dor\u016f, opera\u010dn\u00ed, cytostatickou, biologickou a hormon\u00e1ln\u00ed l\u00e9\u010dbu, imunoterapii, l\u00e9\u010dbu z\u00e1\u0159en\u00edm, podp\u016frnou a paliativn\u00ed l\u00e9\u010dbu a dispenz\u00e1rn\u00ed p\u00e9\u010di) pro dosp\u011bl\u00e9 nemocn\u00e9 s prakticky v\u0161emi typy solidn\u00edch zhoubn\u00fdch n\u00e1dor\u016f. Prov\u00e1d\u00ed tak\u00e9 l\u00e9\u010dbu n\u011bkter\u00fdch hematologick\u00fdch n\u00e1dor\u016f (Hodgkin\u016fv lymfom, NH lymfomy). L\u00e9\u010dba je poskytov\u00e1na ambulantn\u011b i za hospitalizace.<\/p>\n<p>V KOC pracuje 17 l\u00e9ka\u0159\u016f, se specializovanou zp\u016fsobilost\u00ed v oboru klinick\u00e1 a\/nebo radia\u010dn\u00ed onkologie, n\u011bkolik l\u00e9ka\u0159\u016f je v p\u0159\u00edprav\u011b na atestaci.<\/p>\n<p>P\u0159i l\u00e9\u010db\u011b postupujeme podle standard\u016f, kter\u00e9 jsou v souladu s n\u00e1rodn\u00edmi a mezin\u00e1rodn\u00edmi doporu\u010den\u00edmi a standardy. Rozhodov\u00e1n\u00ed o l\u00e9\u010debn\u00e9m postupu pacient\u016f prob\u00edh\u00e1 v multioborov\u00fdch t\u00fdmech, kter\u00e9 se pravideln\u011b sch\u00e1zej\u00ed 1xt\u00fddn\u011b za \u00fa\u010dasti p\u0159\u00edslu\u0161n\u00fdch odborn\u00edk\u016f podle projedn\u00e1van\u00e9ho typu n\u00e1doru a l\u00e9\u010dby. Ji\u017e 20 let m\u00e1me opr\u00e1vn\u011bn\u00ed pod\u00e1vat vysoce specializovanou a n\u00e1kladnou biologickou l\u00e9\u010dbu a imunoterapii u \u0159ady n\u00e1dor\u016f. Po\u010det prepar\u00e1t\u016f a jejich pou\u017eit\u00ed se neust\u00e1le roz\u0161i\u0159uj\u00ed. K ambulantn\u00edmu pod\u00e1v\u00e1n\u00ed chemoterapie a imunoterapie slou\u017e\u00ed chemostacion\u00e1\u0159, vybaven\u00fd 15 aplika\u010dn\u00edmi k\u0159esly a inf\u00fazn\u00ed technikou.<\/p>\n<p>L\u00e9\u010dba z\u00e1\u0159en\u00edm je poskytov\u00e1na v r\u00e1mci oza\u0159ovac\u00edho traktu, vybaven\u00ed tvo\u0159\u00ed p\u0159edev\u0161\u00edm 2 line\u00e1rn\u00ed urychlova\u010de Truebeam fy. Varian v nejmodern\u011bj\u0161\u00ed v\u00fdbav\u011b, umo\u017e\u0148uj\u00edc\u00ed oza\u0159ov\u00e1n\u00ed vysoce sofistikovan\u00fdmi technikami jako IMRT, IGRT, VMAT, stereotaktick\u00e1 radioterapie a tzv. oza\u0159ov\u00e1n\u00ed v n\u00e1dechu (respiratory gating). Dal\u0161\u00ed vybaven\u00ed tvo\u0159\u00ed CT-simul\u00e1tor a za\u0159\u00edzen\u00ed pro aplikaci brachyradioterapie Bravos. V r\u00e1mci kraje Vyso\u010dina je toto pracovi\u0161t\u011b jedin\u00e9<\/p>\n<p>schopno poskytovat kurativn\u00ed radia\u010dn\u00ed l\u00e9\u010dbu (zejm\u00e9na u n\u00e1dor\u016f gynekologick\u00fdch, urologick\u00fdch a za\u017e\u00edvac\u00edho traktu, d\u00e1le n\u00e1dor\u016f prsu, plic a n\u00e1dor\u016f v oblasti hlavy a krku).<\/p>\n<p>KOC Nemocnice Jihlava spolupracuje s dal\u0161\u00edmi onkologick\u00fdmi pracovi\u0161ti v \u010cR, nej\u010dast\u011bji s MO\u00da v Brn\u011b a FN v Praze-Motole.<\/p>\n<p>Pracovn\u00edci onkologick\u00e9ho odd\u011blen\u00ed se ka\u017edoro\u010dn\u011b \u00fa\u010dastn\u00ed \u0159ady v\u00fdznamn\u00fdch onkologick\u00fdch konferenc\u00ed tuzemsk\u00fdch i zahrani\u010dn\u00edch, po\u0159\u00e1d\u00e1me krajsk\u00e9 semin\u00e1\u0159e s onkologickou t\u00e9matikou za \u00fa\u010dasti p\u0159edn\u00edch \u010desk\u00fdch odborn\u00edk\u016f v oboru onkologie. Podle aktu\u00e1ln\u00edch mo\u017enost\u00ed se \u00fa\u010dastn\u00edme n\u00e1rodn\u00edch a mezin\u00e1rodn\u00edch klinick\u00fdch studi\u00ed a prov\u00e1d\u00edme publika\u010dn\u00ed a p\u0159edn\u00e1\u0161kovou \u010dinnost.<\/p>\n<p>\u00dasp\u011b\u0161nost onkologick\u00e9 p\u00e9\u010de v regionu je hodnocena \u0159adou krit\u00e9ri\u00ed, jedn\u00edm z nejv\u00fdznamn\u011bj\u0161\u00edch je 5ti let\u00e9 p\u0159e\u017e\u00edv\u00e1n\u00ed pacient\u016f. KOC Nemocnice Jihlava je v tomto parametru pln\u011b srovnateln\u00e9 s ostatn\u00edmi pracovi\u0161ti v\u010d. fakultn\u00edch nemocnic a u n\u011bkter\u00fdch n\u00e1dor\u016f je dokonce je\u0161t\u011b lep\u0161\u00ed (nap\u0159. u n\u00e1dor\u016f \u017eensk\u00e9ho prsu, vaje\u010dn\u00edku, \u017ealudku, malign\u00edho melanomu aj.). Dal\u0161\u00edm d\u016fle\u017eit\u00fdm krit\u00e9riem je i \u00fasp\u011b\u0161nost prevence, nap\u0159. ve skr\u00edningu n\u00e1dor\u016f prsu vykazujeme nejvy\u0161\u0161\u00ed pokryt\u00ed \u017eensk\u00e9 populace v \u010cR, co\u017e se odr\u00e1\u017e\u00ed ve vy\u0161\u0161\u00edm z\u00e1chytu n\u00edzk\u00fdch st\u00e1di\u00ed a tedy i vy\u0161\u0161\u00ed \u00fasp\u011b\u0161nosti l\u00e9\u010dby tohoto ob\u00e1van\u00e9ho onemocn\u011bn\u00ed. Bohu\u017eel \u0159ada n\u00e1dorov\u00fdch onemocn\u011bn\u00ed st\u00e1le nekon\u010d\u00ed uzdraven\u00edm a pacienti nakonec sv\u00e9mu onemocn\u011bn\u00ed podlehnou, ale i zde se m\u016f\u017eeme pochlubit velmi dob\u0159e zvl\u00e1dnutou paliativn\u00ed a termin\u00e1ln\u00ed p\u00e9\u010d\u00ed pro tyto nemocn\u00e9.<\/p>\n<\/div>\n\n<div id=\"cmsmasters_divider_amwjk28f1a\" class=\"cl\"><\/div>\n<div class=\"cmsmasters_text\">\n<p><a id=\"fotogalerie\"><\/a><\/p>\n<\/div>\n<div id=\"cmsmasters_heading_oj9nupu36t\" class=\"cmsmasters_heading_wrap cmsmasters_heading_align_left\">\n\t<h2 class=\"cmsmasters_heading\">Komplexn\u00ed onkologick\u00e9 centrum &#8211; foto a videa<\/h2>\n<\/div>\n<div id=\"cmsmasters_divider_y21z1t1b3m\" class=\"cmsmasters_divider cmsmasters_divider_width_medium cmsmasters_divider_pos_left\"><\/div>\n<div class=\"cmsmasters_embed_wrap\">\n<iframe loading=\"lazy\" title=\"V\u00fdstavba nov\u00e9ho onkologick\u00e9ho pavilonu\" width=\"500\" height=\"281\" src=\"https:\/\/www.youtube.com\/embed\/CsFebYg0OpI?feature=oembed\" frameborder=\"0\" allow=\"accelerometer; autoplay; clipboard-write; encrypted-media; gyroscope; picture-in-picture; web-share\" referrerpolicy=\"strict-origin-when-cross-origin\" allowfullscreen><\/iframe><\/div>\n<div class=\"cmsmasters_text\">\n<div class=\"pgc-sgb-cb wp-block-pgcsimplygalleryblock-grid \" data-gallery-id=\"39b88783\"><div class=\"sgb-preloader\" id=\"pr_39b88783\">\n\t<div class=\"sgb-square\" style=\"background:#d4d4d4\"><\/div>\n\t<div class=\"sgb-square\" style=\"background:#d4d4d4\"><\/div>\n\t<div class=\"sgb-square\" style=\"background:#d4d4d4\"><\/div>\n\t<div class=\"sgb-square\" style=\"background:#d4d4d4\"><\/div><\/div><div class=\"simply-gallery-amp pgc_sgb_slider \"><noscript><div class=\"sgb-gallery\"><div class=\"sgb-item\"><a href=\"https:\/\/webnemji.azurewebsites.net\/onko2\/\" target=\"_blank\"><img decoding=\"async\" alt=\"\" width=\"192\" height=\"300\" loading=\"lazy\" src=\"\/wp-content\/uploads\/2026\/04\/onko2-192x300.jpeg\" srcset=\"\/wp-content\/uploads\/2026\/04\/onko2-192x300.jpeg 192w,\/wp-content\/uploads\/2026\/04\/onko2-655x1024.jpeg 655w,\/wp-content\/uploads\/2026\/04\/onko2.jpeg 938w\" sizes=\"auto, 250px\"\/><\/a><\/div><div class=\"sgb-item\"><a href=\"https:\/\/webnemji.azurewebsites.net\/onko1\/\" target=\"_blank\"><img decoding=\"async\" alt=\"\" width=\"300\" height=\"200\" loading=\"lazy\" src=\"\/wp-content\/uploads\/2026\/04\/onko1-300x200.jpeg\" srcset=\"\/wp-content\/uploads\/2026\/04\/onko1-300x200.jpeg 300w,\/wp-content\/uploads\/2026\/04\/onko1-1024x683.jpeg 1024w,\/wp-content\/uploads\/2026\/04\/onko1.jpeg 1086w\" sizes=\"auto, 250px\"\/><\/a><\/div><div class=\"sgb-item\"><a href=\"https:\/\/webnemji.azurewebsites.net\/onko3\/\" target=\"_blank\"><img decoding=\"async\" alt=\"\" width=\"300\" height=\"200\" loading=\"lazy\" src=\"\/wp-content\/uploads\/2026\/04\/onko3-300x200.jpeg\" srcset=\"\/wp-content\/uploads\/2026\/04\/onko3-300x200.jpeg 300w,\/wp-content\/uploads\/2026\/04\/onko3-1024x683.jpeg 1024w,\/wp-content\/uploads\/2026\/04\/onko3.jpeg 1086w\" sizes=\"auto, 250px\"\/><\/a><\/div><div class=\"sgb-item\"><a href=\"https:\/\/webnemji.azurewebsites.net\/onko4\/\" target=\"_blank\"><img decoding=\"async\" alt=\"\" width=\"200\" height=\"300\" loading=\"lazy\" src=\"\/wp-content\/uploads\/2026\/04\/onko4-200x300.jpeg\" srcset=\"\/wp-content\/uploads\/2026\/04\/onko4-200x300.jpeg 200w,\/wp-content\/uploads\/2026\/04\/onko4-683x1024.jpeg 683w,\/wp-content\/uploads\/2026\/04\/onko4.jpeg 724w\" sizes=\"auto, 250px\"\/><\/a><\/div><\/div><\/noscript><\/div><script type=\"application\/json\" class=\"sgb-data\">{\"collectionColumns\":4,\"thumbHieghtRation\":0.8,\"thumbSpacing\":10,\"thumbMobileSpacing\":10,\"externalLink\":false,\"captions\":false,\"captionHAlign\":\"bottom\",\"collectionthumbHoverTitleFontSize\":16,\"collectionthumbRoundedCorners\":20,\"collectionThumbSubMenuDownload\":false,\"collectionThumbSubMenuShare\":false,\"galleryType\":\"pgc_sgb_grid\",\"galleryId\":\"39b88783\",\"images\":[{\"id\":35737,\"title\":\"onko2\",\"url\":\"\/wp-content\/uploads\/2026\/04\/onko2.jpeg\",\"link\":\"https:\/\/webnemji.azurewebsites.net\/onko2\/\",\"alt\":\"\",\"description\":\"\",\"caption\":\"\",\"mime\":\"image\/jpeg\",\"type\":\"image\",\"width\":938,\"height\":1467,\"sizes\":{\"thumbnail\":{\"height\":150,\"width\":150,\"url\":\"\/wp-content\/uploads\/2026\/04\/onko2-150x150.jpeg\",\"orientation\":\"landscape\"},\"medium\":{\"height\":300,\"width\":192,\"url\":\"\/wp-content\/uploads\/2026\/04\/onko2-192x300.jpeg\",\"orientation\":\"portrait\"},\"large\":{\"height\":1024,\"width\":655,\"url\":\"\/wp-content\/uploads\/2026\/04\/onko2-655x1024.jpeg\",\"orientation\":\"portrait\"},\"full\":{\"url\":\"\/wp-content\/uploads\/2026\/04\/onko2.jpeg\",\"height\":1467,\"width\":938,\"orientation\":\"portrait\"}},\"imageMeta\":{\"aperture\":\"0\",\"credit\":\"\",\"camera\":\"\",\"caption\":\"\",\"created_timestamp\":\"0\",\"copyright\":\"\",\"focal_length\":\"0\",\"iso\":\"0\",\"shutter_speed\":\"0\",\"title\":\"\",\"orientation\":\"1\",\"keywords\":[]},\"meta\":false,\"postlink\":\"https:\/\/webnemji.azurewebsites.net\/onko2\/\"},{\"id\":35734,\"title\":\"onko1\",\"url\":\"\/wp-content\/uploads\/2026\/04\/onko1.jpeg\",\"link\":\"https:\/\/webnemji.azurewebsites.net\/onko1\/\",\"alt\":\"\",\"description\":\"\",\"caption\":\"\",\"mime\":\"image\/jpeg\",\"type\":\"image\",\"width\":1086,\"height\":724,\"sizes\":{\"thumbnail\":{\"height\":150,\"width\":150,\"url\":\"\/wp-content\/uploads\/2026\/04\/onko1-150x150.jpeg\",\"orientation\":\"landscape\"},\"medium\":{\"height\":200,\"width\":300,\"url\":\"\/wp-content\/uploads\/2026\/04\/onko1-300x200.jpeg\",\"orientation\":\"landscape\"},\"large\":{\"height\":683,\"width\":1024,\"url\":\"\/wp-content\/uploads\/2026\/04\/onko1-1024x683.jpeg\",\"orientation\":\"landscape\"},\"full\":{\"url\":\"\/wp-content\/uploads\/2026\/04\/onko1.jpeg\",\"height\":724,\"width\":1086,\"orientation\":\"landscape\"}},\"imageMeta\":{\"aperture\":\"0\",\"credit\":\"\",\"camera\":\"\",\"caption\":\"\",\"created_timestamp\":\"0\",\"copyright\":\"\",\"focal_length\":\"0\",\"iso\":\"0\",\"shutter_speed\":\"0\",\"title\":\"\",\"orientation\":\"0\",\"keywords\":[]},\"meta\":false,\"postlink\":\"https:\/\/webnemji.azurewebsites.net\/onko1\/\"},{\"id\":35736,\"title\":\"onko3\",\"url\":\"\/wp-content\/uploads\/2026\/04\/onko3.jpeg\",\"link\":\"https:\/\/webnemji.azurewebsites.net\/onko3\/\",\"alt\":\"\",\"description\":\"\",\"caption\":\"\",\"mime\":\"image\/jpeg\",\"type\":\"image\",\"width\":1086,\"height\":724,\"sizes\":{\"thumbnail\":{\"height\":150,\"width\":150,\"url\":\"\/wp-content\/uploads\/2026\/04\/onko3-150x150.jpeg\",\"orientation\":\"landscape\"},\"medium\":{\"height\":200,\"width\":300,\"url\":\"\/wp-content\/uploads\/2026\/04\/onko3-300x200.jpeg\",\"orientation\":\"landscape\"},\"large\":{\"height\":683,\"width\":1024,\"url\":\"\/wp-content\/uploads\/2026\/04\/onko3-1024x683.jpeg\",\"orientation\":\"landscape\"},\"full\":{\"url\":\"\/wp-content\/uploads\/2026\/04\/onko3.jpeg\",\"height\":724,\"width\":1086,\"orientation\":\"landscape\"}},\"imageMeta\":{\"aperture\":\"0\",\"credit\":\"\",\"camera\":\"\",\"caption\":\"\",\"created_timestamp\":\"0\",\"copyright\":\"\",\"focal_length\":\"0\",\"iso\":\"0\",\"shutter_speed\":\"0\",\"title\":\"\",\"orientation\":\"0\",\"keywords\":[]},\"meta\":false,\"postlink\":\"https:\/\/webnemji.azurewebsites.net\/onko3\/\"},{\"id\":35735,\"title\":\"onko4\",\"url\":\"\/wp-content\/uploads\/2026\/04\/onko4.jpeg\",\"link\":\"https:\/\/webnemji.azurewebsites.net\/onko4\/\",\"alt\":\"\",\"description\":\"\",\"caption\":\"\",\"mime\":\"image\/jpeg\",\"type\":\"image\",\"width\":724,\"height\":1086,\"sizes\":{\"thumbnail\":{\"height\":150,\"width\":150,\"url\":\"\/wp-content\/uploads\/2026\/04\/onko4-150x150.jpeg\",\"orientation\":\"landscape\"},\"medium\":{\"height\":300,\"width\":200,\"url\":\"\/wp-content\/uploads\/2026\/04\/onko4-200x300.jpeg\",\"orientation\":\"portrait\"},\"large\":{\"height\":1024,\"width\":683,\"url\":\"\/wp-content\/uploads\/2026\/04\/onko4-683x1024.jpeg\",\"orientation\":\"portrait\"},\"full\":{\"url\":\"\/wp-content\/uploads\/2026\/04\/onko4.jpeg\",\"height\":1086,\"width\":724,\"orientation\":\"portrait\"}},\"imageMeta\":{\"aperture\":\"0\",\"credit\":\"\",\"camera\":\"\",\"caption\":\"\",\"created_timestamp\":\"0\",\"copyright\":\"\",\"focal_length\":\"0\",\"iso\":\"0\",\"shutter_speed\":\"0\",\"title\":\"\",\"orientation\":\"0\",\"keywords\":[]},\"meta\":false,\"postlink\":\"https:\/\/webnemji.azurewebsites.net\/onko4\/\"}],\"shareFacebook\":false,\"shareTwitter\":false,\"sharePinterest\":false,\"sliderItemDownload\":false,\"shareCopyLink\":false,\"sliderItemTitleFontSize\":16,\"sliderSlideshow\":false,\"sliderSlideshowDelay\":6,\"sliderSocialShareEnabled\":false,\"TrpContentRestriction\":{\"restriction_type\":\"exclude\",\"selected_languages\":[],\"panel_open\":true},\"itemsMetaDataCollection\":[]}<\/script><script>(function(){if(window.PGC_SGB && window.PGC_SGB.searcher){window.PGC_SGB.searcher.initBlocks()}})()<\/script><\/div>\n<\/div>\n<\/div><\/div>\n<\/div>\n<\/div>\n<\/div>\n<\/div>\n<\/div>\n<div id=\"cmsmasters_row_bnb6aqb93o\" class=\"cmsmasters_row cmsmasters_color_scheme_default cmsmasters_row_top_default cmsmasters_row_bot_default cmsmasters_row_boxed\">\n<div class=\"cmsmasters_row_outer_parent\">\n<div class=\"cmsmasters_row_outer\">\n<div class=\"cmsmasters_row_inner\">\n<div class=\"cmsmasters_row_margin\">\n<div id=\"cmsmasters_column_pq4z0ippv\" class=\"cmsmasters_column one_first\">\n<div class=\"cmsmasters_column_inner\"><\/div><\/div>\n<\/div>\n<\/div>\n<\/div>\n<\/div>\n<\/div>\n<div id=\"cmsmasters_row_yrgn9bp6ep\" class=\"cmsmasters_row cmsmasters_color_scheme_default cmsmasters_row_top_default cmsmasters_row_bot_default cmsmasters_row_boxed\">\n<div class=\"cmsmasters_row_outer_parent\">\n<div class=\"cmsmasters_row_outer\">\n<div class=\"cmsmasters_row_inner\">\n<div class=\"cmsmasters_row_margin\">\n<div id=\"cmsmasters_column_vw05odiao\" class=\"cmsmasters_column one_first\">\n<div class=\"cmsmasters_column_inner\"><\/div><\/div>\n<\/div>\n<\/div>\n<\/div>\n<\/div>\n<\/div>\n\n","protected":false},"excerpt":{"rendered":"","protected":false},"author":5,"featured_media":17130,"parent":21973,"menu_order":0,"comment_status":"closed","ping_status":"closed","template":"","meta":{"pgc_sgb_lightbox_settings":"","footnotes":"","_links_to":"","_links_to_target":""},"categories":[85],"class_list":["post-35396","page","type-page","status-publish","has-post-thumbnail","hentry","category-page-oddeleni"],"publishpress_future_action":{"enabled":false,"date":"2026-05-07 05:40:20","action":"change-status","newStatus":"draft","terms":[],"taxonomy":"category","extraData":[]},"publishpress_future_workflow_manual_trigger":{"enabledWorkflows":[]},"_links":{"self":[{"href":"https:\/\/www.nemji.cz\/en\/wp-json\/wp\/v2\/pages\/35396","targetHints":{"allow":["GET"]}}],"collection":[{"href":"https:\/\/www.nemji.cz\/en\/wp-json\/wp\/v2\/pages"}],"about":[{"href":"https:\/\/www.nemji.cz\/en\/wp-json\/wp\/v2\/types\/page"}],"author":[{"embeddable":true,"href":"https:\/\/www.nemji.cz\/en\/wp-json\/wp\/v2\/users\/5"}],"replies":[{"embeddable":true,"href":"https:\/\/www.nemji.cz\/en\/wp-json\/wp\/v2\/comments?post=35396"}],"version-history":[{"count":0,"href":"https:\/\/www.nemji.cz\/en\/wp-json\/wp\/v2\/pages\/35396\/revisions"}],"up":[{"embeddable":true,"href":"https:\/\/www.nemji.cz\/en\/wp-json\/wp\/v2\/pages\/21973"}],"wp:featuredmedia":[{"embeddable":true,"href":"https:\/\/www.nemji.cz\/en\/wp-json\/wp\/v2\/media\/17130"}],"wp:attachment":[{"href":"https:\/\/www.nemji.cz\/en\/wp-json\/wp\/v2\/media?parent=35396"}],"wp:term":[{"taxonomy":"category","embeddable":true,"href":"https:\/\/www.nemji.cz\/en\/wp-json\/wp\/v2\/categories?post=35396"}],"curies":[{"name":"wp","href":"https:\/\/api.w.org\/{rel}","templated":true}]}}