{"id":35773,"date":"2026-04-16T11:31:15","date_gmt":"2026-04-16T09:31:15","guid":{"rendered":"https:\/\/webnemji.azurewebsites.net\/?page_id=35773"},"modified":"2026-04-20T10:36:34","modified_gmt":"2026-04-20T08:36:34","slug":"lekarska-knihovna","status":"publish","type":"page","link":"https:\/\/www.nemji.cz\/en\/vzdelavani\/lekarska-knihovna\/","title":{"rendered":"Medical Library"},"content":{"rendered":"<div id=\"cmsmasters_row_ksciwp6ujf\" class=\"cmsmasters_row cmsmasters_color_scheme_default heroblocks cmsmasters_row_top_default cmsmasters_row_bot_default cmsmasters_row_boxed\">\n<div id=\"heroboxes\" class=\"cmsmasters_row_outer_parent\">\n<div class=\"cmsmasters_row_overlay\"><\/div>\n<div class=\"cmsmasters_row_outer\">\n<div class=\"cmsmasters_row_inner\">\n<div class=\"cmsmasters_row_margin\">\n<div id=\"cmsmasters_column_bxgnwqgwt\" class=\"cmsmasters_column one_first\">\n<div class=\"cmsmasters_column_inner\"><div id=\"cmsmasters_heading_mkdgjovddq\" class=\"cmsmasters_heading_wrap cmsmasters_heading_align_center pageheadingtitle\" data-animation=\"fadeIn\" data-delay=\"100\">\n\t<h1 class=\"cmsmasters_heading\">Vzd\u011bl\u00e1v\u00e1n\u00ed odborn\u00e9 ve\u0159ejnosti<\/h1>\n<\/div><div id=\"cmsmasters_heading_gb7vg9rtje\" class=\"cmsmasters_heading_wrap cmsmasters_heading_align_center\" data-animation=\"fadeIn\" data-delay=\"150\">\n\t<h3 class=\"cmsmasters_heading\">Nemocnice Jihlava, p\u0159\u00edsp\u011bvkov\u00e1 organizace<\/h3>\n<\/div>\n<\/div><\/div>\n<\/div>\n<\/div>\n<\/div>\n<\/div>\n<\/div>\n<div id=\"cmsmasters_row_bj7zxjapxj\" class=\"cmsmasters_row cmsmasters_color_scheme_default cmsmasters_row_top_default cmsmasters_row_bot_default cmsmasters_row_boxed\">\n<div class=\"cmsmasters_row_outer_parent\">\n<div class=\"cmsmasters_row_outer\">\n<div class=\"cmsmasters_row_inner\">\n<div class=\"cmsmasters_row_margin\">\n<div id=\"cmsmasters_column_22eksm2374\" class=\"cmsmasters_column one_first\">\n<div class=\"cmsmasters_column_inner\"><div class=\"cmsmasters_text\">\n<p><nav aria-label=\"breadcrumbs\">\n            <div class=\"breadcrumb-container theme1\">\n                <ol>\n                                    <\/ol>\n            <\/div>\n        <\/nav>    <script type=\"application\/ld+json\">\n        {\n            \"@context\": \"http:\/\/schema.org\",\n            \"@type\": \"BreadcrumbList\",\n            \"itemListElement\": [\n                            ]\n        }\n    <\/script>\n   \n    <script>\n            <\/script>\n<\/p>\n<\/div>\n<\/div><\/div>\n<\/div>\n<\/div>\n<\/div>\n<\/div>\n<\/div>\n<div id=\"cmsmasters_row_ldf2o8mry4\" class=\"cmsmasters_row cmsmasters_color_scheme_default cmsmasters_row_top_default cmsmasters_row_bot_default cmsmasters_row_boxed\">\n<div class=\"cmsmasters_row_outer_parent\">\n<div class=\"cmsmasters_row_outer\">\n<div class=\"cmsmasters_row_inner\">\n<div class=\"cmsmasters_row_margin\">\n<div id=\"cmsmasters_column_gg7lw4yg2b\" class=\"cmsmasters_column one_third stickyinfocolumn\">\n<div class=\"cmsmasters_column_inner\"><div id=\"cmsmasters_heading_p15yq2mpjk\" class=\"cmsmasters_heading_wrap cmsmasters_heading_align_center\">\n\t<h3 class=\"cmsmasters_heading\">L\u00e9ka\u0159sk\u00e1 knihovna<\/h3>\n<\/div>\n<div id=\"cmsmasters_divider_l6t6q1gvwr\" class=\"cmsmasters_divider cmsmasters_divider_width_short cmsmasters_divider_pos_center\"><\/div>\n<div class=\"cmsmasters_sidebar sidebar_layout_11 sidebar-custom-menu\"><aside id=\"nav_menu-98\" class=\"widget widget_nav_menu\"><div class=\"menu-lekarska-knihovna-container\"><ul id=\"menu-lekarska-knihovna\" class=\"menu\"><li id=\"menu-item-35776\" class=\"menu-item menu-item-type-custom menu-item-object-custom menu-item-35776\"><a href=\"\/vzdelavani\/lekarska-knihovna\/#popis-oddeleni\" data-ps2id-api=\"true\"><i class=\"fa-solid fa-info\"><\/i> Popis odd\u011blen\u00ed<\/a><\/li>\n<li id=\"menu-item-35777\" class=\"menu-item menu-item-type-custom menu-item-object-custom menu-item-35777\"><a href=\"\/vzdelavani\/lekarska-knihovna\/#personalni-obsazeni\" data-ps2id-api=\"true\"><i class=\"fa-solid fa-user-doctor\"><\/i> Person\u00e1ln\u00ed obsazen\u00ed<\/a><\/li>\n<li id=\"menu-item-35778\" class=\"menu-item menu-item-type-custom menu-item-object-custom menu-item-35778\"><a href=\"\/vzdelavani\/lekarska-knihovna\/#pracovni-doba\" data-ps2id-api=\"true\"><i class=\"fa-regular fa-clock\"><\/i> Pracovn\u00ed doba<\/a><\/li>\n<li id=\"menu-item-35780\" class=\"menu-item menu-item-type-custom menu-item-object-custom menu-item-35780\"><a href=\"\/vzdelavani\/lekarska-knihovna\/#kde-nas-najdete\" data-ps2id-api=\"true\"><i class=\"fa-solid fa-location-dot\"><\/i> Kde n\u00e1s najdete<\/a><\/li>\n<li id=\"menu-item-35781\" class=\"menu-item menu-item-type-custom menu-item-object-custom menu-item-35781\"><a href=\"\/wp-content\/uploads\/2026\/04\/cenik-knihovny.pdf\" data-ps2id-api=\"true\"><i class=\"fa-solid fa-sack-dollar\"><\/i> Cen\u00edk<\/a><\/li>\n<li id=\"menu-item-35782\" class=\"menu-custom-separator menu-item menu-item-type-custom menu-item-object-custom menu-item-35782\"><hr class=\"mhm-menu-separator\"><\/li>\n<li id=\"menu-item-35783\" class=\"static-link menu-item menu-item-type-custom menu-item-object-custom menu-item-35783\"><a href=\"https:\/\/nemocnice.tritius.cz\/library\/jihlava\/\" data-ps2id-api=\"true\"><i class=\"fa-solid fa-link\"><\/i> Online katalog<\/a><\/li>\n<\/ul><\/div><\/aside><div class=\"cl\"><\/div>\n<\/div>\n<\/div><\/div>\n<div id=\"cmsmasters_column_rf5nlcobhl\" class=\"cmsmasters_column two_third\">\n<div class=\"cmsmasters_column_inner\"><div id=\"cmsmasters_heading_tkvja2wsw\" class=\"cmsmasters_heading_wrap cmsmasters_heading_align_left\">\n\t<h2 class=\"cmsmasters_heading\">Popis \u010dinnosti<\/h2>\n<\/div>\n<div id=\"cmsmasters_divider_uthfixg51e\" class=\"cmsmasters_divider cmsmasters_divider_width_short cmsmasters_divider_pos_left\"><\/div>\n<div class=\"cmsmasters_text\">\n<p><a id=\"popis-oddeleni\"><\/a><\/p>\n<\/div>\n<div class=\"cmsmasters_text\">\n<p>L\u00e9ka\u0159sk\u00e1 knihovna vznikla v roce 1958 jako sou\u010d\u00e1st Nemocnice Jihlava, jej\u00edm\u017e z\u0159izovatelem byl Okresn\u00ed \u00fa\u0159ad Jihlava.\u00a0V roce 2002 byla podle z\u00e1kona \u010d. 257\/2001 Sb. zaps\u00e1na na Ministerstvu kultury do evidence knihoven jako specializovan\u00e1 knihovna.<\/p>\n<p>Zalo\u017een\u00ed a budov\u00e1n\u00ed knihovn\u00edho fondu je budov\u00e1no podle profilace oboru provozovan\u00fdch v nemocnici. Zahrnuje odborn\u00e9 monografie, atlasy, u\u010debnice a periodika.<\/p>\n<p>Poskytuje odborn\u00e9 knihovnick\u00e9 slu\u017eby v\u0161em u\u017eivatel\u016fm z \u0159ad l\u00e9ka\u0159\u016f, sester, student\u016f medic\u00edny , technick\u00e9ho person\u00e1lu, managementu nemocnice , ale i ostatn\u00edm registrovan\u00fdm \u010dten\u00e1\u0159\u016fm.<\/p>\n<\/div>\n<div id=\"cmsmasters_heading_t57dm9807j\" class=\"cmsmasters_heading_wrap cmsmasters_heading_align_left\">\n\t<h2 class=\"cmsmasters_heading\">Kontakt<\/h2>\n<\/div>\n<div id=\"cmsmasters_divider_vwml8pm7mk\" class=\"cmsmasters_divider cmsmasters_divider_width_short cmsmasters_divider_pos_left\"><\/div>\n<div class=\"cmsmasters_text\">\n<p><a id=\"personalni-obsazeni\"><\/a><\/p>\n<\/div>\n<div class=\"cmsmasters_text\">\n<div class=\"abcfslGridCntr personalni-obsazeni abcfslMLRAuto slv174_t19992_L abcfslGridCntr_19992\"><div class=\"abcfslItemCntrLst abcfslPadBMB30 abcfClrFix\" style=\"padding-bottom: 0;\"><div class=\"abcfslLstCol abcfslLstCol-4 abcfslImgColLst\"><div class=\"abcfslImgCntrLst abcfslMLRPc\"><img decoding=\"async\"  src=\"\/wp-content\/uploads\/2026\/04\/dobrovolnaI.jpg\" class=\"ProfileImage\" alt=\"Iveta Dobrovoln\u00e1\"  itemprop=\"image\"  \/><\/div><\/div><div class=\"abcfslLstCol abcfslLstCol-8 abcfslTxtColLst\"><div class=\"abcfslTxtCntrLst  abcfslPadLPc5\" style=\"padding-left: 20px;\"><h4 class=\"abcfslF18_6 MP-F1\"><span class=\"abcfslSpanMP2\">Iveta <\/span><span class=\"abcfslSpanMP1\">Dobrovoln\u00e1 <\/span><\/h4><h5 class=\"abcfslF14_6 T-F2\">Knihovnice<\/h5><div class=\"abcfslMT10  abcfslF14 profile-department-link CE-F8\"><p><a href=\"\/vzdelavani\/lekarska-knihovna\/\">L\u00e9ka\u0159sk\u00e1 knihovna<\/a><\/p>\n<\/div><div class=\"abcfslMT5  abcfslF14 LT-F5\"><span><i class=\"fa-solid fa-envelope\"><\/i>\u00a0&nbsp;<\/span><span class=\"profile-department-link\"><a href=\"mailto:dobrovolnai@nemji.cz\">dobrovolnai@nemji.cz<\/a><\/span><\/div><div class=\"abcfslMT5  abcfslF14 LT-F4\"><span><i class=\"fa-solid fa-phone\"><\/i>\u00a0&nbsp;<\/span><span class=\"profile-department-link\"><a href=\"tel:+420567157591\">+420 567 157 591<\/a><\/span><\/div><\/div><\/div><\/div><\/div>\n<\/div>\n<div id=\"cmsmasters_heading_3sc75sn3mk\" class=\"cmsmasters_heading_wrap cmsmasters_heading_align_left\">\n\t<h2 class=\"cmsmasters_heading\">Provozn\u00ed doba<\/h2>\n<\/div>\n<div id=\"cmsmasters_divider_t7c8j1pvmo\" class=\"cmsmasters_divider cmsmasters_divider_width_short cmsmasters_divider_pos_left\"><\/div>\n<div id=\"cmsmasters_divider_m89hzbj3r\" class=\"cl\"><\/div>\n<div class=\"cmsmasters_text\">\n<p><a id=\"pracovni-doba\"><\/a><\/p>\n<\/div>\n<div class=\"cmsmasters_text ordinacni-hodiny-table\">\n<table style=\"border-collapse: collapse; width: 100%; height: 10px;\" border=\"1\">\n<tbody>\n<tr style=\"height: 10px;\">\n<td style=\"width: 16.739%; height: 10px;\"><strong><span style=\"color: #003c56;\">Pond\u011bl\u00ed:<\/span><\/strong><\/td>\n<td style=\"width: 83.261%; height: 10px;\">8:00 &#8211; 12:00<\/td>\n<\/tr>\n<tr style=\"height: 10px;\">\n<td style=\"width: 16.739%; height: 10px;\"><strong><span style=\"color: #003c56;\">\u00dater\u00fd:<\/span><\/strong><\/td>\n<td style=\"width: 83.261%; height: 10px;\">8:00 &#8211; 12:00 13:00 &#8211; 15:00<\/td>\n<\/tr>\n<tr style=\"height: 10px;\">\n<td style=\"width: 16.739%; height: 10px;\"><strong><span style=\"color: #003c56;\">St\u0159eda:<\/span><\/strong><\/td>\n<td style=\"width: 83.261%; height: 10px;\">8:00 &#8211; 12:00 13:00 &#8211; 15:00<\/td>\n<\/tr>\n<tr style=\"height: 10px;\">\n<td style=\"width: 16.739%; height: 10px;\"><strong><span style=\"color: #003c56;\">\u010ctvrtek:<\/span><\/strong><\/td>\n<td style=\"width: 83.261%; height: 10px;\">8:00 &#8211; 12:00 13:00 &#8211; 15:00<\/td>\n<\/tr>\n<tr style=\"height: 10px;\">\n<td style=\"width: 16.739%; height: 10px;\"><strong><span style=\"color: #003c56;\">P\u00e1tek:<\/span><\/strong><\/td>\n<td style=\"width: 83.261%; height: 10px;\">8:00 &#8211; 12:00<\/td>\n<\/tr>\n<\/tbody>\n<\/table>\n<\/div>\n<div id=\"cmsmasters_heading_b3m1pjyjp\" class=\"cmsmasters_heading_wrap cmsmasters_heading_align_left\">\n\t<h2 class=\"cmsmasters_heading\">Kde n\u00e1s najdete<\/h2>\n<\/div>\n<div id=\"cmsmasters_divider_cdx2rdy8pf\" class=\"cmsmasters_divider cmsmasters_divider_width_short cmsmasters_divider_pos_left\"><\/div>\n<div id=\"cmsmasters_divider_syh48zdax\" class=\"cl\"><\/div>\n<div class=\"cmsmasters_text\">\n<p><a id=\"kde-nas-najdete\"><\/a><\/p>\n<\/div>\n<div id=\"cmsmasters_icon_box_re1d4obwfs\" class=\"cmsmasters_icon_box cmsmasters_icon_box_left box_icon_type_icon cmsmasters-icon-location sidebar-icons-contact\">\n<div class=\"icon_box_inner\">\n<h6 class=\"icon_box_heading\">Budova B, p\u0159\u00edzem\u00ed<\/h6>\n<div class=\"icon_box_text\">\n<p>L\u00e9ka\u0159sk\u00e1 knihovna<\/p>\n<\/div>\n<\/div>\n<\/div>\n<\/div><\/div>\n<\/div>\n<\/div>\n<\/div>\n<\/div>\n<\/div>\n<div id=\"cmsmasters_row_1sstkibpoh\" class=\"cmsmasters_row cmsmasters_color_scheme_default cmsmasters_row_top_default cmsmasters_row_bot_default cmsmasters_row_boxed\">\n<div class=\"cmsmasters_row_outer_parent\">\n<div class=\"cmsmasters_row_outer\">\n<div class=\"cmsmasters_row_inner\">\n<div class=\"cmsmasters_row_margin\">\n<div id=\"cmsmasters_column_ih4b5xt6eh\" class=\"cmsmasters_column one_first\">\n<div class=\"cmsmasters_column_inner\"><\/div><\/div>\n<\/div>\n<\/div>\n<\/div>\n<\/div>\n<\/div>\n\n","protected":false},"excerpt":{"rendered":"","protected":false},"author":5,"featured_media":23377,"parent":28028,"menu_order":0,"comment_status":"closed","ping_status":"closed","template":"","meta":{"pgc_sgb_lightbox_settings":"","footnotes":"","_links_to":"","_links_to_target":""},"categories":[],"class_list":["post-35773","page","type-page","status-publish","has-post-thumbnail","hentry"],"publishpress_future_action":{"enabled":false,"date":"2026-05-07 19:36:33","action":"change-status","newStatus":"draft","terms":[],"taxonomy":"category","extraData":[]},"publishpress_future_workflow_manual_trigger":{"enabledWorkflows":[]},"_links":{"self":[{"href":"https:\/\/www.nemji.cz\/en\/wp-json\/wp\/v2\/pages\/35773","targetHints":{"allow":["GET"]}}],"collection":[{"href":"https:\/\/www.nemji.cz\/en\/wp-json\/wp\/v2\/pages"}],"about":[{"href":"https:\/\/www.nemji.cz\/en\/wp-json\/wp\/v2\/types\/page"}],"author":[{"embeddable":true,"href":"https:\/\/www.nemji.cz\/en\/wp-json\/wp\/v2\/users\/5"}],"replies":[{"embeddable":true,"href":"https:\/\/www.nemji.cz\/en\/wp-json\/wp\/v2\/comments?post=35773"}],"version-history":[{"count":0,"href":"https:\/\/www.nemji.cz\/en\/wp-json\/wp\/v2\/pages\/35773\/revisions"}],"up":[{"embeddable":true,"href":"https:\/\/www.nemji.cz\/en\/wp-json\/wp\/v2\/pages\/28028"}],"wp:featuredmedia":[{"embeddable":true,"href":"https:\/\/www.nemji.cz\/en\/wp-json\/wp\/v2\/media\/23377"}],"wp:attachment":[{"href":"https:\/\/www.nemji.cz\/en\/wp-json\/wp\/v2\/media?parent=35773"}],"wp:term":[{"taxonomy":"category","embeddable":true,"href":"https:\/\/www.nemji.cz\/en\/wp-json\/wp\/v2\/categories?post=35773"}],"curies":[{"name":"wp","href":"https:\/\/api.w.org\/{rel}","templated":true}]}}